{"id":92,"date":"2010-05-06T12:19:56","date_gmt":"2010-05-06T11:19:56","guid":{"rendered":"http:\/\/ritmy.fr\/blog\/?page_id=92"},"modified":"2025-09-02T18:54:01","modified_gmt":"2025-09-02T17:54:01","slug":"5-fevrier-2011","status":"publish","type":"page","link":"https:\/\/ritmy.fr\/essais\/concerts-2\/5-fevrier-2011\/","title":{"rendered":"QUAI N\u00b05"},"content":{"rendered":"<h1><strong><\/strong><strong><span style=\"color: #ff0000;\">SALLE DES F\u00caTES, MAULE, le 5 f\u00e9vrier 2011<br \/>\n<\/span><\/strong><\/h1>\n<p>C\u2019est la premi\u00e8re fois que <strong>RITMY <\/strong>propose un concert \u00e0 MAULE\u2026<\/p>\n<p><a href=\"https:\/\/ritmy.fr\/essais\/wp-content\/uploads\/2011\/01\/Maule.png\"><img loading=\"lazy\" decoding=\"async\" class=\" wp-image-1165 alignleft\" alt=\"Maule\" src=\"https:\/\/ritmy.fr\/essais\/wp-content\/uploads\/2011\/01\/Maule.png\" width=\"224\" height=\"335\" srcset=\"https:\/\/ritmy.fr\/essais\/wp-content\/uploads\/2011\/01\/Maule.png 280w, https:\/\/ritmy.fr\/essais\/wp-content\/uploads\/2011\/01\/Maule-200x300.png 200w\" sizes=\"auto, (max-width: 224px) 100vw, 224px\" \/><\/a><\/p>\n<p>&nbsp;<\/p>\n<p>&nbsp;<\/p>\n<p>Alors, pour rendre cette \u00ab\u00a0premi\u00e8re\u00a0\u00bb tout aussi inoubliable que tr\u00e8s festive, <strong>RITMY<\/strong> a choisi un groupe de musiciens, \u00e0 la fois excellentissime (<strong>RITMY<\/strong> oblige\u2026) et pas comme les autres.<\/p>\n<p>Le <strong>5 F\u00e9vrier<\/strong>, vous pourrez donc applaudir 5 virtuoses passionn\u00e9s\u2026<\/p>\n<p>Ils le sont autant par leur instrument que par les pages des grands compositeurs que l\u2019Histoire a sem\u00e9 sur leur chemin\u2026<\/p>\n<p>De plus, ils ont le sens de la f\u00eate, du bonheur de jouer ensemble\u2026<\/p>\n<p>Et de d\u00e9railler all\u00e9grement\u00a0dans de folles variations, comme en t\u00e9moigne cette s\u00e9quence des VICTOIRES DE LA MUSIQUE 2010 : <strong>QUAI N\u00b05<\/strong> !<\/p>\n<p style=\"text-align: center;\"><object width=\"580\" height=\"351\" classid=\"clsid:d27cdb6e-ae6d-11cf-96b8-444553540000\" codebase=\"http:\/\/download.macromedia.com\/pub\/shockwave\/cabs\/flash\/swflash.cab#version=6,0,40,0\"><param name=\"allowFullScreen\" value=\"true\" \/><param name=\"allowscriptaccess\" value=\"always\" \/><param name=\"src\" value=\"http:\/\/www.youtube.com\/v\/Z2VDmvYEO2s?fs=1&amp;hl=fr_FR&amp;rel=0&amp;color1=0x2b405b&amp;color2=0x6b8ab6\" \/><param name=\"allowfullscreen\" value=\"true\" \/><embed width=\"580\" height=\"351\" type=\"application\/x-shockwave-flash\" src=\"http:\/\/www.youtube.com\/v\/Z2VDmvYEO2s?fs=1&amp;hl=fr_FR&amp;rel=0&amp;color1=0x2b405b&amp;color2=0x6b8ab6\" allowFullScreen=\"true\" allowscriptaccess=\"always\" allowfullscreen=\"true\" \/><\/object><\/p>\n<p>&nbsp;<\/p>\n<div id=\"attachment_9143\" style=\"width: 316px\" class=\"wp-caption alignright\"><a href=\"https:\/\/ritmy.fr\/essais\/wp-content\/uploads\/2013\/07\/Quai-n\u00b0-5-presentation-du-groupe-821.jpg\"><img loading=\"lazy\" decoding=\"async\" aria-describedby=\"caption-attachment-9143\" class=\" wp-image-9143 \" alt=\"Entre jazz et classique?... Quai n\u00b0 5 !\" src=\"https:\/\/ritmy.fr\/essais\/wp-content\/uploads\/2013\/07\/Quai-n\u00b0-5-presentation-du-groupe-821.jpg\" width=\"316\" height=\"303\" srcset=\"https:\/\/ritmy.fr\/essais\/wp-content\/uploads\/2013\/07\/Quai-n\u00b0-5-presentation-du-groupe-821.jpg 527w, https:\/\/ritmy.fr\/essais\/wp-content\/uploads\/2013\/07\/Quai-n\u00b0-5-presentation-du-groupe-821-300x287.jpg 300w\" sizes=\"auto, (max-width: 316px) 100vw, 316px\" \/><\/a><p id=\"caption-attachment-9143\" class=\"wp-caption-text\">Entre jazz et classique?&#8230; Quai n\u00b0 5 !<\/p><\/div>\n<p>Du <strong>QUAI N\u00b05<\/strong>, vous irez, \u00e0 train d&rsquo;enfer, tels les disciples-sorciers d&rsquo;Harry POTTER en route vers POUDLARD, vous embarquer dans une \u00a0odyss\u00e9e musicale qui vous emm\u00e8nera d&rsquo;un bout \u00e0 l&rsquo;autre de la plan\u00e8te tout en brassant cultures, instruments et musiques populaires en tous genres.<\/p>\n<p>Mais lorsque <strong>QUAI N\u00b05<\/strong> rel\u00e8ve le d\u00e9fi de m\u00ealer Bach \u00e0 la musique br\u00e9silienne ou Mozart au style yiddish, c\u2019est toujours avec go\u00fbt et malice. Ce tact, cette finesse, autorisent \u00e0 donner \u00a0une autre image des compositeurs classiques. Pourtant bien camoufl\u00e9es, leurs \u0153uvres sont toujours reconnaissables sous les habits de salsa, de tango, de blues ou encore de tzigane que leur font rev\u00eatir les <strong>5<\/strong>&#8230;<\/p>\n<p>Schubert ressuscit\u00e9 \u00e0 Rio par la gr\u00e2ce d&rsquo;une bossa m\u00e9morable, Mozart revisit\u00e9 par le tango et la milonga, Carmen r\u00e9incarn\u00e9e\u00a0au coeur de la\u00a0Russie, Borodine et ses \u00ab\u00a0Danses polovtsiennes\u00a0\u00bb plus\u00a0remuantes que jamais, c&rsquo;est, entre autres,\u00a0quelques unes des aventures dans lesquelles les cinq musiciens de\u00a0Quai n\u00b05\u00a0vous plongeront.<\/p>\n<p>Quelle meilleure passerelle entre les cultures et les g\u00e9n\u00e9rations que d&rsquo;amener les Grands Ma\u00eetres du pass\u00e9 sur de nouveaux rivages ?\u2026 Et en d&rsquo;autres temps que les leurs\u2026<\/p>\n<p>C&rsquo;est tout <strong>QUAI N\u00b05<\/strong> !<\/p>\n<p>Et c\u2019est p\u00e9tillant de talent\u00a0!<\/p>\n<h2 style=\"text-align: center;\"><strong><em><span style=\"color: #3779bd;\">Le Concert de RITMY<\/span><\/em><\/strong><\/h2>\n<p>Au cours de cette soir\u00e9e vous entendrez quelques uns des morceaux de leur r\u00e9pertoire\u2026<\/p>\n<p>Ce menu appelle tout naturellement les remarques suivantes : c&rsquo;est court, c&rsquo;est vari\u00e9, c&rsquo;est tentant\u2026<\/p>\n<h3>Et cette jolie\u00a0surprise musicale nous est offerte par\u2026<\/h3>\n<p style=\"text-align: center;\"><a href=\"https:\/\/ritmy.fr\/essais\/wp-content\/uploads\/2011\/01\/QUAIN\u00b05-GROUPE.png\"><img loading=\"lazy\" decoding=\"async\" class=\"aligncenter  wp-image-1487\" alt=\"QUAIN\u00b05 GROUPE\" src=\"https:\/\/ritmy.fr\/essais\/wp-content\/uploads\/2011\/01\/QUAIN\u00b05-GROUPE.png\" width=\"477\" height=\"465\" srcset=\"https:\/\/ritmy.fr\/essais\/wp-content\/uploads\/2011\/01\/QUAIN\u00b05-GROUPE.png 682w, https:\/\/ritmy.fr\/essais\/wp-content\/uploads\/2011\/01\/QUAIN\u00b05-GROUPE-300x292.png 300w\" sizes=\"auto, (max-width: 477px) 100vw, 477px\" \/><\/a><\/p>\n<p><strong>St\u00e9phane LOGEROT\u2026 contrebasse, guitare<\/strong><\/p>\n<p><a href=\"https:\/\/ritmy.fr\/essais\/wp-content\/uploads\/2012\/10\/Q5-Les-deux.png\"><img loading=\"lazy\" decoding=\"async\" class=\" wp-image-7558 alignleft\" alt=\"Q5 Les deux\" src=\"https:\/\/ritmy.fr\/essais\/wp-content\/uploads\/2012\/10\/Q5-Les-deux.png\" width=\"242\" height=\"159\" srcset=\"https:\/\/ritmy.fr\/essais\/wp-content\/uploads\/2012\/10\/Q5-Les-deux.png 672w, https:\/\/ritmy.fr\/essais\/wp-content\/uploads\/2012\/10\/Q5-Les-deux-300x196.png 300w\" sizes=\"auto, (max-width: 242px) 100vw, 242px\" \/><\/a><\/p>\n<p>Il est le fondateur de QUAI N\u00b05 et celui qui, par des compositions originales, s\u2019inspirant de th\u00e8mes classiques c\u00e9l\u00e8bres, a eu l\u2019id\u00e9e folle de convier les ma\u00eetres du pass\u00e9 \u00e0 survoler la plan\u00e8te enti\u00e8re. Il a r\u00e9uni quatre autres musiciens classiques de premier plan, qui ont choisi, embarqu\u00e9s parall\u00e8lement du QUAI N\u00b05, de faire fi des fronti\u00e8res de la musique pour se lancer dans un improbable parcours, dressant des passerelles entre les cultures et les g\u00e9n\u00e9rations, en un brillant jeu de \u00ab trompe-l\u2019\u0153il \u00bb.<\/p>\n<p>Premier Prix de contrebasse du CNSM de Paris et membre de l\u2019Orchestre National de France depuis 1994, il est \u00e9galement reconnu en tant que chambriste et improvisateur. Partenaire de groupes et musiciens tels que le trio Wanderer, les quatuors Borodine et Modigliani, Richard Galliano, le Fine Arts Quartet, Fazil Say ou encore Yuri Bashmet et Daniel Hoppe, on le retrouve \u00e9galement en compagnie de Michel Legrand, Harry Connick Jr. ou bien sur les albums des chanteuses Juliette et R\u00e9gine.<\/p>\n<p>Au travers des morceaux qu&rsquo;il \u00e9crit pour ce groupe, il r\u00e9unit ses deux passions, la musique classique et les musiques populaires.<\/p>\n<p><strong>Romain DESCHARMES\u2026 piano<br \/>\n<\/strong><\/p>\n<p>Premier Grand Prix lors du Concours International de Dublin, Romain DESCHARMES se produit alors en r\u00e9cital sur plusieurs sc\u00e8nes prestigieuses : Carnegie Hall \u00e0 New York, Wigmore Hall \u00e0 Londres, National Concert Hall \u00e0 Dublin, Minato Mirai Hall \u00e0 Yokohama, Tsuda Hall \u00e0 Tokyo.<\/p>\n<p><strong><a href=\"https:\/\/ritmy.fr\/essais\/wp-content\/uploads\/2011\/01\/vinh_pham.png\"><img loading=\"lazy\" decoding=\"async\" class=\"alignleft size-full wp-image-1476\" title=\"vinh_pham\" alt=\"\" src=\"https:\/\/ritmy.fr\/essais\/wp-content\/uploads\/2011\/01\/vinh_pham.png\" width=\"180\" height=\"210\" \/><\/a> Vinh PHAM\u2026 violon<\/strong><\/p>\n<p>N\u00e9 \u00e0 Paris d&rsquo;une famille d&rsquo;origine vietnamienne\u00a0et tr\u00e8s artiste, Vinh PHAM d\u00e9bute le violon \u00e0 7 ans, donne son premier concert en Soliste \u00e0 13 ans pour \u00eatre d\u00e9j\u00e0 \u00e0 15 ans laur\u00e9at de plusieurs grands concours internationaux.\u00a0Dipl\u00f4m\u00e9 de l&rsquo;IMMA-Gstaad, il a \u00e9tudi\u00e9, jou\u00e9 en soliste et musique de chambre avec les plus grands ma\u00eetres: Yehudi Menuhin, Alberto Lysy et surtout Ivry GITLIS (v\u00e9ritable idole de son enfance!) qui le choisira pour jouer \u00e0 ses c\u00f4t\u00e9s dans le film de Claude Edelmann \u00ab\u00a0Un violon dans la t\u00eate\u00a0\u00bb (1992). Membre du Quatuor PHAM (quatuor avec piano, avec son fr\u00e8re et ses soeurs), du Trio LEHMANN, de ALPHA Ensemble et de l&rsquo;Ensemble CAMPANA, entre autres; violon-solo permanent ou invit\u00e9 de nombreux orchestres, parall\u00e8lement \u00e0 une activit\u00e9 intense de \u00ab\u00a0chambriste\u00a0\u00bb, Vinh PHAM se produit de plus en plus en r\u00e9cital et en soliste. Il a rejoint QUAI n\u00b05 en 2008.<\/p>\n<p><strong>Paul MINDY\u2026 percussions<\/strong><\/p>\n<p><a href=\"https:\/\/ritmy.fr\/essais\/wp-content\/uploads\/2011\/02\/Q5-PaulMINDY11.jpg\"><img loading=\"lazy\" decoding=\"async\" class=\" wp-image-1710 alignleft\" alt=\"Q5-PaulMINDY\" src=\"https:\/\/ritmy.fr\/essais\/wp-content\/uploads\/2011\/02\/Q5-PaulMINDY11.jpg\" width=\"288\" height=\"192\" srcset=\"https:\/\/ritmy.fr\/essais\/wp-content\/uploads\/2011\/02\/Q5-PaulMINDY11.jpg 480w, https:\/\/ritmy.fr\/essais\/wp-content\/uploads\/2011\/02\/Q5-PaulMINDY11-300x200.jpg 300w\" sizes=\"auto, (max-width: 288px) 100vw, 288px\" \/><\/a>\u00a0Percussionniste, certes mais aussi chanteur, compositeur et professeur titulaire d\u2019enseignement artistique au Conservatoire National d\u2019Aubervilliers \u2013 la Courneuve, Paul MINDY est l\u2019un des \u00e9minents sp\u00e9cialistes des musiques du Br\u00e9sil vivant en France. Animant de nombreuses master-class dans le monde entier, il re\u00e7oit en 1988 le Prix Georges Brassens et se produit en tant que chanteur \u00e0 <strong><em>L\u2019Olympia<\/em><\/strong> \u00e0 cette occasion. En 2002 le Prix de l\u2019Acad\u00e9mie Charles Cros le couronne pour sa qualit\u00e9 d\u2019arrangeur.<\/p>\n<p>Il a jou\u00e9 avec Richard Galliano, Trilok Gurtu, Ayrald Petit, Carlo Rizzo, Franck Tortillier, Dave Samuel, Baden Powell, ou encore avec Nicia Ribas d\u2019Avila, l\u2019un de ses ma\u00eetres et inspirateurs.<\/p>\n<p><strong>Jean-Luc MANCA<\/strong><\/p>\n<p>Prix de la SACEM en 1978,\u00a0 Jean-Luc MANCA remporte le Premier Prix duConcours International de Gen\u00e8ve et enregistre en 1983 l\u2019int\u00e9grale du programme qui lui a valu, \u00e0 la Coupe mondiale de l\u2019accord\u00e9on, \u00e0 Linz, en Autriche, le Premier Prix.<\/p>\n<p>Apr\u00e8s deux ans d\u2019\u00e9tude \u00e0 Moscou, il partage son activit\u00e9 professionnelle entre l&rsquo;enseignement au Conservatoire National de R\u00e9gion de Grenoble et sa carri\u00e8re de concertiste qui l\u2019am\u00e8ne \u00e0 se produire avec l\u2019Op\u00e9ra National de Lyon, l\u2019Orchestre National de France&#8230; Les compositeurs R.Gagneux, G.Finzi, G.Scordialo, J.Truhlar, P.Sciortino lui ont d\u00e9di\u00e9 des pi\u00e8ces.<\/p>\n<h2 style=\"text-align: center;\"><strong><em><span style=\"color: #3779bd;\">DISCOGRAPHIE<\/span><\/em><\/strong><\/h2>\n<p>Si l&rsquo;interpr\u00e9tation de cette bande de <strong>cin\u2026 q <\/strong>! vous a plu, sachez qu&rsquo;ils ont produit un tr\u00e8s bon album qui\u00a0s&rsquo;ach\u00e8te soit \u00e0 la <strong>FNAC<\/strong> (<a href=\"http:\/\/musique.fnac.com\/a2802102\/Quai-n-5-CD-album\" target=\"_blank\"><span style=\"color: #0000ff;\"><strong>CLIQUEZ ICI<\/strong><\/span><\/a>), soit chez <strong>AMAZON<\/strong> (<a href=\"http:\/\/www.amazon.fr\/Quai-N\u00b05\/dp\/B0032CJ37O\" target=\"_blank\"><span style=\"color: #0000ff;\"><strong>CLIQUEZ L\u00c0<\/strong><\/span><\/a><strong>)<\/strong>, soit\u2026 Mais l\u00e0 on donne notre langue au chat !<\/p>\n<h2><\/h2>\n<h2><strong><span style=\"color: #ff0000;\">UN SOIR DE FOLIE AVEC QUAI N\u00b05\u2026<\/span><\/strong><\/h2>\n<h1 style=\"text-align: center;\"><\/h1>\n<p><a href=\"https:\/\/ritmy.fr\/essais\/wp-content\/uploads\/2011\/02\/Q5-g\u00e9n\u00e92.png\"><img loading=\"lazy\" decoding=\"async\" class=\"aligncenter size-full wp-image-1702\" alt=\"Q5 g\u00e9n\u00e92\" src=\"https:\/\/ritmy.fr\/essais\/wp-content\/uploads\/2011\/02\/Q5-g\u00e9n\u00e92.png\" width=\"479\" height=\"202\" srcset=\"https:\/\/ritmy.fr\/essais\/wp-content\/uploads\/2011\/02\/Q5-g\u00e9n\u00e92.png 479w, https:\/\/ritmy.fr\/essais\/wp-content\/uploads\/2011\/02\/Q5-g\u00e9n\u00e92-300x126.png 300w\" sizes=\"auto, (max-width: 479px) 100vw, 479px\" \/><\/a><\/p>\n<p>\u00c0 l&rsquo;invitation de l&rsquo;<strong>ACIME <\/strong>et de <strong>RITMY<\/strong>, ce sont cinq grands virtuoses de la musique classique qui ont r\u00e9gal\u00e9 les spectateurs de la Salle des F\u00eates de MAULE, pleine non \u00e0 craquer (s\u00e9curit\u00e9 oblige!) mais \u00e0 faire pousser des dizaines de si\u00e8ges !<\/p>\n<p>Allez disons-le tout de go : r\u00e9gal\u00e9 est un faible mot\u2026<strong> <\/strong>Vous pouvez lire tous les descriptifs du monde, \u00e9coutez les albums \u00e9dit\u00e9s avec tout le perfectionnisme possible, rien ne remplace le contact direct, la relation sensuelle que conf\u00e8rent la rencontre d\u2019instrumentistes, qu&rsquo;ils jouent en soliste ou en orchestre, avec une salle qui rentre petit \u00e0 petit en pleine complicit\u00e9 avec ce qu\u2019ils interpr\u00e8tent.<\/p>\n<p>Comme l&rsquo;a dit <strong>St\u00e9phane LOGEROT<\/strong>, les grands compositeurs se sont souvent inspir\u00e9s de th\u00e8mes populaires. Les retransformer pour vouloir les \u00ab\u00a0populariser\u00a0\u00bb n&rsquo;est qu&rsquo;un juste retour des choses, en somme. Il y a toutefois une condition essentielle et parfaitement remplie ici, c&rsquo;est que la qualit\u00e9 soit au rendez-vous\u2026 Cela explique pourquoi, \u00e0 Maule, de morceaux en morceaux, il \u00e9tait patent que l\u2019enthousiasme de la salle montait comme lait sur le feu\u2026<\/p>\n<p><strong>St\u00e9phane LOGEROT,<\/strong> qui est tomb\u00e9 dans la musique en naissant puisque son grand-p\u00e8re et son p\u00e8re ont marqu\u00e9 l\u2019histoire de la contrebasse, n\u2019a jamais voulu se cantonner \u00e0 \u00ab la musique classique \u00bb, consid\u00e9rant que tous les sons organis\u00e9s par l\u2019homme pouvaient \u00eatre dignes d\u2019int\u00e9r\u00eat \u00e0 condition qu\u2019il y ait dans leur cr\u00e9ation comme dans leur ex\u00e9cution, une qualit\u00e9 musicale intrins\u00e8que et \u00e9vidente, celle dont Platon a essay\u00e9 de comprendre l\u2019universalit\u00e9\u2026 C\u2019est lui qui avec passion a compos\u00e9 les membres de ce QUAI, lui encore qui a \u00ab arrang\u00e9 \u00bb les grands classiques que nous avons entendus : finesse, \u00e9l\u00e9gance et respect sont les trois clefs qu\u2019il appose aux partitions qu\u2019il distribue \u00e0 ses musiciens\u2026<\/p>\n<p><strong>Vinh PHAM<\/strong> a une origine musicale tr\u00e8s semblable. Il est n\u00e9 dans la musique puisque dans une famille de musiciens. Son violon est une sorte de sixi\u00e8me membre tant il le \u00ab poss\u00e8de \u00bb, cordes et \u00e2me. L\u2019entendre est un ravissement qui fait immanquablement penser \u00e0 l\u2019histoire de l\u2019Empereur et du Rossignol\u2026 St\u00e9phane donne une large part au violon dans ses \u00ab revisitations \u00bb. Il est \u00e9vident qu\u2019il faut toute l\u2019aisance technique et la subtilit\u00e9 a\u00e9rienne de Vinh pour leur donner leur pleine mesure.<\/p>\n<p><strong>Romain DESCHARMES<\/strong> qui fut le vainqueur du Grand Prix Europ\u00e9en de Piano Vlado Perlemuter en 2007, est un soliste qui monte\u2026 Il a peine trente ans mais poss\u00e8de les 88 touches de son piano sur le bout des doigts, le faisant ronfler ou ronronner avec une \u00e9tonnante sensibilit\u00e9\u2026 Il fallait entendre le Pr\u00e9lude de Chopin que St\u00e9phane laisse pour une grande part intact avant d\u2019entamer une d\u00e9licieuse variation, pour sentir \u00e0 quel point Romain est un pianiste techniquement solide et v\u00e9ritablement inspir\u00e9\u2026<\/p>\n<p><strong>Paul MINDY<\/strong> est un percussionniste sp\u00e9cialiste des musiques br\u00e9siliennes et afro-br\u00e9siliennes, form\u00e9 aupr\u00e8s des grands ma\u00eetres africains et br\u00e9siliens, chanteur et compositeur, bourlingueur infatigable, animant des \u00ab Master Class \u00bb dans le monde entier et appartenant \u00e0 de nombreuses formations, dont l\u2019Orchestre pour la Paix, constitu\u00e9 de musiciens d\u2019origine juive et arabe\u2026 Nous l\u2019avons vu et entendu jouer de multiples percussions d\u2019une fa\u00e7on toujours pertinente et virtuose.<\/p>\n<p><strong>Jean-Luc MANCA<\/strong>, le cinqui\u00e8me homme sur le Quai, nous a d\u00e9montr\u00e9 \u00e0 quel point l\u2019accord\u00e9on est un instrument pr\u00e9cieux dans une petite formation\u2026 En solo, Jean-Luc manipule son diatonique avec une aisance et une dext\u00e9rit\u00e9 qui lui fait pousser toutes les m\u00e9lodies, m\u00eame les plus alambiqu\u00e9es, avec une gr\u00e2ce et une classe exceptionnelles ; en formation, il lui fait donner avec l&rsquo;\u00e9nergie n\u00e9cessaire \u00e0 l&rsquo;accomplissement optimal de la partition, les tenues amples qui enveloppent l\u2019orchestre et lui donnent son assise chaleureuse fondamentale\u2026<\/p>\n<p>Bref tous cinq, pour se r\u00e9sumer, sont de parfait musiciens, dou\u00e9s d\u2019une volont\u00e9 de partager leur amour et leur science de la musique avec une g\u00e9n\u00e9rosit\u00e9 et un humour (ils sont bons com\u00e9diens, de surcro\u00eet\u2026 Une mention tr\u00e8s bien \u00e0 la mise en sc\u00e8ne de <strong>JULIETTE<\/strong>) qui portent le public \u00e0 une f\u00e9licit\u00e9 musicale tr\u00e8s spectaculaire.<\/p>\n<p>Oui, tout les spectateurs de Maule garderont de cette soir\u00e9e un inoubliable et bienheureux souvenir\u2026<\/p>\n<p><span style=\"color: #ff0000;\"><a href=\"https:\/\/ritmy.fr\/essais\/wp-content\/uploads\/2011\/02\/Q5-g\u00e9n\u00e92.png\"><img loading=\"lazy\" decoding=\"async\" class=\"aligncenter size-full wp-image-1702\" title=\"Q5 g\u00e9n\u00e92\" alt=\"\" src=\"https:\/\/ritmy.fr\/essais\/wp-content\/uploads\/2011\/02\/Q5-g\u00e9n\u00e92.png\" width=\"479\" height=\"202\" srcset=\"https:\/\/ritmy.fr\/essais\/wp-content\/uploads\/2011\/02\/Q5-g\u00e9n\u00e92.png 479w, https:\/\/ritmy.fr\/essais\/wp-content\/uploads\/2011\/02\/Q5-g\u00e9n\u00e92-300x126.png 300w\" sizes=\"auto, (max-width: 479px) 100vw, 479px\" \/><\/a><\/span><\/p>\n<p>Un grand merci \u00e0 l\u2019ACIME et \u00e0 tous ses b\u00e9n\u00e9voles qui agissent tous pour donner plus de culture \u00e0 Maule et sa r\u00e9gion, au r\u00e9gisseur de la salle des F\u00eates qui a accompagn\u00e9 le QuaiN\u00b05 d\u2019un son et de lumi\u00e8res impeccables, \u00e0 la Municipalit\u00e9 de Maule qui a mis cette belle salle \u00e0 notre disposition et \u00e0 tout le public pour sa joie et son adh\u00e9sion\u2026<\/p>\n<p style=\"text-align: left;\"><strong>Si vous voulez t\u00e9moigner, commenter voire critiquer ce concert\u2026 l&rsquo;adresse de RITMY :<\/strong><\/p>\n<p style=\"text-align: center;\"><a href=\"mailto:contact.ritmy@gmail.com\"><strong><span style=\"color: #000080;\">contact.ritmy@gmail.com<\/span><\/strong><\/a><\/p>\n","protected":false},"excerpt":{"rendered":"<p>SALLE DES F\u00caTES, MAULE, le 5 f\u00e9vrier 2011 C\u2019est la premi\u00e8re fois que RITMY propose un concert \u00e0 MAULE\u2026 &nbsp; &nbsp; Alors, pour rendre cette \u00ab\u00a0premi\u00e8re\u00a0\u00bb tout aussi inoubliable que tr\u00e8s festive, RITMY a choisi un groupe de musiciens, \u00e0 la fois excellentissime (RITMY oblige\u2026) et pas comme les autres. Le 5 F\u00e9vrier, vous pourrez &hellip; <\/p>\n<p><a class=\"more-link btn\" href=\"https:\/\/ritmy.fr\/essais\/concerts-2\/5-fevrier-2011\/\">Lire la suite<\/a><\/p>\n","protected":false},"author":1,"featured_media":0,"parent":11,"menu_order":70,"comment_status":"closed","ping_status":"closed","template":"","meta":{"footnotes":""},"class_list":["post-92","page","type-page","status-publish","hentry","nodate","item-wrap"],"_links":{"self":[{"href":"https:\/\/ritmy.fr\/essais\/wp-json\/wp\/v2\/pages\/92","targetHints":{"allow":["GET"]}}],"collection":[{"href":"https:\/\/ritmy.fr\/essais\/wp-json\/wp\/v2\/pages"}],"about":[{"href":"https:\/\/ritmy.fr\/essais\/wp-json\/wp\/v2\/types\/page"}],"author":[{"embeddable":true,"href":"https:\/\/ritmy.fr\/essais\/wp-json\/wp\/v2\/users\/1"}],"replies":[{"embeddable":true,"href":"https:\/\/ritmy.fr\/essais\/wp-json\/wp\/v2\/comments?post=92"}],"version-history":[{"count":18,"href":"https:\/\/ritmy.fr\/essais\/wp-json\/wp\/v2\/pages\/92\/revisions"}],"predecessor-version":[{"id":9664,"href":"https:\/\/ritmy.fr\/essais\/wp-json\/wp\/v2\/pages\/92\/revisions\/9664"}],"up":[{"embeddable":true,"href":"https:\/\/ritmy.fr\/essais\/wp-json\/wp\/v2\/pages\/11"}],"wp:attachment":[{"href":"https:\/\/ritmy.fr\/essais\/wp-json\/wp\/v2\/media?parent=92"}],"curies":[{"name":"wp","href":"https:\/\/api.w.org\/{rel}","templated":true}]}}