{"id":4304,"date":"2011-09-15T12:01:19","date_gmt":"2011-09-15T11:01:19","guid":{"rendered":"http:\/\/ritmy.fr\/essais\/?page_id=4304"},"modified":"2025-09-02T18:51:36","modified_gmt":"2025-09-02T17:51:36","slug":"12-fevrier-2012","status":"publish","type":"page","link":"https:\/\/ritmy.fr\/essais\/concerts-2\/12-fevrier-2012\/","title":{"rendered":"NIELS LAN DOKY"},"content":{"rendered":"<h3 style=\"text-align: center;\"><span style=\"color: #000000;\"><strong>\u00c0 RICHEBOURG, 12 F\u00e9vrier 2012 \u00e0 17h., Salle Edith PIAF<\/strong><\/span><\/h3>\n<h1 style=\"text-align: center;\"><strong><span style=\"color: #008000;\">JAZZ avec NIELS LAN DOKY TRIO<br \/>\n<\/span><\/strong><\/h1>\n<p><a href=\"https:\/\/ritmy.fr\/essais\/wp-content\/uploads\/2011\/09\/NILS_LAN-DOKY.png\"><img loading=\"lazy\" decoding=\"async\" class=\"alignleft size-full wp-image-4357\" title=\"NILS_LAN-DOKY\" alt=\"\" src=\"https:\/\/ritmy.fr\/essais\/wp-content\/uploads\/2011\/09\/NILS_LAN-DOKY.png\" width=\"294\" height=\"258\" \/><\/a>C\u2019est en 2010 que le pianiste et compositeur NIELS LAN DOKY revint dans son pays natal, apr\u00e8s avoir v\u00e9cu et partag\u00e9 29 ans entre New York et Paris. Son retour fut largement c\u00e9l\u00e9br\u00e9 et la reine du Danemark tint \u00e0 l\u2019anoblir cette ann\u00e9e l\u00e0, le jour de son anniversaire. En tant que premier artiste de jazz au Danemark \u00e0 poss\u00e9der un nom aussi mondialement r\u00e9put\u00e9 que PEDERSEN, ayant en sa faveur une vaste discographie et une carri\u00e8re prolifique, NIELS LAN DOKY est aujourd\u2019hui l\u2019une des figures les plus prestigieuses du monde culturel danois.<\/p>\n<p>Son retour co\u00efncida avec la sortiedu CD \u00ab RETURN TO DENMARK \u00bb. Il eut tr\u00e8s rapidement une r\u00e9putation bien m\u00e9rit\u00e9e car il est sans aucun doute le meilleur et le plus personnel des albums qu\u2019il ait jamais produits. Depuis lors, et gr\u00e2ce \u00e0 sa pr\u00e9sence au Danemark, NIELS LAN DOKY a form\u00e9 \u00e0 nouveau trio avec deux de ses compatriotes, musiciens choisis parmi les plus talentueux du moment. Ils ont r\u00e9cemment enregistr\u00e9 un nouvel album intitul\u00e9 \u00ab HUMAN BEHAVOIR \u00bb, sorti en mai 2011.<\/p>\n<p>Utilisant \u00e0 fond toutes les finesses du langage du jazz et faisant jaillir le son parfait qui marque sa signature, le nouvel album offre six compositions originales plus deux chansons contemporaines, l\u2019une de Bj\u00f6rk, l\u2019autre de Cold-Play plus un classique du jazz (le tr\u00e8s c\u00e9l\u00e8bre <em>Summertime<\/em> de Georges GERSCHWIN) et enfin, une revisitation d\u2019un th\u00e8me classique tr\u00e8s c\u00e9l\u00e8bre puisque c\u2019est le \u00ab J\u00e9sus que ma joie demeure \u00bb de Jean-S\u00e9bastien BACH. Apr\u00e8s une s\u00e9rie de concerts en France, au Japon et en Cor\u00e9e du Sud, la premi\u00e8re audition officielle au Danemark du nouveau trio de NIELS LAN DOKY s\u2019effectua au Tivoli Concert Hall, le jour de l\u2019ouverture du festival de jazz de Copenhague, le 1er juillet 2019.<\/p>\n<p style=\"text-align: left;\"><a href=\"https:\/\/ritmy.fr\/essais\/wp-content\/uploads\/2011\/09\/NLD-PIANO.png\"><img loading=\"lazy\" decoding=\"async\" class=\"aligncenter size-full wp-image-4311\" title=\"NLD PIANO\" alt=\"\" src=\"https:\/\/ritmy.fr\/essais\/wp-content\/uploads\/2011\/09\/NLD-PIANO.png\" width=\"560\" height=\"433\" srcset=\"https:\/\/ritmy.fr\/essais\/wp-content\/uploads\/2011\/09\/NLD-PIANO.png 560w, https:\/\/ritmy.fr\/essais\/wp-content\/uploads\/2011\/09\/NLD-PIANO-300x231.png 300w\" sizes=\"auto, (max-width: 560px) 100vw, 560px\" \/><\/a>Pianiste au toucher somptueux, il invente des m\u00e9lodies fluides comme la clairefontaine et l&rsquo;on se laisse prendre dans ses cascades avec une aisance et un bonheur parfaits. \u00c9coutons, avant le concert que vous r\u00e9serve RITMY \u00e0 Richebourg, deux exemples, deux extraits de son album <em>Casa Dolce Casa<\/em> tout en douceur, tout en finesse\u2026<\/p>\n<p style=\"text-align: left;\">Le premier est <em>La Vita e bella<\/em>\u2026<\/p>\n<p style=\"text-align: center;\"><object width=\"560\" height=\"345\" classid=\"clsid:d27cdb6e-ae6d-11cf-96b8-444553540000\" codebase=\"http:\/\/download.macromedia.com\/pub\/shockwave\/cabs\/flash\/swflash.cab#version=6,0,40,0\"><param name=\"allowFullScreen\" value=\"true\" \/><param name=\"allowscriptaccess\" value=\"always\" \/><param name=\"src\" value=\"http:\/\/www.youtube.com\/v\/bJngggt10YY?version=3&amp;hl=en_US&amp;rel=0\" \/><param name=\"allowfullscreen\" value=\"true\" \/><embed width=\"560\" height=\"345\" type=\"application\/x-shockwave-flash\" src=\"http:\/\/www.youtube.com\/v\/bJngggt10YY?version=3&amp;hl=en_US&amp;rel=0\" allowFullScreen=\"true\" allowscriptaccess=\"always\" allowfullscreen=\"true\" \/><\/object><\/p>\n<p style=\"text-align: left;\">Et le second, un air tr\u00e8s connu, le th\u00e8me du <em>PARRAIN<\/em>, arrang\u00e9 \u00e0 la sauce <strong>NILS LAN DOKY<\/strong>\u2026<\/p>\n<p style=\"text-align: center;\"><object width=\"560\" height=\"345\" classid=\"clsid:d27cdb6e-ae6d-11cf-96b8-444553540000\" codebase=\"http:\/\/download.macromedia.com\/pub\/shockwave\/cabs\/flash\/swflash.cab#version=6,0,40,0\"><param name=\"allowFullScreen\" value=\"true\" \/><param name=\"allowscriptaccess\" value=\"always\" \/><param name=\"src\" value=\"http:\/\/www.youtube.com\/v\/XxCmHlV8UXI?version=3&amp;hl=en_US&amp;rel=0\" \/><param name=\"allowfullscreen\" value=\"true\" \/><embed width=\"560\" height=\"345\" type=\"application\/x-shockwave-flash\" src=\"http:\/\/www.youtube.com\/v\/XxCmHlV8UXI?version=3&amp;hl=en_US&amp;rel=0\" allowFullScreen=\"true\" allowscriptaccess=\"always\" allowfullscreen=\"true\" \/><\/object><\/p>\n<h2><strong><span style=\"color: #ff0000;\">UN TOUT JEUNE TRIO\u2026<\/span><\/strong><\/h2>\n<h2><strong><a href=\"https:\/\/ritmy.fr\/essais\/wp-content\/uploads\/2011\/09\/NLD-TRIO1.jpg\"><img loading=\"lazy\" decoding=\"async\" class=\"size-full wp-image-6354 aligncenter\" title=\"NLD TRIO\" alt=\"\" src=\"https:\/\/ritmy.fr\/essais\/wp-content\/uploads\/2011\/09\/NLD-TRIO1.jpg\" width=\"560\" height=\"380\" srcset=\"https:\/\/ritmy.fr\/essais\/wp-content\/uploads\/2011\/09\/NLD-TRIO1.jpg 560w, https:\/\/ritmy.fr\/essais\/wp-content\/uploads\/2011\/09\/NLD-TRIO1-300x203.jpg 300w\" sizes=\"auto, (max-width: 560px) 100vw, 560px\" \/><\/a><br \/>\n<\/strong><\/h2>\n<p>Quand <strong>NIELS LAN DOKY<\/strong> produisit son premier album en 1986 le tr\u00e8s renomm\u00e9 critique am\u00e9ricain de jazz Dan Morgenstern \u00e9crivit : <em>\u00ab Il n\u2019y a rien de plus encourageant et satisfaisant que de rencontrer pour la premi\u00e8re fois un jeune musicien de jazz de r\u00e9elle stature\u2026 quelqu\u2019un qui peut vous faire sentir que le futur de la musique est en bonne mains. \u00bb<\/em>. Aujourd\u2019hui, 25 ans plus tard, <strong>NIELS LAN DOKY<\/strong> constate : <em>\u00ab Je sens exactement la m\u00eame chose \u00e0 propos de Niclas et Konathan. C\u2019est extr\u00eamement encourageant, inspirant, excitant d\u2019avoir des musiciens comme eux parmi nous\u2026 Je suis s\u00fbr qu\u2019il revitaliseront la musique et lui ouvriront de nouvelles horizons dans un futur qu\u2019il nous est impossible d\u2019imaginer \u00e0 pr\u00e9sent. \u00bb<\/em>.<\/p>\n<p>En effet, revenant au Danemark, <strong>NIELS LAN DOKY<\/strong>, dut recomposer un trio. Il choisit deux des plus fameuses jeunes stars du jazz au Danemark : le batteur Niclas BARDELEBEN (n\u00e9 en 1990) qu&rsquo;il d\u00e9couvrit en premier et qui lui fit rencontrer le bassiste Jonathan BREMER (n\u00e9, pour sa part, en 1991).<a href=\"https:\/\/ritmy.fr\/essais\/wp-content\/uploads\/2011\/09\/trio_nielslandoky.jpg\"><img loading=\"lazy\" decoding=\"async\" class=\"aligncenter size-full wp-image-4345\" title=\"trio_nielslandoky\" alt=\"\" src=\"https:\/\/ritmy.fr\/essais\/wp-content\/uploads\/2011\/09\/trio_nielslandoky.jpg\" width=\"561\" height=\"354\" srcset=\"https:\/\/ritmy.fr\/essais\/wp-content\/uploads\/2011\/09\/trio_nielslandoky.jpg 561w, https:\/\/ritmy.fr\/essais\/wp-content\/uploads\/2011\/09\/trio_nielslandoky-300x189.jpg 300w\" sizes=\"auto, (max-width: 561px) 100vw, 561px\" \/><\/a><\/p>\n<p>C&rsquo;est ainsi que <strong>NIELS LAN DOKY<\/strong>, en rouvrant le l\u00e9gendaire club<em><strong> \u00ab Montmartre \u00bb<\/strong><\/em> \u00e0 Copenhague, au printemps 2010, lan\u00e7a v\u00e9ritablement les carri\u00e8res de Niclas et de Jonathan. Ils constutu\u00e8rent la <em>\u00ab section rythmique maison \u00bb<\/em> de la nouvelle \u00e8re du club mythique. Leur immense talent fut tr\u00e8s vite salu\u00e9 par les amateurs aussi bien que par la presse. Ils suivirent, d\u00e8s lors, la carri\u00e8re de <strong>NIELS LAN DOKY<\/strong> qui leur fit faire une tourn\u00e9e en France, un peu plus tard au cours de l\u2019ann\u00e9e. Ils re\u00e7urent alors des \u00ab standing ovations \u00bb et furent compar\u00e9s \u00e0 leurs compatriotes et pr\u00e9d\u00e9cesseurs au <em><strong>\u00ab Montmartre \u00bb<\/strong><\/em> des ann\u00e9es 60 : Niels Henning Pedersen et Alex Riel\u2026<\/p>\n<p>Voici, extrait du nouvel album <strong>\u00ab\u00a0Human Behavior\u00a0\u00bb<\/strong>, <em>Poem for a Dolphin<\/em> interpr\u00e9t\u00e9 par le nouveau <strong>NIELS LAN DOKY TRIO<\/strong> et film\u00e9 par la t\u00e9l\u00e9vision cor\u00e9enne lors de leur triomphale tourn\u00e9e dans ce pays asiatique\u2026 Un r\u00e9gal !<\/p>\n<p style=\"text-align: center;\"><object width=\"560\" height=\"450\" classid=\"clsid:d27cdb6e-ae6d-11cf-96b8-444553540000\" codebase=\"http:\/\/download.macromedia.com\/pub\/shockwave\/cabs\/flash\/swflash.cab#version=6,0,40,0\"><param name=\"allowFullScreen\" value=\"true\" \/><param name=\"allowscriptaccess\" value=\"always\" \/><param name=\"src\" value=\"http:\/\/www.youtube.com\/v\/mBi2fhs5_CA?version=3&amp;hl=en_US&amp;rel=0\" \/><param name=\"allowfullscreen\" value=\"true\" \/><embed width=\"560\" height=\"450\" type=\"application\/x-shockwave-flash\" src=\"http:\/\/www.youtube.com\/v\/mBi2fhs5_CA?version=3&amp;hl=en_US&amp;rel=0\" allowFullScreen=\"true\" allowscriptaccess=\"always\" allowfullscreen=\"true\" \/><\/object><\/p>\n<h2>\u00a0<strong><span style=\"color: #ff0000;\">LES DEUX PRODIGES<\/span><\/strong><\/h2>\n<p><a href=\"https:\/\/ritmy.fr\/essais\/wp-content\/uploads\/2011\/09\/BREMER_BARDELEBEN.png\"><img loading=\"lazy\" decoding=\"async\" class=\"aligncenter size-full wp-image-4371\" title=\"BREMER_BARDELEBEN\" alt=\"\" src=\"https:\/\/ritmy.fr\/essais\/wp-content\/uploads\/2011\/09\/BREMER_BARDELEBEN.png\" width=\"560\" height=\"625\" srcset=\"https:\/\/ritmy.fr\/essais\/wp-content\/uploads\/2011\/09\/BREMER_BARDELEBEN.png 560w, https:\/\/ritmy.fr\/essais\/wp-content\/uploads\/2011\/09\/BREMER_BARDELEBEN-268x300.png 268w\" sizes=\"auto, (max-width: 560px) 100vw, 560px\" \/><\/a><strong><\/strong><\/p>\n<h3 style=\"text-align: center;\"><a href=\"https:\/\/ritmy.fr\/essais\/wp-content\/uploads\/2011\/09\/niclas.jpg\"><img loading=\"lazy\" decoding=\"async\" class=\"alignleft size-full wp-image-4373\" title=\"niclas\" alt=\"\" src=\"https:\/\/ritmy.fr\/essais\/wp-content\/uploads\/2011\/09\/niclas.jpg\" width=\"168\" height=\"252\" srcset=\"https:\/\/ritmy.fr\/essais\/wp-content\/uploads\/2011\/09\/niclas.jpg 233w, https:\/\/ritmy.fr\/essais\/wp-content\/uploads\/2011\/09\/niclas-199x300.jpg 199w\" sizes=\"auto, (max-width: 168px) 100vw, 168px\" \/><\/a><strong><span style=\"color: #008000;\">\u00c0 Propos du batteur, Niclas BARDELEBEN\u2026<\/span><\/strong><\/h3>\n<p><strong> <\/strong>En d\u00e9pit de son jeune \u00e2ge (il est n\u00e9 en 1990) Niclas est tr\u00e8s exp\u00e9riment\u00e9 et certainement l\u2019un des batteurs de jazz les plus accomplis. Il a d\u00e9j\u00e0 gagn\u00e9 une large reconnaissance parmi les critiques et les autres musiciens, qu&rsquo;ils soient danois ou du vaste monde.<\/p>\n<p style=\"text-align: left;\">Kjeld FRANSSEN, le critique de jazz du quotidien danois BERLINGSKE, en disait : <em>\u00ab Les probl\u00e8mes, les difficult\u00e9s\u2026 ce n\u2019est pas de son ressort ; il joue totalement sans effort, avec de fines nuances et une fantastique ma\u00eetrise\u2026\u00bb<\/em>.<\/p>\n<p style=\"text-align: left;\">Apr\u00e8s avoir jou\u00e9 avec Niclas, le laur\u00e9at du Grammy Award, le trompettiste Brian LYNCH d\u00e9clara : <em>\u00ab Niclas va \u00eatre sur la sc\u00e8ne l\u2019un des meilleurs batteurs, tr\u00e8s rapidement \u00bb<\/em>.<\/p>\n<p style=\"text-align: left;\">Batteur attitr\u00e9 du l\u00e9gendaire club \u00ab Montmartre \u00bb de Copenhague depuis sa r\u00e9ouverture en mai 2010., Niclas a jou\u00e9 pour la famille royale danoise en plusieurs occasions et est apparu avec des artistes tels que Chris MMINH DOKY (Denmark), Didier LOCKWOOD (France), Pierre BBOUSSAUET (France), Alice RICIARDI (ItalIE), Brian LYNCH (USA), Paulo RUSSO (Italie), Jesper LUNDGAARD (Danemark), Gerard PRESENCER (Angleterre) etc\u2026<\/p>\n<p style=\"text-align: left;\">Le voici ouvrant \u00ab\u00a0Contemplation \u00e0 partir d&rsquo;un sommet\u00a0\u00bb, morceau du trio\u2026<\/p>\n<p style=\"text-align: center;\"><object width=\"560\" height=\"450\" classid=\"clsid:d27cdb6e-ae6d-11cf-96b8-444553540000\" codebase=\"http:\/\/download.macromedia.com\/pub\/shockwave\/cabs\/flash\/swflash.cab#version=6,0,40,0\"><param name=\"allowFullScreen\" value=\"true\" \/><param name=\"allowscriptaccess\" value=\"always\" \/><param name=\"src\" value=\"http:\/\/www.youtube.com\/v\/OJ0oCDplX-o?version=3&amp;hl=en_US&amp;rel=0\" \/><param name=\"allowfullscreen\" value=\"true\" \/><embed width=\"560\" height=\"450\" type=\"application\/x-shockwave-flash\" src=\"http:\/\/www.youtube.com\/v\/OJ0oCDplX-o?version=3&amp;hl=en_US&amp;rel=0\" allowFullScreen=\"true\" allowscriptaccess=\"always\" allowfullscreen=\"true\" \/><\/object><\/p>\n<h3 style=\"text-align: center;\"><a href=\"https:\/\/ritmy.fr\/essais\/wp-content\/uploads\/2011\/09\/jonathan.jpg\"><img loading=\"lazy\" decoding=\"async\" class=\"alignleft size-full wp-image-4377\" title=\"jonathan\" alt=\"\" src=\"https:\/\/ritmy.fr\/essais\/wp-content\/uploads\/2011\/09\/jonathan.jpg\" width=\"186\" height=\"249\" srcset=\"https:\/\/ritmy.fr\/essais\/wp-content\/uploads\/2011\/09\/jonathan.jpg 233w, https:\/\/ritmy.fr\/essais\/wp-content\/uploads\/2011\/09\/jonathan-224x300.jpg 224w\" sizes=\"auto, (max-width: 186px) 100vw, 186px\" \/><\/a><strong><span style=\"color: #008000;\">\u00c0 Propos du bassiste, Jonathan BREMER\u2026<\/span><\/strong><\/h3>\n<p>Le jeune Jonathan (n\u00e9 en 1991), disciple et prot\u00e9g\u00e9 du v\u00e9t\u00e9ran danois \u00e0 la basse, Bo STIEF, est aujourd\u2019hui l\u2019un des bassistes les plus prometteurs en Europe.<\/p>\n<p>Il a travaill\u00e9 avec <strong>NIELS LAN DOKY<\/strong>, Benjamin KOPPEL, Tomas FRANCK, pour n\u2019en citer que quelques-uns\u2026<\/p>\n<p>Il fut le plus jeune musicien \u00e0 gagner le prestigieux \u00ab Young Jazz Award\u00bb au Danemark en 2009 alors qu\u2019il n\u2019avait que 17 ans. Ainsi, il est le dernier ajout \u00e0 la grande famille des bassistes danois dont Pedersen ouvrit la tradition au d\u00e9but des ann\u00e9es 60.<\/p>\n<p>Il fait partie de la section rythmique du c\u00e9l\u00e8bre club de jazz \u00ab Montmartre \u00bb de Copenhague o\u00f9 il a aussi jou\u00e9 pour la premi\u00e8re ann\u00e9e du \u00ab Dexter Gordon Festival \u00bb que <strong>NIELS LAN DOKY<\/strong> et Maxime GORDON coproduisirent. Pour la premi\u00e8re fois et pour un concert de jazz, ce Festival fut diffus\u00e9 sur Facebook, innovation qui permit \u00e0 des millions de gens, partout sur la plan\u00e8te, de le suivre .<\/p>\n<p>BREMER poss\u00e8de un tr\u00e8s solide \u00ab groove rock \u00bb et, d\u00e9j\u00e0, une approche tr\u00e8s m\u00e9lodique \u00e0 la basse. Le voici, attaquant le th\u00e8me de SUMMERTIME de George GERSCHWIN, revist\u00e9 par le trio\u2026 royal !<\/p>\n<p style=\"text-align: center;\"><object width=\"560\" height=\"450\" classid=\"clsid:d27cdb6e-ae6d-11cf-96b8-444553540000\" codebase=\"http:\/\/download.macromedia.com\/pub\/shockwave\/cabs\/flash\/swflash.cab#version=6,0,40,0\"><param name=\"allowFullScreen\" value=\"true\" \/><param name=\"allowscriptaccess\" value=\"always\" \/><param name=\"src\" value=\"http:\/\/www.youtube.com\/v\/WFD1Af5PRyE?version=3&amp;hl=en_US&amp;rel=0\" \/><param name=\"allowfullscreen\" value=\"true\" \/><embed width=\"560\" height=\"450\" type=\"application\/x-shockwave-flash\" src=\"http:\/\/www.youtube.com\/v\/WFD1Af5PRyE?version=3&amp;hl=en_US&amp;rel=0\" allowFullScreen=\"true\" allowscriptaccess=\"always\" allowfullscreen=\"true\" \/><\/object><\/p>\n<p style=\"text-align: left;\">Si vous avez une question ou une suggestion sur ce concert\u2026 l&rsquo;adresse courriel de <strong>RITMY<\/strong> est faite pour vous !<\/p>\n<p style=\"text-align: center;\"><a href=\"mailto:contact.ritmy@gmail.com\"><strong><span style=\"color: #000080;\">contact.ritmy@gmail.com<\/span><\/strong><\/a><\/p>\n","protected":false},"excerpt":{"rendered":"<p>\u00c0 RICHEBOURG, 12 F\u00e9vrier 2012 \u00e0 17h., Salle Edith PIAF JAZZ avec NIELS LAN DOKY TRIO C\u2019est en 2010 que le pianiste et compositeur NIELS LAN DOKY revint dans son pays natal, apr\u00e8s avoir v\u00e9cu et partag\u00e9 29 ans entre New York et Paris. Son retour fut largement c\u00e9l\u00e9br\u00e9 et la reine du Danemark tint &hellip; <\/p>\n<p><a class=\"more-link btn\" href=\"https:\/\/ritmy.fr\/essais\/concerts-2\/12-fevrier-2012\/\">Lire la suite<\/a><\/p>\n","protected":false},"author":2,"featured_media":0,"parent":11,"menu_order":63,"comment_status":"closed","ping_status":"closed","template":"","meta":{"footnotes":""},"class_list":["post-4304","page","type-page","status-publish","hentry","nodate","item-wrap"],"_links":{"self":[{"href":"https:\/\/ritmy.fr\/essais\/wp-json\/wp\/v2\/pages\/4304","targetHints":{"allow":["GET"]}}],"collection":[{"href":"https:\/\/ritmy.fr\/essais\/wp-json\/wp\/v2\/pages"}],"about":[{"href":"https:\/\/ritmy.fr\/essais\/wp-json\/wp\/v2\/types\/page"}],"author":[{"embeddable":true,"href":"https:\/\/ritmy.fr\/essais\/wp-json\/wp\/v2\/users\/2"}],"replies":[{"embeddable":true,"href":"https:\/\/ritmy.fr\/essais\/wp-json\/wp\/v2\/comments?post=4304"}],"version-history":[{"count":29,"href":"https:\/\/ritmy.fr\/essais\/wp-json\/wp\/v2\/pages\/4304\/revisions"}],"predecessor-version":[{"id":9710,"href":"https:\/\/ritmy.fr\/essais\/wp-json\/wp\/v2\/pages\/4304\/revisions\/9710"}],"up":[{"embeddable":true,"href":"https:\/\/ritmy.fr\/essais\/wp-json\/wp\/v2\/pages\/11"}],"wp:attachment":[{"href":"https:\/\/ritmy.fr\/essais\/wp-json\/wp\/v2\/media?parent=4304"}],"curies":[{"name":"wp","href":"https:\/\/api.w.org\/{rel}","templated":true}]}}