{"id":31120,"date":"2026-05-01T10:38:07","date_gmt":"2026-05-01T09:38:07","guid":{"rendered":"https:\/\/ritmy.fr\/essais\/?page_id=31120"},"modified":"2026-05-05T17:21:41","modified_gmt":"2026-05-05T16:21:41","slug":"37-chesnay","status":"publish","type":"page","link":"https:\/\/ritmy.fr\/essais\/concerts-2\/tout-sur-les-37es-saisons\/37-chesnay\/","title":{"rendered":"L&rsquo;ENSEMBLE VOCAL DU CHESNAY"},"content":{"rendered":"\n<p class=\"has-text-align-center has-larger-font-size\"><strong><em>Requiem de Faur\u00e9<\/em><\/strong><\/p>\n\n\n\n<p><\/p>\n\n\n\n<p class=\"has-vivid-cyan-blue-color has-text-color has-link-color has-larger-font-size wp-elements-2da7d34f358d54c18a7ffc700cde83d6\"><strong>Le dimanche 2 mai 2027 \u00e0 17h<\/strong> <strong>\u00e0 l\u2019\u00e9glise Saint-Nicolas<\/strong><\/p>\n\n\n\n<p class=\"has-regular-font-size\">L\u2019Ensemble Vocal du Chesnay s\u2019est constitu\u00e9 au fil des ans d\u2019une trentaine de chanteurs anim\u00e9s du d\u00e9sir d\u2019approfondir les classiques du r\u00e9pertoire tout en faisant d\u00e9couvrir des \u0153uvres de musiciens contemporains.<br>Il participe \u00e0 de nombreux concerts en France et \u00e0 l&rsquo;\u00e9tranger (New-York, St Petersbourg, Op\u00e9ra Royal et Chapelle de Versailles).<\/p>\n\n\n<div class=\"wp-block-image\">\n<figure class=\"aligncenter size-full\"><img loading=\"lazy\" decoding=\"async\" width=\"800\" height=\"400\" src=\"https:\/\/ritmy.fr\/essais\/wp-content\/uploads\/2026\/04\/choeur-du-chesnay-3.jpg\" alt=\"\" class=\"wp-image-31125\" srcset=\"https:\/\/ritmy.fr\/essais\/wp-content\/uploads\/2026\/04\/choeur-du-chesnay-3.jpg 800w, https:\/\/ritmy.fr\/essais\/wp-content\/uploads\/2026\/04\/choeur-du-chesnay-3-300x150.jpg 300w, https:\/\/ritmy.fr\/essais\/wp-content\/uploads\/2026\/04\/choeur-du-chesnay-3-768x384.jpg 768w\" sizes=\"auto, (max-width: 800px) 100vw, 800px\" \/><\/figure><\/div>\n\n\n<p class=\"has-regular-font-size\">L&rsquo;histoire du ch\u0153ur d\u00e9bute en 1960 lorsque ses fondateurs, Fernand et Simone Roger, l&rsquo;\u00e9tablissent au Chesnay. En 1987, leur fils, Fran\u00e7ois Marc Roger, le reprend en le nommant \u00ab Ensemble Vocal du Chesnay \u00bb. Apr\u00e8s \u00e0 son d\u00e9c\u00e8s, le ch\u0153ur passe sous la direction de Silvio Segantini. Romain Champion dirige le ch\u0153ur depuis juin 2025.<\/p>\n\n\n\n<p class=\"has-regular-font-size\">Son r\u00e9pertoire inclut des \u0153uvres majeures de la p\u00e9riode baroque et classique, souvent mises en relation avec des compositeurs contemporains tels que Britten, Bernstein, Morricone ou P\u00e4rt.<\/p>\n\n\n\n<p class=\"has-regular-font-size\">Parmi ses derni\u00e8res r\u00e9alisations, citons les Saisons de Haydn, la Grande Messe en Ut et le Requiem de Mozart, la Messe en Si Mineur de Bach, les Requiem de Faur\u00e9, Verdi et Brahms, le Stabat Mater de Poulenc, le Messie de Haendel, la Petite Messe Solennelle de Rossini, le Gloria et le Magnificat de Vivaldi, les Grands Ch\u0153urs d&rsquo;Op\u00e9ra et bien d&rsquo;autres.<\/p>\n\n\n\n<p class=\"has-regular-font-size\">L&rsquo;Ensemble Vocal joue un r\u00f4le actif dans la vie musicale du Chesnay en participant tous les ans \u00e0 la saison musicale de la ville. Il est pr\u00e9sent au mois Moli\u00e8re \u00e0 Versailles et se produit r\u00e9guli\u00e8rement \u00e0 Paris, en Ile de France et en r\u00e9gion.<strong><br><\/strong><\/p>\n\n\n\n<p class=\"has-large-font-size\"><strong>Le chef de ch\u0153ur, Romain Champion, t\u00e9nor.<\/strong><\/p>\n\n\n\n<div class=\"wp-block-media-text is-stacked-on-mobile is-image-fill-element\" style=\"grid-template-columns:27% auto\"><figure class=\"wp-block-media-text__media\"><img loading=\"lazy\" decoding=\"async\" width=\"1000\" height=\"1000\" src=\"https:\/\/ritmy.fr\/essais\/wp-content\/uploads\/2026\/04\/romain-champion.jpg\" alt=\"\" class=\"wp-image-31124 size-full\" style=\"object-position:50% 44%\" srcset=\"https:\/\/ritmy.fr\/essais\/wp-content\/uploads\/2026\/04\/romain-champion.jpg 1000w, https:\/\/ritmy.fr\/essais\/wp-content\/uploads\/2026\/04\/romain-champion-300x300.jpg 300w, https:\/\/ritmy.fr\/essais\/wp-content\/uploads\/2026\/04\/romain-champion-150x150.jpg 150w, https:\/\/ritmy.fr\/essais\/wp-content\/uploads\/2026\/04\/romain-champion-768x768.jpg 768w, https:\/\/ritmy.fr\/essais\/wp-content\/uploads\/2026\/04\/romain-champion-803x803.jpg 803w\" sizes=\"auto, (max-width: 1000px) 100vw, 1000px\" \/><\/figure><div class=\"wp-block-media-text__content\">\n<p class=\"has-regular-font-size\">Depuis 2005 o\u00f9 il a obtenu 3 m\u00e9dailles d&rsquo;or au CNR de St Maur-des-Foss\u00e9s, ainsi que sa licence de musicologie, Romain Champion participe \u00e0 de nombreux concerts, dans un r\u00e9pertoire vari\u00e9 allant du XVI\u00e8me si\u00e8cle \u00e0 la musique contemporaine, avec une pr\u00e9dilection pour la musique baroque. Membre permanent du ch\u0153ur de Radio France et chef de ch\u0153ur professionnel, il dirige en particulier les petits chanteurs de St Charles de Versailles et L&rsquo;Ensemble Vocal du Chesnay, deux formations qu&rsquo;il reprend cette saison. Il est \u00e0 la t\u00eate de L&rsquo;Offrande Lyrique depuis sa cr\u00e9ation en 1998.<\/p>\n<\/div><\/div>\n\n\n<div class=\"wp-block-image\">\n<figure class=\"aligncenter size-full\"><img loading=\"lazy\" decoding=\"async\" width=\"605\" height=\"302\" src=\"https:\/\/ritmy.fr\/essais\/wp-content\/uploads\/2026\/04\/image-1.jpeg\" alt=\"\" class=\"wp-image-31123\" srcset=\"https:\/\/ritmy.fr\/essais\/wp-content\/uploads\/2026\/04\/image-1.jpeg 605w, https:\/\/ritmy.fr\/essais\/wp-content\/uploads\/2026\/04\/image-1-300x150.jpeg 300w\" sizes=\"auto, (max-width: 605px) 100vw, 605px\" \/><\/figure><\/div>\n\n\n<p class=\"has-text-align-center has-regular-font-size\"><strong>Le ch\u0153ur en r\u00e9p\u00e9tition.<\/strong><\/p>\n\n\n\n<h2 class=\"wp-block-heading has-large-font-size\">Programme&nbsp;:<\/h2>\n\n\n\n<figure class=\"wp-block-table is-style-regular has-large-font-size\"><table class=\"has-pale-ocean-gradient-background has-background\"><tbody><tr><td class=\"has-text-align-left\" data-align=\"left\"> <strong>&nbsp;<\/strong>Accompagn\u00e9s au piano ils interpr\u00e8teront des \u0153uvres de Gabriel Faur\u00e9 dont le Requiem.<\/td><\/tr><\/tbody><\/table><\/figure>\n\n\n\n<p class=\"has-regular-font-size\">D\u00e9couvrez l&rsquo;ensemble vocal du Chesnay sur <a href=\"https:\/\/www.ev-chesnay.com\/\" target=\"_blank\" rel=\"noreferrer noopener\"><u>leur site internet<\/u><\/a> ainsi que sur cette vid\u00e9o :<\/p>\n\n\n\n<figure class=\"wp-block-video\"><video controls src=\"https:\/\/ritmy.fr\/essais\/wp-content\/uploads\/2026\/04\/P-chesnay.mp4\"><\/video><\/figure>\n\n\n\n<p class=\"has-text-align-center\">Extraits de la passion selon St Jean par le ch\u0153ur du Chesnay<\/p>\n\n\n\n<hr class=\"wp-block-separator has-alpha-channel-opacity is-style-wide\"\/>\n\n\n\n<p class=\"has-black-color has-text-color has-regular-font-size\">Il est fortement recommand\u00e9 de <strong>r\u00e9server en ligne<\/strong> en cliquant sur le bouton ci-dessous, ou en appelant le 06-80-31-06-12.<\/p>\n\n\n\n<div class=\"wp-block-buttons is-content-justification-center is-layout-flex wp-container-core-buttons-is-layout-16018d1d wp-block-buttons-is-layout-flex\">\n<div class=\"wp-block-button is-style-fill\"><a class=\"wp-block-button__link has-white-color has-vivid-cyan-blue-background-color has-text-color has-background has-large-font-size has-custom-font-size wp-element-button\" href=\"https:\/\/ritmy.fr\/essais\/reserver\/\">R\u00c9SERVER VOS BILLETS<\/a><\/div>\n<\/div>\n\n\n\n<p><\/p>\n\n\n\n<p class=\"has-black-color has-text-color has-background has-regular-font-size\" style=\"background-color:#cceef7\">Afin de fluidifier l&rsquo;accueil du public, l&rsquo;ouverture des portes se fera <strong>\u00e0 partir de 16 h 15.<\/strong><\/p>\n\n\n\n<hr class=\"wp-block-separator has-css-opacity is-style-wide\"\/>\n\n\n\n<div class=\"wp-block-columns is-layout-flex wp-container-core-columns-is-layout-9d6595d7 wp-block-columns-is-layout-flex\">\n<div class=\"wp-block-column is-layout-flow wp-block-column-is-layout-flow\">\n<p><\/p>\n\n\n\n<div style=\"height:41px\" aria-hidden=\"true\" class=\"wp-block-spacer\"><\/div>\n\n\n\n<p class=\"has-regular-font-size\">Pour vous rendre \u00e0 l\u2019\u00e9glise Saint-Nicolas de NEAUPHLE-le-CH\u00c2TEAU :<\/p>\n\n\n\n<p><\/p>\n\n\n\n<p><\/p>\n\n\n\n<p class=\"has-regular-font-size\">Pour se garer : Si les parkings du centre sont complets, il y a le parking du Vieux Moulin (fl\u00e9ch\u00e9) \u00e0 5min de l&rsquo;\u00e9glise.<\/p>\n<\/div>\n\n\n\n<div class=\"wp-block-column is-layout-flow wp-block-column-is-layout-flow\">\n<iframe src=\"https:\/\/www.google.com\/maps\/embed?pb=!1m18!1m12!1m3!1d10509.100077975727!2d1.8732415940698801!3d48.81481384833972!2m3!1f0!2f0!3f0!3m2!1i1024!2i768!4f13.1!3m3!1m2!1s0x47e69b3cacb763cd%3A0xbfd82f15d3c44849!2sEglise%20Saint-Nicolas%20de%20Neauphle-le-Chateau!5e0!3m2!1sfr!2sfr!4v1650891915141!5m2!1sfr!2sfr\" style=\"border:0;\" allowfullscreen=\"\" loading=\"lazy\" referrerpolicy=\"no-referrer-when-downgrade\" width=\"600\" height=\"450\"><\/iframe>\n<\/div>\n<\/div>\n\n\n\n<hr class=\"wp-block-separator has-css-opacity is-style-dots\"\/>\n\n\n\n<div class=\"wp-block-media-text is-vertically-aligned-top\" style=\"grid-template-columns:18% auto\"><figure class=\"wp-block-media-text__media\"><img loading=\"lazy\" decoding=\"async\" width=\"328\" height=\"328\" src=\"https:\/\/ritmy.fr\/essais\/wp-content\/uploads\/2024\/05\/SINLC_small.png\" alt=\"\" class=\"wp-image-29228 size-full\" srcset=\"https:\/\/ritmy.fr\/essais\/wp-content\/uploads\/2024\/05\/SINLC_small.png 328w, https:\/\/ritmy.fr\/essais\/wp-content\/uploads\/2024\/05\/SINLC_small-300x300.png 300w, https:\/\/ritmy.fr\/essais\/wp-content\/uploads\/2024\/05\/SINLC_small-150x150.png 150w\" sizes=\"auto, (max-width: 328px) 100vw, 328px\" \/><\/figure><div class=\"wp-block-media-text__content\">\n<p class=\"has-regular-font-size\">Concert organis\u00e9 conjointement par RITMY et le SYNDICAT D\u2019INITIATIVE de Neauphle-le-Ch\u00e2teau.<\/p>\n<\/div><\/div>\n\n\n\n<p><\/p>\n","protected":false},"excerpt":{"rendered":"<p>Requiem de Faur\u00e9 Le dimanche 2 mai 2027 \u00e0 17h \u00e0 l\u2019\u00e9glise Saint-Nicolas L\u2019Ensemble Vocal du Chesnay s\u2019est constitu\u00e9 au fil des ans d\u2019une trentaine de chanteurs anim\u00e9s du d\u00e9sir d\u2019approfondir les classiques du r\u00e9pertoire tout en faisant d\u00e9couvrir des \u0153uvres de musiciens contemporains.Il participe \u00e0 de nombreux concerts en France et \u00e0 l&rsquo;\u00e9tranger (New-York, &hellip; <\/p>\n<p><a class=\"more-link btn\" href=\"https:\/\/ritmy.fr\/essais\/concerts-2\/tout-sur-les-37es-saisons\/37-chesnay\/\">Lire la suite<\/a><\/p>\n","protected":false},"author":5,"featured_media":0,"parent":30861,"menu_order":0,"comment_status":"closed","ping_status":"closed","template":"","meta":{"footnotes":""},"class_list":["post-31120","page","type-page","status-publish","hentry","nodate","item-wrap"],"_links":{"self":[{"href":"https:\/\/ritmy.fr\/essais\/wp-json\/wp\/v2\/pages\/31120","targetHints":{"allow":["GET"]}}],"collection":[{"href":"https:\/\/ritmy.fr\/essais\/wp-json\/wp\/v2\/pages"}],"about":[{"href":"https:\/\/ritmy.fr\/essais\/wp-json\/wp\/v2\/types\/page"}],"author":[{"embeddable":true,"href":"https:\/\/ritmy.fr\/essais\/wp-json\/wp\/v2\/users\/5"}],"replies":[{"embeddable":true,"href":"https:\/\/ritmy.fr\/essais\/wp-json\/wp\/v2\/comments?post=31120"}],"version-history":[{"count":8,"href":"https:\/\/ritmy.fr\/essais\/wp-json\/wp\/v2\/pages\/31120\/revisions"}],"predecessor-version":[{"id":31222,"href":"https:\/\/ritmy.fr\/essais\/wp-json\/wp\/v2\/pages\/31120\/revisions\/31222"}],"up":[{"embeddable":true,"href":"https:\/\/ritmy.fr\/essais\/wp-json\/wp\/v2\/pages\/30861"}],"wp:attachment":[{"href":"https:\/\/ritmy.fr\/essais\/wp-json\/wp\/v2\/media?parent=31120"}],"curies":[{"name":"wp","href":"https:\/\/api.w.org\/{rel}","templated":true}]}}