{"id":31091,"date":"2026-05-05T07:44:04","date_gmt":"2026-05-05T06:44:04","guid":{"rendered":"https:\/\/ritmy.fr\/essais\/?page_id=31091"},"modified":"2026-05-05T17:18:26","modified_gmt":"2026-05-05T16:18:26","slug":"37-fukuma","status":"publish","type":"page","link":"https:\/\/ritmy.fr\/essais\/concerts-2\/tout-sur-les-37es-saisons\/37-fukuma\/","title":{"rendered":"Kotaro FUKUMA \u00e0 Montfort-L&rsquo;Amaury"},"content":{"rendered":"\n<p class=\"has-text-align-center has-larger-font-size\"><strong><em>R\u00c9CITAL DE PIANO<\/em><\/strong><\/p>\n\n\n\n<p><\/p>\n\n\n\n<p class=\"has-vivid-cyan-blue-color has-text-color has-larger-font-size\"><strong>le samedi 27 mars 2027 \u00e0 17h \u00e0 la Salle de spectacle BOLERO (ex CML<\/strong>)<\/p>\n\n\n<div class=\"wp-block-image\">\n<figure class=\"aligncenter size-full\"><img loading=\"lazy\" decoding=\"async\" width=\"1000\" height=\"687\" src=\"https:\/\/ritmy.fr\/essais\/wp-content\/uploads\/2026\/04\/Kotaro-Fukuma-1.jpg\" alt=\"\" class=\"wp-image-31112\" srcset=\"https:\/\/ritmy.fr\/essais\/wp-content\/uploads\/2026\/04\/Kotaro-Fukuma-1.jpg 1000w, https:\/\/ritmy.fr\/essais\/wp-content\/uploads\/2026\/04\/Kotaro-Fukuma-1-300x206.jpg 300w, https:\/\/ritmy.fr\/essais\/wp-content\/uploads\/2026\/04\/Kotaro-Fukuma-1-768x528.jpg 768w, https:\/\/ritmy.fr\/essais\/wp-content\/uploads\/2026\/04\/Kotaro-Fukuma-1-803x552.jpg 803w\" sizes=\"auto, (max-width: 1000px) 100vw, 1000px\" \/><\/figure><\/div>\n\n\n<p>Kotaro Fukuma commence l\u2019\u00e9tude du piano \u00e0 l\u2019\u00e2ge de 5 ans. Il obtient de nombreux prix dans des concours internationaux, comme \u00e0 Santander, Helsinki, Tel Aviv, Rio de Janeiro et Salt Lake City.<\/p>\n\n\n\n<p>Premier Prix \u00e0 vingt ans du Concours International de Cleveland, Kotaro Fukuma se produit sur de nombreuses sc\u00e8nes parmi les plus prestigieuses : au Carnegie Hall et au Lincoln Center \u00e0 New York, au Wigmore Hall \u00e0 Londres, \u00e0 la Philharmonie et au Konzerthaus \u00e0 Berlin, au Gewandhaus \u00e0 Leipzig, Salles Olivier Messiaen et Gaveau \u00e0 Paris, au Grand Auditorium National \u00e0 Madrid, au Victoria Hall \u00e0 Gen\u00e8ve, au Suntory Hall et \u00e0 l&rsquo;Op\u00e9ra City \u00e0 Tokyo.<\/p>\n\n\n\n<p>Kotaro Fukuma joue \u00e9galement avec des orchestres de premier plan tels que l\u2019Orchestre de Cleveland, l\u2019Orchestre Philharmonique de Moscou, l&rsquo;Orchestre Philharmonique d&rsquo;Israel, l\u2019Orchestre Symphonique de la Radio Finlandaise, l&rsquo;orchestre Philharmonique de Dresde, l\u2019Orchestre National de Lille, l\u2019Orchestre Philharmonique Royal de Galice et l&rsquo;Orchestre Symphonique de NHK, sous la direction de chefs tels que Rafa\u00ebl Fr\u00fchbeck de Burgos, Yury Simonov, Fran\u00e7ois-Xavier Roth, Asher Fisch, Juanjo Mena, Hannu, Lintu, Mihhail Gerts ou Kazuki Yamada.<\/p>\n\n\n\n<p>D\u00e9but juillet 2016, il remplace au pied lev\u00e9 Nelson Freire pour interpr\u00e9ter le Concerto n\u00b02 de Brahms avec l&rsquo;Orchestre National du Capitole de Toulouse dirig\u00e9 par Tugan Sokhiev. Prix Chopin au Japon en 2013, il fait, la m\u00eame ann\u00e9e, ses d\u00e9buts \u00e0 la Folle Journ\u00e9e au Japon et au Th\u00e9\u00e2tre De Santiago du Chili dans la s\u00e9rie de r\u00e9citals \u00ab Grandes Pianistas \u00bb o\u00f9 il remplace H\u00e9l\u00e8ne Grimaud.<\/p>\n\n\n<div class=\"wp-block-image\">\n<figure class=\"aligncenter size-full\"><img loading=\"lazy\" decoding=\"async\" width=\"1000\" height=\"654\" src=\"https:\/\/ritmy.fr\/essais\/wp-content\/uploads\/2026\/04\/Kotaro-Fukuma-2.jpg\" alt=\"\" class=\"wp-image-31113\" srcset=\"https:\/\/ritmy.fr\/essais\/wp-content\/uploads\/2026\/04\/Kotaro-Fukuma-2.jpg 1000w, https:\/\/ritmy.fr\/essais\/wp-content\/uploads\/2026\/04\/Kotaro-Fukuma-2-300x196.jpg 300w, https:\/\/ritmy.fr\/essais\/wp-content\/uploads\/2026\/04\/Kotaro-Fukuma-2-768x502.jpg 768w, https:\/\/ritmy.fr\/essais\/wp-content\/uploads\/2026\/04\/Kotaro-Fukuma-2-803x525.jpg 803w\" sizes=\"auto, (max-width: 1000px) 100vw, 1000px\" \/><\/figure><\/div>\n\n\n<p>En France, il a \u00e9t\u00e9 invit\u00e9 dans ces trois derni\u00e8res saisons aux festivals Piano Jacobins, la Roque d&rsquo;Anth\u00e9ron, l&rsquo;Esprit du Piano, Menton, Sully-sur- Loire, Messiaen au Pay de la Meije, L&rsquo;Et\u00e9 musical des Causses, Estivales de Musique en M\u00e9doc, Chopin (Paris et Nohant), au Festival de Piano de Biarritz et au Lille Piano(s) Festival. Il a collabor\u00e9 au spectacle \u00ab Rappel des Oiseaux \u00bb, mise en sc\u00e8ne par Orianne Moretti, avec Mathieu Ganio, danseur Etoile de l\u2019Op\u00e9ra de Paris.<\/p>\n\n\n\n<p>Passionn\u00e9 de musique contemporaine, Kotaro Fukuma a cr\u00e9\u00e9 en premi\u00e8res nationales ou mondiales des \u0153uvres de Toru Takemitsu, Einojuhani Rautavaara, Thierry Escaich, Thierry Huillet&#8230;<\/p>\n\n\n\n<p>Ses diff\u00e9rents enregistrements (une dizaine \u00e0 ce jour) ont tous \u00e9t\u00e9 salu\u00e9s par des revues musicales telles que Gramophone, Diapason, American Music Records, Monde de la Musique, Classica, Bayern 4 Klassik, Piano News et Classic Today.<\/p>\n\n\n\n<p class=\"has-regular-font-size\">El\u00e8ve de Bruno Rigutto et Marie-Fran\u00e7oise Bucquet au CNSMD de Paris, puis de Klaus Hellwig \u00e0 Berlin, Kotaro Fukuma a \u00e9galement \u00e9tudi\u00e9 \u00e0 l&rsquo;Acad\u00e9mie du Lac de C\u00f4me. Il a de plus b\u00e9n\u00e9fici\u00e9 des conseils de ma\u00eetres illustres tels que Leon Fleisher, Mitsuko Uchida, Alicia de Larrocha, Maria Joao Pires et Aldo Ciccolini, pour ne citer qu&rsquo;eux.<\/p>\n\n\n\n<div class=\"wp-block-media-text is-stacked-on-mobile is-image-fill-element\" style=\"grid-template-columns:30% auto\"><figure class=\"wp-block-media-text__media\"><img loading=\"lazy\" decoding=\"async\" width=\"706\" height=\"1000\" src=\"https:\/\/ritmy.fr\/essais\/wp-content\/uploads\/2026\/04\/Kotaro-Fukuma-\u00a9Stephane-Delavoye-2023-3-706x1000.jpg\" alt=\"\" class=\"wp-image-31103 size-full\" style=\"object-position:51% 37%\" srcset=\"https:\/\/ritmy.fr\/essais\/wp-content\/uploads\/2026\/04\/Kotaro-Fukuma-\u00a9Stephane-Delavoye-2023-3-706x1000.jpg 706w, https:\/\/ritmy.fr\/essais\/wp-content\/uploads\/2026\/04\/Kotaro-Fukuma-\u00a9Stephane-Delavoye-2023-3-212x300.jpg 212w, https:\/\/ritmy.fr\/essais\/wp-content\/uploads\/2026\/04\/Kotaro-Fukuma-\u00a9Stephane-Delavoye-2023-3-768x1087.jpg 768w, https:\/\/ritmy.fr\/essais\/wp-content\/uploads\/2026\/04\/Kotaro-Fukuma-\u00a9Stephane-Delavoye-2023-3-1085x1536.jpg 1085w, https:\/\/ritmy.fr\/essais\/wp-content\/uploads\/2026\/04\/Kotaro-Fukuma-\u00a9Stephane-Delavoye-2023-3-1447x2048.jpg 1447w, https:\/\/ritmy.fr\/essais\/wp-content\/uploads\/2026\/04\/Kotaro-Fukuma-\u00a9Stephane-Delavoye-2023-3-803x1137.jpg 803w, https:\/\/ritmy.fr\/essais\/wp-content\/uploads\/2026\/04\/Kotaro-Fukuma-\u00a9Stephane-Delavoye-2023-3-scaled.jpg 1808w\" sizes=\"auto, (max-width: 706px) 100vw, 706px\" \/><\/figure><div class=\"wp-block-media-text__content\">\n<p><\/p>\n\n\n\n<p class=\"has-large-font-size\" style=\"line-height:0.2\"><strong>Programme&nbsp;:<\/strong><\/p>\n\n\n\n<figure class=\"wp-block-table has-large-font-size\"><table class=\"has-pale-ocean-gradient-background has-background\"><tbody><tr><td><strong>Ludwig van Beethoven (1770\u20131827)<\/strong> <br>Lettre \u00e0 \u00c9lise WoO 59 <br>32 Variations en ut mineur WoO 80 <br>Sonate n\u00b021 en ut majeur, op. 53 \u00ab Waldstein \u00bb<br> &nbsp; \u2014 Entracte &nbsp; <br><strong>Maurice Ravel (1875\u20131937)<\/strong> <br>Pavane pour une infante d\u00e9funte <br>Alborada del gracioso (extrait de Miroirs) &nbsp;<br> <strong>Franz Liszt (1811\u20131886)<\/strong> <br>Il penseroso <br>Apr\u00e8s une lecture du Dante : Fantasia quasi Sonata (extraits des Ann\u00e9es de p\u00e8lerinage, Deuxi\u00e8me ann\u00e9e : \u00ab Italie \u00bb, S.161)<\/td><\/tr><\/tbody><\/table><\/figure>\n\n\n\n<p><\/p>\n<\/div><\/div>\n\n\n\n<p>Pour plus d\u2019infos, visitez <strong><a href=\"https:\/\/kotarofukuma.com\/\">son site&nbsp;internet<\/a><\/strong>, et (re)d\u00e9couvrez le sur ces vid\u00e9os :<\/p>\n\n\n\n<p class=\"has-large-font-size\">La Moldau&nbsp;:<\/p>\n\n\n\n<figure class=\"wp-block-embed is-type-video is-provider-youtube wp-block-embed-youtube wp-embed-aspect-16-9 wp-has-aspect-ratio\"><div class=\"wp-block-embed__wrapper\">\n<iframe loading=\"lazy\" title=\"Smetana : The Moldau (transcription by Fukuma)\" width=\"803\" height=\"452\" src=\"https:\/\/www.youtube.com\/embed\/BM_51ss16KI?feature=oembed\" frameborder=\"0\" allow=\"accelerometer; autoplay; clipboard-write; encrypted-media; gyroscope; picture-in-picture; web-share\" referrerpolicy=\"strict-origin-when-cross-origin\" allowfullscreen><\/iframe>\n<\/div><\/figure>\n\n\n\n<p class=\"has-large-font-size\">Widmung&nbsp;:<\/p>\n\n\n\n<figure class=\"wp-block-embed is-type-video is-provider-youtube wp-block-embed-youtube wp-embed-aspect-16-9 wp-has-aspect-ratio\"><div class=\"wp-block-embed__wrapper\">\n<iframe loading=\"lazy\" title=\"Kotaro Fukuma plays Schumann - Liszt : Widmung\" width=\"803\" height=\"452\" src=\"https:\/\/www.youtube.com\/embed\/DSpeBVsyjEU?feature=oembed\" frameborder=\"0\" allow=\"accelerometer; autoplay; clipboard-write; encrypted-media; gyroscope; picture-in-picture; web-share\" referrerpolicy=\"strict-origin-when-cross-origin\" allowfullscreen><\/iframe>\n<\/div><\/figure>\n\n\n\n<p><\/p>\n\n\n\n<p class=\"has-text-align-center has-larger-font-size\" style=\"line-height:1\"><\/p>\n\n\n\n<hr class=\"wp-block-separator has-alpha-channel-opacity is-style-wide\"\/>\n\n\n\n<p class=\"has-regular-font-size\" id=\"block-fc68e6df-6e32-4145-b5f4-343d652a0548\">Il est fortement recommand\u00e9 de <strong>r\u00e9server en ligne<\/strong> en cliquant sur le bouton ci-dessous, ou en appelant le 06 48 69 21 89.<\/p>\n\n\n\n<div class=\"wp-block-buttons is-content-justification-center is-layout-flex wp-container-core-buttons-is-layout-16018d1d wp-block-buttons-is-layout-flex\">\n<div class=\"wp-block-button is-style-fill\"><a class=\"wp-block-button__link has-white-color has-vivid-cyan-blue-background-color has-text-color has-background wp-element-button\" href=\"https:\/\/ritmy.fr\/essais\/reserver\/\">R\u00c9SERVER VOS BILLETS<\/a><\/div>\n<\/div>\n\n\n\n<p><\/p>\n\n\n\n<p class=\"has-background has-regular-font-size\" style=\"background-color:#cceef7\">Afin de fluidifier l&rsquo;accueil du public, l&rsquo;ouverture des portes se fera <strong>\u00e0 partir de 16 h 15.<\/strong><\/p>\n\n\n\n<hr class=\"wp-block-separator has-css-opacity is-style-wide\"\/>\n\n\n\n<div class=\"wp-block-columns is-layout-flex wp-container-core-columns-is-layout-9d6595d7 wp-block-columns-is-layout-flex\">\n<div class=\"wp-block-column is-vertically-aligned-top is-layout-flow wp-block-column-is-layout-flow\" style=\"flex-basis:35%\">\n<p class=\"has-text-align-left has-white-background-color has-background has-regular-font-size\">La salle BOLERO (ex CML) de MONTFORT-L&rsquo;AMAURY est situ\u00e9e : 3, Place de Nickenich <em>(parking assur\u00e9)<\/em><\/p>\n<\/div>\n\n\n\n<div class=\"wp-block-column is-vertically-aligned-center is-layout-flow wp-block-column-is-layout-flow\" style=\"flex-basis:65%\">\n<iframe src=\"https:\/\/www.google.com\/maps\/embed?pb=!1m18!1m12!1m3!1d2629.4154465941224!2d1.814132515835046!3d48.7739584146016!2m3!1f0!2f0!3f0!3m2!1i1024!2i768!4f13.1!3m3!1m2!1s0x47e69ea56e25ea57%3A0xb493fbb23a1b72ee!2sCentre%20Municipal%20des%20Loisirs!5e0!3m2!1sfr!2sfr!4v1631354687820!5m2!1sfr!2sfr\" style=\"border:0;\" allowfullscreen=\"\" loading=\"lazy\" width=\"600\" height=\"450\"><\/iframe>\n<\/div>\n<\/div>\n\n\n\n<div style=\"height:38px\" aria-hidden=\"true\" class=\"wp-block-spacer\"><\/div>\n\n\n\n<div class=\"wp-block-media-text is-stacked-on-mobile is-vertically-aligned-center\" style=\"grid-template-columns:32% auto\"><figure class=\"wp-block-media-text__media\"><img loading=\"lazy\" decoding=\"async\" width=\"1000\" height=\"237\" src=\"https:\/\/ritmy.fr\/essais\/wp-content\/uploads\/2019\/06\/Logo_ville_Montfort_CMYK-1000x237.png\" alt=\"\" class=\"wp-image-19859 size-full\" srcset=\"https:\/\/ritmy.fr\/essais\/wp-content\/uploads\/2019\/06\/Logo_ville_Montfort_CMYK-1000x237.png 1000w, https:\/\/ritmy.fr\/essais\/wp-content\/uploads\/2019\/06\/Logo_ville_Montfort_CMYK-300x71.png 300w, https:\/\/ritmy.fr\/essais\/wp-content\/uploads\/2019\/06\/Logo_ville_Montfort_CMYK-768x182.png 768w\" sizes=\"auto, (max-width: 1000px) 100vw, 1000px\" \/><\/figure><div class=\"wp-block-media-text__content\">\n<p class=\"has-regular-font-size\">Concert organis\u00e9 par RITMY avec le soutien exceptionnel de la ville de MONTFORT-L&rsquo;AMAURY.<\/p>\n<\/div><\/div>\n\n\n\n<p><\/p>\n\n\n\n<p><\/p>\n","protected":false},"excerpt":{"rendered":"<p>R\u00c9CITAL DE PIANO le samedi 27 mars 2027 \u00e0 17h \u00e0 la Salle de spectacle BOLERO (ex CML) Kotaro Fukuma commence l\u2019\u00e9tude du piano \u00e0 l\u2019\u00e2ge de 5 ans. Il obtient de nombreux prix dans des concours internationaux, comme \u00e0 Santander, Helsinki, Tel Aviv, Rio de Janeiro et Salt Lake City. Premier Prix \u00e0 vingt &hellip; <\/p>\n<p><a class=\"more-link btn\" href=\"https:\/\/ritmy.fr\/essais\/concerts-2\/tout-sur-les-37es-saisons\/37-fukuma\/\">Lire la suite<\/a><\/p>\n","protected":false},"author":5,"featured_media":0,"parent":30861,"menu_order":0,"comment_status":"closed","ping_status":"closed","template":"","meta":{"footnotes":""},"class_list":["post-31091","page","type-page","status-publish","hentry","nodate","item-wrap"],"_links":{"self":[{"href":"https:\/\/ritmy.fr\/essais\/wp-json\/wp\/v2\/pages\/31091","targetHints":{"allow":["GET"]}}],"collection":[{"href":"https:\/\/ritmy.fr\/essais\/wp-json\/wp\/v2\/pages"}],"about":[{"href":"https:\/\/ritmy.fr\/essais\/wp-json\/wp\/v2\/types\/page"}],"author":[{"embeddable":true,"href":"https:\/\/ritmy.fr\/essais\/wp-json\/wp\/v2\/users\/5"}],"replies":[{"embeddable":true,"href":"https:\/\/ritmy.fr\/essais\/wp-json\/wp\/v2\/comments?post=31091"}],"version-history":[{"count":18,"href":"https:\/\/ritmy.fr\/essais\/wp-json\/wp\/v2\/pages\/31091\/revisions"}],"predecessor-version":[{"id":31220,"href":"https:\/\/ritmy.fr\/essais\/wp-json\/wp\/v2\/pages\/31091\/revisions\/31220"}],"up":[{"embeddable":true,"href":"https:\/\/ritmy.fr\/essais\/wp-json\/wp\/v2\/pages\/30861"}],"wp:attachment":[{"href":"https:\/\/ritmy.fr\/essais\/wp-json\/wp\/v2\/media?parent=31091"}],"curies":[{"name":"wp","href":"https:\/\/api.w.org\/{rel}","templated":true}]}}