{"id":31062,"date":"2026-05-05T07:44:40","date_gmt":"2026-05-05T06:44:40","guid":{"rendered":"https:\/\/ritmy.fr\/essais\/?page_id=31062"},"modified":"2026-05-05T17:07:49","modified_gmt":"2026-05-05T16:07:49","slug":"37-taiko","status":"publish","type":"page","link":"https:\/\/ritmy.fr\/essais\/concerts-2\/tout-sur-les-37es-saisons\/37-taiko\/","title":{"rendered":"Le souffle du TAIKO et la gr\u00e2ce de l\u2019IKEBANA \u00e0 Orgerus"},"content":{"rendered":"\n<p><\/p>\n\n\n\n<p class=\"has-vivid-cyan-blue-color has-text-color has-link-color has-larger-font-size wp-elements-6fbebd9cb6cb7d251955d93a28651798\"><strong>Le dimanche 17 janvier 2027 \u00e0 17h<\/strong> <strong>\u00e0 la salle du Pr\u00e9 Romain<\/strong><\/p>\n\n\n<div class=\"wp-block-image\">\n<figure class=\"aligncenter size-full\"><img loading=\"lazy\" decoding=\"async\" width=\"1000\" height=\"607\" src=\"https:\/\/ritmy.fr\/essais\/wp-content\/uploads\/2026\/04\/NIKA-TAIKO-1.jpg\" alt=\"\" class=\"wp-image-31074\" srcset=\"https:\/\/ritmy.fr\/essais\/wp-content\/uploads\/2026\/04\/NIKA-TAIKO-1.jpg 1000w, https:\/\/ritmy.fr\/essais\/wp-content\/uploads\/2026\/04\/NIKA-TAIKO-1-300x182.jpg 300w, https:\/\/ritmy.fr\/essais\/wp-content\/uploads\/2026\/04\/NIKA-TAIKO-1-768x466.jpg 768w, https:\/\/ritmy.fr\/essais\/wp-content\/uploads\/2026\/04\/NIKA-TAIKO-1-803x487.jpg 803w\" sizes=\"auto, (max-width: 1000px) 100vw, 1000px\" \/><\/figure><\/div>\n\n\n<p>L\u2019ensemble de tambours japonais NIKA-TAIKO associ\u00e9 \u00e0 une d\u00e9monstration d\u2019un bouquet IKEBANA par Claire SEIGETSU se retrouveront pour une soir\u00e9e d\u00e9di\u00e9e au JAPON.<br>Les premiers <strong>TAIKO<\/strong> apparaissent au sixi\u00e8me si\u00e8cle dans le th\u00e9\u00e2tre traditionnel, ils sont aussi utilis\u00e9s pour appeler les divinit\u00e9s.<br>M\u00e9lange de rythmes traditionnels et de cr\u00e9ations contemporaines, ils nous entraineront dans leur percussions puissantes et dynamiques.<\/p>\n\n\n<div class=\"wp-block-image\">\n<figure class=\"aligncenter size-full\"><img loading=\"lazy\" decoding=\"async\" width=\"1000\" height=\"584\" src=\"https:\/\/ritmy.fr\/essais\/wp-content\/uploads\/2026\/04\/NIKA-TAIKO-2.jpg\" alt=\"\" class=\"wp-image-31075\" srcset=\"https:\/\/ritmy.fr\/essais\/wp-content\/uploads\/2026\/04\/NIKA-TAIKO-2.jpg 1000w, https:\/\/ritmy.fr\/essais\/wp-content\/uploads\/2026\/04\/NIKA-TAIKO-2-300x175.jpg 300w, https:\/\/ritmy.fr\/essais\/wp-content\/uploads\/2026\/04\/NIKA-TAIKO-2-768x449.jpg 768w, https:\/\/ritmy.fr\/essais\/wp-content\/uploads\/2026\/04\/NIKA-TAIKO-2-803x469.jpg 803w\" sizes=\"auto, (max-width: 1000px) 100vw, 1000px\" \/><\/figure><\/div>\n\n\n<div class=\"wp-block-media-text has-media-on-the-right is-stacked-on-mobile is-image-fill-element\" style=\"grid-template-columns:auto 23%\"><div class=\"wp-block-media-text__content\">\n<p>  <\/p>\n\n\n\n<p class=\"has-regular-font-size\" style=\"line-height:0.2\">L\u2019 <strong>IKEBANA<\/strong>  <\/p>\n\n\n\n<p class=\"has-regular-font-size\">La d\u00e9licatesse et l\u2019\u00e9l\u00e9gance sont des qualit\u00e9s tr\u00e8s appr\u00e9ci\u00e9es dans les arts traditionnels japonais. Au sommet du raffinement, l\u2019Ikebana ou composition florale nippone est une pratique artistique tr\u00e8s r\u00e9pandue au pays du soleil levant. L\u2019Ikebana est un art floral japonais qui permet de cr\u00e9er une structure naturelle d\u00e9corative aux lignes \u00e9pur\u00e9es et \u00e0 connotation spirituelle. V\u00e9ritable \u0153uvre vivante qui unit l\u2019Homme au ciel \u00e0 travers la nature, l\u2019ikebana est un tr\u00e9sor inestimable. \u00a0<\/p>\n\n\n\n<p>L\u2019arrangement floral nomm\u00e9 Ikebana ou Kad\u00f4 au Japon est un art traditionnel apparu avec l\u2019arriv\u00e9e du bouddhisme au 7e si\u00e8cle dans l\u2019archipel. M\u00e9lange de symbolisme, de philosophie et d\u2019expression cr\u00e9ative, l\u2019Ikebana est un hommage \u00e0 la nature. Son nom signifie \u00ab art de faire vivre les fleurs \u00bb. D\u2019abord r\u00e9serv\u00e9e \u00e0 des usages religieux, la pratique de la composition florale se d\u00e9veloppe et devient un art \u00e0 part enti\u00e8re au m\u00eame titre que la peinture ou la sculpture au Japon. Au fil du temps, plusieurs courants artistiques contribuent \u00e0 l\u2019\u00e9volution et \u00e0 l\u2019essor de ce loisir cr\u00e9atif.<\/p>\n<\/div><figure class=\"wp-block-media-text__media\"><img loading=\"lazy\" decoding=\"async\" width=\"769\" height=\"1000\" src=\"https:\/\/ritmy.fr\/essais\/wp-content\/uploads\/2026\/04\/Ikebana-769x1000.jpg\" alt=\"\" class=\"wp-image-31069 size-full\" style=\"object-position:48% 48%\" srcset=\"https:\/\/ritmy.fr\/essais\/wp-content\/uploads\/2026\/04\/Ikebana-769x1000.jpg 769w, https:\/\/ritmy.fr\/essais\/wp-content\/uploads\/2026\/04\/Ikebana-231x300.jpg 231w, https:\/\/ritmy.fr\/essais\/wp-content\/uploads\/2026\/04\/Ikebana-768x998.jpg 768w, https:\/\/ritmy.fr\/essais\/wp-content\/uploads\/2026\/04\/Ikebana-1182x1536.jpg 1182w, https:\/\/ritmy.fr\/essais\/wp-content\/uploads\/2026\/04\/Ikebana-803x1044.jpg 803w, https:\/\/ritmy.fr\/essais\/wp-content\/uploads\/2026\/04\/Ikebana.jpg 1231w\" sizes=\"auto, (max-width: 769px) 100vw, 769px\" \/><\/figure><\/div>\n\n\n\n<p class=\"has-regular-font-size\" style=\"line-height:0\"><strong>ETSUKO CHIDA et le KOTO<\/strong><\/p>\n\n\n<div class=\"wp-block-image\">\n<figure class=\"aligncenter size-full\"><img loading=\"lazy\" decoding=\"async\" width=\"1000\" height=\"556\" src=\"https:\/\/ritmy.fr\/essais\/wp-content\/uploads\/2026\/04\/Etsuko-Chida-1-.jpg\" alt=\"\" class=\"wp-image-31076\" srcset=\"https:\/\/ritmy.fr\/essais\/wp-content\/uploads\/2026\/04\/Etsuko-Chida-1-.jpg 1000w, https:\/\/ritmy.fr\/essais\/wp-content\/uploads\/2026\/04\/Etsuko-Chida-1--300x167.jpg 300w, https:\/\/ritmy.fr\/essais\/wp-content\/uploads\/2026\/04\/Etsuko-Chida-1--768x427.jpg 768w, https:\/\/ritmy.fr\/essais\/wp-content\/uploads\/2026\/04\/Etsuko-Chida-1--803x446.jpg 803w\" sizes=\"auto, (max-width: 1000px) 100vw, 1000px\" \/><\/figure><\/div>\n\n\n<p><strong>Etsuko Chida<\/strong> a \u00e9tudi\u00e9 la musique traditionnelle japonaise d\u00e8s l\u2019\u00e2ge de cinq ans aupr\u00e8s de trois des meilleures sp\u00e9cialistes de l\u2019\u00e9cole Yamada.<br>Cette \u00e9cole de koto, fond\u00e9e au XVIIIe si\u00e8cle, est bas\u00e9e principalement sur le chant, prenant son inspiration dans des formes anciennes d\u00e9riv\u00e9es du th\u00e9\u00e2tre n\u00f4, ou de genres narratifs locaux, comme le kat\u00f4-bushi ou l\u2019\u00eechu-bushi.<\/p>\n\n\n\n<ul>Elle y a d\u00e9velopp\u00e9 un sens profond de la tradition, dans l\u2019esprit de l\u2019un des concepts fondamentaux des arts japonais, celui du wabi-sabi :<li>Le wabi est li\u00e9 \u00e0 la c\u00e9r\u00e9monie du th\u00e9, cultivant la simplicit\u00e9 et la rusticit\u00e9 (au moins apparentes) et cens\u00e9 apporter naturellement l\u2019expression id\u00e9ale de la beaut\u00e9.<\/li><li>Le sabi met l\u2019accent sur la beaut\u00e9 des choses naturelles et l\u2019\u00e9conomie de moyens, li\u00e9 au sentiment d\u2019une solitude \u00e0 la fois m\u00e9lancolique et sereine.<\/li><\/ul>\n\n\n\n<p class=\"has-regular-font-size\"><strong>Le koto<\/strong><br><span class=\"has-regular-font-size\">Le koto est une cithare mont\u00e9e de treize cordes, apparue au Japon d\u00e8s le VIIIe si\u00e8cle.<\/span><\/p>\n\n\n<div class=\"wp-block-image\">\n<figure class=\"aligncenter size-full\"><img loading=\"lazy\" decoding=\"async\" width=\"398\" height=\"311\" src=\"https:\/\/ritmy.fr\/essais\/wp-content\/uploads\/2026\/04\/image-4.jpeg\" alt=\"\" class=\"wp-image-31066\" srcset=\"https:\/\/ritmy.fr\/essais\/wp-content\/uploads\/2026\/04\/image-4.jpeg 398w, https:\/\/ritmy.fr\/essais\/wp-content\/uploads\/2026\/04\/image-4-300x234.jpeg 300w\" sizes=\"auto, (max-width: 398px) 100vw, 398px\" \/><\/figure><\/div>\n\n\n<p>Une grande partie du charme de la musique d\u2019Etsuko Chida provient de la subtile correspondance qui s\u2019\u00e9tablit entre le jeu du koto et les inflexions raffin\u00e9es de la voix.<\/p>\n\n\n\n<p><\/p>\n\n\n\n<h2 class=\"wp-block-heading has-regular-font-size\">D\u00e9couvrez Nika Taiko sur <u><a href=\"https:\/\/www.nika-taiko.com\/fr\/\" target=\"_blank\" rel=\"noreferrer noopener\">leur site internet<\/a><\/u> ainsi que sur ces vid\u00e9os :<\/h2>\n\n\n\n<p>      <\/p>\n\n\n\n<p>      <\/p>\n\n\n\n<p class=\"has-regular-font-size\" style=\"line-height:0.2\"><strong>TAIKO&nbsp;:<\/strong><\/p>\n\n\n\n<figure class=\"wp-block-embed aligncenter is-type-video is-provider-youtube wp-block-embed-youtube wp-embed-aspect-16-9 wp-has-aspect-ratio\"><div class=\"wp-block-embed__wrapper\">\n<iframe loading=\"lazy\" title=\"Nika taiko - groupe invit\u00e9 de l&#039;\u00e9cole Tsunagari Taiko Center\" width=\"803\" height=\"452\" src=\"https:\/\/www.youtube.com\/embed\/zw4UwbKMIOg?feature=oembed\" frameborder=\"0\" allow=\"accelerometer; autoplay; clipboard-write; encrypted-media; gyroscope; picture-in-picture; web-share\" referrerpolicy=\"strict-origin-when-cross-origin\" allowfullscreen><\/iframe>\n<\/div><\/figure>\n\n\n\n<p><\/p>\n\n\n\n<div style=\"height:33px\" aria-hidden=\"true\" class=\"wp-block-spacer\"><\/div>\n\n\n\n<p class=\"has-regular-font-size\" style=\"line-height:0.2\"><strong>KOTO, chant&nbsp;:<\/strong><\/p>\n\n\n\n<figure class=\"wp-block-embed aligncenter is-type-video is-provider-youtube wp-block-embed-youtube wp-embed-aspect-16-9 wp-has-aspect-ratio\"><div class=\"wp-block-embed__wrapper\">\n<iframe loading=\"lazy\" title=\"Etsuko Chida : koto, chants courtois du Japon\" width=\"803\" height=\"452\" src=\"https:\/\/www.youtube.com\/embed\/2aatRvjM3NQ?feature=oembed\" frameborder=\"0\" allow=\"accelerometer; autoplay; clipboard-write; encrypted-media; gyroscope; picture-in-picture; web-share\" referrerpolicy=\"strict-origin-when-cross-origin\" allowfullscreen><\/iframe>\n<\/div><\/figure>\n\n\n\n<p><\/p>\n\n\n\n<hr class=\"wp-block-separator has-alpha-channel-opacity is-style-wide\"\/>\n\n\n\n<p class=\"has-very-dark-gray-color has-text-color has-regular-font-size\">Il est fortement recommand\u00e9 de <strong>r\u00e9server en ligne<\/strong> en cliquant sur le bouton ci-dessous, ou en appelant le 06 78 65 44 38.<\/p>\n\n\n\n<div class=\"wp-block-buttons is-layout-flex wp-block-buttons-is-layout-flex\">\n<div class=\"wp-block-button aligncenter\"><a class=\"wp-block-button__link has-vivid-cyan-blue-background-color has-background has-large-font-size has-custom-font-size wp-element-button\" href=\"https:\/\/ritmy.fr\/essais\/reserver\/\"><strong>R\u00c9SERVER V<\/strong>OS<strong> BILLETS<\/strong><\/a><\/div>\n<\/div>\n\n\n\n<p class=\"has-background has-regular-font-size\" style=\"background-color:#cceef7\">Afin de fluidifier l&rsquo;accueil du public, l&rsquo;ouverture des portes se fera <strong>\u00e0 partir de 16 h 15.<\/strong><\/p>\n\n\n\n<hr class=\"wp-block-separator has-text-color has-very-dark-gray-color has-css-opacity has-very-dark-gray-background-color has-background is-style-wide\"\/>\n\n\n\n<div class=\"wp-block-columns are-vertically-aligned-top has-background is-layout-flex wp-container-core-columns-is-layout-9d6595d7 wp-block-columns-is-layout-flex\" style=\"background-color:#eef0f1\">\n<div class=\"wp-block-column is-vertically-aligned-top is-layout-flow wp-block-column-is-layout-flow\" style=\"flex-basis:40%\">\n<p class=\"has-regular-font-size\">La <strong>Salle du Pr\u00e9 Romain<\/strong> d&rsquo;Orgerus est situ\u00e9e Route de Flexanville.<\/p>\n<\/div>\n\n\n\n<div class=\"wp-block-column is-vertically-aligned-top is-layout-flow wp-block-column-is-layout-flow\">\n<iframe loading=\"lazy\" src=\"https:\/\/www.google.com\/maps\/embed?pb=!1m18!1m12!1m3!1d2625.890323460531!2d1.7038702151343885!3d48.84123067928584!2m3!1f0!2f0!3f0!3m2!1i1024!2i768!4f13.1!3m3!1m2!1s0x47e6a39e75641163%3A0x67762de38c39e379!2sSalle%20du%20Pr%C3%A9%20Romain%20(Polyvalente)!5e0!3m2!1sfr!2sfr!4v1608653342304!5m2!1sfr!2sfr\" style=\"border:0;\" allowfullscreen=\"\" aria-hidden=\"false\" tabindex=\"0\" width=\"600\" height=\"450\" frameborder=\"0\"><\/iframe>\n<\/div>\n<\/div>\n\n\n\n<hr class=\"wp-block-separator has-text-color has-black-color has-css-opacity has-black-background-color has-background is-style-dots\"\/>\n\n\n\n<div class=\"wp-block-media-text\" style=\"grid-template-columns:22% auto\"><figure class=\"wp-block-media-text__media\"><img loading=\"lazy\" decoding=\"async\" width=\"150\" height=\"163\" src=\"https:\/\/ritmy.fr\/essais\/wp-content\/uploads\/2023\/04\/BIisconcella.jpg\" alt=\"\" class=\"wp-image-28227 size-full\"\/><\/figure><div class=\"wp-block-media-text__content\">\n<p class=\"has-regular-font-size\">Concert organis\u00e9 par RITMY et l&rsquo;association BISCONCELLA d&rsquo;Orgerus.<\/p>\n<\/div><\/div>\n\n\n\n<p><\/p>\n","protected":false},"excerpt":{"rendered":"<p>Le dimanche 17 janvier 2027 \u00e0 17h \u00e0 la salle du Pr\u00e9 Romain L\u2019ensemble de tambours japonais NIKA-TAIKO associ\u00e9 \u00e0 une d\u00e9monstration d\u2019un bouquet IKEBANA par Claire SEIGETSU se retrouveront pour une soir\u00e9e d\u00e9di\u00e9e au JAPON.Les premiers TAIKO apparaissent au sixi\u00e8me si\u00e8cle dans le th\u00e9\u00e2tre traditionnel, ils sont aussi utilis\u00e9s pour appeler les divinit\u00e9s.M\u00e9lange de &hellip; <\/p>\n<p><a class=\"more-link btn\" href=\"https:\/\/ritmy.fr\/essais\/concerts-2\/tout-sur-les-37es-saisons\/37-taiko\/\">Lire la suite<\/a><\/p>\n","protected":false},"author":5,"featured_media":0,"parent":30861,"menu_order":0,"comment_status":"closed","ping_status":"closed","template":"","meta":{"footnotes":""},"class_list":["post-31062","page","type-page","status-publish","hentry","nodate","item-wrap"],"_links":{"self":[{"href":"https:\/\/ritmy.fr\/essais\/wp-json\/wp\/v2\/pages\/31062","targetHints":{"allow":["GET"]}}],"collection":[{"href":"https:\/\/ritmy.fr\/essais\/wp-json\/wp\/v2\/pages"}],"about":[{"href":"https:\/\/ritmy.fr\/essais\/wp-json\/wp\/v2\/types\/page"}],"author":[{"embeddable":true,"href":"https:\/\/ritmy.fr\/essais\/wp-json\/wp\/v2\/users\/5"}],"replies":[{"embeddable":true,"href":"https:\/\/ritmy.fr\/essais\/wp-json\/wp\/v2\/comments?post=31062"}],"version-history":[{"count":24,"href":"https:\/\/ritmy.fr\/essais\/wp-json\/wp\/v2\/pages\/31062\/revisions"}],"predecessor-version":[{"id":31212,"href":"https:\/\/ritmy.fr\/essais\/wp-json\/wp\/v2\/pages\/31062\/revisions\/31212"}],"up":[{"embeddable":true,"href":"https:\/\/ritmy.fr\/essais\/wp-json\/wp\/v2\/pages\/30861"}],"wp:attachment":[{"href":"https:\/\/ritmy.fr\/essais\/wp-json\/wp\/v2\/media?parent=31062"}],"curies":[{"name":"wp","href":"https:\/\/api.w.org\/{rel}","templated":true}]}}