{"id":31040,"date":"2026-05-01T10:33:15","date_gmt":"2026-05-01T09:33:15","guid":{"rendered":"https:\/\/ritmy.fr\/essais\/?page_id=31040"},"modified":"2026-05-05T07:43:36","modified_gmt":"2026-05-05T06:43:36","slug":"37-borderjazz","status":"publish","type":"page","link":"https:\/\/ritmy.fr\/essais\/concerts-2\/tout-sur-les-37es-saisons\/37-borderjazz\/","title":{"rendered":"JAZZ&rsquo;IN  RICHEBOURG"},"content":{"rendered":"\n<p class=\"has-text-align-center has-larger-font-size\"><strong><em>\u00ab\u00a0Border Jazz\u00a0\u00bb <\/em><\/strong><\/p>\n\n\n\n<p class=\"has-vivid-cyan-blue-color has-text-color has-link-color has-larger-font-size wp-elements-c62b1f7e0902790dfb28a8be0c467d03\"><strong>Le dimanche 13 d\u00e9cembre 2026 \u00e0 17h<\/strong> <strong>\u00e0 la salle Edith Piaf de Richebourg<\/strong><\/p>\n\n\n\n<p class=\"has-large-font-size\"><\/p>\n\n\n<div class=\"wp-block-image\">\n<figure class=\"aligncenter size-full\"><img loading=\"lazy\" decoding=\"async\" width=\"1280\" height=\"853\" src=\"https:\/\/ritmy.fr\/essais\/wp-content\/uploads\/2026\/04\/YSR1307AA.jpg\" alt=\"\" class=\"wp-image-31053\" srcset=\"https:\/\/ritmy.fr\/essais\/wp-content\/uploads\/2026\/04\/YSR1307AA.jpg 1280w, https:\/\/ritmy.fr\/essais\/wp-content\/uploads\/2026\/04\/YSR1307AA-300x200.jpg 300w, https:\/\/ritmy.fr\/essais\/wp-content\/uploads\/2026\/04\/YSR1307AA-1000x666.jpg 1000w, https:\/\/ritmy.fr\/essais\/wp-content\/uploads\/2026\/04\/YSR1307AA-768x512.jpg 768w, https:\/\/ritmy.fr\/essais\/wp-content\/uploads\/2026\/04\/YSR1307AA-803x535.jpg 803w\" sizes=\"auto, (max-width: 1280px) 100vw, 1280px\" \/><\/figure><\/div>\n\n\n<div class=\"wp-block-media-text is-stacked-on-mobile is-vertically-aligned-center is-image-fill-element\" style=\"grid-template-columns:24% auto\"><figure class=\"wp-block-media-text__media\"><img loading=\"lazy\" decoding=\"async\" width=\"1000\" height=\"750\" src=\"https:\/\/ritmy.fr\/essais\/wp-content\/uploads\/2026\/04\/Cyprien_impression-1000x750.jpg\" alt=\"\" class=\"wp-image-31049 size-full\" style=\"object-position:63% 32%\" srcset=\"https:\/\/ritmy.fr\/essais\/wp-content\/uploads\/2026\/04\/Cyprien_impression-1000x750.jpg 1000w, https:\/\/ritmy.fr\/essais\/wp-content\/uploads\/2026\/04\/Cyprien_impression-300x225.jpg 300w, https:\/\/ritmy.fr\/essais\/wp-content\/uploads\/2026\/04\/Cyprien_impression-768x576.jpg 768w, https:\/\/ritmy.fr\/essais\/wp-content\/uploads\/2026\/04\/Cyprien_impression-1536x1152.jpg 1536w, https:\/\/ritmy.fr\/essais\/wp-content\/uploads\/2026\/04\/Cyprien_impression-2048x1536.jpg 2048w, https:\/\/ritmy.fr\/essais\/wp-content\/uploads\/2026\/04\/Cyprien_impression-335x250.jpg 335w, https:\/\/ritmy.fr\/essais\/wp-content\/uploads\/2026\/04\/Cyprien_impression-803x602.jpg 803w\" sizes=\"auto, (max-width: 1000px) 100vw, 1000px\" \/><\/figure><div class=\"wp-block-media-text__content\">\n<p>Plus qu&rsquo;un programme musical, \u00ab\u00a0Border Jazz\u00a0\u00bb est un challenge audacieux qui associe aux fronti\u00e8res du jazz et du classique le saxophoniste concertiste <strong>Nicolas Prost<\/strong>, le pianiste compositeur de jazz <strong>S\u00e9bastien Paindestre<\/strong> et en \u00ab\u00a0Guest\u00a0\u00bb  le batteur <strong>C\u00e9dric Cyprien<\/strong>.<\/p>\n\n\n\n<p>Ce projet original d&rsquo;un nouveau genre explore un jazz \u00e9crit, \u00e9labor\u00e9 et imaginaire, ouvert \u00e0 l&rsquo;improvisation et aux influences telles que contemporain, bop,blues, folklores et ballades, loin de toute complexit\u00e9, pour rassembler de nouveaux publics. Les qualit\u00e9s organiques et lyriques du saxophone sont exploit\u00e9es par les compositeurs de musique classique et contemporaine et le jazz \u00ab colle \u00bb \u00e0 la peau de l&rsquo;instrument depuis plus d&rsquo;un si\u00e8cle.<\/p>\n<\/div><\/div>\n\n\n\n<p>Toutes les pi\u00e8ces ayant \u00e9t\u00e9 \u00e9crites et arrang\u00e9es \u00e0 l&rsquo;intention du Duo complice Prost-Paindestre, ce programme est donn\u00e9 en exclusivit\u00e9 \u00e0 travers l&rsquo;Europe, le Japon et les USA. Les artistes sollicit\u00e9s tous \u00ab reconnus \u00bb, \u00e9voluent dans le milieu du jazz international et des musiques populaires : de la l\u00e9gende Wayne Shorter \u00e0 Branford Marsalis en passant par Ibrahim Maalouf, Laurent de Wilde, Paquito D&rsquo;Rivera, Dave Liebman, John McLaughlin, Chris Potter, James Carter, Michel Portal, Baptiste Trotignon, Bob Mintzer, John Patitucci, etc.&nbsp; Si les compositeurs ont respect\u00e9 un cahier des charges sp\u00e9cifique consistant \u00e0 \u00e9crire \u00e0 la mani\u00e8re classique, ils ont pu n\u00e9anmoins laisser cours \u00e0 leur inspiration pour exprimer librement leur po\u00e9sie intrins\u00e8que.<\/p>\n\n\n<div class=\"wp-block-image\">\n<figure class=\"aligncenter size-full\"><img loading=\"lazy\" decoding=\"async\" width=\"700\" height=\"624\" src=\"https:\/\/ritmy.fr\/essais\/wp-content\/uploads\/2026\/04\/Border-Jazz-2.jpg\" alt=\"\" class=\"wp-image-31056\" srcset=\"https:\/\/ritmy.fr\/essais\/wp-content\/uploads\/2026\/04\/Border-Jazz-2.jpg 700w, https:\/\/ritmy.fr\/essais\/wp-content\/uploads\/2026\/04\/Border-Jazz-2-300x267.jpg 300w\" sizes=\"auto, (max-width: 700px) 100vw, 700px\" \/><\/figure><\/div>\n\n\n<p>Ce nouveau r\u00e9pertoire attire une nouvelle audience gr\u00e2ce au m\u00e9lange des deux univers musicaux attir\u00e9s l&rsquo;un vers l&rsquo;autre, comme les Am\u00e9ricains Gershwin, Elfman, Williams ou Bernstein ont su le partager au 20<sup>e<\/sup> si\u00e8cle avec des chefs-d&rsquo;\u0153uvre. La litt\u00e9rature Border Jazz \u00ab double style \u00bb est en pleine effervescence et trace son chemin car la cr\u00e9ation est vraiment au c\u0153ur du projet.<\/p>\n\n\n\n<p>Border Jazz, un projet profond\u00e9ment alternatif !<\/p>\n\n\n\n<p>Pour plus d\u2019infos, visitez <a href=\"https:\/www.sebastienpaindestre.com\/\"><strong>le site&nbsp;internet<\/strong><\/a> de S\u00e9bastien Paindestre&nbsp;, et d\u00e9couvrez les sur cette vid\u00e9o :<\/p>\n\n\n\n<figure class=\"wp-block-embed is-type-video is-provider-youtube wp-block-embed-youtube wp-embed-aspect-16-9 wp-has-aspect-ratio\"><div class=\"wp-block-embed__wrapper\">\n<iframe loading=\"lazy\" title=\"Border jazz @Hatch Recital Hall (Eastman university, USA, february 2023)\" width=\"803\" height=\"452\" src=\"https:\/\/www.youtube.com\/embed\/U-9D4VhD0hQ?feature=oembed\" frameborder=\"0\" allow=\"accelerometer; autoplay; clipboard-write; encrypted-media; gyroscope; picture-in-picture; web-share\" referrerpolicy=\"strict-origin-when-cross-origin\" allowfullscreen><\/iframe>\n<\/div><\/figure>\n\n\n\n<hr class=\"wp-block-separator has-alpha-channel-opacity is-style-wide\"\/>\n\n\n\n<p class=\"has-regular-font-size\" id=\"block-fc68e6df-6e32-4145-b5f4-343d652a0548\">Il est fortement recommand\u00e9 de <strong>r\u00e9server en ligne<\/strong> en cliquant sur le bouton ci-dessous, ou en appelant le 06 48 69 21 89.<\/p>\n\n\n\n<div class=\"wp-block-buttons is-content-justification-center is-layout-flex wp-container-core-buttons-is-layout-16018d1d wp-block-buttons-is-layout-flex\">\n<div class=\"wp-block-button is-style-fill\"><a class=\"wp-block-button__link has-white-color has-vivid-cyan-blue-background-color has-text-color has-background has-large-font-size has-custom-font-size wp-element-button\" href=\"https:\/\/ritmy.fr\/essais\/reserver\/\">R\u00c9SERVER VOS BILLETS<\/a><\/div>\n<\/div>\n\n\n\n<p><\/p>\n\n\n\n<p class=\"has-background has-regular-font-size\" style=\"background-color:#cceef7\">Afin de fluidifier l&rsquo;accueil du public, l&rsquo;ouverture des portes se fera <strong>\u00e0 partir de 16 h 15.<\/strong><\/p>\n\n\n\n<hr class=\"wp-block-separator has-alpha-channel-opacity\" id=\"block-ee890e8e-8b81-438d-aba5-6a6a97e41a0a\"\/>\n\n\n\n<div class=\"wp-block-columns is-layout-flex wp-container-core-columns-is-layout-9d6595d7 wp-block-columns-is-layout-flex\">\n<div class=\"wp-block-column is-layout-flow wp-block-column-is-layout-flow\">\n<p><\/p>\n\n\n\n<div style=\"height:41px\" aria-hidden=\"true\" class=\"wp-block-spacer\"><\/div>\n\n\n\n<p class=\"has-regular-font-size\">Pour vous rendre \u00e0 la Salle Edith Piaf de RICHEBOURG :<\/p>\n<\/div>\n\n\n\n<div class=\"wp-block-column is-layout-flow wp-block-column-is-layout-flow\">\n<iframe src=\"https:\/\/www.google.com\/maps\/embed?pb=!1m18!1m12!1m3!1d2626.9079091511235!2d1.634808315345196!3d48.82181851123566!2m3!1f0!2f0!3f0!3m2!1i1024!2i768!4f13.1!3m3!1m2!1s0x47e6a464f53a494d%3A0x7f24fee27dab2d82!2s3%20Rte%20de%20Bazainville%2C%2078550%20Richebourg!5e0!3m2!1sfr!2sfr!4v1650362656229!5m2!1sfr!2sfr\" style=\"border:0;\" allowfullscreen=\"\" loading=\"lazy\" referrerpolicy=\"no-referrer-when-downgrade\" width=\"600\" height=\"450\"><\/iframe>\n<\/div>\n<\/div>\n\n\n\n<hr class=\"wp-block-separator has-alpha-channel-opacity\" id=\"block-eeb268db-81a8-41b9-b12e-dfe77f87e96d\"\/>\n\n\n\n<div class=\"wp-block-media-text is-vertically-aligned-top\" style=\"grid-template-columns:27% auto\"><figure class=\"wp-block-media-text__media\"><img loading=\"lazy\" decoding=\"async\" width=\"250\" height=\"106\" src=\"https:\/\/ritmy.fr\/essais\/wp-content\/uploads\/2014\/01\/LOGO-GRAL-JPEG-e1390483468758.jpg\" alt=\"\" class=\"wp-image-10518 size-full\"\/><\/figure><div class=\"wp-block-media-text__content\">\n<p class=\"has-regular-font-size\">Concert organis\u00e9 conjointement par RITMY et l&rsquo;association GRAL de Richebourg.<\/p>\n<\/div><\/div>\n\n\n\n<p><\/p>\n","protected":false},"excerpt":{"rendered":"<p>\u00ab\u00a0Border Jazz\u00a0\u00bb Le dimanche 13 d\u00e9cembre 2026 \u00e0 17h \u00e0 la salle Edith Piaf de Richebourg Plus qu&rsquo;un programme musical, \u00ab\u00a0Border Jazz\u00a0\u00bb est un challenge audacieux qui associe aux fronti\u00e8res du jazz et du classique le saxophoniste concertiste Nicolas Prost, le pianiste compositeur de jazz S\u00e9bastien Paindestre et en \u00ab\u00a0Guest\u00a0\u00bb le batteur C\u00e9dric Cyprien. Ce &hellip; <\/p>\n<p><a class=\"more-link btn\" href=\"https:\/\/ritmy.fr\/essais\/concerts-2\/tout-sur-les-37es-saisons\/37-borderjazz\/\">Lire la suite<\/a><\/p>\n","protected":false},"author":5,"featured_media":0,"parent":30861,"menu_order":0,"comment_status":"closed","ping_status":"closed","template":"","meta":{"footnotes":""},"class_list":["post-31040","page","type-page","status-publish","hentry","nodate","item-wrap"],"_links":{"self":[{"href":"https:\/\/ritmy.fr\/essais\/wp-json\/wp\/v2\/pages\/31040","targetHints":{"allow":["GET"]}}],"collection":[{"href":"https:\/\/ritmy.fr\/essais\/wp-json\/wp\/v2\/pages"}],"about":[{"href":"https:\/\/ritmy.fr\/essais\/wp-json\/wp\/v2\/types\/page"}],"author":[{"embeddable":true,"href":"https:\/\/ritmy.fr\/essais\/wp-json\/wp\/v2\/users\/5"}],"replies":[{"embeddable":true,"href":"https:\/\/ritmy.fr\/essais\/wp-json\/wp\/v2\/comments?post=31040"}],"version-history":[{"count":14,"href":"https:\/\/ritmy.fr\/essais\/wp-json\/wp\/v2\/pages\/31040\/revisions"}],"predecessor-version":[{"id":31131,"href":"https:\/\/ritmy.fr\/essais\/wp-json\/wp\/v2\/pages\/31040\/revisions\/31131"}],"up":[{"embeddable":true,"href":"https:\/\/ritmy.fr\/essais\/wp-json\/wp\/v2\/pages\/30861"}],"wp:attachment":[{"href":"https:\/\/ritmy.fr\/essais\/wp-json\/wp\/v2\/media?parent=31040"}],"curies":[{"name":"wp","href":"https:\/\/api.w.org\/{rel}","templated":true}]}}