{"id":31015,"date":"2026-05-05T07:44:56","date_gmt":"2026-05-05T06:44:56","guid":{"rendered":"https:\/\/ritmy.fr\/essais\/?page_id=31015"},"modified":"2026-05-05T23:23:36","modified_gmt":"2026-05-05T22:23:36","slug":"37-roqueta","status":"publish","type":"page","link":"https:\/\/ritmy.fr\/essais\/concerts-2\/tout-sur-les-37es-saisons\/37-roqueta\/","title":{"rendered":"Marie ROQUETA (fl\u00fbte) et R\u00e9mi JOUSSELME (guitare) \u00e0 M\u00e9r\u00e9"},"content":{"rendered":"\n<p class=\"has-text-align-center has-larger-font-size\"><strong><em><strong><strong><em>D&rsquo;est en ouest, danses du monde<\/em><\/strong><\/strong><\/em><\/strong><\/p>\n\n\n\n<p><\/p>\n\n\n\n<p class=\"has-vivid-cyan-blue-color has-text-color has-link-color has-larger-font-size wp-elements-2ffa2b5e101f9db0bc7d69220dc60c3d\"><strong>Dimanche <strong>8 novembre 2026 \u00e0 17h \u00e0 l\u2019\u00e9glise Saint-Jacques<\/strong><\/strong><\/p>\n\n\n\n<p><\/p>\n\n\n<div class=\"wp-block-image\">\n<figure class=\"aligncenter size-full\"><img loading=\"lazy\" decoding=\"async\" width=\"872\" height=\"460\" src=\"https:\/\/ritmy.fr\/essais\/wp-content\/uploads\/2026\/04\/remi-marie.jpg\" alt=\"\" class=\"wp-image-31019\" srcset=\"https:\/\/ritmy.fr\/essais\/wp-content\/uploads\/2026\/04\/remi-marie.jpg 872w, https:\/\/ritmy.fr\/essais\/wp-content\/uploads\/2026\/04\/remi-marie-300x158.jpg 300w, https:\/\/ritmy.fr\/essais\/wp-content\/uploads\/2026\/04\/remi-marie-768x405.jpg 768w, https:\/\/ritmy.fr\/essais\/wp-content\/uploads\/2026\/04\/remi-marie-803x424.jpg 803w\" sizes=\"auto, (max-width: 872px) 100vw, 872px\" \/><\/figure><\/div>\n\n\n<p>Quand la fl\u00fbte danse avec la guitare&#8230;<\/p>\n\n\n\n<p>La fl\u00fbte lumineuse de Marie Roqueta rencontre les cordes vibrantes de R\u00e9mi Jousselme pour un voyage musical .<br>\u00c0 travers les danses roumaines de Bart\u00f3k, les couleurs balkaniques de Tadi\u0107, la profondeur de la sonate en si mineur de Bach et la passion de L\u2019Histoire du tango de Piazzolla, le duo explore les rythmes et les \u00e9motions du monde.<br>Musicien curieux et engag\u00e9, R\u00e9mi Jousselme fait dialoguer les styles et les \u00e9poques avec une grande libert\u00e9 artistique, tandis que Marie Roqueta, fl\u00fbtiste raffin\u00e9e form\u00e9e dans les plus grandes \u00e9coles europ\u00e9ennes, s\u00e9duit par la sensibilit\u00e9 de son jeu.<br>Se connaissant de longue date, ils ont naturellement uni leurs univers dans un duo complice et expressif.<\/p>\n\n\n\n<p>Leur programme, m\u00ealant danse, po\u00e9sie et virtuosit\u00e9 promet un moment chaleureux, accessible \u00e0 tous, o\u00f9 les cultures se rencontrent dans un m\u00eame \u00e9lan musical.<br>Du souffle aux cordes, la danse en partage.<\/p>\n\n\n\n<p><\/p>\n\n\n\n<h2 class=\"wp-block-heading\">R\u00e9mi JOUSSELME<\/h2>\n\n\n\n<div class=\"wp-block-media-text is-stacked-on-mobile is-image-fill-element\" style=\"grid-template-columns:27% auto\"><figure class=\"wp-block-media-text__media\"><img loading=\"lazy\" decoding=\"async\" width=\"739\" height=\"1000\" src=\"https:\/\/ritmy.fr\/essais\/wp-content\/uploads\/2026\/04\/remi-jousselme-1-739x1000.jpg\" alt=\"\" class=\"wp-image-31105 size-full\" style=\"object-position:56% 44%\" srcset=\"https:\/\/ritmy.fr\/essais\/wp-content\/uploads\/2026\/04\/remi-jousselme-1-739x1000.jpg 739w, https:\/\/ritmy.fr\/essais\/wp-content\/uploads\/2026\/04\/remi-jousselme-1-222x300.jpg 222w, https:\/\/ritmy.fr\/essais\/wp-content\/uploads\/2026\/04\/remi-jousselme-1-768x1039.jpg 768w, https:\/\/ritmy.fr\/essais\/wp-content\/uploads\/2026\/04\/remi-jousselme-1-1136x1536.jpg 1136w, https:\/\/ritmy.fr\/essais\/wp-content\/uploads\/2026\/04\/remi-jousselme-1-803x1086.jpg 803w, https:\/\/ritmy.fr\/essais\/wp-content\/uploads\/2026\/04\/remi-jousselme-1.jpg 1183w\" sizes=\"auto, (max-width: 739px) 100vw, 739px\" \/><\/figure><div class=\"wp-block-media-text__content\">\n<p>Musicien polyvalent, R\u00e9mi est engag\u00e9 dans un vaste champ de projets artistiques. Il a partag\u00e9 la sc\u00e8ne avec un grand nombre d&rsquo;instrumentistes, formations, chanteurs classiques ou populaires, danseurs et com\u00e9diens.<\/p>\n\n\n\n<p class=\"has-regular-font-size\">N\u00e9 \u00e0 Marseille, il a remport\u00e9 les premiers prix de plusieurs concours internationaux en France comme \u00e0 l&rsquo;\u00e9tranger dont le prestigieux Printemps de la guitare en Belgique, qui r\u00e9compensait pour la premi\u00e8re fois un guitariste fran\u00e7ais. A cette occasion, il enregistre un disque allant du r\u00e9pertoire classique \u00e0 la cr\u00e9ation contemporaine.<\/p>\n\n\n\n<p class=\"has-regular-font-size\">Tr\u00e8s actif dans la promotion des musiques d&rsquo;aujourd&rsquo;hui, il a jou\u00e9 avec des musiciens et ensembles incontournables de la sc\u00e8ne actuelle (Musicatreize, Ensemble Intercontemporain, Bela Quartet, Gautier Capu\u00e7on&#8230;) et s&rsquo;est produit dans les festivals internationaux de guitare de Paris, Moscou, Tokyo&#8230; Il est coordinateur artistique du festival International de Guitare Sul Tasto et enseigne en tant que professeur titulaire au Conservatoire \u00e0 Rayonnement R\u00e9gional de Tours, comme \u00e0 l&rsquo;institut Sup\u00e9rieur des Arts et du Design de Toulouse. <\/p>\n<\/div><\/div>\n\n\n\n<p class=\"has-regular-font-size\">Il partage d\u00e9sormais la sc\u00e8ne avec Tristan Manoukian dans un duo de guitare autour du projet \u00ab\u00a0In the Landscape\u00a0\u00bb, voyage au c\u0153ur de New-York et des diff\u00e9rents styles musicaux et langages populaires qui composent les Etats-Unis.<\/p>\n\n\n\n<p><\/p>\n\n\n\n<h2 class=\"wp-block-heading\">Marie ROQUETA<\/h2>\n\n\n<div class=\"wp-block-image\">\n<figure class=\"aligncenter size-full\"><img loading=\"lazy\" decoding=\"async\" width=\"688\" height=\"459\" src=\"https:\/\/ritmy.fr\/essais\/wp-content\/uploads\/2026\/04\/marie-roqueta-2.jpg\" alt=\"\" class=\"wp-image-31020\" srcset=\"https:\/\/ritmy.fr\/essais\/wp-content\/uploads\/2026\/04\/marie-roqueta-2.jpg 688w, https:\/\/ritmy.fr\/essais\/wp-content\/uploads\/2026\/04\/marie-roqueta-2-300x200.jpg 300w\" sizes=\"auto, (max-width: 688px) 100vw, 688px\" \/><\/figure><\/div>\n\n\n<p class=\"has-regular-font-size\">Elle \u00e9tudie aupr\u00e8s de Luc Urbain au conservatoire de Saint Germain en Laye avant d&rsquo;int\u00e9grer le CNSM de Paris. Elle se perfectionne \u00e0 Gen\u00e8ve chez Jacques Zoon puis \u00e0 Berlin o\u00f9 elle part \u00e9tudier la musique ancienne aupr\u00e8s de Christoph Huntegeburth. <\/p>\n\n\n\n<p class=\"has-regular-font-size\">Deuxi\u00e8me prix au concours international Jean Fran\u00e7aix, elle d\u00e9bute une collaboration r\u00e9guli\u00e8re avec l&rsquo;Op\u00e9ra de Paris. Finaliste de plusieurs concours d&rsquo;orchestres, elle se produit r\u00e9guli\u00e8rement en musique de chambre et travaille avec les grands orchestres en France comme \u00e0 l&rsquo;\u00e9tranger (OBC, Liceu, Op\u00e9ra National de Lyon, de Tours, Orchestre national de France, de Lyon, d&rsquo;Avignon..) <\/p>\n\n\n\n<p class=\"has-regular-font-size\">Invit\u00e9e de Ga\u00eblle Le Gallic pour l&rsquo;\u00e9mission \u00ab\u00a0dans la cour des grands\u00a0\u00bb sur France Musique, elle est boursi\u00e8re fondation Meyer et&nbsp; Adami. <\/p>\n\n\n\n<p class=\"has-regular-font-size\">Professeur invit\u00e9e au sein de l&rsquo;acad\u00e9mie internationale de Flaine, elle enseigne la fl\u00fbte \u00e0 l&rsquo;\u00e9cole de Saint Orens, et est directrice artistique pour le festival du Ch\u00e2teau du Pas du Cerf. <\/p>\n\n\n\n<p class=\"has-regular-font-size\">Depuis 2016, elle participe activement au d\u00e9veloppement de l&rsquo;association Les G\u00e9orgiques, qui a pour but la promotion de la culture et de la musique dans les territoires ruraux et aupr\u00e8s des publics d\u00e9favoris\u00e9s.<\/p>\n\n\n\n<p><\/p>\n\n\n\n<h2 class=\"wp-block-heading has-larger-font-size\">Programme&nbsp;:<\/h2>\n\n\n\n<figure class=\"wp-block-table has-large-font-size\"><table class=\"has-pale-ocean-gradient-background has-background\"><tbody><tr><td><strong>B\u00e9la Bartok<\/strong>, danses roumaines,<br><strong>Miroslav Tadic<\/strong>, Pi\u00e8ces mac\u00e9doniennes,<br>J<strong>ean S\u00e9bastien Bach<\/strong>, sonate en si mineur,<br><strong>Astor Piazzolla<\/strong>, Histoire du tango<\/td><\/tr><\/tbody><\/table><\/figure>\n\n\n\n<p><strong>Pour plus d\u2019infos, visitez leurs sites<\/strong>&nbsp;<strong>internet<\/strong>&nbsp;:<br>&nbsp;&nbsp;&nbsp;R\u00e9mi Jousselme&nbsp;: <a href=\"https:\/\/www.remijousselme.com\/fr\/\">https:\/\/www.remijousselme.com\/fr\/<\/a><br>&nbsp;&nbsp;&nbsp;Marie Roqueta&nbsp;: <a href=\"http:\/\/www.marieroqueta.com\/\">http:\/\/www.marieroqueta.com\/<\/a><\/p>\n\n\n\n<p>et d\u00e9couvrez les sur ces vid\u00e9os :<\/p>\n\n\n\n<p class=\"has-large-font-size\"><strong>R\u00e9mi Jousselme :<\/strong><\/p>\n\n\n\n<figure class=\"wp-block-embed is-type-video is-provider-youtube wp-block-embed-youtube wp-embed-aspect-16-9 wp-has-aspect-ratio\"><div class=\"wp-block-embed__wrapper\">\n<iframe loading=\"lazy\" title=\"Maurice Ravel - Pavane pour une infante d\u00e9funte - R\u00e9mi Jousselme, guitare\" width=\"803\" height=\"452\" src=\"https:\/\/www.youtube.com\/embed\/5s21-gpSLMk?feature=oembed\" frameborder=\"0\" allow=\"accelerometer; autoplay; clipboard-write; encrypted-media; gyroscope; picture-in-picture; web-share\" referrerpolicy=\"strict-origin-when-cross-origin\" allowfullscreen><\/iframe>\n<\/div><\/figure>\n\n\n\n<figure class=\"wp-block-embed is-type-video is-provider-youtube wp-block-embed-youtube wp-embed-aspect-16-9 wp-has-aspect-ratio\"><div class=\"wp-block-embed__wrapper\">\n<iframe loading=\"lazy\" title=\"Jacques Duphly - La Forqueray - R\u00e9mi Jousselme guitar\" width=\"803\" height=\"452\" src=\"https:\/\/www.youtube.com\/embed\/YSwYAF_q9Sw?feature=oembed\" frameborder=\"0\" allow=\"accelerometer; autoplay; clipboard-write; encrypted-media; gyroscope; picture-in-picture; web-share\" referrerpolicy=\"strict-origin-when-cross-origin\" allowfullscreen><\/iframe>\n<\/div><\/figure>\n\n\n\n<p><\/p>\n\n\n\n<p class=\"has-large-font-size\"><strong>Marie Roqueta :<\/strong><\/p>\n\n\n\n<figure class=\"wp-block-embed is-type-video is-provider-youtube wp-block-embed-youtube wp-embed-aspect-16-9 wp-has-aspect-ratio\"><div class=\"wp-block-embed__wrapper\">\n<iframe loading=\"lazy\" title=\"Casilda Fantaisie\" width=\"803\" height=\"452\" src=\"https:\/\/www.youtube.com\/embed\/r-LH3EH9gmU?feature=oembed\" frameborder=\"0\" allow=\"accelerometer; autoplay; clipboard-write; encrypted-media; gyroscope; picture-in-picture; web-share\" referrerpolicy=\"strict-origin-when-cross-origin\" allowfullscreen><\/iframe>\n<\/div><\/figure>\n\n\n\n<figure class=\"wp-block-embed is-type-video is-provider-youtube wp-block-embed-youtube wp-embed-aspect-16-9 wp-has-aspect-ratio\"><div class=\"wp-block-embed__wrapper\">\n<iframe loading=\"lazy\" title=\"Enregistrement trio\" width=\"803\" height=\"452\" src=\"https:\/\/www.youtube.com\/embed\/xvrclJRbaQo?feature=oembed\" frameborder=\"0\" allow=\"accelerometer; autoplay; clipboard-write; encrypted-media; gyroscope; picture-in-picture; web-share\" referrerpolicy=\"strict-origin-when-cross-origin\" allowfullscreen><\/iframe>\n<\/div><\/figure>\n\n\n\n<hr class=\"wp-block-separator has-alpha-channel-opacity\" id=\"block-d3060725-db89-48bf-bdb6-42a504c014ce\"\/>\n\n\n\n<p id=\"block-20c0da30-93f4-47b9-ae47-88200abe51fc\">Il est fortement recommand\u00e9 de <strong>r\u00e9server en ligne<\/strong> en cliquant sur le bouton ci-dessous, ou en appelant le 06-60-42-19-43.<\/p>\n\n\n\n<div class=\"wp-block-buttons is-content-justification-center is-layout-flex wp-container-core-buttons-is-layout-16018d1d wp-block-buttons-is-layout-flex\">\n<div class=\"wp-block-button is-style-fill\"><a class=\"wp-block-button__link has-white-color has-vivid-cyan-blue-background-color has-text-color has-background has-large-font-size has-custom-font-size wp-element-button\" href=\"https:\/\/ritmy.fr\/essais\/reserver\/\">R\u00c9SERVER VOS BILLETS<\/a><\/div>\n<\/div>\n\n\n\n<p id=\"block-c76f2fc9-fb76-430f-9d35-4c332fa4d39f\"><\/p>\n\n\n\n<p id=\"block-a0d8c44d-33c6-4198-861f-2d090947e05a\">Afin de fluidifier l&rsquo;accueil du public, l&rsquo;ouverture des portes se fera <strong>\u00e0 partir de 16 h 15.<\/strong><\/p>\n\n\n\n<hr class=\"wp-block-separator has-alpha-channel-opacity\" id=\"block-319e95f9-e7d1-434f-921d-05808ead10e9\"\/>\n\n\n\n<p id=\"block-636ce23c-e233-40d5-9251-fc6ba695e3fd\"><\/p>\n\n\n\n<div class=\"wp-block-columns is-layout-flex wp-container-core-columns-is-layout-9d6595d7 wp-block-columns-is-layout-flex\">\n<div class=\"wp-block-column is-layout-flow wp-block-column-is-layout-flow\">\n<p><\/p>\n\n\n\n<div style=\"height:41px\" aria-hidden=\"true\" class=\"wp-block-spacer\"><\/div>\n\n\n\n<p class=\"has-large-font-size\">Pour vous rendre \u00e0 l\u2019\u00c9glise Saint-Denis de M\u00e9r\u00e9 :<\/p>\n<\/div>\n\n\n\n<div class=\"wp-block-column is-layout-flow wp-block-column-is-layout-flow\">\n<iframe src=\"https:\/\/www.google.com\/maps\/embed?pb=!1m18!1m12!1m3!1d3156.291134090871!2d1.8181665225308112!3d48.787899603288636!2m3!1f0!2f0!3f0!3m2!1i1024!2i768!4f13.1!3m3!1m2!1s0x47e699539a67fc5b%3A0x9eb5f97c1ec54ad0!2sEglise%20Saint%20Denis!5e0!3m2!1sfr!2sfr!4v1650898254699!5m2!1sfr!2sfr\" style=\"border:0;\" allowfullscreen=\"\" loading=\"lazy\" referrerpolicy=\"no-referrer-when-downgrade\" width=\"600\" height=\"450\"><\/iframe>\n<\/div>\n<\/div>\n\n\n\n<hr class=\"wp-block-separator has-css-opacity is-style-dots\"\/>\n\n\n\n<p id=\"block-636ce23c-e233-40d5-9251-fc6ba695e3fd\"><\/p>\n\n\n\n<p id=\"block-bc96fc12-6584-4bbb-b6e4-dba4622c6ee9\"><\/p>\n\n\n\n<hr class=\"wp-block-separator has-alpha-channel-opacity\" id=\"block-ddd91354-f7a3-41ad-a309-03ea0d6b2a8d\"\/>\n\n\n\n<div class=\"wp-block-media-text is-stacked-on-mobile\"><figure class=\"wp-block-media-text__media\"><img decoding=\"async\" src=\"https:\/\/ritmy.fr\/essais\/wp-content\/uploads\/2022\/04\/ASCL.png\" alt=\"\"\/><\/figure><div class=\"wp-block-media-text__content\">\n<p>Concert organis\u00e9 conjointement par RITMY et l\u2019ASCL de M\u00c9R\u00c9<\/p>\n<\/div><\/div>\n\n\n\n<p id=\"block-3faeec1a-89c0-4ecb-b82a-ec0fcf89d8a2\"><\/p>\n\n\n\n<p><\/p>\n","protected":false},"excerpt":{"rendered":"<p>D&rsquo;est en ouest, danses du monde Dimanche 8 novembre 2026 \u00e0 17h \u00e0 l\u2019\u00e9glise Saint-Jacques Quand la fl\u00fbte danse avec la guitare&#8230; La fl\u00fbte lumineuse de Marie Roqueta rencontre les cordes vibrantes de R\u00e9mi Jousselme pour un voyage musical .\u00c0 travers les danses roumaines de Bart\u00f3k, les couleurs balkaniques de Tadi\u0107, la profondeur de la &hellip; <\/p>\n<p><a class=\"more-link btn\" href=\"https:\/\/ritmy.fr\/essais\/concerts-2\/tout-sur-les-37es-saisons\/37-roqueta\/\">Lire la suite<\/a><\/p>\n","protected":false},"author":5,"featured_media":0,"parent":30861,"menu_order":0,"comment_status":"closed","ping_status":"closed","template":"","meta":{"footnotes":""},"class_list":["post-31015","page","type-page","status-publish","hentry","nodate","item-wrap"],"_links":{"self":[{"href":"https:\/\/ritmy.fr\/essais\/wp-json\/wp\/v2\/pages\/31015","targetHints":{"allow":["GET"]}}],"collection":[{"href":"https:\/\/ritmy.fr\/essais\/wp-json\/wp\/v2\/pages"}],"about":[{"href":"https:\/\/ritmy.fr\/essais\/wp-json\/wp\/v2\/types\/page"}],"author":[{"embeddable":true,"href":"https:\/\/ritmy.fr\/essais\/wp-json\/wp\/v2\/users\/5"}],"replies":[{"embeddable":true,"href":"https:\/\/ritmy.fr\/essais\/wp-json\/wp\/v2\/comments?post=31015"}],"version-history":[{"count":28,"href":"https:\/\/ritmy.fr\/essais\/wp-json\/wp\/v2\/pages\/31015\/revisions"}],"predecessor-version":[{"id":31223,"href":"https:\/\/ritmy.fr\/essais\/wp-json\/wp\/v2\/pages\/31015\/revisions\/31223"}],"up":[{"embeddable":true,"href":"https:\/\/ritmy.fr\/essais\/wp-json\/wp\/v2\/pages\/30861"}],"wp:attachment":[{"href":"https:\/\/ritmy.fr\/essais\/wp-json\/wp\/v2\/media?parent=31015"}],"curies":[{"name":"wp","href":"https:\/\/api.w.org\/{rel}","templated":true}]}}