{"id":30904,"date":"2026-05-05T07:45:11","date_gmt":"2026-05-05T06:45:11","guid":{"rendered":"https:\/\/ritmy.fr\/essais\/?page_id=30904"},"modified":"2026-05-05T07:45:11","modified_gmt":"2026-05-05T06:45:11","slug":"37-hexameron","status":"publish","type":"page","link":"https:\/\/ritmy.fr\/essais\/concerts-2\/tout-sur-les-37es-saisons\/37-hexameron\/","title":{"rendered":"Quatuor HEXAMERON \u00e0 Houdan"},"content":{"rendered":"\n<p class=\"has-text-align-center has-larger-font-size\"><strong><em><strong><strong><em>Weber et l\u2019\u00e2me romantique<\/em><\/strong><\/strong><\/em><\/strong><\/p>\n\n\n\n<p><\/p>\n\n\n\n<p class=\"has-vivid-cyan-blue-color has-text-color has-link-color has-larger-font-size wp-elements-85d0574238f736bcd791e02afc009855\"><strong>Dimanche <strong>18 octobre 2026 \u00e0 17h \u00e0 l\u2019\u00e9glise Saint-Jacques<\/strong><\/strong><\/p>\n\n\n\n<p class=\"has-black-color has-text-color has-link-color has-large-font-size wp-elements-79cda51b1841c23ff9d1dc68a242db48\"><\/p>\n\n\n<div class=\"wp-block-image\">\n<figure class=\"aligncenter size-full is-resized\"><img loading=\"lazy\" decoding=\"async\" width=\"1202\" height=\"739\" src=\"https:\/\/ritmy.fr\/essais\/wp-content\/uploads\/2026\/03\/hexameron.jpg\" alt=\"\" class=\"wp-image-30779\" style=\"width:1061px;height:auto\" srcset=\"https:\/\/ritmy.fr\/essais\/wp-content\/uploads\/2026\/03\/hexameron.jpg 1202w, https:\/\/ritmy.fr\/essais\/wp-content\/uploads\/2026\/03\/hexameron-300x184.jpg 300w, https:\/\/ritmy.fr\/essais\/wp-content\/uploads\/2026\/03\/hexameron-1000x615.jpg 1000w, https:\/\/ritmy.fr\/essais\/wp-content\/uploads\/2026\/03\/hexameron-768x472.jpg 768w, https:\/\/ritmy.fr\/essais\/wp-content\/uploads\/2026\/03\/hexameron-803x494.jpg 803w\" sizes=\"auto, (max-width: 1202px) 100vw, 1202px\" \/><\/figure><\/div>\n\n\n<p class=\"has-regular-font-size\">L\u2019Ensemble Hexam\u00e9ron emprunte son nom \u00e0 une composition inspir\u00e9e par le succ\u00e8s retentissant des Puritains de Bellini en 1837 et compos\u00e9e par six virtuoses du piano (Liszt, Chopin, Thalberg, Pixis, Herz et Czerny) pour le c\u00e9l\u00e8bre salon parisien de la Princesse de Belgiojoso.<\/p>\n\n\n\n<p>C\u2019est une formation \u00e0 g\u00e9om\u00e9trie variable sur instruments anciens, construite sur un noyau de base de quatre instruments&nbsp;: le piano, la fl\u00fbte, le violon et le violoncelle. Le projet qui a r\u00e9uni les musiciens de l\u2019ensemble est celui de faire revivre dans toute sa diversit\u00e9 la pratique de la musique de chambre avec piano et la nature plurielle de son r\u00e9pertoire de la fin du XVIIIe \u00e0 celle du XIXe&nbsp;si\u00e8cle.<\/p>\n\n\n\n<p>Le quatuor Hexam\u00e9ron est compos\u00e9 de&nbsp;:<\/p>\n\n\n\n<ul class=\"wp-block-list\">\n<li>Luca Montebugnoli, pianoforte<\/li>\n\n\n\n<li>Rold\u00e1n Bernab\u00e9, violon<\/li>\n\n\n\n<li>Nicolas Bouils, fl\u00fbte<\/li>\n\n\n\n<li>Amaryllis Jarczyk, violoncelle<\/li>\n<\/ul>\n\n\n<div class=\"wp-block-image\">\n<figure class=\"aligncenter size-full is-resized\"><img loading=\"lazy\" decoding=\"async\" width=\"604\" height=\"327\" src=\"https:\/\/ritmy.fr\/essais\/wp-content\/uploads\/2026\/04\/image.jpeg\" alt=\"\" class=\"wp-image-30983\" style=\"width:734px;height:auto\" srcset=\"https:\/\/ritmy.fr\/essais\/wp-content\/uploads\/2026\/04\/image.jpeg 604w, https:\/\/ritmy.fr\/essais\/wp-content\/uploads\/2026\/04\/image-300x162.jpeg 300w\" sizes=\"auto, (max-width: 604px) 100vw, 604px\" \/><\/figure><\/div>\n\n\n<div style=\"height:31px\" aria-hidden=\"true\" class=\"wp-block-spacer\"><\/div>\n\n\n\n<h2 class=\"wp-block-heading\">Luca Montebugnoli<\/h2>\n\n\n\n<p>Pianoforte et direction artistique<\/p>\n\n\n\n<div class=\"wp-block-media-text is-stacked-on-mobile is-vertically-aligned-center is-image-fill-element\" style=\"grid-template-columns:32% auto\"><figure class=\"wp-block-media-text__media\"><img loading=\"lazy\" decoding=\"async\" width=\"240\" height=\"300\" src=\"https:\/\/ritmy.fr\/essais\/wp-content\/uploads\/2026\/04\/Luca-Montebugnoli-.jpg\" alt=\"\" class=\"wp-image-30988 size-full\" style=\"object-position:40% 27%\"\/><\/figure><div class=\"wp-block-media-text__content\">\n<p>Form\u00e9 d\u2019abord au piano moderne \u00e0 Rome, Luca Montebugnoli se sp\u00e9cialise ensuite au pianoforte au CNSM de Paris, puis approfondit la dimension musicologique \u00e0 la Sorbonne. Son sujet de doctorat est notamment \u00e0 la base de sa cr\u00e9ation de l\u2019Ensemble Hexam\u00e9ron, collectif de musiciens qui entend explorer la production de musique de chambre avec piano sur instruments d\u2019\u00e9poque de la fin du XVIIIe \u00e0 celle du XIXe si\u00e8cle.<\/p>\n\n\n\n<p>Tr\u00e8s investi \u00e9galement dans le domaine de l\u2019enseignement de la musique, nomm\u00e9 Professeur d\u2019Enseignement Artistique en juillet 2019, il est professeur de pianoforte au CRR de Paris (depuis septembre 2018) et au CRD de Bobigny (depuis septembre 2015).<\/p>\n<\/div><\/div>\n\n\n\n<div style=\"height:31px\" aria-hidden=\"true\" class=\"wp-block-spacer\"><\/div>\n\n\n\n<p><\/p>\n\n\n\n<h2 class=\"wp-block-heading\">Rold\u00e1n Bernab\u00e9 Carrion<\/h2>\n\n\n\n<p>Violon<\/p>\n\n\n\n<div class=\"wp-block-media-text is-stacked-on-mobile is-image-fill-element\" style=\"grid-template-columns:34% auto\"><figure class=\"wp-block-media-text__media\"><img loading=\"lazy\" decoding=\"async\" width=\"300\" height=\"200\" src=\"https:\/\/ritmy.fr\/essais\/wp-content\/uploads\/2026\/04\/carrion.jpg\" alt=\"\" class=\"wp-image-30989 size-full\" style=\"object-position:50% 50%\"\/><\/figure><div class=\"wp-block-media-text__content\">\n<p><\/p>\n\n\n\n<p>Rold\u00e1n Bernab\u00e9 Carrion, Originaire d\u2019Elche (Espagne) vit \u00e0 Paris depuis 2012. Il est membre de l\u2019Ensemble Hexam\u00e9ron depuis sa cr\u00e9ation en 2017.<\/p>\n\n\n\n<p>Depuis 2014, il fait \u00e9galement partie de l\u2019Ensemble Diderot, consacr\u00e9 principalement \u00e0 la sonate en trio et participant \u00e0 de nombreux concerts en Europe.<\/p>\n\n\n\n<p>Rold\u00e1n est r\u00e9guli\u00e8rement invit\u00e9 par certains des plus importants ensembles d\u2019Europe tels que Les Talens Lyriques, La Petite Symphonie et l\u2019Apoth\u00e9ose, ainsi que Opera Fuoco, l\u2019Ensemble Pulcinella, Brecon Baroque, La Tempestad, Forma Antiqva ou les Arts Florissants.<\/p>\n<\/div><\/div>\n\n\n\n<div style=\"height:32px\" aria-hidden=\"true\" class=\"wp-block-spacer\"><\/div>\n\n\n\n<h2 class=\"wp-block-heading\">Nicolas Bouils<\/h2>\n\n\n\n<p>Fl\u00fbte<\/p>\n\n\n\n<div class=\"wp-block-media-text is-stacked-on-mobile is-image-fill-element\" style=\"grid-template-columns:35% auto\"><figure class=\"wp-block-media-text__media\"><img loading=\"lazy\" decoding=\"async\" width=\"200\" height=\"180\" src=\"https:\/\/ritmy.fr\/essais\/wp-content\/uploads\/2026\/04\/Bouils-2.jpg\" alt=\"\" class=\"wp-image-31007 size-full\" style=\"object-position:51% 47%\"\/><\/figure><div class=\"wp-block-media-text__content\">\n<p>Apr\u00e8s un cursus en fl\u00fbte traversi\u00e8re moderne dans la classe de Luc Urbain, Nicolas Bouils aborde l\u2019\u00e9tude de la fl\u00fbte traversi\u00e8re baroque avec Philippe Allain-Dupr\u00e9. Son entr\u00e9e au Conservatoire de Paris lui permet de se perfectionner aupr\u00e8s de Jan de Winne et d\u2019Alexis Kossenko, ainsi qu\u2019aupr\u00e8s de Pierre Dumail en piccolo.<\/p>\n\n\n\n<p>\u00c9galement investi dans la transmission de sa passion, outre d\u2019autres actions p\u00e9dagogiques, il s\u2019engage pendant 4 ans dans le partenariat liant la Soci\u00e9t\u00e9 G\u00e9n\u00e9rale et l\u2019orchestre Les Si\u00e8cles, en encadrant le pupitre des fl\u00fbtistes amateurs de Playing for Pleyel et Playing for Philharmonie.<\/p>\n<\/div><\/div>\n\n\n\n<div style=\"height:32px\" aria-hidden=\"true\" class=\"wp-block-spacer\"><\/div>\n\n\n\n<h2 class=\"wp-block-heading\">Amaryllis Jarczyk<\/h2>\n\n\n\n<p>Violoncelle<\/p>\n\n\n\n<div class=\"wp-block-media-text is-stacked-on-mobile is-image-fill-element\"><figure class=\"wp-block-media-text__media\"><img loading=\"lazy\" decoding=\"async\" width=\"300\" height=\"200\" src=\"https:\/\/ritmy.fr\/essais\/wp-content\/uploads\/2026\/04\/Amaryllis-Jarczyk-Cello.jpg\" alt=\"\" class=\"wp-image-30996 size-full\" style=\"object-position:52% 34%\"\/><\/figure><div class=\"wp-block-media-text__content\">\n<p>Amaryllis Jarczyk joue du violoncelle au sein de plusieurs ensembles de musique de chambre, et est r\u00e9guli\u00e8rement invit\u00e9e au sein de l\u2019orchestre Les Si\u00e8cles, La Grande \u00c9curie et la chambre du Roy, ou encore l\u2019orchestre des Champs-\u00c9lys\u00e9es. Elle participe avec eux \u00e0 de nombreuses tourn\u00e9es en Europe, en Asie et en Am\u00e9rique du Nord.<\/p>\n\n\n\n<p>Originaire de Montr\u00e9al, elle s\u2019est sp\u00e9cialis\u00e9e dans l\u2019interpr\u00e9tation sur instruments d\u2019\u00e9poque \u00e0 la Schola Cantorum de B\u00e2le.<\/p>\n\n\n\n<p>Amaryllis a \u00e9t\u00e9 nomin\u00e9e en 2011 pour un Grammy Award avec l\u2019ensemble Uccello et son professeur et coll\u00e8gue Matt Haimovitz, et a enregistr\u00e9 depuis de nombreux disques avec Les Si\u00e8cles et plusieurs autres ensembles et orchestres fran\u00e7ais.<\/p>\n<\/div><\/div>\n\n\n\n<div style=\"height:29px\" aria-hidden=\"true\" class=\"wp-block-spacer\"><\/div>\n\n\n\n<h2 class=\"wp-block-heading\">Programme&nbsp;:<\/h2>\n\n\n\n<figure class=\"wp-block-table has-large-font-size\"><table class=\"has-pale-ocean-gradient-background has-background\"><tbody><tr><td>Le quatuor propose un programme consacr\u00e9 \u00e0 Carl-Maria von Weber, \u00e0 l\u2019occasion du bicentenaire de sa disparition, m\u00ealant musique de chambre et \u0153uvres concertantes.<\/td><\/tr><\/tbody><\/table><\/figure>\n\n\n\n<p class=\"has-regular-font-size\">D\u00e9couvrez le quatuor Hexam\u00e9ron sur <u><a href=\"https:\/\/www.hexameron.fr\/\" data-type=\"link\" data-id=\"https:\/\/www.hexameron.fr\/\" target=\"_blank\" rel=\"noreferrer noopener\"><strong>leur site internet<\/strong><\/a><\/u> ainsi que sur ces vid\u00e9os :<\/p>\n\n\n\n<h2 class=\"wp-block-heading\">Vid\u00e9os&nbsp;:<\/h2>\n\n\n\n<p>Pr\u00e9sentation de leur disque PASTICCIO \u2013 PARIS 1801 :<\/p>\n\n\n\n<figure class=\"wp-block-embed is-type-video is-provider-youtube wp-block-embed-youtube wp-embed-aspect-16-9 wp-has-aspect-ratio\"><div class=\"wp-block-embed__wrapper\">\n<iframe loading=\"lazy\" title=\"Ensemble Hexam\u00e9ron, PASTICCIO - PARIS 1801 (Teaser)\" width=\"803\" height=\"452\" src=\"https:\/\/www.youtube.com\/embed\/G0mo6RUvfS8?feature=oembed\" frameborder=\"0\" allow=\"accelerometer; autoplay; clipboard-write; encrypted-media; gyroscope; picture-in-picture; web-share\" referrerpolicy=\"strict-origin-when-cross-origin\" allowfullscreen><\/iframe>\n<\/div><\/figure>\n\n\n\n<p><\/p>\n\n\n\n<p>Une \u00c9ro\u00efca de salon :<\/p>\n\n\n\n<figure class=\"wp-block-embed is-type-video is-provider-youtube wp-block-embed-youtube wp-embed-aspect-16-9 wp-has-aspect-ratio\"><div class=\"wp-block-embed__wrapper\">\n<iframe loading=\"lazy\" title=\"Une Eroica de Salon, Beethoven, Ensemble Hexameron, Luca Montebugnoli, piano Rosenberger 1820\" width=\"803\" height=\"452\" src=\"https:\/\/www.youtube.com\/embed\/eoY8DwpExag?feature=oembed\" frameborder=\"0\" allow=\"accelerometer; autoplay; clipboard-write; encrypted-media; gyroscope; picture-in-picture; web-share\" referrerpolicy=\"strict-origin-when-cross-origin\" allowfullscreen><\/iframe>\n<\/div><\/figure>\n\n\n\n<p class=\"has-large-font-size\"><\/p>\n\n\n\n<hr class=\"wp-block-separator has-alpha-channel-opacity is-style-wide\"\/>\n\n\n\n<p class=\"has-regular-font-size\">Il est fortement recommand\u00e9 de <strong>r\u00e9server en ligne<\/strong> en cliquant sur le bouton ci-dessous, ou en appelant le 06-73-18-23-30.<\/p>\n\n\n\n<div class=\"wp-block-buttons is-content-justification-center is-layout-flex wp-container-core-buttons-is-layout-16018d1d wp-block-buttons-is-layout-flex\">\n<div class=\"wp-block-button is-style-fill\"><a class=\"wp-block-button__link has-white-color has-vivid-cyan-blue-background-color has-text-color has-background has-large-font-size has-custom-font-size wp-element-button\" href=\"https:\/\/ritmy.fr\/essais\/reserver\/\">R\u00c9SERVER VOS BILLETS<\/a><\/div>\n<\/div>\n\n\n\n<p><\/p>\n\n\n\n<p class=\"has-black-color has-text-color has-background has-regular-font-size\" style=\"background-color:#cceef7\">Afin de fluidifier l&rsquo;accueil du public, l&rsquo;ouverture des portes se fera <strong>\u00e0 partir de 16 h 15.<\/strong><\/p>\n\n\n\n<hr class=\"wp-block-separator has-css-opacity is-style-wide\"\/>\n\n\n\n<div class=\"wp-block-columns is-layout-flex wp-container-core-columns-is-layout-9d6595d7 wp-block-columns-is-layout-flex\">\n<div class=\"wp-block-column is-layout-flow wp-block-column-is-layout-flow\">\n<p><\/p>\n\n\n\n<div style=\"height:41px\" aria-hidden=\"true\" class=\"wp-block-spacer\"><\/div>\n\n\n\n<p class=\"has-regular-font-size\">Pour vous rendre \u00e0 l\u2019\u00c9glise Saint-Jacques de Houdan :<\/p>\n<\/div>\n\n\n\n<div class=\"wp-block-column is-layout-flow wp-block-column-is-layout-flow\">\n<iframe src=\"https:\/\/www.google.com\/maps\/embed?pb=!1m18!1m12!1m3!1d2628.6029471589986!2d1.599184015835476!3d48.78947001351086!2m3!1f0!2f0!3f0!3m2!1i1024!2i768!4f13.1!3m3!1m2!1s0x47e6a5d576191281%3A0x46c984cd8961a2ec!2sEglise%20Saint-Jacques%20et%20Saint-Christophe!5e0!3m2!1sfr!2sfr!4v1650901454347!5m2!1sfr!2sfr\" style=\"border:0;\" allowfullscreen=\"\" loading=\"lazy\" referrerpolicy=\"no-referrer-when-downgrade\" width=\"600\" height=\"450\"><\/iframe>\n<\/div>\n<\/div>\n\n\n\n<hr class=\"wp-block-separator has-css-opacity is-style-dots\"\/>\n\n\n\n<div class=\"wp-block-media-text is-vertically-aligned-top\" style=\"grid-template-columns:25% auto\"><figure class=\"wp-block-media-text__media\"><img loading=\"lazy\" decoding=\"async\" width=\"1000\" height=\"855\" src=\"https:\/\/ritmy.fr\/essais\/wp-content\/uploads\/2022\/04\/Houdan-complet-1000x855.png\" alt=\"\" class=\"wp-image-27384 size-full\" srcset=\"https:\/\/ritmy.fr\/essais\/wp-content\/uploads\/2022\/04\/Houdan-complet-1000x855.png 1000w, https:\/\/ritmy.fr\/essais\/wp-content\/uploads\/2022\/04\/Houdan-complet-300x257.png 300w, https:\/\/ritmy.fr\/essais\/wp-content\/uploads\/2022\/04\/Houdan-complet-768x657.png 768w, https:\/\/ritmy.fr\/essais\/wp-content\/uploads\/2022\/04\/Houdan-complet-803x687.png 803w, https:\/\/ritmy.fr\/essais\/wp-content\/uploads\/2022\/04\/Houdan-complet.png 1065w\" sizes=\"auto, (max-width: 1000px) 100vw, 1000px\" \/><\/figure><div class=\"wp-block-media-text__content\">\n<p class=\"has-regular-font-size\">Concert organis\u00e9 conjointement par RITMY et l\u2019\u00c9cole de Musique de Houdan<\/p>\n<\/div><\/div>\n\n\n\n<div style=\"height:20px\" aria-hidden=\"true\" class=\"wp-block-spacer\"><\/div>\n\n\n\n<p><\/p>\n","protected":false},"excerpt":{"rendered":"<p>Weber et l\u2019\u00e2me romantique Dimanche 18 octobre 2026 \u00e0 17h \u00e0 l\u2019\u00e9glise Saint-Jacques L\u2019Ensemble Hexam\u00e9ron emprunte son nom \u00e0 une composition inspir\u00e9e par le succ\u00e8s retentissant des Puritains de Bellini en 1837 et compos\u00e9e par six virtuoses du piano (Liszt, Chopin, Thalberg, Pixis, Herz et Czerny) pour le c\u00e9l\u00e8bre salon parisien de la Princesse de &hellip; <\/p>\n<p><a class=\"more-link btn\" href=\"https:\/\/ritmy.fr\/essais\/concerts-2\/tout-sur-les-37es-saisons\/37-hexameron\/\">Lire la suite<\/a><\/p>\n","protected":false},"author":5,"featured_media":0,"parent":30861,"menu_order":0,"comment_status":"closed","ping_status":"closed","template":"","meta":{"footnotes":""},"class_list":["post-30904","page","type-page","status-publish","hentry","nodate","item-wrap"],"_links":{"self":[{"href":"https:\/\/ritmy.fr\/essais\/wp-json\/wp\/v2\/pages\/30904","targetHints":{"allow":["GET"]}}],"collection":[{"href":"https:\/\/ritmy.fr\/essais\/wp-json\/wp\/v2\/pages"}],"about":[{"href":"https:\/\/ritmy.fr\/essais\/wp-json\/wp\/v2\/types\/page"}],"author":[{"embeddable":true,"href":"https:\/\/ritmy.fr\/essais\/wp-json\/wp\/v2\/users\/5"}],"replies":[{"embeddable":true,"href":"https:\/\/ritmy.fr\/essais\/wp-json\/wp\/v2\/comments?post=30904"}],"version-history":[{"count":25,"href":"https:\/\/ritmy.fr\/essais\/wp-json\/wp\/v2\/pages\/30904\/revisions"}],"predecessor-version":[{"id":31140,"href":"https:\/\/ritmy.fr\/essais\/wp-json\/wp\/v2\/pages\/30904\/revisions\/31140"}],"up":[{"embeddable":true,"href":"https:\/\/ritmy.fr\/essais\/wp-json\/wp\/v2\/pages\/30861"}],"wp:attachment":[{"href":"https:\/\/ritmy.fr\/essais\/wp-json\/wp\/v2\/media?parent=30904"}],"curies":[{"name":"wp","href":"https:\/\/api.w.org\/{rel}","templated":true}]}}