{"id":30350,"date":"2025-05-12T22:13:34","date_gmt":"2025-05-12T21:13:34","guid":{"rendered":"https:\/\/ritmy.fr\/essais\/?page_id=30350"},"modified":"2026-04-13T18:04:31","modified_gmt":"2026-04-13T17:04:31","slug":"reserver","status":"publish","type":"page","link":"https:\/\/ritmy.fr\/essais\/reserver\/","title":{"rendered":"R\u00c9SERVER"},"content":{"rendered":"\n<script language=\"Javascript\">\n<!--\nfunction isMobileDevice() \n{ \nif (\/Mobil\/i.test(navigator.userAgent))\n  {\n  window.open(\"https:\/\/ritmy.fr\/essais\/reserver-mobile\/\", \"_top\");\n  }\n}\n\/\/-->\n<\/script>\n<script type=\"text\/javascript\">isMobileDevice()<\/script>\n\n\n\n<h3 class=\"wp-block-heading\"><span style=\"color: #ff0000;\">Pour&nbsp;les 36<sup>es<\/sup>  Saisons Musicales RITMY<\/span><\/h3>\n\n\n\n<p class=\"has-large-font-size\"><strong>Vous pouvez acheter vos places de concerts par internet ou en t\u00e9l\u00e9chargeant le <span style=\"text-decoration: underline;\"><a href=\"https:\/\/ritmy.fr\/essais\/wp-content\/uploads\/2025\/05\/coupon-de-reservation.pdf\"> <strong><em>coupon de r\u00e9servation<\/em><\/strong><\/a><\/span><\/strong><\/p>\n\n\n\n<p class=\"has-large-font-size\">Pour chacun de nos concerts, <strong>tous les billets<\/strong> (tarif normal, tarif jeune, groupe, tarif r\u00e9duit, billet gratuit enfant de -12 ans\u2026) peuvent s&rsquo;acqu\u00e9rir en ligne, en toute s\u00e9curit\u00e9 : Pas d&rsquo;envoi postal, disponibilit\u00e9 imm\u00e9diate (il suffit d&rsquo;imprimer votre titre d&rsquo;entr\u00e9e), et aucun frais ajout\u00e9.<\/p>\n\n\n\n<p class=\"has-text-color\" style=\"color:#0041a3;font-size:18px\"><\/p>\n\n\n\n<div style=\"height:18px\" aria-hidden=\"true\" class=\"wp-block-spacer\"><\/div>\n\n\n\n<h3 class=\"wp-block-heading has-vivid-cyan-blue-color has-text-color\"><strong>ACHAT EN LIGNE DE VOS BILLETS<\/strong><\/h3>\n\n\n\n<p class=\"has-large-font-size\">Choisissez le concert qui vous int\u00e9resse, cliquez sur le bouton&nbsp;<span style=\"color: #000080;\"><strong>R\u00c9SERVER VOS BILLETS<\/strong><\/span>, puis laissez-vous guider jusqu&rsquo;au paiement par Carte bancaire (en toute s\u00e9curit\u00e9, et sans aucun frais ajout\u00e9).<\/p>\n\n\n\n<p class=\"has-large-font-size\">D\u00e8s qu&rsquo;il est effectu\u00e9, vous disposez de vos billets \u00e0 imprimer, et vous recevez un courriel de confirmation de votre achat.<\/p>\n\n\n\n<p class=\"has-vivid-cyan-blue-color has-text-color has-link-color has-larger-font-size wp-elements-6bee3196091df1c6b51b75f544c176b4\"><strong>LES TARIFS<\/strong><\/p>\n\n\n\n<p class=\"has-large-font-size\">Normal : 23\u20ac &#8211;&nbsp;Jeune de 12 \u00e0 25 ans : 16\u20ac &#8211; R\u00e9duit (famille nombreuse et demandeur d&#8217;emploi) : 16\u20ac &#8211; Groupe (minimum de 10 personnes) : 20\u20ac &#8211; Gratuit pour les enfants de moins de 12 ans accompagn\u00e9s. Abonn\u00e9 d\u00e9sirant assister \u00e0 un ou plusieurs concert(s)&nbsp;suppl\u00e9mentaire(s) : 20\u20ac<\/p>\n\n\n\n<p class=\"has-large-font-size\">En raison de la perte de subventions dont nous b\u00e9n\u00e9ficiions auparavant, nous avons besoin de votre soutien financier pour continuer \u00e0 organiser pr\u00e8s de chez vous ces rendez-vous de grande qualit\u00e9. Le premier \u00e9l\u00e9ment de ce tableau de r\u00e9servation vous permet de nous apporter ce soutien par un don d\u00e9fiscalisable.<\/p>\n\n\n\n<a title=\"Logiciel billetterie en ligne\" href=\"https:\/\/www.weezevent.com\/widget_multi.php?6548.1.1.bo\" class=\"weezevent-widget-integration\" target=\"_blank\" data-src=\"https:\/\/www.weezevent.com\/widget_multi.php?6548.1.1.bo\" data-width=\"100%\" data-height=\"180\" data-id=\"multi\" data-resize=\"0\" data-npb=\"0\" rel=\"noopener noreferrer\">Billetterie Weezevent<\/a><script type=\"text\/javascript\" src=\"https:\/\/www.weezevent.com\/js\/widget\/min\/widget.min.js\"><\/script>\n\n\n\n<p class=\"has-large-font-size\"><strong>Mais un conseil, souscrivez un ABONNEMENT.<\/strong><\/p>\n\n\n\n<p class=\"has-vivid-cyan-blue-color has-text-color has-link-color has-larger-font-size wp-elements-2cd125618bf08dd70711582198a754bf\"><strong>L&rsquo;ABONNEMENT<\/strong><\/p>\n\n\n\n<p class=\"has-black-color has-text-color has-large-font-size\"><strong>Avec un abonnement, \u00e0 partir de 3 concerts, chaque place revient vraiment moins cher.<\/strong><\/p>\n\n\n\n<p class=\"has-large-font-size\">De 3 \u00e0 5 concerts, <span style=\"text-decoration: underline;\">c&rsquo;est 20 \u20ac par concert<\/span> (au lieu de 23 \u20ac), et pour le PASS 6 concerts c&rsquo;est <span style=\"text-decoration: underline;\">seulement 18 \u20ac par concert<\/span>.&nbsp;<\/p>\n\n\n\n<p class=\"has-large-font-size\">De plus, pour remercier nos abonn\u00e9s de leur fid\u00e9lit\u00e9, des PLACES SP\u00c9CIFIQUES leur sont r\u00e9serv\u00e9es \u00e0 chaque concert, et d&rsquo;autres AVANTAGES leur sont offerts :<\/p>\n\n\n\n<ul class=\"wp-block-list\">\n<li class=\"has-large-font-size\">Des tarifs pr\u00e9f\u00e9rentiels, et des places r\u00e9serv\u00e9es \u00e0 chaque concert<\/li>\n\n\n\n<li class=\"has-large-font-size\">Une information mensuelle sur nos concerts<\/li>\n\n\n\n<li class=\"has-large-font-size\">La possibilit\u00e9 de d\u00e9couvrir en avant premi\u00e8re la prochaine Saison Musicale (lors de l\u2019AG)<\/li>\n<\/ul>\n\n\n\n<p><\/p>\n\n\n\n<p class=\"has-black-color has-text-color has-link-color has-large-font-size wp-elements-387d78d957bd49b971b6fe9c96372a48\"><strong>Pour r\u00e9server et payer votre abonnement, c&rsquo;est simple :<\/strong><\/p>\n\n\n\n<p class=\"has-large-font-size\">Il suffit de&nbsp;t\u00e9l\u00e9charger le &lsquo;Coupon de R\u00e9servation&rsquo;&nbsp;ci-dessous :<\/p>\n\n\n\n<div class=\"wp-block-buttons is-horizontal is-content-justification-center is-layout-flex wp-container-core-buttons-is-layout-499968f5 wp-block-buttons-is-layout-flex\">\n<div class=\"wp-block-button has-custom-width wp-block-button__width-25 is-style-fill\"><a class=\"wp-block-button__link wp-element-button\" href=\"https:\/\/ritmy.fr\/essais\/wp-content\/uploads\/2025\/05\/coupon-de-reservation.pdf\" style=\"border-radius:7px\">COUPON de R<strong>\u00c9<\/strong>SERVATION<\/a><\/div>\n<\/div>\n\n\n\n<p><\/p>\n\n\n\n<p class=\"has-large-font-size\">Ensuite, vous compl\u00e9tez la 1\u00e8re page&nbsp;(sans oublier de citer les enfants de moins de 12 ans, si vous voulez qu&rsquo;ils vous accompagnent gratuitement)<em style=\"color: #333333; font-family: 'Pontano Sans', arial, sans-serif; font-size: 18px;\"><em>, <\/em><\/em>et vous l&rsquo;<strong>envoyez avec votre ch\u00e8que<\/strong> \u00e0 l&rsquo;adresse postale de RITMY&nbsp;:<\/p>\n\n\n\n<p class=\"has-text-align-center has-very-dark-gray-color has-text-color has-large-font-size\" style=\"line-height:1.3\"><strong>RITMY Abonnements<br><strong>19 rue des&nbsp;ch\u00e2taigniers<\/strong><br><strong>78940 LA QUEUE LEZ YVELINES<\/strong><\/strong><\/p>\n\n\n\n<p class=\"has-large-font-size\"><em>Vous recevrez vos places par courrier, quelques jours apr\u00e8s.<\/em><\/p>\n\n\n\n<p class=\"has-large-font-size\"><span style=\"text-decoration: underline;\">Remarques : <\/span><\/p>\n\n\n\n<p class=\"has-large-font-size\">Ce &lsquo;Coupon&nbsp;de R\u00e9servation&rsquo; (pages 1 et 2) peut aussi \u00eatre utilis\u00e9 pour la <strong>r\u00e9servation par courrier de seulement 1 ou 2 concerts<\/strong>, avec les diff\u00e9rents tarifs propos\u00e9s (r\u00e9duit, groupe&#8230;).<\/p>\n\n\n\n<p class=\"has-large-font-size\">Il figure aussi&nbsp;dans le Programme&nbsp;des 36<sup>es<\/sup> Saisons Musicales, que vous avez peut-\u00eatre re\u00e7u par courrier, ou que vous trouverez chez les commer\u00e7ants de votre commune, offices de tourisme&#8230;<\/p>\n\n\n\n<hr class=\"wp-block-separator has-css-opacity is-style-wide\"\/>\n\n\n\n<p class=\"has-large-font-size\"><strong><span style=\"text-decoration: underline;\">Conditions g\u00e9n\u00e9rales de vente<\/span><\/strong><\/p>\n\n\n\n<p class=\"has-large-font-size\">Toute r\u00e9servation n&rsquo;est effective qu&rsquo;apr\u00e8s son r\u00e8glement. Les billets ne sont ni \u00e9chang\u00e9s ni rembours\u00e9s, sauf en cas d&rsquo;annulation par Ritmy. Les distributions artistiques et les programmes ne sont pas contractuels. En cas de force majeure, Ritmy se r\u00e9serve le droit de les modifier, sans que cela puisse entra\u00eener le remboursement des places.<\/p>\n\n\n\n<p class=\"has-large-font-size\">Les places ne sont pas num\u00e9rot\u00e9es. Seuls les abonn\u00e9s b\u00e9n\u00e9ficient de places r\u00e9serv\u00e9es.<\/p>\n\n\n\n<p class=\"has-large-font-size\"><strong>L&rsquo;ouverture des portes a lieu 45 mn  avant le concert.<\/strong><\/p>\n\n\n\n<p class=\"has-large-font-size\">Merci de nous signaler \u00e0 l&rsquo;avance la venue de personnes \u00e0 mobilit\u00e9 r\u00e9duite afin de les accueillir dans les meilleures conditions.<\/p>\n\n\n\n<hr class=\"wp-block-separator has-text-color has-black-color has-css-opacity has-black-background-color has-background aligncenter is-style-wide\"\/>\n\n\n\n<p class=\"has-large-font-size\"><strong>Si vous rencontrez une difficult\u00e9 pendant cette r\u00e9servation, n\u2019h\u00e9sitez pas \u00e0 nous contacter :<\/strong><\/p>\n\n\n\n<ul class=\"wp-block-list\">\n<li class=\"has-large-font-size\">par courriel :&nbsp;<a href=\"mailto:contact.ritmy@gmail.com\"><em>contact.ritmy@gmail.com<\/em><\/a><\/li>\n\n\n\n<li class=\"has-large-font-size\">ou en appelant le :&nbsp;06-48-69-21-89<\/li>\n<\/ul>\n","protected":false},"excerpt":{"rendered":"<p>Pour&nbsp;les 36es Saisons Musicales RITMY Vous pouvez acheter vos places de concerts par internet ou en t\u00e9l\u00e9chargeant le coupon de r\u00e9servation Pour chacun de nos concerts, tous les billets (tarif normal, tarif jeune, groupe, tarif r\u00e9duit, billet gratuit enfant de -12 ans\u2026) peuvent s&rsquo;acqu\u00e9rir en ligne, en toute s\u00e9curit\u00e9 : Pas d&rsquo;envoi postal, disponibilit\u00e9 imm\u00e9diate &hellip; <\/p>\n<p><a class=\"more-link btn\" href=\"https:\/\/ritmy.fr\/essais\/reserver\/\">Lire la suite<\/a><\/p>\n","protected":false},"author":5,"featured_media":0,"parent":0,"menu_order":2,"comment_status":"closed","ping_status":"closed","template":"","meta":{"footnotes":""},"class_list":["post-30350","page","type-page","status-publish","hentry","nodate","item-wrap"],"_links":{"self":[{"href":"https:\/\/ritmy.fr\/essais\/wp-json\/wp\/v2\/pages\/30350","targetHints":{"allow":["GET"]}}],"collection":[{"href":"https:\/\/ritmy.fr\/essais\/wp-json\/wp\/v2\/pages"}],"about":[{"href":"https:\/\/ritmy.fr\/essais\/wp-json\/wp\/v2\/types\/page"}],"author":[{"embeddable":true,"href":"https:\/\/ritmy.fr\/essais\/wp-json\/wp\/v2\/users\/5"}],"replies":[{"embeddable":true,"href":"https:\/\/ritmy.fr\/essais\/wp-json\/wp\/v2\/comments?post=30350"}],"version-history":[{"count":38,"href":"https:\/\/ritmy.fr\/essais\/wp-json\/wp\/v2\/pages\/30350\/revisions"}],"predecessor-version":[{"id":30952,"href":"https:\/\/ritmy.fr\/essais\/wp-json\/wp\/v2\/pages\/30350\/revisions\/30952"}],"wp:attachment":[{"href":"https:\/\/ritmy.fr\/essais\/wp-json\/wp\/v2\/media?parent=30350"}],"curies":[{"name":"wp","href":"https:\/\/api.w.org\/{rel}","templated":true}]}}