{"id":30057,"date":"2025-04-30T15:28:05","date_gmt":"2025-04-30T14:28:05","guid":{"rendered":"https:\/\/ritmy.fr\/essais\/?page_id=30057"},"modified":"2025-12-08T13:15:08","modified_gmt":"2025-12-08T12:15:08","slug":"dimitri-weissenberg-a-mere","status":"publish","type":"page","link":"https:\/\/ritmy.fr\/essais\/concerts-2\/tout-sur-les-36es-saisons\/dimitri-weissenberg-a-mere\/","title":{"rendered":"Dimitri WEISSENBERG \u00e0 M\u00e9r\u00e9"},"content":{"rendered":"\n<script language=\"Javascript\">\n<!--\nfunction isMobileDevice() \n{ \nif (\/Mobil\/i.test(navigator.userAgent))\n  {\n  window.open(\"https:\/\/ritmy.fr\/essais\/36-mere-mobile\/\", \"_top\");\n  }\n}\n\/\/-->\n<\/script>\n<script type=\"text\/javascript\">isMobileDevice()<\/script>\n\n\n\n<p class=\"has-vivid-cyan-blue-color has-text-color has-link-color has-larger-font-size wp-elements-946a17b8b8488e612021d73682e97138\"><strong>Le dimanche 15 mars 2026 \u00e0 17h<\/strong> <strong>\u00e0 l\u2019\u00e9glise Saint-Denis<\/strong><\/p>\n\n\n\n<p class=\"has-text-align-center has-larger-font-size\"><strong><em>R\u00e9cital de piano<\/em><\/strong><\/p>\n\n\n<div class=\"wp-block-image\">\n<figure class=\"aligncenter size-full is-resized\"><img loading=\"lazy\" decoding=\"async\" width=\"2560\" height=\"1920\" src=\"https:\/\/ritmy.fr\/essais\/wp-content\/uploads\/2025\/04\/weissenberg-1.jpg\" alt=\"\" class=\"wp-image-30061\" style=\"width:838px;height:auto\" srcset=\"https:\/\/ritmy.fr\/essais\/wp-content\/uploads\/2025\/04\/weissenberg-1.jpg 2560w, https:\/\/ritmy.fr\/essais\/wp-content\/uploads\/2025\/04\/weissenberg-1-300x225.jpg 300w, https:\/\/ritmy.fr\/essais\/wp-content\/uploads\/2025\/04\/weissenberg-1-1000x750.jpg 1000w, https:\/\/ritmy.fr\/essais\/wp-content\/uploads\/2025\/04\/weissenberg-1-768x576.jpg 768w, https:\/\/ritmy.fr\/essais\/wp-content\/uploads\/2025\/04\/weissenberg-1-1536x1152.jpg 1536w, https:\/\/ritmy.fr\/essais\/wp-content\/uploads\/2025\/04\/weissenberg-1-2048x1536.jpg 2048w, https:\/\/ritmy.fr\/essais\/wp-content\/uploads\/2025\/04\/weissenberg-1-335x250.jpg 335w, https:\/\/ritmy.fr\/essais\/wp-content\/uploads\/2025\/04\/weissenberg-1-803x602.jpg 803w\" sizes=\"auto, (max-width: 2560px) 100vw, 2560px\" \/><\/figure><\/div>\n\n\n<p><\/p>\n\n\n\n<p class=\"has-large-font-size\">Dimitri Weissenberg est n\u00e9 en 2001 \u00e0 Saint Malo. Il entre au Conservatoire de Saint-Malo en 2009 dans la classe d\u2019Agn\u00e8s Dubois-Chauvet, o\u00f9 il fait toutes ses \u00e9tudes musicales jusqu\u2019au DEM.<\/p>\n\n\n\n<p class=\"has-large-font-size\">Ses progr\u00e8s rapides et remarqu\u00e9s lui permettent de jouer avec orchestre d\u00e8s avril 2012 le 3\u00e8me concerto de Kabalevsky, en 2014 le concerto pour piano n\u00b02 de Chostakovitch et en 2017 le concerto pour piano de Grieg dans le cadre du festival Classique au Large.<\/p>\n\n\n\n<p class=\"has-large-font-size\">D\u00e8s ses 13 ans, il remporte le premier prix \u00e0 plusieurs concours, dont le Concours de Piano Steinway et le Concours national de piano de Mayenne en 2015, qui lui permettent de participer \u00e0 de nombreux r\u00e9citals et \u00e9v\u00e9nements musicaux.<\/p>\n\n\n<div class=\"wp-block-image\">\n<figure class=\"aligncenter size-full\"><img loading=\"lazy\" decoding=\"async\" width=\"1000\" height=\"609\" src=\"https:\/\/ritmy.fr\/essais\/wp-content\/uploads\/2025\/04\/weissenberg-2.jpg\" alt=\"\" class=\"wp-image-30062\" srcset=\"https:\/\/ritmy.fr\/essais\/wp-content\/uploads\/2025\/04\/weissenberg-2.jpg 1000w, https:\/\/ritmy.fr\/essais\/wp-content\/uploads\/2025\/04\/weissenberg-2-300x183.jpg 300w, https:\/\/ritmy.fr\/essais\/wp-content\/uploads\/2025\/04\/weissenberg-2-768x468.jpg 768w, https:\/\/ritmy.fr\/essais\/wp-content\/uploads\/2025\/04\/weissenberg-2-803x489.jpg 803w\" sizes=\"auto, (max-width: 1000px) 100vw, 1000px\" \/><\/figure><\/div>\n\n\n<p><\/p>\n\n\n\n<p class=\"has-large-font-size\">Apr\u00e8s un an d\u2019\u00e9tudes au CRR de Rueil-Malmaison dans la classe de Rena Shereshevskaya, il est admis en 2019 \u00e0 l\u2019unanimit\u00e9\u0301 au Conservatoire National Sup\u00e9rieur de Musique et de Danse de Paris, dans les classes de Marie-Jos\u00e8phe Jude puis de Florent Boffard.<\/p>\n\n\n\n<div class=\"wp-block-media-text is-stacked-on-mobile is-image-fill-element\"><figure class=\"wp-block-media-text__media\"><img loading=\"lazy\" decoding=\"async\" width=\"809\" height=\"920\" src=\"https:\/\/ritmy.fr\/essais\/wp-content\/uploads\/2025\/04\/weissenberg-3a.jpg\" alt=\"\" class=\"wp-image-30063 size-full\" style=\"object-position:49% 12%\" srcset=\"https:\/\/ritmy.fr\/essais\/wp-content\/uploads\/2025\/04\/weissenberg-3a.jpg 809w, https:\/\/ritmy.fr\/essais\/wp-content\/uploads\/2025\/04\/weissenberg-3a-264x300.jpg 264w, https:\/\/ritmy.fr\/essais\/wp-content\/uploads\/2025\/04\/weissenberg-3a-768x873.jpg 768w, https:\/\/ritmy.fr\/essais\/wp-content\/uploads\/2025\/04\/weissenberg-3a-803x913.jpg 803w\" sizes=\"auto, (max-width: 809px) 100vw, 809px\" \/><\/figure><div class=\"wp-block-media-text__content\">\n<p class=\"has-large-font-size\">Dimitri obtient son DNSPM en 2022 et son Master en 2024 avec mention tr\u00e8s bien \u00e0 l\u2019unanimit\u00e9\u0301. Il obtient la m\u00eame ann\u00e9e sa licence de math\u00e9matiques \u00e0 Sorbonne Universit\u00e9\u0301 o\u00f9 il poursuit \u00e9galement ses \u00e9tudes en philosophie. Il poursuit actuellement sa formation musicale \u00e0 l\u2019Ecole Normale de Musique de Paris en Perfectionnement dans la classe de Rena Shereshevskaya.<\/p>\n<\/div><\/div>\n\n\n\n<p class=\"has-large-font-size\">Attir\u00e9 par la musique contemporaine, Dimitri participe \u00e0 plusieurs cr\u00e9ations et travaille avec plusieurs compositeurs, dont Camille P\u00e9pin et Fabien Cali, et est invit\u00e9 \u00e0 se produire \u00e0 de nombreux r\u00e9citals et festivals, dont les Sommets Musicaux de Gstaad en Suisse, L\u2019esprit du piano \u00e0 Bordeaux, ou le festival Classique au Large \u00e0 Saint-Malo.<\/p>\n\n\n\n<p class=\"has-black-color has-text-color has-link-color has-large-font-size wp-elements-a88f641ab612189443c9194d7259387b\"><a><strong>PROGRAMME&nbsp;:<\/strong><\/a><\/p>\n\n\n\n<figure class=\"wp-block-table is-style-regular has-large-font-size\"><table class=\"has-pale-ocean-gradient-background has-background\"><tbody><tr><td class=\"has-text-align-left\" data-align=\"left\"> <strong>El Albaic\u00edn<\/strong><br><em>Isaac Alb\u00e9niz<\/em><br>(extrait d\u2019\u00a0\u00bbIberia\u00a0\u00bb, Livre III)<br><br><strong>Sonate n\u00b02, op. 35, en si b\u00e9mol mineur<\/strong><br><em>Fr\u00e9d\u00e9ric Chopi<\/em>n <br><br><strong>Sonate pour piano n\u00b07 en r\u00e9 majeur, Op. 10 n\u00b03<\/strong><br><em>Ludwig van Beethoven<\/em><br><br><strong>Trois mouvements de P\u00e9trouchka<\/strong><br><em>Igor Stravinsky<\/em><br>(transcription pour piano)<\/td><\/tr><\/tbody><\/table><\/figure>\n\n\n\n<p class=\"has-large-font-size\">D\u00e9couvrez Dimitri WEISSENBERG sur <u><a href=\"https:\/\/dimitriweissenberg.com\/\" target=\"_blank\" rel=\"noreferrer noopener\">son site internet<\/a><\/u> ainsi que sur ces vid\u00e9os :<\/p>\n\n\n\n<figure class=\"wp-block-embed is-type-video is-provider-youtube wp-block-embed-youtube wp-embed-aspect-16-9 wp-has-aspect-ratio\"><div class=\"wp-block-embed__wrapper\">\n<iframe loading=\"lazy\" title=\"Rodion Chtchedrine ,baxo ostinato\" width=\"803\" height=\"452\" src=\"https:\/\/www.youtube.com\/embed\/At-8RsXTEQQ?feature=oembed\" frameborder=\"0\" allow=\"accelerometer; autoplay; clipboard-write; encrypted-media; gyroscope; picture-in-picture; web-share\" referrerpolicy=\"strict-origin-when-cross-origin\" allowfullscreen><\/iframe>\n<\/div><\/figure>\n\n\n\n<figure class=\"wp-block-embed is-type-video is-provider-youtube wp-block-embed-youtube wp-embed-aspect-16-9 wp-has-aspect-ratio\"><div class=\"wp-block-embed__wrapper\">\n<iframe loading=\"lazy\" title=\"Camille P\u00e9pin - Iridescence-glace (2023) \/\/ Dimitri Weissenberg\" width=\"803\" height=\"452\" src=\"https:\/\/www.youtube.com\/embed\/5MDtlAbBvyA?feature=oembed\" frameborder=\"0\" allow=\"accelerometer; autoplay; clipboard-write; encrypted-media; gyroscope; picture-in-picture; web-share\" referrerpolicy=\"strict-origin-when-cross-origin\" allowfullscreen><\/iframe>\n<\/div><\/figure>\n\n\n\n<hr class=\"wp-block-separator has-alpha-channel-opacity is-style-wide\"\/>\n\n\n\n<p class=\"has-large-font-size\">Il est fortement recommand\u00e9 de <strong>r\u00e9server en ligne<\/strong> en cliquant sur le bouton ci-dessous, ou en appelant le 06-60-42-19-43.<\/p>\n\n\n\n<div class=\"wp-block-buttons is-content-justification-center is-layout-flex wp-container-core-buttons-is-layout-16018d1d wp-block-buttons-is-layout-flex\">\n<div class=\"wp-block-button is-style-fill\"><a class=\"wp-block-button__link has-white-color has-vivid-cyan-blue-background-color has-text-color has-background has-large-font-size has-custom-font-size wp-element-button\" href=\"https:\/\/ritmy.fr\/essais\/reserver\/\">R\u00c9SERVER VOS BILLETS<\/a><\/div>\n<\/div>\n\n\n\n<p><\/p>\n\n\n\n<p class=\"has-background has-large-font-size\" style=\"background-color:#cceef7\">Afin de fluidifier l&rsquo;accueil du public, l&rsquo;ouverture des portes se fera <strong>\u00e0 partir de 16 h 15.<\/strong><\/p>\n\n\n\n<hr class=\"wp-block-separator has-alpha-channel-opacity\" id=\"block-369b94bd-8c00-4ebb-9a9a-f8bf9534001f\"\/>\n\n\n\n<div class=\"wp-block-columns is-layout-flex wp-container-core-columns-is-layout-9d6595d7 wp-block-columns-is-layout-flex\">\n<div class=\"wp-block-column is-layout-flow wp-block-column-is-layout-flow\">\n<p><\/p>\n\n\n\n<div style=\"height:41px\" aria-hidden=\"true\" class=\"wp-block-spacer\"><\/div>\n\n\n\n<p class=\"has-large-font-size\">Pour vous rendre \u00e0 l&rsquo;\u00e9glise Saint-Denis de M\u00e9r\u00e9 :<\/p>\n<\/div>\n\n\n\n<div class=\"wp-block-column is-layout-flow wp-block-column-is-layout-flow\">\n<iframe src=\"https:\/\/www.google.com\/maps\/embed?pb=!1m18!1m12!1m3!1d3156.291134090871!2d1.8181665225308112!3d48.787899603288636!2m3!1f0!2f0!3f0!3m2!1i1024!2i768!4f13.1!3m3!1m2!1s0x47e699539a67fc5b%3A0x9eb5f97c1ec54ad0!2sEglise%20Saint%20Denis!5e0!3m2!1sfr!2sfr!4v1650898254699!5m2!1sfr!2sfr\" style=\"border:0;\" allowfullscreen=\"\" loading=\"lazy\" referrerpolicy=\"no-referrer-when-downgrade\" width=\"600\" height=\"450\"><\/iframe>\n<\/div>\n<\/div>\n\n\n\n<hr class=\"wp-block-separator has-css-opacity is-style-dots\"\/>\n\n\n\n<div class=\"wp-block-media-text is-vertically-aligned-top\" style=\"grid-template-columns:27% auto\"><figure class=\"wp-block-media-text__media\"><img loading=\"lazy\" decoding=\"async\" width=\"599\" height=\"308\" src=\"https:\/\/ritmy.fr\/essais\/wp-content\/uploads\/2022\/04\/ASCL.png\" alt=\"\" class=\"wp-image-27365 size-full\" srcset=\"https:\/\/ritmy.fr\/essais\/wp-content\/uploads\/2022\/04\/ASCL.png 599w, https:\/\/ritmy.fr\/essais\/wp-content\/uploads\/2022\/04\/ASCL-300x154.png 300w\" sizes=\"auto, (max-width: 599px) 100vw, 599px\" \/><\/figure><div class=\"wp-block-media-text__content\">\n<p class=\"has-large-font-size\">Concert organis\u00e9 conjointement par RITMY et l\u2019ASCL de M\u00c9R\u00c9<\/p>\n<\/div><\/div>\n\n\n\n<div class=\"wp-block-media-text is-vertically-aligned-top\" style=\"grid-template-columns:28% auto\"><figure class=\"wp-block-media-text__media\"><img loading=\"lazy\" decoding=\"async\" width=\"1000\" height=\"500\" src=\"https:\/\/ritmy.fr\/essais\/wp-content\/uploads\/2018\/09\/SPEDIDAM-ENCADRE-r\u00e9duit-1000x500.jpg\" alt=\"\" class=\"wp-image-18150 size-full\" srcset=\"https:\/\/ritmy.fr\/essais\/wp-content\/uploads\/2018\/09\/SPEDIDAM-ENCADRE-r\u00e9duit-1000x500.jpg 1000w, https:\/\/ritmy.fr\/essais\/wp-content\/uploads\/2018\/09\/SPEDIDAM-ENCADRE-r\u00e9duit-300x150.jpg 300w, https:\/\/ritmy.fr\/essais\/wp-content\/uploads\/2018\/09\/SPEDIDAM-ENCADRE-r\u00e9duit-768x384.jpg 768w, https:\/\/ritmy.fr\/essais\/wp-content\/uploads\/2018\/09\/SPEDIDAM-ENCADRE-r\u00e9duit.jpg 1100w\" sizes=\"auto, (max-width: 1000px) 100vw, 1000px\" \/><\/figure><div class=\"wp-block-media-text__content\">\n<p class=\"has-large-font-size\">RITMY b\u00e9n\u00e9ficie du soutien de la SPEDIDAM.<\/p>\n<\/div><\/div>\n","protected":false},"excerpt":{"rendered":"<p>Le dimanche 15 mars 2026 \u00e0 17h \u00e0 l\u2019\u00e9glise Saint-Denis R\u00e9cital de piano Dimitri Weissenberg est n\u00e9 en 2001 \u00e0 Saint Malo. Il entre au Conservatoire de Saint-Malo en 2009 dans la classe d\u2019Agn\u00e8s Dubois-Chauvet, o\u00f9 il fait toutes ses \u00e9tudes musicales jusqu\u2019au DEM. Ses progr\u00e8s rapides et remarqu\u00e9s lui permettent de jouer avec orchestre &hellip; <\/p>\n<p><a class=\"more-link btn\" href=\"https:\/\/ritmy.fr\/essais\/concerts-2\/tout-sur-les-36es-saisons\/dimitri-weissenberg-a-mere\/\">Lire la suite<\/a><\/p>\n","protected":false},"author":5,"featured_media":30062,"parent":29949,"menu_order":5,"comment_status":"closed","ping_status":"closed","template":"","meta":{"footnotes":""},"class_list":["post-30057","page","type-page","status-publish","has-post-thumbnail","hentry","nodate","item-wrap"],"_links":{"self":[{"href":"https:\/\/ritmy.fr\/essais\/wp-json\/wp\/v2\/pages\/30057","targetHints":{"allow":["GET"]}}],"collection":[{"href":"https:\/\/ritmy.fr\/essais\/wp-json\/wp\/v2\/pages"}],"about":[{"href":"https:\/\/ritmy.fr\/essais\/wp-json\/wp\/v2\/types\/page"}],"author":[{"embeddable":true,"href":"https:\/\/ritmy.fr\/essais\/wp-json\/wp\/v2\/users\/5"}],"replies":[{"embeddable":true,"href":"https:\/\/ritmy.fr\/essais\/wp-json\/wp\/v2\/comments?post=30057"}],"version-history":[{"count":9,"href":"https:\/\/ritmy.fr\/essais\/wp-json\/wp\/v2\/pages\/30057\/revisions"}],"predecessor-version":[{"id":30657,"href":"https:\/\/ritmy.fr\/essais\/wp-json\/wp\/v2\/pages\/30057\/revisions\/30657"}],"up":[{"embeddable":true,"href":"https:\/\/ritmy.fr\/essais\/wp-json\/wp\/v2\/pages\/29949"}],"wp:featuredmedia":[{"embeddable":true,"href":"https:\/\/ritmy.fr\/essais\/wp-json\/wp\/v2\/media\/30062"}],"wp:attachment":[{"href":"https:\/\/ritmy.fr\/essais\/wp-json\/wp\/v2\/media?parent=30057"}],"curies":[{"name":"wp","href":"https:\/\/api.w.org\/{rel}","templated":true}]}}