{"id":30033,"date":"2025-04-30T15:06:16","date_gmt":"2025-04-30T14:06:16","guid":{"rendered":"https:\/\/ritmy.fr\/essais\/?page_id=30033"},"modified":"2026-01-15T11:57:56","modified_gmt":"2026-01-15T10:57:56","slug":"daniel-isoir-et-la-petite-symphonie-a-orgerus","status":"publish","type":"page","link":"https:\/\/ritmy.fr\/essais\/concerts-2\/tout-sur-les-36es-saisons\/daniel-isoir-et-la-petite-symphonie-a-orgerus\/","title":{"rendered":"Daniel ISOIR et la Petite Symphonie \u00e0 Orgerus"},"content":{"rendered":"\n<script language=\"Javascript\">\n<!--\nfunction isMobileDevice() \n{ \nif (\/Mobil\/i.test(navigator.userAgent))\n  {\n  window.open(\"https:\/\/ritmy.fr\/essais\/36-orgerus-mobile\/\", \"_top\");\n  }\n}\n\/\/-->\n<\/script>\n<script type=\"text\/javascript\">isMobileDevice()<\/script>\n\n\n\n<p class=\"has-vivid-cyan-blue-color has-text-color has-link-color has-larger-font-size wp-elements-dddf1cc500dbb9cea0ecd16a47246cc3\"><strong>Le dimanche 18 janvier 2026 \u00e0 17h<\/strong> <strong>\u00e0 la salle du Pr\u00e9 Romain<\/strong><\/p>\n\n\n\n<p class=\"has-large-font-size\">Ensemble \u00e0 g\u00e9om\u00e9trie variable, cr\u00e9\u00e9 et dirig\u00e9 par Daniel ISOIR, \u2018La PETITE SYMPHONIE\u2019 est compos\u00e9e de musiciens habit\u00e9s par la m\u00eame passion du jeu sur instruments d\u2019\u00e9poque, dont le pianoforte.<\/p>\n\n\n<div class=\"wp-block-image\">\n<figure class=\"aligncenter size-full\"><img loading=\"lazy\" decoding=\"async\" width=\"1898\" height=\"654\" src=\"https:\/\/ritmy.fr\/essais\/wp-content\/uploads\/2025\/04\/isoir-1.png\" alt=\"\" class=\"wp-image-30038\" srcset=\"https:\/\/ritmy.fr\/essais\/wp-content\/uploads\/2025\/04\/isoir-1.png 1898w, https:\/\/ritmy.fr\/essais\/wp-content\/uploads\/2025\/04\/isoir-1-300x103.png 300w, https:\/\/ritmy.fr\/essais\/wp-content\/uploads\/2025\/04\/isoir-1-1000x345.png 1000w, https:\/\/ritmy.fr\/essais\/wp-content\/uploads\/2025\/04\/isoir-1-768x265.png 768w, https:\/\/ritmy.fr\/essais\/wp-content\/uploads\/2025\/04\/isoir-1-1536x529.png 1536w, https:\/\/ritmy.fr\/essais\/wp-content\/uploads\/2025\/04\/isoir-1-803x277.png 803w\" sizes=\"auto, (max-width: 1898px) 100vw, 1898px\" \/><\/figure><\/div>\n\n\n<p><\/p>\n\n\n\n<p class=\"has-large-font-size\">La Petite Symphonie est un ensemble symphonique en petit effectif, orchestre compos\u00e9 de solistes sp\u00e9cialistes du jeu sur instruments anciens. Ils collaborent \u00e9galement avec des ensembles de musiques baroques ou anciennes renomm\u00e9s, comme \u2018Le Cercle de l\u2019Harmonie\u2019 (J\u00e9r\u00e9mie Rhorer), le \u2018Collegium Vocale\u2019 (Philippe Herreweghe), le \u2018Concert d\u2019Astr\u00e9e\u2019 (Emmanuelle Ha\u00efm), \u2018Les Talens Lyriques\u2019 (Christophe Rousset) ou \u2018Le concert Spirituel\u2019 (Herv\u00e9 Niquet) \u2026 que ce soit sur sc\u00e8ne, ou pour des enregistrements.<\/p>\n\n\n\n<p class=\"has-large-font-size\">Le r\u00e9pertoire est tr\u00e8s vaste : des symphonies, concertos et \u0153uvres de musique de chambre de Haydn, Mozart, Joseph Martin Kraus, Franz Beck, Wilhelm Friedmann ou Carl Philip Emanuel Bach, entre autres. Le pianoforte ayant continu\u00e9 son \u00e9volution au 19\u00e8me si\u00e8cle, sous l\u2019influence de facteurs comme Graf, \u00e0 Vienne, ou Pleyel et \u00c9rard en France, La Petite Symphonie propose aussi des programmes de musique de chambre romantique, autour d\u2019\u0153uvres de Beethoven, Schumann, Schubert&#8230;<\/p>\n\n\n<div class=\"wp-block-image\">\n<figure class=\"aligncenter size-full is-resized\"><img loading=\"lazy\" decoding=\"async\" width=\"804\" height=\"767\" src=\"https:\/\/ritmy.fr\/essais\/wp-content\/uploads\/2026\/01\/trio-new.png\" alt=\"\" class=\"wp-image-30702\" style=\"width:565px;height:auto\" srcset=\"https:\/\/ritmy.fr\/essais\/wp-content\/uploads\/2026\/01\/trio-new.png 804w, https:\/\/ritmy.fr\/essais\/wp-content\/uploads\/2026\/01\/trio-new-300x286.png 300w, https:\/\/ritmy.fr\/essais\/wp-content\/uploads\/2026\/01\/trio-new-768x733.png 768w\" sizes=\"auto, (max-width: 804px) 100vw, 804px\" \/><\/figure><\/div>\n\n\n<p class=\"has-large-font-size\">Ce soir ils seront trois pour nous interpr\u00e9ter des trios pour violon, violoncelle et piano de Haydn et Beethoven, avec <strong>Daniel Isoir<\/strong> au Pianoforte, <strong>Marieke Bouche<\/strong> au violon et <strong>Gauthier Broutin<\/strong> au violoncelle.<\/p>\n\n\n\n<p><\/p>\n\n\n\n<p class=\"has-larger-font-size\"><strong>Daniel ISOIR<\/strong><\/p>\n\n\n\n<div class=\"wp-block-media-text is-stacked-on-mobile is-image-fill-element\" style=\"grid-template-columns:27% auto\"><figure class=\"wp-block-media-text__media\"><img loading=\"lazy\" decoding=\"async\" width=\"427\" height=\"640\" src=\"https:\/\/ritmy.fr\/essais\/wp-content\/uploads\/2025\/04\/isoir-2.jpg\" alt=\"\" class=\"wp-image-30036 size-full\" style=\"object-position:46% 48%\" srcset=\"https:\/\/ritmy.fr\/essais\/wp-content\/uploads\/2025\/04\/isoir-2.jpg 427w, https:\/\/ritmy.fr\/essais\/wp-content\/uploads\/2025\/04\/isoir-2-200x300.jpg 200w\" sizes=\"auto, (max-width: 427px) 100vw, 427px\" \/><\/figure><div class=\"wp-block-media-text__content\">\n<p class=\"has-large-font-size\">N\u00e9 de parents organistes, Daniel Isoir commence sa formation de musicien par de solides \u00e9tudes de piano moderne, musique de chambre, harmonie et \u00e9criture. A l&rsquo;issue de ses \u00e9tudes, il commence une carri\u00e8re de pianiste, en solo, en musique de chambre ou comme accompagnateur de Lieder, de chansons, et comme chef de chant. Tr\u00e8s t\u00f4t, il a pu s&rsquo;initier au jeu sur les pianos anciens gr\u00e2ce \u00e0 un pianoforte carr\u00e9 de Clementi qu&rsquo;il avait aid\u00e9 son p\u00e8re Andr\u00e9 Isoir \u00e0 restaurer.<\/p>\n\n\n\n<p class=\"has-large-font-size\">M\u00eame si le piano moderne reste tr\u00e8s pr\u00e9sent dans son activit\u00e9 de musicien, sa passion pour les pianos historiques et leur facture l&rsquo;am\u00e8ne \u00e0 jouer toujours plus assidument sur des instruments classiques ou romantiques. Il cr\u00e9e en 2006, avec une petite \u00e9quipe de musiciens passionn\u00e9s, la Petite Symphonie, orchestre de chambre en formation r\u00e9duite. <\/p>\n<\/div><\/div>\n\n\n\n<p class=\"has-large-font-size\">Une partie importante de son activit\u00e9 de concertiste est maintenant consacr\u00e9e \u00e0 cet ensemble, avec de nombreux concerts au continuo, \u00e0 la direction ou comme soliste dans des concertos de Mozart, Haydn et Beethoven.<\/p>\n\n\n\n<p><\/p>\n\n\n\n<p class=\"has-larger-font-size\"><strong>Marieke Bouche<\/strong><\/p>\n\n\n\n<div class=\"wp-block-media-text is-stacked-on-mobile is-image-fill-element\" style=\"grid-template-columns:26% auto\"><figure class=\"wp-block-media-text__media\"><img loading=\"lazy\" decoding=\"async\" width=\"666\" height=\"1000\" src=\"https:\/\/ritmy.fr\/essais\/wp-content\/uploads\/2025\/04\/isoir-3-666x1000.jpeg\" alt=\"\" class=\"wp-image-30037 size-full\" style=\"object-position:57% 34%\" srcset=\"https:\/\/ritmy.fr\/essais\/wp-content\/uploads\/2025\/04\/isoir-3-666x1000.jpeg 666w, https:\/\/ritmy.fr\/essais\/wp-content\/uploads\/2025\/04\/isoir-3-200x300.jpeg 200w, https:\/\/ritmy.fr\/essais\/wp-content\/uploads\/2025\/04\/isoir-3-768x1152.jpeg 768w, https:\/\/ritmy.fr\/essais\/wp-content\/uploads\/2025\/04\/isoir-3-803x1205.jpeg 803w, https:\/\/ritmy.fr\/essais\/wp-content\/uploads\/2025\/04\/isoir-3.jpeg 853w\" sizes=\"auto, (max-width: 666px) 100vw, 666px\" \/><\/figure><div class=\"wp-block-media-text__content\">\n<p class=\"has-large-font-size\">Apr\u00e8s une formation g\u00e9n\u00e9rale instrumentale au Conservatoire de Lyon, Marieke Bouche s&rsquo;est sp\u00e9cialis\u00e9e dans la pratique des instruments anciens \u00e0 Saintes, o\u00f9 elle a obtenu un master de musique classique et romantique sur instruments d&rsquo;\u00e9poque. Elle joue aujourd&rsquo;hui dans divers orchestres poursuivant cette d\u00e9marche historisante, dont principalement Le Cercle de l&rsquo;Harmonie (J\u00e9r\u00e9mie Rhorer), l&rsquo;Orchestre des Champs Elys\u00e9es (Philippe Herreweghe), La Chambre Philarmonique (Emmanuel Krivine) et Anima Eterna (Jos van Immerseel).<\/p>\n\n\n\n<p class=\"has-large-font-size\">Marieke Bouche a parall\u00e8lement \u00e9largit son r\u00e9pertoire, toujours en suivant la d\u00e9marche de recherche sur l&rsquo;interpr\u00e9tation d&rsquo;\u00e9poque, \u00e0 la musique baroque, se produisant au sein du Collegium Vocale (Philippe Herreweghe), de Brock (Belgique) et de La Chapelle Rh\u00e9nane (Beno\u00eet Haller), et fait partie de deux ensembles de musique ancienne qui sont r\u00e9guli\u00e8rement \u00e0 l&rsquo;affiche dans les programmations de salles et de festivals en France et en Europe, Suonare e Cantare (formation sonate \u00e0 deux dessus) et Rosasolis (formation sonate \u00e0 deux dessus et soprane).<\/p>\n<\/div><\/div>\n\n\n\n<p class=\"has-large-font-size\">En musique de chambre, elle collabore \u00e0 la direction de La Petite Symphonie. Elle se produit aussi tr\u00e8s r\u00e9guli\u00e8rement en petite formation avec les Cris de Paris (G. Jourdain), le Banquet Celeste (Damien Guillon), Il Convito, La clique des lunaisiens (A. Marzorati).<\/p>\n\n\n\n<p><\/p>\n\n\n\n<p class=\"has-larger-font-size\"><strong>Gauthier Broutin<\/strong><\/p>\n\n\n\n<div class=\"wp-block-media-text is-stacked-on-mobile is-image-fill-element\" style=\"grid-template-columns:31% auto\"><figure class=\"wp-block-media-text__media\"><img loading=\"lazy\" decoding=\"async\" width=\"839\" height=\"1000\" src=\"https:\/\/ritmy.fr\/essais\/wp-content\/uploads\/2026\/01\/gauthier-broutin-839x1000.jpg\" alt=\"\" class=\"wp-image-30687 size-full\" style=\"object-position:48% 33%\" srcset=\"https:\/\/ritmy.fr\/essais\/wp-content\/uploads\/2026\/01\/gauthier-broutin-839x1000.jpg 839w, https:\/\/ritmy.fr\/essais\/wp-content\/uploads\/2026\/01\/gauthier-broutin-252x300.jpg 252w, https:\/\/ritmy.fr\/essais\/wp-content\/uploads\/2026\/01\/gauthier-broutin-768x915.jpg 768w, https:\/\/ritmy.fr\/essais\/wp-content\/uploads\/2026\/01\/gauthier-broutin-803x957.jpg 803w, https:\/\/ritmy.fr\/essais\/wp-content\/uploads\/2026\/01\/gauthier-broutin.jpg 1019w\" sizes=\"auto, (max-width: 839px) 100vw, 839px\" \/><\/figure><div class=\"wp-block-media-text__content\">\n<p class=\"has-large-font-size\">Gauthier Broutin d\u00e9bute le violoncelle \u00e0 l&rsquo;\u00e2ge de neuf ans avec son p\u00e8re, avant de rencontrer Philippe Muller. Il a obtenu son Master du Conservatoire National Sup\u00e9rieur de Musique et de Danse de Paris dans la classe de Rapha\u00ebl Pidoux. Attir\u00e9 tr\u00e8s t\u00f4t par la musique de chambre et son r\u00e9pertoire, il a eu par la suite l&rsquo;occasion de la pratiquer au sein notamment des prestigieuses acad\u00e9mies Seiji Ozawa et Verbier.<\/p>\n\n\n\n<p class=\"has-large-font-size\">Il a r\u00e9guli\u00e8rement l&rsquo;occasion de se perfectionner aupr\u00e8s de grands ma\u00eetres tels que Wolfgang Boettscher, Franz Helmerson, ou Gary Hoffman en participant aux acad\u00e9mies de Villecroze, Karl Flesch, de Kronberg et de Verbier, o\u00f9 il a \u00e9t\u00e9 b\u00e9n\u00e9ficiaire du Prix Firmenich. Il a \u00e9galement re\u00e7u un Prix sp\u00e9cial de l&rsquo;Acad\u00e9mie Karl Flesch pour son interpr\u00e9tation du Concerto n\u00b02 de Haydn. Il est laur\u00e9at du Concours FMAJI.<\/p>\n<\/div><\/div>\n\n\n\n<div style=\"height:23px\" aria-hidden=\"true\" class=\"wp-block-spacer\"><\/div>\n\n\n\n<p class=\"has-large-font-size\"><a><strong>PROGRAMME&nbsp;:<\/strong><\/a><\/p>\n\n\n\n<figure class=\"wp-block-table is-style-regular has-large-font-size\"><table class=\"has-pale-ocean-gradient-background has-background\"><tbody><tr><td class=\"has-text-align-left\" data-align=\"left\"><strong>Haydn<\/strong> : trio en r\u00e9 Majeur Hob XV : 24<br><strong>Haydn<\/strong> : trio en r\u00e9 mineur HobXV : 23<br><strong>Beethoven<\/strong> : trio en ut mineur opus 1 n\u00b03 <strong>&nbsp;<\/strong><\/td><\/tr><\/tbody><\/table><\/figure>\n\n\n\n<p class=\"has-large-font-size\">D\u00e9couvrez la petite symphonie sur <a href=\"https:\/\/lapetitesymphonie.eu\" data-type=\"link\" data-id=\"https:\/\/lapetitesymphonie.eu\" target=\"_blank\" rel=\"noreferrer noopener\"><u>leur site  internet<\/u><\/a>  ainsi que sur cette vid\u00e9o :<\/p>\n\n\n\n<figure class=\"wp-block-embed is-type-video is-provider-youtube wp-block-embed-youtube wp-embed-aspect-16-9 wp-has-aspect-ratio\"><div class=\"wp-block-embed__wrapper\">\n<iframe loading=\"lazy\" title=\"La Petite Symphonie - Quatuors de Mozart\" width=\"803\" height=\"452\" src=\"https:\/\/www.youtube.com\/embed\/jU4y4tZKpwc?feature=oembed\" frameborder=\"0\" allow=\"accelerometer; autoplay; clipboard-write; encrypted-media; gyroscope; picture-in-picture; web-share\" referrerpolicy=\"strict-origin-when-cross-origin\" allowfullscreen><\/iframe>\n<\/div><\/figure>\n\n\n\n<p><\/p>\n\n\n\n<hr class=\"wp-block-separator has-alpha-channel-opacity is-style-wide\"\/>\n\n\n\n<p class=\"has-very-dark-gray-color has-text-color has-large-font-size\">Il est fortement recommand\u00e9 de <strong>r\u00e9server en ligne<\/strong> en cliquant sur le bouton ci-dessous, ou en appelant le 06 78 65 44 38.<\/p>\n\n\n\n<div class=\"wp-block-buttons is-layout-flex wp-block-buttons-is-layout-flex\">\n<div class=\"wp-block-button aligncenter\"><a class=\"wp-block-button__link has-vivid-cyan-blue-background-color has-background has-large-font-size has-custom-font-size wp-element-button\" href=\"https:\/\/ritmy.fr\/essais\/reserver\/\"><strong>R\u00c9SERVER V<\/strong>OS<strong> BILLETS<\/strong><\/a><\/div>\n<\/div>\n\n\n\n<p class=\"has-background has-large-font-size\" style=\"background-color:#cceef7\">Afin de fluidifier l&rsquo;accueil du public, l&rsquo;ouverture des portes se fera <strong>\u00e0 partir de 16 h 15.<\/strong><\/p>\n\n\n\n<hr class=\"wp-block-separator has-text-color has-very-dark-gray-color has-css-opacity has-very-dark-gray-background-color has-background is-style-wide\"\/>\n\n\n\n<div class=\"wp-block-columns are-vertically-aligned-top has-background is-layout-flex wp-container-core-columns-is-layout-9d6595d7 wp-block-columns-is-layout-flex\" style=\"background-color:#eef0f1\">\n<div class=\"wp-block-column is-vertically-aligned-top is-layout-flow wp-block-column-is-layout-flow\" style=\"flex-basis:40%\">\n<p class=\"has-large-font-size\">La <strong>Salle du Pr\u00e9 Romain<\/strong> d&rsquo;Orgerus est situ\u00e9e Route de Flexanville.<\/p>\n<\/div>\n\n\n\n<div class=\"wp-block-column is-vertically-aligned-top is-layout-flow wp-block-column-is-layout-flow\">\n<iframe loading=\"lazy\" src=\"https:\/\/www.google.com\/maps\/embed?pb=!1m18!1m12!1m3!1d2625.890323460531!2d1.7038702151343885!3d48.84123067928584!2m3!1f0!2f0!3f0!3m2!1i1024!2i768!4f13.1!3m3!1m2!1s0x47e6a39e75641163%3A0x67762de38c39e379!2sSalle%20du%20Pr%C3%A9%20Romain%20(Polyvalente)!5e0!3m2!1sfr!2sfr!4v1608653342304!5m2!1sfr!2sfr\" style=\"border:0;\" allowfullscreen=\"\" aria-hidden=\"false\" tabindex=\"0\" width=\"600\" height=\"450\" frameborder=\"0\"><\/iframe>\n<\/div>\n<\/div>\n\n\n\n<hr class=\"wp-block-separator has-text-color has-black-color has-css-opacity has-black-background-color has-background is-style-dots\"\/>\n\n\n\n<div class=\"wp-block-media-text\" style=\"grid-template-columns:22% auto\"><figure class=\"wp-block-media-text__media\"><img loading=\"lazy\" decoding=\"async\" width=\"150\" height=\"163\" src=\"https:\/\/ritmy.fr\/essais\/wp-content\/uploads\/2023\/04\/BIisconcella.jpg\" alt=\"\" class=\"wp-image-28227 size-full\"\/><\/figure><div class=\"wp-block-media-text__content\">\n<p class=\"has-large-font-size\">Concert organis\u00e9 par RITMY et l&rsquo;association BISCONCELLA d&rsquo;Orgerus.<\/p>\n<\/div><\/div>\n\n\n\n<div class=\"wp-block-media-text\" style=\"grid-template-columns:27% auto\"><figure class=\"wp-block-media-text__media\"><img loading=\"lazy\" decoding=\"async\" width=\"1000\" height=\"500\" src=\"https:\/\/ritmy.fr\/essais\/wp-content\/uploads\/2018\/09\/SPEDIDAM-ENCADRE-r\u00e9duit-1000x500.jpg\" alt=\"\" class=\"wp-image-18150 size-full\" srcset=\"https:\/\/ritmy.fr\/essais\/wp-content\/uploads\/2018\/09\/SPEDIDAM-ENCADRE-r\u00e9duit-1000x500.jpg 1000w, https:\/\/ritmy.fr\/essais\/wp-content\/uploads\/2018\/09\/SPEDIDAM-ENCADRE-r\u00e9duit-300x150.jpg 300w, https:\/\/ritmy.fr\/essais\/wp-content\/uploads\/2018\/09\/SPEDIDAM-ENCADRE-r\u00e9duit-768x384.jpg 768w, https:\/\/ritmy.fr\/essais\/wp-content\/uploads\/2018\/09\/SPEDIDAM-ENCADRE-r\u00e9duit.jpg 1100w\" sizes=\"auto, (max-width: 1000px) 100vw, 1000px\" \/><\/figure><div class=\"wp-block-media-text__content\">\n<p class=\"has-large-font-size\">RITMY b\u00e9n\u00e9ficie du soutien de la SPEDIDAM.<\/p>\n<\/div><\/div>\n","protected":false},"excerpt":{"rendered":"<p>Le dimanche 18 janvier 2026 \u00e0 17h \u00e0 la salle du Pr\u00e9 Romain Ensemble \u00e0 g\u00e9om\u00e9trie variable, cr\u00e9\u00e9 et dirig\u00e9 par Daniel ISOIR, \u2018La PETITE SYMPHONIE\u2019 est compos\u00e9e de musiciens habit\u00e9s par la m\u00eame passion du jeu sur instruments d\u2019\u00e9poque, dont le pianoforte. La Petite Symphonie est un ensemble symphonique en petit effectif, orchestre compos\u00e9 &hellip; <\/p>\n<p><a class=\"more-link btn\" href=\"https:\/\/ritmy.fr\/essais\/concerts-2\/tout-sur-les-36es-saisons\/daniel-isoir-et-la-petite-symphonie-a-orgerus\/\">Lire la suite<\/a><\/p>\n","protected":false},"author":5,"featured_media":30047,"parent":29949,"menu_order":4,"comment_status":"closed","ping_status":"closed","template":"","meta":{"footnotes":""},"class_list":["post-30033","page","type-page","status-publish","has-post-thumbnail","hentry","nodate","item-wrap"],"_links":{"self":[{"href":"https:\/\/ritmy.fr\/essais\/wp-json\/wp\/v2\/pages\/30033","targetHints":{"allow":["GET"]}}],"collection":[{"href":"https:\/\/ritmy.fr\/essais\/wp-json\/wp\/v2\/pages"}],"about":[{"href":"https:\/\/ritmy.fr\/essais\/wp-json\/wp\/v2\/types\/page"}],"author":[{"embeddable":true,"href":"https:\/\/ritmy.fr\/essais\/wp-json\/wp\/v2\/users\/5"}],"replies":[{"embeddable":true,"href":"https:\/\/ritmy.fr\/essais\/wp-json\/wp\/v2\/comments?post=30033"}],"version-history":[{"count":20,"href":"https:\/\/ritmy.fr\/essais\/wp-json\/wp\/v2\/pages\/30033\/revisions"}],"predecessor-version":[{"id":30703,"href":"https:\/\/ritmy.fr\/essais\/wp-json\/wp\/v2\/pages\/30033\/revisions\/30703"}],"up":[{"embeddable":true,"href":"https:\/\/ritmy.fr\/essais\/wp-json\/wp\/v2\/pages\/29949"}],"wp:featuredmedia":[{"embeddable":true,"href":"https:\/\/ritmy.fr\/essais\/wp-json\/wp\/v2\/media\/30047"}],"wp:attachment":[{"href":"https:\/\/ritmy.fr\/essais\/wp-json\/wp\/v2\/media?parent=30033"}],"curies":[{"name":"wp","href":"https:\/\/api.w.org\/{rel}","templated":true}]}}