{"id":29959,"date":"2025-04-29T16:41:07","date_gmt":"2025-04-29T15:41:07","guid":{"rendered":"https:\/\/ritmy.fr\/essais\/?page_id=29959"},"modified":"2025-05-07T12:03:14","modified_gmt":"2025-05-07T11:03:14","slug":"duo-fortecello-a-mareil-sur-mauldre","status":"publish","type":"page","link":"https:\/\/ritmy.fr\/essais\/concerts-2\/tout-sur-les-36es-saisons\/duo-fortecello-a-mareil-sur-mauldre\/","title":{"rendered":"Duo Fortecello \u00e0 Mareil-Sur-Mauldre"},"content":{"rendered":"\n<script language=\"Javascript\">\n<!--\nfunction isMobileDevice() \n{ \nif (\/Mobil\/i.test(navigator.userAgent))\n  {\n  window.open(\"https:\/\/ritmy.fr\/essais\/36-mareil-mobile\/\", \"_top\");\n  }\n}\n\/\/-->\n<\/script>\n<script type=\"text\/javascript\">isMobileDevice()<\/script>\n\n\n<div class=\"wp-block-image\">\n<figure class=\"aligncenter size-full\"><img loading=\"lazy\" decoding=\"async\" width=\"351\" height=\"104\" src=\"https:\/\/ritmy.fr\/essais\/wp-content\/uploads\/2025\/04\/image.png\" alt=\"\" class=\"wp-image-29962\" srcset=\"https:\/\/ritmy.fr\/essais\/wp-content\/uploads\/2025\/04\/image.png 351w, https:\/\/ritmy.fr\/essais\/wp-content\/uploads\/2025\/04\/image-300x89.png 300w\" sizes=\"auto, (max-width: 351px) 100vw, 351px\" \/><\/figure><\/div>\n\n\n<p class=\"has-vivid-cyan-blue-color has-text-color has-link-color has-larger-font-size wp-elements-4cb63e202f37cbd3084b123fe247bd16\"><strong>Dimanche 12 octobre 2025 \u00e0 17h \u00e0 L&rsquo;Eglise Saint-Martin<\/strong><\/p>\n\n\n\n<p class=\"has-text-align-center has-larger-font-size\" id=\"block-39dd8b91-433d-401c-bb12-efa86ad47cce\"><strong><em>Tour du Monde en Violoncelle et Piano<\/em><\/strong><\/p>\n\n\n<div class=\"wp-block-image\">\n<figure class=\"aligncenter size-full is-resized\"><img loading=\"lazy\" decoding=\"async\" width=\"605\" height=\"403\" src=\"https:\/\/ritmy.fr\/essais\/wp-content\/uploads\/2025\/04\/image.jpeg\" alt=\"\" class=\"wp-image-29961\" style=\"width:1061px;height:auto\" srcset=\"https:\/\/ritmy.fr\/essais\/wp-content\/uploads\/2025\/04\/image.jpeg 605w, https:\/\/ritmy.fr\/essais\/wp-content\/uploads\/2025\/04\/image-300x200.jpeg 300w\" sizes=\"auto, (max-width: 605px) 100vw, 605px\" \/><\/figure><\/div>\n\n\n<p class=\"has-large-font-size\">C\u2019est \u00e0 travers les voyages autour du monde que le Duo Fortecello, duo piano (Philippe Argenty) et violoncelle (Anna Mikulska) cherche \u00e0 construire des ponts entre la musique traditionnelle et la musique classique.<\/p>\n\n\n\n<p class=\"has-large-font-size\">C\u2019est ainsi que les deux musiciens ont imagin\u00e9 des programmes, sans cesse renouvel\u00e9s, d\u2019\u0153uvres dites classiques mais inspir\u00e9s par les musiques traditionnelles et folkloriques des 4 coins du monde. &nbsp;<\/p>\n\n\n<div class=\"wp-block-image\">\n<figure class=\"aligncenter size-large is-resized\"><img loading=\"lazy\" decoding=\"async\" width=\"1000\" height=\"453\" src=\"https:\/\/ritmy.fr\/essais\/wp-content\/uploads\/2025\/04\/fortecello-4-2-1000x453.jpg\" alt=\"\" class=\"wp-image-29976\" style=\"width:1067px;height:auto\" srcset=\"https:\/\/ritmy.fr\/essais\/wp-content\/uploads\/2025\/04\/fortecello-4-2-1000x453.jpg 1000w, https:\/\/ritmy.fr\/essais\/wp-content\/uploads\/2025\/04\/fortecello-4-2-300x136.jpg 300w, https:\/\/ritmy.fr\/essais\/wp-content\/uploads\/2025\/04\/fortecello-4-2-768x348.jpg 768w, https:\/\/ritmy.fr\/essais\/wp-content\/uploads\/2025\/04\/fortecello-4-2-1536x695.jpg 1536w, https:\/\/ritmy.fr\/essais\/wp-content\/uploads\/2025\/04\/fortecello-4-2-803x363.jpg 803w, https:\/\/ritmy.fr\/essais\/wp-content\/uploads\/2025\/04\/fortecello-4-2.jpg 1878w\" sizes=\"auto, (max-width: 1000px) 100vw, 1000px\" \/><\/figure><\/div>\n\n\n<div class=\"wp-block-media-text is-stacked-on-mobile is-image-fill\" style=\"grid-template-columns:24% auto\"><figure class=\"wp-block-media-text__media\" style=\"background-image:url(https:\/\/ritmy.fr\/essais\/wp-content\/uploads\/2025\/04\/fortecello-3.jpg);background-position:51% 32%\"><img loading=\"lazy\" decoding=\"async\" width=\"666\" height=\"1000\" src=\"https:\/\/ritmy.fr\/essais\/wp-content\/uploads\/2025\/04\/fortecello-3.jpg\" alt=\"\" class=\"wp-image-29972 size-full\" srcset=\"https:\/\/ritmy.fr\/essais\/wp-content\/uploads\/2025\/04\/fortecello-3.jpg 666w, https:\/\/ritmy.fr\/essais\/wp-content\/uploads\/2025\/04\/fortecello-3-200x300.jpg 200w\" sizes=\"auto, (max-width: 666px) 100vw, 666px\" \/><\/figure><div class=\"wp-block-media-text__content\">\n<p class=\"has-large-font-size\">Les musiques traditionnelles sont le fruit de la transmission, de g\u00e9n\u00e9ration en g\u00e9n\u00e9ration, des danses et chants, depuis la nuit des temps, de mani\u00e8re orale et sans notation. Ces musiques, v\u00e9ritable patrimoine immat\u00e9riel de l&rsquo;humanit\u00e9 et des peuples, ont largement inspir\u00e9 les compositeurs de musique classique qui se diff\u00e9rencie principalement par la notation : les partitions. La notation apparue au Moyen-Age en occident, a boulevers\u00e9 la culture mais a eu peu d&rsquo;influence sur la culture populaire qui a continu\u00e9 \u00e0 se perp\u00e9tuer jusqu&rsquo;\u00e0 nos jours.<\/p>\n<\/div><\/div>\n\n\n\n<p class=\"has-large-font-size\">Les deux musiciens, couple \u00e0 la sc\u00e8ne comme \u00e0 la ville, issus de plusieurs cultures (Pologne, Espagne et France), ont toujours eu \u00e0 c\u0153ur de pr\u00e9senter les musiques de leurs propres racines. Leur cosmopolitisme\u00a0les a \u00e9galement pouss\u00e9s non seulement \u00e0 voyager mais aussi \u00e0 chercher et \u00e0 faire d\u00e9couvrir la musique des peuples du monde entier. Leur programme \u00a0\u00ab\u00a0Tour du monde en Violoncelle et Piano \u00bb \u00a0, \u00e9poustouflant de diversit\u00e9 et de virtuosit\u00e9, est interpr\u00e9t\u00e9 par deux musiciens\u00a0dont les parcours \u00e0 travers les plus prestigieuses\u00a0institutions europ\u00e9ennes leur ont apport\u00e9 une vision de la musique \u00e0 la fois universelle et cosmopolite.<\/p>\n\n\n\n<p><\/p>\n\n\n\n<p class=\"has-large-font-size\"><strong>PROGRAMME<\/strong><\/p>\n\n\n\n<figure class=\"wp-block-table has-large-font-size\"><table class=\"has-pale-ocean-gradient-background has-background\"><tbody><tr><td><strong>E.Granados<\/strong> : Andaluza <br><strong>G.Cassad\u00f3<\/strong> : Sonate (Rapsodia &#8211; Aragonesa &#8211; Saeta &#8211; Passo Doble) <br><strong>C.Saint-Sa\u00ebns<\/strong> : Sonate No2 :&nbsp; Romanza<br><strong>F.Say<\/strong> : La terre noire <br><strong>Ph.Glass<\/strong> : Metamorphosis : Two <br><strong>L.Mottolese<\/strong> : Pobre Flor <br><strong>P.Laurenz<\/strong> : Milonga de mis amores <br><strong>E.Rovira<\/strong> : A Evaristo Carriego <br><strong>F.Servais<\/strong> : Fantaisie sur la Traviata <\/td><\/tr><\/tbody><\/table><\/figure>\n\n\n\n<p class=\"has-large-font-size\">D\u00e9couvrez le duo Fortecello sur <a href=\"http:\/\/www.duofortecello.com\/fr\" target=\"_blank\" rel=\"noreferrer noopener\"><u>leur site internet<\/u><\/a>  ainsi que sur ces vid\u00e9os :<\/p>\n\n\n\n<figure class=\"wp-block-embed is-type-video is-provider-youtube wp-block-embed-youtube wp-embed-aspect-16-9 wp-has-aspect-ratio\"><div class=\"wp-block-embed__wrapper\">\n<iframe loading=\"lazy\" title=\"A day with Duo Fortecello!\" width=\"803\" height=\"452\" src=\"https:\/\/www.youtube.com\/embed\/HLl04nwz7ew?feature=oembed\" frameborder=\"0\" allow=\"accelerometer; autoplay; clipboard-write; encrypted-media; gyroscope; picture-in-picture; web-share\" referrerpolicy=\"strict-origin-when-cross-origin\" allowfullscreen><\/iframe>\n<\/div><\/figure>\n\n\n\n<p class=\"has-large-font-size\"><\/p>\n\n\n\n<figure class=\"wp-block-embed is-type-video is-provider-youtube wp-block-embed-youtube wp-embed-aspect-16-9 wp-has-aspect-ratio\"><div class=\"wp-block-embed__wrapper\">\n<iframe loading=\"lazy\" title=\"Duo Fortecello live - C.Gardel - Melod\u00eda de Arrabal\" width=\"803\" height=\"452\" src=\"https:\/\/www.youtube.com\/embed\/l0WxnBabubw?feature=oembed\" frameborder=\"0\" allow=\"accelerometer; autoplay; clipboard-write; encrypted-media; gyroscope; picture-in-picture; web-share\" referrerpolicy=\"strict-origin-when-cross-origin\" allowfullscreen><\/iframe>\n<\/div><\/figure>\n\n\n\n<p class=\"has-large-font-size\"><\/p>\n\n\n\n<figure class=\"wp-block-embed is-type-video is-provider-youtube wp-block-embed-youtube wp-embed-aspect-16-9 wp-has-aspect-ratio\"><div class=\"wp-block-embed__wrapper\">\n<iframe loading=\"lazy\" title=\"Duo Fortecello live - A.Dvor\u00e1k &quot;Slavonic dance No 2&quot;\" width=\"803\" height=\"452\" src=\"https:\/\/www.youtube.com\/embed\/4hnxXPJefZE?feature=oembed\" frameborder=\"0\" allow=\"accelerometer; autoplay; clipboard-write; encrypted-media; gyroscope; picture-in-picture; web-share\" referrerpolicy=\"strict-origin-when-cross-origin\" allowfullscreen><\/iframe>\n<\/div><\/figure>\n\n\n\n<hr class=\"wp-block-separator has-alpha-channel-opacity is-style-wide\"\/>\n\n\n\n<p class=\"has-large-font-size\">Il est fortement recommand\u00e9 de <strong>r\u00e9server en ligne<\/strong> en cliquant sur le bouton ci-dessous, ou en appelant le 01-30-90-75-00.<\/p>\n\n\n\n<div class=\"wp-block-buttons is-content-justification-center is-layout-flex wp-container-core-buttons-is-layout-16018d1d wp-block-buttons-is-layout-flex\">\n<div class=\"wp-block-button has-custom-font-size is-style-fill has-large-font-size\"><a class=\"wp-block-button__link has-white-color has-vivid-cyan-blue-background-color has-text-color has-background wp-element-button\" href=\"https:\/\/ritmy.fr\/essais\/reserver\/\">R\u00c9SERVER VOS BILLETS<\/a><\/div>\n<\/div>\n\n\n\n<p><\/p>\n\n\n\n<p class=\"has-black-color has-text-color has-background has-large-font-size\" style=\"background-color:#cceef7\">Afin de fluidifier l&rsquo;accueil du public, l&rsquo;ouverture des portes se fera <strong>\u00e0 partir de 16 h 15.<\/strong><\/p>\n\n\n\n<hr class=\"wp-block-separator has-css-opacity is-style-wide\"\/>\n\n\n\n<div class=\"wp-block-columns is-layout-flex wp-container-core-columns-is-layout-9d6595d7 wp-block-columns-is-layout-flex\">\n<div class=\"wp-block-column is-layout-flow wp-block-column-is-layout-flow\">\n<p><\/p>\n\n\n\n<div style=\"height:41px\" aria-hidden=\"true\" class=\"wp-block-spacer\"><\/div>\n\n\n\n<p class=\"has-large-font-size\">Pour vous rendre \u00e0 l\u2019\u00c9glise Saint-Martin de Mareil-sur-Mauldre. <\/p>\n<\/div>\n\n\n\n<div class=\"wp-block-column is-layout-flow wp-block-column-is-layout-flow\">\n<iframe src=\"https:\/\/www.google.com\/maps\/embed?pb=!1m18!1m12!1m3!1d2623.1556085451016!2d1.8622864886800683!3d48.893371532659735!2m3!1f0!2f0!3f0!3m2!1i1024!2i768!4f13.1!3m3!1m2!1s0x47e691876167d15b%3A0x54552a769641cdbc!2sEglise%20Saint-Martin!5e0!3m2!1sfr!2sfr!4v1650817445243!5m2!1sfr!2sfr\" style=\"border:0;\" allowfullscreen=\"\" loading=\"lazy\" referrerpolicy=\"no-referrer-when-downgrade\" width=\"600\" height=\"450\"><\/iframe>\n<\/div>\n<\/div>\n\n\n\n<hr class=\"wp-block-separator has-css-opacity is-style-dots\"\/>\n\n\n\n<div class=\"wp-block-media-text is-vertically-aligned-top\" style=\"grid-template-columns:27% auto\"><figure class=\"wp-block-media-text__media\"><img loading=\"lazy\" decoding=\"async\" width=\"469\" height=\"215\" src=\"https:\/\/ritmy.fr\/essais\/wp-content\/uploads\/2022\/04\/Mareil.png\" alt=\"\" class=\"wp-image-27311 size-full\" srcset=\"https:\/\/ritmy.fr\/essais\/wp-content\/uploads\/2022\/04\/Mareil.png 469w, https:\/\/ritmy.fr\/essais\/wp-content\/uploads\/2022\/04\/Mareil-300x138.png 300w\" sizes=\"auto, (max-width: 469px) 100vw, 469px\" \/><\/figure><div class=\"wp-block-media-text__content\">\n<p class=\"has-large-font-size\">Concert organis\u00e9 conjointement par RITMY et l&rsquo;association Mareil Musique<\/p>\n<\/div><\/div>\n\n\n\n<div class=\"wp-block-media-text is-vertically-aligned-top\" style=\"grid-template-columns:28% auto\"><figure class=\"wp-block-media-text__media\"><img loading=\"lazy\" decoding=\"async\" width=\"1000\" height=\"500\" src=\"https:\/\/ritmy.fr\/essais\/wp-content\/uploads\/2018\/09\/SPEDIDAM-ENCADRE-r\u00e9duit-1000x500.jpg\" alt=\"\" class=\"wp-image-18150 size-full\" srcset=\"https:\/\/ritmy.fr\/essais\/wp-content\/uploads\/2018\/09\/SPEDIDAM-ENCADRE-r\u00e9duit-1000x500.jpg 1000w, https:\/\/ritmy.fr\/essais\/wp-content\/uploads\/2018\/09\/SPEDIDAM-ENCADRE-r\u00e9duit-300x150.jpg 300w, https:\/\/ritmy.fr\/essais\/wp-content\/uploads\/2018\/09\/SPEDIDAM-ENCADRE-r\u00e9duit-768x384.jpg 768w, https:\/\/ritmy.fr\/essais\/wp-content\/uploads\/2018\/09\/SPEDIDAM-ENCADRE-r\u00e9duit.jpg 1100w\" sizes=\"auto, (max-width: 1000px) 100vw, 1000px\" \/><\/figure><div class=\"wp-block-media-text__content\">\n<p class=\"has-large-font-size\">RITMY b\u00e9n\u00e9ficie du soutien de la SPEDIDAM.<\/p>\n<\/div><\/div>\n\n\n\n<div style=\"height:20px\" aria-hidden=\"true\" class=\"wp-block-spacer\"><\/div>\n","protected":false},"excerpt":{"rendered":"<p>Dimanche 12 octobre 2025 \u00e0 17h \u00e0 L&rsquo;Eglise Saint-Martin Tour du Monde en Violoncelle et Piano C\u2019est \u00e0 travers les voyages autour du monde que le Duo Fortecello, duo piano (Philippe Argenty) et violoncelle (Anna Mikulska) cherche \u00e0 construire des ponts entre la musique traditionnelle et la musique classique. C\u2019est ainsi que les deux musiciens &hellip; <\/p>\n<p><a class=\"more-link btn\" href=\"https:\/\/ritmy.fr\/essais\/concerts-2\/tout-sur-les-36es-saisons\/duo-fortecello-a-mareil-sur-mauldre\/\">Lire la suite<\/a><\/p>\n","protected":false},"author":5,"featured_media":29973,"parent":29949,"menu_order":1,"comment_status":"closed","ping_status":"closed","template":"","meta":{"footnotes":""},"class_list":["post-29959","page","type-page","status-publish","has-post-thumbnail","hentry","nodate","item-wrap"],"_links":{"self":[{"href":"https:\/\/ritmy.fr\/essais\/wp-json\/wp\/v2\/pages\/29959","targetHints":{"allow":["GET"]}}],"collection":[{"href":"https:\/\/ritmy.fr\/essais\/wp-json\/wp\/v2\/pages"}],"about":[{"href":"https:\/\/ritmy.fr\/essais\/wp-json\/wp\/v2\/types\/page"}],"author":[{"embeddable":true,"href":"https:\/\/ritmy.fr\/essais\/wp-json\/wp\/v2\/users\/5"}],"replies":[{"embeddable":true,"href":"https:\/\/ritmy.fr\/essais\/wp-json\/wp\/v2\/comments?post=29959"}],"version-history":[{"count":28,"href":"https:\/\/ritmy.fr\/essais\/wp-json\/wp\/v2\/pages\/29959\/revisions"}],"predecessor-version":[{"id":30915,"href":"https:\/\/ritmy.fr\/essais\/wp-json\/wp\/v2\/pages\/29959\/revisions\/30915"}],"up":[{"embeddable":true,"href":"https:\/\/ritmy.fr\/essais\/wp-json\/wp\/v2\/pages\/29949"}],"wp:featuredmedia":[{"embeddable":true,"href":"https:\/\/ritmy.fr\/essais\/wp-json\/wp\/v2\/media\/29973"}],"wp:attachment":[{"href":"https:\/\/ritmy.fr\/essais\/wp-json\/wp\/v2\/media?parent=29959"}],"curies":[{"name":"wp","href":"https:\/\/api.w.org\/{rel}","templated":true}]}}