{"id":29754,"date":"2025-02-18T16:46:56","date_gmt":"2025-02-18T15:46:56","guid":{"rendered":"https:\/\/ritmy.fr\/essais\/?page_id=29754"},"modified":"2025-05-05T14:58:22","modified_gmt":"2025-05-05T13:58:22","slug":"mirante-beynet-mobil","status":"publish","type":"page","link":"https:\/\/ritmy.fr\/essais\/a\/mirante-beynet-mobil\/","title":{"rendered":"Maria MIRANTE et Paul BEYNET \u00e0 Houdan"},"content":{"rendered":"\n<p class=\"has-vivid-cyan-blue-color has-text-color has-large-font-size\"><strong>le dimanche 9 mars 2025 \u00e0 17h \u00e0 <strong>l&rsquo;\u00e9glise Saint-Jacques<\/strong><\/strong><\/p>\n\n\n\n<p><\/p>\n\n\n\n<p class=\"has-text-align-center has-black-color has-text-color has-link-color has-large-font-size wp-elements-208fd424bc5cf66e2932c9b0066c42b7\"><strong>Voyage en Italie<\/strong><br><span class=\"has-text-align-center has-black-color has-text-color has-link-color has-large-font-size\">Airs d\u2019op\u00e9ras, m\u00e9lodies et pi\u00e8ces pour piano<\/span><\/p>\n\n\n\n<p><\/p>\n\n\n\n<p class=\"has-regular-font-size\">De Venise \u00e0 Naples, Maria Mirante et Paul Beynet vous invitent \u00e0 un voyage haut en couleurs !<br>Ils vous emm\u00e8nent dans les salons v\u00e9nitiens qui ont vu na\u00eetre l\u2019op\u00e9ra, sur une gondole pour chanter l\u2019amour au clair de lune, \u00e0 un bal masqu\u00e9 pour rire et boire sans se soucier du lendemain\u2026<\/p>\n\n\n<div class=\"wp-block-image\">\n<figure class=\"aligncenter size-large\"><img loading=\"lazy\" decoding=\"async\" width=\"1000\" height=\"750\" src=\"https:\/\/ritmy.fr\/essais\/wp-content\/uploads\/2024\/04\/photo-concert-Narbonne-Mirante-Beynet-2-2024-1000x750.jpeg\" alt=\"\" class=\"wp-image-29102\" srcset=\"https:\/\/ritmy.fr\/essais\/wp-content\/uploads\/2024\/04\/photo-concert-Narbonne-Mirante-Beynet-2-2024-1000x750.jpeg 1000w, https:\/\/ritmy.fr\/essais\/wp-content\/uploads\/2024\/04\/photo-concert-Narbonne-Mirante-Beynet-2-2024-300x225.jpeg 300w, https:\/\/ritmy.fr\/essais\/wp-content\/uploads\/2024\/04\/photo-concert-Narbonne-Mirante-Beynet-2-2024-768x576.jpeg 768w, https:\/\/ritmy.fr\/essais\/wp-content\/uploads\/2024\/04\/photo-concert-Narbonne-Mirante-Beynet-2-2024-1536x1152.jpeg 1536w, https:\/\/ritmy.fr\/essais\/wp-content\/uploads\/2024\/04\/photo-concert-Narbonne-Mirante-Beynet-2-2024-335x250.jpeg 335w, https:\/\/ritmy.fr\/essais\/wp-content\/uploads\/2024\/04\/photo-concert-Narbonne-Mirante-Beynet-2-2024-803x602.jpeg 803w, https:\/\/ritmy.fr\/essais\/wp-content\/uploads\/2024\/04\/photo-concert-Narbonne-Mirante-Beynet-2-2024.jpeg 2048w\" sizes=\"auto, (max-width: 1000px) 100vw, 1000px\" \/><\/figure><\/div>\n\n\n<p><\/p>\n\n\n\n<p><\/p>\n\n\n\n<div class=\"wp-block-media-text is-stacked-on-mobile is-vertically-aligned-center is-image-fill\" style=\"grid-template-columns:30% auto\"><figure class=\"wp-block-media-text__media\" style=\"background-image:url(https:\/\/ritmy.fr\/essais\/wp-content\/uploads\/2024\/05\/mirante.png);background-position:50% 50%\"><img loading=\"lazy\" decoding=\"async\" width=\"666\" height=\"1000\" src=\"https:\/\/ritmy.fr\/essais\/wp-content\/uploads\/2024\/05\/mirante.png\" alt=\"\" class=\"wp-image-29263 size-full\" srcset=\"https:\/\/ritmy.fr\/essais\/wp-content\/uploads\/2024\/05\/mirante.png 666w, https:\/\/ritmy.fr\/essais\/wp-content\/uploads\/2024\/05\/mirante-200x300.png 200w\" sizes=\"auto, (max-width: 666px) 100vw, 666px\" \/><\/figure><div class=\"wp-block-media-text__content\">\n<p class=\"has-regular-font-size\"><strong>Maria Mirante<\/strong><br>mezzo-soprano<\/p>\n\n\n\n<p class=\"has-regular-font-size\">Artiste \u00e9clectique, Maria Mirante prend part aussi bien \u00e0 des productions d\u2019op\u00e9ras qu&rsquo;\u00e0 des cr\u00e9ations originales m\u00ealant chant et th\u00e9\u00e2tre. Remarqu\u00e9e pour la richesse de son timbre et sa virtuosit\u00e9, elle incarne Carmen de Bizet, Salomith d\u2019Athalie de Racine et Moreau, Ch\u00e9rubin des Noces de Figaro de Mozart, Rosine du Barbier de S\u00e9ville de Rossini, Elle s\u2019investit dans des cr\u00e9ations originales comme La Cruche de Courteline adapt\u00e9e par L&rsquo;Envol\u00e9e Lyrique (Th\u00e9\u00e2tre du Lucernaire, Festival d\u2019Avignon), Dogorians d\u2019Etienne Perruchon (Th\u00e9\u00e2tre du Soleil, Sc\u00e8nes Nationales d\u2019Annecy et de Valenciennes, France 3), Le Pianiste qui m\u2019aimait, spectacle r\u00e9unissant th\u00e9\u00e2tre, vid\u00e9o et musique, pour lequel elle tourne avec Elie Semoun, Roselyne Bachelot et Vladimir Cosma (1001 Notes, Th\u00e9\u00e2tre le Ranelagh). Au cin\u00e9ma, elle chante aux c\u00f4t\u00e9s d&rsquo;Agn\u00e8s Jaoui dans le film Aurore de Blandine Lenoir.<\/p>\n\n\n\n<p class=\"has-regular-font-size\"><\/p>\n<\/div><\/div>\n\n\n\n<p class=\"has-regular-font-size\">Par ailleurs, diff\u00e9rents chefs lui confient les parties solistes d&rsquo;oratorios tels que le Gloria et le Magnificat de Vivaldi, le Dixit Dominus de Ha\u00ebndel, les Sept derni\u00e8res paroles du Christ en croix et la Theresienmesse de Haydn, la Petite Messe solennelle de Rossini, l\u2019Oratorio de No\u00ebl de Saint-Sa\u00ebns o\u00f9 \u00ab sa voix de mezzo-soprano, semblant tirer par instant vers la gravit\u00e9 de l\u2019alto, fait passer le puissant souffle de la musique religieuse la plus fervente \u00bb.<br>Passionn\u00e9e de musique de chambre, elle consacre une grande partie de son activit\u00e9 au r\u00e9cital. De la m\u00e9lodie fran\u00e7aise au r\u00e9pertoire espagnol ou italien, elle suscite l\u2019int\u00e9r\u00eat de festivals et structures en France comme \u00e0 l\u2019\u00e9tranger.<\/p>\n\n\n\n<p><\/p>\n\n\n\n<div class=\"wp-block-media-text is-stacked-on-mobile is-image-fill\" style=\"grid-template-columns:32% auto\"><figure class=\"wp-block-media-text__media\" style=\"background-image:url(https:\/\/ritmy.fr\/essais\/wp-content\/uploads\/2024\/05\/beynet-665x1000.png);background-position:50% 50%\"><img loading=\"lazy\" decoding=\"async\" width=\"665\" height=\"1000\" src=\"https:\/\/ritmy.fr\/essais\/wp-content\/uploads\/2024\/05\/beynet-665x1000.png\" alt=\"\" class=\"wp-image-29264 size-full\" srcset=\"https:\/\/ritmy.fr\/essais\/wp-content\/uploads\/2024\/05\/beynet-665x1000.png 665w, https:\/\/ritmy.fr\/essais\/wp-content\/uploads\/2024\/05\/beynet-200x300.png 200w, https:\/\/ritmy.fr\/essais\/wp-content\/uploads\/2024\/05\/beynet.png 672w\" sizes=\"auto, (max-width: 665px) 100vw, 665px\" \/><\/figure><div class=\"wp-block-media-text__content\">\n<p class=\"has-regular-font-size\"><strong>Paul Beynet<\/strong><br>piano<\/p>\n\n\n\n<p class=\"has-regular-font-size\">Dipl\u00f4m\u00e9 du Conservatoire National Sup\u00e9rieur de Musique de Paris en Piano, Accompagnement Vocal et Musique de Chambre, laur\u00e9at du Concours International de Lied et M\u00e9lodie de Gordes (2014), du Concours de Musique d&rsquo;Ensemble de la FNAPEC (2017), Paul Beynet est artiste en r\u00e9sidence au Th\u00e9\u00e2tre Imp\u00e9rial &#8211; Op\u00e9ra de Compi\u00e8gne depuis 2016.<br>Il est membre cofondateur du trio Ay\u00f2nis aux c\u00f4t\u00e9s du t\u00e9nor Enguerrand de Hys et de la clarinettiste Elodie Roudet. Ay\u00f2nis tient \u00e0 coeur d&rsquo;aborder un r\u00e9pertoire qui va de l&rsquo;\u00e9poque baroque \u00e0 la chanson fran\u00e7aise en exploitant l&rsquo;alliance inattendue de la voix de t\u00e9nor, des clarinettes et du piano. Le trio se produit ainsi \u00e0 l&rsquo;Op\u00e9ra de Lille (2017), \u00e0 la Sc\u00e8ne Nationale de Quimper (2019), au Festival de Rocamadour<br>(2017, 2019), au Palazzetto Bru Zane &#8211; Venise (2019), \u00e0 la Chapelle Corneille de Rouen (2019), au Th\u00e9\u00e2tre Moli\u00e8re de S\u00e8te (2020), sur France Musique (2017, 2020), etc.<\/p>\n<\/div><\/div>\n\n\n\n<p class=\"has-regular-font-size\">Il est d\u2019autre part l\u2019invit\u00e9 r\u00e9gulier de La Maison Illumin\u00e9e, collectif plac\u00e9 sous la direction artistique d\u2019Oswald Sallaberger au sein duquel il se distingue comme chambriste et soliste, notamment avec le concerto en mi mineur de Chopin (Chapelle Corneille \/ Op\u00e9ra de Rouen, 2017), le concerto K.414 de Mozart (Seine Musicale, Festival Mozart Maximum, 2019).<br>Il est \u00e9galement le pianiste privil\u00e9gi\u00e9 de la mezzo-soprano Maria Mirante avec qui il forme un duo depuis 2015. Tr\u00e8s attach\u00e9 au r\u00e9pertoire fran\u00e7ais et espagnol, le duo donne de nombreux r\u00e9citals en France comme \u00e0 l&rsquo;\u00e9tranger. Maria et Paul ont \u00e9galement l&rsquo;opportunit\u00e9 de collaborer avec Vladimir Cosma et Elie Semoun pour la cr\u00e9ation du \u00ab\u00a0Pianiste qui m&rsquo;aimait\u00a0\u00bb, spectacle alliant musique classique, th\u00e9\u00e2tre et cin\u00e9ma (Festival 1001 Notes, Th\u00e9\u00e2tre de Brive-la-Gaillarde, 2018).<br><\/p>\n\n\n\n<p><\/p>\n\n\n\n<p><\/p>\n\n\n\n<p class=\"has-regular-font-size\"><strong>PROGRAMME<\/strong>&nbsp;:<\/p>\n\n\n\n<p class=\"has-regular-font-size\">&nbsp;&nbsp;Grands airs d\u2019op\u00e9ras et m\u00e9lodies c\u00e9l\u00e8bres se c\u00f4toient dans ce programme qui met \u00e0 l\u2019honneur les compositeurs italiens du Baroque au Bel Canto \u2013 Caccini, Marcello, Rossini, Donizetti, Bellini\u2026 &#8211; mais aussi ceux qui y ont voyag\u00e9: Haendel, Gluck, Mozart et Chopin.<\/p>\n\n\n\n<figure class=\"wp-block-table aligncenter has-regular-font-size\"><table class=\"has-pale-cyan-blue-background-color has-background\"><tbody><tr><td>G<strong>iulio CACCINI (1551-1618)<\/strong><br><em>Nuove musiche<\/em><br>Tu che hai le penne, amore<br><br><strong>Benedetto MARCELLO (1686-1739)<\/strong><br>Quella fiamma che m\u2019accende<br><br><strong>Antonio CALDARA (1670-1736)<\/strong><br><em>La Costanza in amor vince l\u2019inganno<\/em><br>Sebben crudele<br><br><strong>Georg Friedrich HAENDEL (1685-1759)<\/strong><br><em>Alcina<\/em><br>Air de Ruggiero : Sta nell\u2019ircana<br><em>Rinaldo<\/em><br>Air d\u2019Almirena : Lascia ch\u2019io pianga<br><br><strong>Christoph Willibald GLUCK (1714-1787)<\/strong><br><em>Orfeo ed Euridice<\/em><br>Air d\u2019Orfeo : Che far\u00f2 senza Euridice<br><br><strong>Gioachino ROSSINI (1792-1868)<\/strong><br><em>Il Barbiere di Siviglia<\/em><br>Air de Rosina : Una voce poco fa<\/td><td><strong>&#8212; ENTRACTE &#8212;<\/strong><br><br><strong>Fr\u00e9d\u00e9ric CHOPIN (1810-1849)<\/strong><br>Nocturne opus posthume en do di\u00e8se mineur<br>Pr\u00e9lude opus 28 n\u00b015<br><br><strong>Wolfgang Amadeus MOZART (1756-1791)<\/strong><br><em>Le Nozze di Figaro<\/em><br>Air de Cherubino : Voi che sapete<br><br><strong>Gaetano DONIZETTI (1797-1848)<\/strong><br><em>Le Canzoni napoletane<\/em><br>Amore Marinaro : Me voglio fa\u2019 \u2018na casa<br><em>Lucrezia Borgia<\/em><br>Air d\u2019Orsini : Il segreto per esser felici<br><br><strong>Vincenzo BELLINI (1801-1835)<\/strong><br><em>Tre Ariette<\/em><br>Vaga luna che inargenti<br><br><strong>Gioachino ROSSINI (1792-1868)<\/strong><br><em>Serate musicali<\/em><br>Tarantella napoletana : La Danza<\/td><\/tr><\/tbody><\/table><\/figure>\n\n\n\n<p><\/p>\n\n\n\n<p class=\"has-regular-font-size\">D\u00e9couvrez-les en visitant leurs sites internet : <a href=\"https:\/\/www.mariamirante.com\/\" target=\"_blank\" rel=\"noreferrer noopener\"><strong><em>Maria Mirante<\/em><\/strong><\/a>, <a href=\"https:\/\/www.paulbeynet.com\/\" target=\"_blank\" rel=\"noreferrer noopener\"><strong><em>Paul Beynet<\/em><\/strong><\/a><\/p>\n\n\n\n<p class=\"has-regular-font-size\">ainsi que sur cette vid\u00e9o :<\/p>\n\n\n\n<figure class=\"wp-block-embed is-type-video is-provider-youtube wp-block-embed-youtube wp-embed-aspect-16-9 wp-has-aspect-ratio\"><div class=\"wp-block-embed__wrapper\">\n<iframe loading=\"lazy\" title=\"Gaetano Donizetti, Amore marinaro (Me voglio fa&#039; &#039;na casa) - Maria Mirante &amp; Paul Beynet\" width=\"803\" height=\"452\" src=\"https:\/\/www.youtube.com\/embed\/6xa41CF_Ii8?feature=oembed\" frameborder=\"0\" allow=\"accelerometer; autoplay; clipboard-write; encrypted-media; gyroscope; picture-in-picture; web-share\" referrerpolicy=\"strict-origin-when-cross-origin\" allowfullscreen><\/iframe>\n<\/div><\/figure>\n\n\n\n<hr class=\"wp-block-separator has-css-opacity is-style-wide\"\/>\n\n\n\n<p class=\"has-black-color has-text-color has-regular-font-size\">Il est fortement recommand\u00e9 de <strong>r\u00e9server en ligne<\/strong> en cliquant sur le bouton ci-dessous, ou en appelant le 06-73-18-23-30.<\/p>\n\n\n\n<div class=\"wp-block-buttons is-content-justification-center is-layout-flex wp-container-core-buttons-is-layout-16018d1d wp-block-buttons-is-layout-flex\">\n<div class=\"wp-block-button is-style-fill\"><a class=\"wp-block-button__link has-white-color has-vivid-cyan-blue-background-color has-text-color has-background wp-element-button\" href=\"https:\/\/ritmy.fr\/essais\/reserver\/\">R\u00c9SERVER VOS BILLETS<\/a><\/div>\n<\/div>\n\n\n\n<p class=\"has-background has-regular-font-size\" style=\"background-color:#cceef7\">Afin de fluidifier l&rsquo;accueil du public, l&rsquo;ouverture des portes se fera <strong>\u00e0 partir de 16 h 15.<\/strong><\/p>\n\n\n\n<hr class=\"wp-block-separator has-css-opacity is-style-wide\"\/>\n\n\n\n<div class=\"wp-block-columns is-layout-flex wp-container-core-columns-is-layout-9d6595d7 wp-block-columns-is-layout-flex\">\n<div class=\"wp-block-column is-layout-flow wp-block-column-is-layout-flow\">\n<p><\/p>\n\n\n\n<div style=\"height:41px\" aria-hidden=\"true\" class=\"wp-block-spacer\"><\/div>\n\n\n\n<p class=\"has-regular-font-size\">Pour vous rendre \u00e0 l\u2019\u00c9glise Saint-Jacques de Houdan :<\/p>\n<\/div>\n\n\n\n<div class=\"wp-block-column is-layout-flow wp-block-column-is-layout-flow\">\n<iframe src=\"https:\/\/www.google.com\/maps\/embed?pb=!1m18!1m12!1m3!1d2628.6029471589986!2d1.599184015835476!3d48.78947001351086!2m3!1f0!2f0!3f0!3m2!1i1024!2i768!4f13.1!3m3!1m2!1s0x47e6a5d576191281%3A0x46c984cd8961a2ec!2sEglise%20Saint-Jacques%20et%20Saint-Christophe!5e0!3m2!1sfr!2sfr!4v1650901454347!5m2!1sfr!2sfr\" style=\"border:0;\" allowfullscreen=\"\" loading=\"lazy\" referrerpolicy=\"no-referrer-when-downgrade\" width=\"600\" height=\"450\"><\/iframe>\n<\/div>\n<\/div>\n\n\n\n<hr class=\"wp-block-separator has-css-opacity is-style-dots\"\/>\n\n\n\n<div class=\"wp-block-media-text is-vertically-aligned-top\" style=\"grid-template-columns:27% auto\"><figure class=\"wp-block-media-text__media\"><img loading=\"lazy\" decoding=\"async\" width=\"1000\" height=\"855\" src=\"https:\/\/ritmy.fr\/essais\/wp-content\/uploads\/2022\/04\/Houdan-complet-1000x855.png\" alt=\"\" class=\"wp-image-27384 size-full\" srcset=\"https:\/\/ritmy.fr\/essais\/wp-content\/uploads\/2022\/04\/Houdan-complet-1000x855.png 1000w, https:\/\/ritmy.fr\/essais\/wp-content\/uploads\/2022\/04\/Houdan-complet-300x257.png 300w, https:\/\/ritmy.fr\/essais\/wp-content\/uploads\/2022\/04\/Houdan-complet-768x657.png 768w, https:\/\/ritmy.fr\/essais\/wp-content\/uploads\/2022\/04\/Houdan-complet-803x687.png 803w, https:\/\/ritmy.fr\/essais\/wp-content\/uploads\/2022\/04\/Houdan-complet.png 1065w\" sizes=\"auto, (max-width: 1000px) 100vw, 1000px\" \/><\/figure><div class=\"wp-block-media-text__content\">\n<p class=\"has-regular-font-size\">Concert organis\u00e9 conjointement par RITMY et l\u2019\u00c9cole de Musique de Houdan<\/p>\n<\/div><\/div>\n\n\n\n<div class=\"wp-block-media-text is-vertically-aligned-top\" style=\"grid-template-columns:28% auto\"><figure class=\"wp-block-media-text__media\"><img loading=\"lazy\" decoding=\"async\" width=\"1000\" height=\"500\" src=\"https:\/\/ritmy.fr\/essais\/wp-content\/uploads\/2018\/09\/SPEDIDAM-ENCADRE-r\u00e9duit-1000x500.jpg\" alt=\"\" class=\"wp-image-18150 size-full\" srcset=\"https:\/\/ritmy.fr\/essais\/wp-content\/uploads\/2018\/09\/SPEDIDAM-ENCADRE-r\u00e9duit-1000x500.jpg 1000w, https:\/\/ritmy.fr\/essais\/wp-content\/uploads\/2018\/09\/SPEDIDAM-ENCADRE-r\u00e9duit-300x150.jpg 300w, https:\/\/ritmy.fr\/essais\/wp-content\/uploads\/2018\/09\/SPEDIDAM-ENCADRE-r\u00e9duit-768x384.jpg 768w, https:\/\/ritmy.fr\/essais\/wp-content\/uploads\/2018\/09\/SPEDIDAM-ENCADRE-r\u00e9duit.jpg 1100w\" sizes=\"auto, (max-width: 1000px) 100vw, 1000px\" \/><\/figure><div class=\"wp-block-media-text__content\">\n<p class=\"has-regular-font-size\">RITMY b\u00e9n\u00e9ficie du soutien de la SPEDIDAM.<\/p>\n<\/div><\/div>\n","protected":false},"excerpt":{"rendered":"<p>le dimanche 9 mars 2025 \u00e0 17h \u00e0 l&rsquo;\u00e9glise Saint-Jacques Voyage en ItalieAirs d\u2019op\u00e9ras, m\u00e9lodies et pi\u00e8ces pour piano De Venise \u00e0 Naples, Maria Mirante et Paul Beynet vous invitent \u00e0 un voyage haut en couleurs !Ils vous emm\u00e8nent dans les salons v\u00e9nitiens qui ont vu na\u00eetre l\u2019op\u00e9ra, sur une gondole pour chanter l\u2019amour au &hellip; <\/p>\n<p><a class=\"more-link btn\" href=\"https:\/\/ritmy.fr\/essais\/a\/mirante-beynet-mobil\/\">Lire la suite<\/a><\/p>\n","protected":false},"author":5,"featured_media":0,"parent":27411,"menu_order":16,"comment_status":"closed","ping_status":"closed","template":"","meta":{"footnotes":""},"class_list":["post-29754","page","type-page","status-publish","hentry","nodate","item-wrap"],"_links":{"self":[{"href":"https:\/\/ritmy.fr\/essais\/wp-json\/wp\/v2\/pages\/29754","targetHints":{"allow":["GET"]}}],"collection":[{"href":"https:\/\/ritmy.fr\/essais\/wp-json\/wp\/v2\/pages"}],"about":[{"href":"https:\/\/ritmy.fr\/essais\/wp-json\/wp\/v2\/types\/page"}],"author":[{"embeddable":true,"href":"https:\/\/ritmy.fr\/essais\/wp-json\/wp\/v2\/users\/5"}],"replies":[{"embeddable":true,"href":"https:\/\/ritmy.fr\/essais\/wp-json\/wp\/v2\/comments?post=29754"}],"version-history":[{"count":2,"href":"https:\/\/ritmy.fr\/essais\/wp-json\/wp\/v2\/pages\/29754\/revisions"}],"predecessor-version":[{"id":29756,"href":"https:\/\/ritmy.fr\/essais\/wp-json\/wp\/v2\/pages\/29754\/revisions\/29756"}],"up":[{"embeddable":true,"href":"https:\/\/ritmy.fr\/essais\/wp-json\/wp\/v2\/pages\/27411"}],"wp:attachment":[{"href":"https:\/\/ritmy.fr\/essais\/wp-json\/wp\/v2\/media?parent=29754"}],"curies":[{"name":"wp","href":"https:\/\/api.w.org\/{rel}","templated":true}]}}