{"id":29500,"date":"2024-06-15T06:00:00","date_gmt":"2024-06-15T05:00:00","guid":{"rendered":"https:\/\/ritmy.fr\/essais\/?page_id=29500"},"modified":"2024-10-31T19:34:56","modified_gmt":"2024-10-31T18:34:56","slug":"neauphle-2","status":"publish","type":"page","link":"https:\/\/ritmy.fr\/essais\/concerts-2\/tout-sur-les-35es-saisons\/neauphle-2\/","title":{"rendered":"Makoto YOSHIDA et Lucas BELKHIRI \u00e0 NEAUPHLE-LE-CHATEAU"},"content":{"rendered":"\n<script language=\"Javascript\">\n<!--\nfunction isMobileDevice() \n{ \nif (\/Mobil\/i.test(navigator.userAgent))\n  {\n  window.open(\"https:\/\/ritmy.fr\/essais\/35-Neauphle-mobile\/\", \"_top\");\n  }\n}\n\/\/-->\n<\/script>\n<script type=\"text\/javascript\">isMobileDevice()<\/script>\n\n\n\n<p class=\"has-vivid-cyan-blue-color has-text-color has-larger-font-size\"><strong>le dimanche 17 novembre 2024 \u00e0 17h \u00e0 l&rsquo;\u00e9glise Saint-Nicolas<\/strong><\/p>\n\n\n\n<p><\/p>\n\n\n\n<p class=\"has-text-align-center has-larger-font-size\"><strong>Chefs-d\u2019\u0153uvre pour clarinette et piano<\/strong><\/p>\n\n\n\n<p><\/p>\n\n\n\n<p class=\"has-large-font-size\">N\u00e9 au Japon en 1987, <strong>Makoto Yoshida <\/strong>a \u00e9tudi\u00e9 le piano d\u00e8s l\u2019\u00e2ge de 5 ans, la clarinette d\u00e8s l\u2019\u00e2ge de 15 ans et la direction d\u2019orchestre d\u00e8s l\u2019\u00e2ge de 22 ans avec le Maestro Seiji Ozawa.<\/p>\n\n\n<div class=\"wp-block-image\">\n<figure class=\"aligncenter size-full\"><img loading=\"lazy\" decoding=\"async\" width=\"1024\" height=\"683\" src=\"https:\/\/ritmy.fr\/essais\/wp-content\/uploads\/2024\/04\/Yoshida-1.jpeg\" alt=\"\" class=\"wp-image-29094\" srcset=\"https:\/\/ritmy.fr\/essais\/wp-content\/uploads\/2024\/04\/Yoshida-1.jpeg 1024w, https:\/\/ritmy.fr\/essais\/wp-content\/uploads\/2024\/04\/Yoshida-1-300x200.jpeg 300w, https:\/\/ritmy.fr\/essais\/wp-content\/uploads\/2024\/04\/Yoshida-1-1000x667.jpeg 1000w, https:\/\/ritmy.fr\/essais\/wp-content\/uploads\/2024\/04\/Yoshida-1-768x512.jpeg 768w, https:\/\/ritmy.fr\/essais\/wp-content\/uploads\/2024\/04\/Yoshida-1-803x536.jpeg 803w\" sizes=\"auto, (max-width: 1024px) 100vw, 1024px\" \/><\/figure><\/div>\n\n\n<p class=\"has-large-font-size\">Par sa technique exemplaire, sa maturit\u00e9 musicale et sa perspicacit\u00e9, Makoto Yoshida s&rsquo;est impos\u00e9 comme l&rsquo;un des musiciens les plus talentueux de la jeune g\u00e9n\u00e9ration, tant en soliste que comme chef d&rsquo;orchestre, et il poss\u00e8de un r\u00e9pertoire tr\u00e8s \u00e9tendu.<\/p>\n\n\n\n<p class=\"has-large-font-size\">N\u00e9 au Japon en 1987, Makoto fait ses d\u00e9buts de clarinettiste soliste avec l&rsquo;Orchestre Philharmonique d&rsquo;Osaka sous la direction de Eiji Oue \u00e0 l&rsquo;\u00e2ge de 15 ans, apr\u00e8s seulement trois ans de clarinette. Apr\u00e8s l&rsquo;Universit\u00e9 des Arts de Tokyo, Makoto est admis \u00e0 l&rsquo;unanimit\u00e9 au Conservatoire National Sup\u00e9rieur de Musique et de Danse de Paris. Gr\u00e2ce \u00e0 son talent, il devient boursier de l&rsquo;Agence des Affaires Culturelles. Il a \u00e9tudi\u00e9 \u00e0 Paris avec Michel Arrignon et Pascal Moragu\u00e9s, \u00e0 la Haute \u00c9cole de Musique de Gen\u00e8ve avec Romain Guyot, ainsi que lors de masterclasses avec Koichi Hamanaka, Florent H\u00e9au et Michel Lethiec.Il a \u00e9tudi\u00e9 \u00e9galement les instruments d&rsquo;\u00e9poque avec Lorenzo Coppola.<\/p>\n\n\n\n<div class=\"wp-block-media-text is-stacked-on-mobile is-image-fill\" style=\"grid-template-columns:33% auto\"><figure class=\"wp-block-media-text__media\" style=\"background-image:url(https:\/\/ritmy.fr\/essais\/wp-content\/uploads\/2024\/05\/Makoto-Yoshida-PROG-1.jpg);background-position:46% 20%\"><img loading=\"lazy\" decoding=\"async\" width=\"591\" height=\"886\" src=\"https:\/\/ritmy.fr\/essais\/wp-content\/uploads\/2024\/05\/Makoto-Yoshida-PROG-1.jpg\" alt=\"\" class=\"wp-image-29214 size-full\" srcset=\"https:\/\/ritmy.fr\/essais\/wp-content\/uploads\/2024\/05\/Makoto-Yoshida-PROG-1.jpg 591w, https:\/\/ritmy.fr\/essais\/wp-content\/uploads\/2024\/05\/Makoto-Yoshida-PROG-1-200x300.jpg 200w\" sizes=\"auto, (max-width: 591px) 100vw, 591px\" \/><\/figure><div class=\"wp-block-media-text__content\">\n<p class=\"has-large-font-size\">Il a poursuivi ses \u00e9tudes de direction d&rsquo;orchestre avec Seiji Ozawa.<\/p>\n\n\n\n<p class=\"has-large-font-size\">Il a depuis re\u00e7u de nombreux prix et r\u00e9compenses, parmi lesquels on peut citer le premier prix du 9<sup>e<\/sup> Concours International de Musique de Kobe, le grand prix du 9<sup>e<\/sup> Concours de Musique de Matsukata Hall, ou encore le premier prix et le prix du public au 5<sup>e<\/sup> Concours International de Musique de Tokyo.<\/p>\n\n\n\n<p class=\"has-large-font-size\">Makoto Yoshida a jou\u00e9 avec de nombreux orchestres symphoniques professionnels.<\/p>\n\n\n\n<p class=\"has-large-font-size\">Il se produit en r\u00e9cital au Japon, en Angleterre, en France, en Allemagne, en Italie, en Chine et re\u00e7oit partout une critique \u00e9logieuse. Il a \u00e9galement particip\u00e9 \u00e0 de nombreux festivals dans le monde, comme le festival Saito Kinen, La Folle Journ\u00e9e au Japon, Lucerne Festival ARKNOVA, le Festival International de Musique de Kobe, etc.<\/p>\n<\/div><\/div>\n\n\n\n<p class=\"has-large-font-size\">Il a jou\u00e9 avec de nombreux artistes internationaux tels qu&rsquo;Olivier Charlier, Peter Schmidl, Emmanuel Strosser, le quatuor Kuchl, l&rsquo;ensemble Raro, etc.<\/p>\n\n\n\n<p class=\"has-large-font-size\">Makoto Yoshida vit actuellement entre la France et Tokyo.<\/p>\n\n\n\n<p class=\"has-large-font-size\"><\/p>\n\n\n\n<p class=\"has-large-font-size\"><strong>Lucas Belkhiri<\/strong><\/p>\n\n\n\n<div class=\"wp-block-media-text is-stacked-on-mobile is-image-fill\" style=\"grid-template-columns:25% auto\"><figure class=\"wp-block-media-text__media\" style=\"background-image:url(https:\/\/ritmy.fr\/essais\/wp-content\/uploads\/2024\/04\/A-photo-Lucas-Belkhiri-Credits-Frederic-Turyan-881x1000.jpg);background-position:51% 42%\"><img loading=\"lazy\" decoding=\"async\" width=\"881\" height=\"1000\" src=\"https:\/\/ritmy.fr\/essais\/wp-content\/uploads\/2024\/04\/A-photo-Lucas-Belkhiri-Credits-Frederic-Turyan-881x1000.jpg\" alt=\"\" class=\"wp-image-29126 size-full\" srcset=\"https:\/\/ritmy.fr\/essais\/wp-content\/uploads\/2024\/04\/A-photo-Lucas-Belkhiri-Credits-Frederic-Turyan-881x1000.jpg 881w, https:\/\/ritmy.fr\/essais\/wp-content\/uploads\/2024\/04\/A-photo-Lucas-Belkhiri-Credits-Frederic-Turyan-264x300.jpg 264w, https:\/\/ritmy.fr\/essais\/wp-content\/uploads\/2024\/04\/A-photo-Lucas-Belkhiri-Credits-Frederic-Turyan-768x872.jpg 768w, https:\/\/ritmy.fr\/essais\/wp-content\/uploads\/2024\/04\/A-photo-Lucas-Belkhiri-Credits-Frederic-Turyan-1353x1536.jpg 1353w, https:\/\/ritmy.fr\/essais\/wp-content\/uploads\/2024\/04\/A-photo-Lucas-Belkhiri-Credits-Frederic-Turyan-1804x2048.jpg 1804w, https:\/\/ritmy.fr\/essais\/wp-content\/uploads\/2024\/04\/A-photo-Lucas-Belkhiri-Credits-Frederic-Turyan-803x912.jpg 803w\" sizes=\"auto, (max-width: 881px) 100vw, 881px\" \/><\/figure><div class=\"wp-block-media-text__content\">\n<p class=\"has-large-font-size\">Titulaire d&rsquo;un Master de piano du Conservatoire National Sup\u00e9rieur de Musique et de Danse de Paris (CNSMDP) obtenu mention tr\u00e8s bien \u00e0 l&rsquo;unanimit\u00e9 avec les f\u00e9licitations du jury en 2018 dans la classe de Florent Boffard et Anne-Lise Gastaldi, Lucas Belkhiri est un pianiste aux multiples facettes. Il entretient, en plus de la ma\u00eetrise du r\u00e9pertoire solo, un int\u00e9r\u00eat particulier pour la musique de chambre. Il se tourne ainsi vers l&rsquo;accompagnement, d\u00e9crochant en 2022 son master du CNSMDP mention tr\u00e8s bien \u00e0 l\u2019unanimit\u00e9 dans la classe de Jean-Fr\u00e9d\u00e9ric Neuburger, apr\u00e8s s&rsquo;\u00eatre form\u00e9 aupr\u00e8s de G\u00e9raldine Dutroncy. Il suit en parall\u00e8le une formation \u00e0 l&rsquo;enseignement, et obtient le master de p\u00e9dagogie du CNSMDP (CA de piano) en 2021.<\/p>\n<\/div><\/div>\n\n\n\n<p class=\"has-large-font-size\">Chambriste, Lucas Belkhiri joue dans des formations et styles divers (avec violon sur les sonates classiques, en trio autour de Ligeti, avec quintette \u00e0 vent autour de Poulenc et de Gershwin, en clavier d\u2019orchestre, en spectacle musical au sein du trio Balagan&#8230;). Il se produit aussi r\u00e9guli\u00e8rement avec des artistes lyriques, tout en s\u2019investissant dans l\u2019enseignement en tant qu\u2019accompagnateur pour diff\u00e9rents conservatoires parisiens. Ces exp\u00e9riences le conduisent \u00e0 int\u00e9grer la Garde R\u00e9publicaine, dont il est pianiste accompagnateur pour le Ch\u0153ur de l&rsquo;Arm\u00e9e fran\u00e7aise et l&rsquo;Orchestre de la Garde R\u00e9publicaine depuis 2020.<br><br>Sa curiosit\u00e9 l&rsquo;am\u00e8ne aussi \u00e0 se former au jazz et musiques actuelles, jouant au sein de plusieurs formations de la sc\u00e8ne parisienne (trio Wild Princesse, Benjamin Asnar trio, quartet 4DB), ouvertes sur diff\u00e9rents styles (swing, latin jazz, afrobeat, funk, rock progressif, musiques cubaines&#8230;).<\/p>\n\n\n\n<figure class=\"wp-block-table aligncenter has-large-font-size\"><table class=\"has-pale-cyan-blue-background-color has-background\"><tbody><tr><td><strong>PROGRAMME\u00a0:<\/strong><br><br><strong>Carl Maria von Weber<\/strong><br>\u00a0\u00a0\u00a0\u00a0\u00a0\u00a0Grand duo concertant\u00a0 en mi b\u00e9mol majeur, Op. 48 \uff081815 -1816\uff09<br><strong>Robert Schumann<\/strong><br>\u00a0\u00a0\u00a0\u00a0\u00a0\u00a0Trois romances \u00a0\u00a0Op.94 (1849)\u00a0<br><br><strong>\u00a0\u00a0\u00a0\u00a0\u00a0\u00a0\u00a0\u00a0\u00a0\u00a0\u00a0\u00a0\u00a0\u00a0\u00a0\u00a0 \u2015entracte\u2015\u00a0<\/strong><br><br><strong>Claude Debussy<\/strong><br>\u00a0\u00a0\u00a0\u00a0\u00a0\u00a0Premi\u00e8re Rhapsodie\u00a0 en si b\u00e9mol (1911)\u00a0<br><strong>Camille Saint-Sa\u00ebns<\/strong><br>\u00a0\u00a0\u00a0\u00a0\u00a0\u00a0Sonate en mi b\u00e9mol majeur, op. 167 \uff081921\uff09 \u00a0<br><\/td><\/tr><\/tbody><\/table><\/figure>\n\n\n\n<p class=\"has-large-font-size\">D\u00e9couvrez Makoto Yoshida en visitant son <a href=\"https:\/\/makoto-yoshida.com\/\" target=\"_blank\" rel=\"noreferrer noopener\"><strong><em>site internet<\/em><\/strong><\/a> et Lucas Belkhiri sur sa <a href=\"https:\/\/www.facebook.com\/lucas.belkhiri.7\/\" target=\"_blank\" rel=\"noreferrer noopener\"><strong><em>page facebook<\/em><\/strong><\/a>.<\/p>\n\n\n\n<p class=\"has-large-font-size\">ainsi que sur ces videos :<\/p>\n\n\n\n<div class=\"wp-block-columns is-layout-flex wp-container-core-columns-is-layout-9d6595d7 wp-block-columns-is-layout-flex\">\n<div class=\"wp-block-column is-layout-flow wp-block-column-is-layout-flow\">\n<figure class=\"wp-block-embed is-type-video is-provider-youtube wp-block-embed-youtube wp-embed-aspect-16-9 wp-has-aspect-ratio\"><div class=\"wp-block-embed__wrapper\">\n<iframe loading=\"lazy\" title=\"Makoto Yoshida\uff06Yu Kosuge\u300cClarinet Sonata No. 2 in E-Flat Major, Op. 120\u300d\" width=\"803\" height=\"452\" src=\"https:\/\/www.youtube.com\/embed\/96mDbaAzrN0?feature=oembed\" frameborder=\"0\" allow=\"accelerometer; autoplay; clipboard-write; encrypted-media; gyroscope; picture-in-picture; web-share\" referrerpolicy=\"strict-origin-when-cross-origin\" allowfullscreen><\/iframe>\n<\/div><figcaption class=\"wp-element-caption\">Makoto Yoshida dans la sonate n\u00b02 pour clarinette et piano de Brahms<\/figcaption><\/figure>\n<\/div>\n\n\n\n<div class=\"wp-block-column is-layout-flow wp-block-column-is-layout-flow\">\n<figure class=\"wp-block-embed is-type-video is-provider-youtube wp-block-embed-youtube wp-embed-aspect-16-9 wp-has-aspect-ratio\"><div class=\"wp-block-embed__wrapper\">\n<iframe loading=\"lazy\" title=\"John Stewart Corey : Sonatine pour piano - Lucas Belkhiri, piano\" width=\"803\" height=\"452\" src=\"https:\/\/www.youtube.com\/embed\/vFASpEIRxO4?feature=oembed\" frameborder=\"0\" allow=\"accelerometer; autoplay; clipboard-write; encrypted-media; gyroscope; picture-in-picture; web-share\" referrerpolicy=\"strict-origin-when-cross-origin\" allowfullscreen><\/iframe>\n<\/div><figcaption class=\"wp-element-caption\">Lucas Belkhiri dans la sonatine de John Stewart Corey<\/figcaption><\/figure>\n<\/div>\n<\/div>\n\n\n\n<hr class=\"wp-block-separator has-alpha-channel-opacity is-style-wide\"\/>\n\n\n\n<p><\/p>\n\n\n\n<p class=\"has-black-color has-text-color has-large-font-size\">Il est fortement recommand\u00e9 de <strong>r\u00e9server en ligne<\/strong> en cliquant sur le bouton ci-dessous, ou en appelant le 06-80-31-06-12.<\/p>\n\n\n\n<div class=\"wp-block-buttons is-content-justification-center is-layout-flex wp-container-core-buttons-is-layout-16018d1d wp-block-buttons-is-layout-flex\">\n<div class=\"wp-block-button is-style-fill\"><a class=\"wp-block-button__link has-white-color has-vivid-cyan-blue-background-color has-text-color has-background wp-element-button\" href=\"https:\/\/ritmy.fr\/essais\/reserver\/\">R\u00c9SERVER VOS BILLETS<\/a><\/div>\n<\/div>\n\n\n\n<p><\/p>\n\n\n\n<p class=\"has-black-color has-text-color has-background has-large-font-size\" style=\"background-color:#cceef7\">Afin de fluidifier l&rsquo;accueil du public, l&rsquo;ouverture des portes se fera <strong>\u00e0 partir de 16 h 15.<\/strong><\/p>\n\n\n\n<hr class=\"wp-block-separator has-css-opacity is-style-wide\"\/>\n\n\n\n<div class=\"wp-block-columns is-layout-flex wp-container-core-columns-is-layout-9d6595d7 wp-block-columns-is-layout-flex\">\n<div class=\"wp-block-column is-layout-flow wp-block-column-is-layout-flow\">\n<p><\/p>\n\n\n\n<div style=\"height:41px\" aria-hidden=\"true\" class=\"wp-block-spacer\"><\/div>\n\n\n\n<p class=\"has-large-font-size\">Pour vous rendre \u00e0 l\u2019\u00e9glise Saint-Nicolas de NEAUPHLE-le-CH\u00c2TEAU :<\/p>\n\n\n\n<p><\/p>\n\n\n\n<p><\/p>\n\n\n\n<p class=\"has-large-font-size\">Pour se garer : Si les parkings du centre sont complets, il y a le parking du Vieux Moulin (fl\u00e9ch\u00e9) \u00e0 5min de l&rsquo;\u00e9glise.<\/p>\n<\/div>\n\n\n\n<div class=\"wp-block-column is-layout-flow wp-block-column-is-layout-flow\">\n<iframe src=\"https:\/\/www.google.com\/maps\/embed?pb=!1m18!1m12!1m3!1d10509.100077975727!2d1.8732415940698801!3d48.81481384833972!2m3!1f0!2f0!3f0!3m2!1i1024!2i768!4f13.1!3m3!1m2!1s0x47e69b3cacb763cd%3A0xbfd82f15d3c44849!2sEglise%20Saint-Nicolas%20de%20Neauphle-le-Chateau!5e0!3m2!1sfr!2sfr!4v1650891915141!5m2!1sfr!2sfr\" style=\"border:0;\" allowfullscreen=\"\" loading=\"lazy\" referrerpolicy=\"no-referrer-when-downgrade\" width=\"600\" height=\"450\"><\/iframe>\n<\/div>\n<\/div>\n\n\n\n<hr class=\"wp-block-separator has-css-opacity is-style-dots\"\/>\n\n\n\n<div class=\"wp-block-media-text is-vertically-aligned-top\" style=\"grid-template-columns:21% auto\"><figure class=\"wp-block-media-text__media\"><img loading=\"lazy\" decoding=\"async\" width=\"328\" height=\"328\" src=\"https:\/\/ritmy.fr\/essais\/wp-content\/uploads\/2024\/05\/SINLC_small.png\" alt=\"\" class=\"wp-image-29228 size-full\" srcset=\"https:\/\/ritmy.fr\/essais\/wp-content\/uploads\/2024\/05\/SINLC_small.png 328w, https:\/\/ritmy.fr\/essais\/wp-content\/uploads\/2024\/05\/SINLC_small-300x300.png 300w, https:\/\/ritmy.fr\/essais\/wp-content\/uploads\/2024\/05\/SINLC_small-150x150.png 150w\" sizes=\"auto, (max-width: 328px) 100vw, 328px\" \/><\/figure><div class=\"wp-block-media-text__content\">\n<p class=\"has-large-font-size\">Concert organis\u00e9 conjointement par RITMY et le SYNDICAT D\u2019INITIATIVE de Neauphle-le-Ch\u00e2teau.<\/p>\n<\/div><\/div>\n\n\n\n<div class=\"wp-block-media-text is-vertically-aligned-top\" style=\"grid-template-columns:28% auto\"><figure class=\"wp-block-media-text__media\"><img loading=\"lazy\" decoding=\"async\" width=\"1000\" height=\"500\" src=\"https:\/\/ritmy.fr\/essais\/wp-content\/uploads\/2018\/09\/SPEDIDAM-ENCADRE-r\u00e9duit-1000x500.jpg\" alt=\"\" class=\"wp-image-18150 size-full\" srcset=\"https:\/\/ritmy.fr\/essais\/wp-content\/uploads\/2018\/09\/SPEDIDAM-ENCADRE-r\u00e9duit-1000x500.jpg 1000w, https:\/\/ritmy.fr\/essais\/wp-content\/uploads\/2018\/09\/SPEDIDAM-ENCADRE-r\u00e9duit-300x150.jpg 300w, https:\/\/ritmy.fr\/essais\/wp-content\/uploads\/2018\/09\/SPEDIDAM-ENCADRE-r\u00e9duit-768x384.jpg 768w, https:\/\/ritmy.fr\/essais\/wp-content\/uploads\/2018\/09\/SPEDIDAM-ENCADRE-r\u00e9duit.jpg 1100w\" sizes=\"auto, (max-width: 1000px) 100vw, 1000px\" \/><\/figure><div class=\"wp-block-media-text__content\">\n<p class=\"has-large-font-size\">RITMY b\u00e9n\u00e9ficie du soutien de la SPEDIDAM.<\/p>\n<\/div><\/div>\n","protected":false},"excerpt":{"rendered":"<p>le dimanche 17 novembre 2024 \u00e0 17h \u00e0 l&rsquo;\u00e9glise Saint-Nicolas Chefs-d\u2019\u0153uvre pour clarinette et piano N\u00e9 au Japon en 1987, Makoto Yoshida a \u00e9tudi\u00e9 le piano d\u00e8s l\u2019\u00e2ge de 5 ans, la clarinette d\u00e8s l\u2019\u00e2ge de 15 ans et la direction d\u2019orchestre d\u00e8s l\u2019\u00e2ge de 22 ans avec le Maestro Seiji Ozawa. Par sa technique &hellip; <\/p>\n<p><a class=\"more-link btn\" href=\"https:\/\/ritmy.fr\/essais\/concerts-2\/tout-sur-les-35es-saisons\/neauphle-2\/\">Lire la suite<\/a><\/p>\n","protected":false},"author":5,"featured_media":29419,"parent":29193,"menu_order":1,"comment_status":"closed","ping_status":"closed","template":"","meta":{"footnotes":""},"class_list":["post-29500","page","type-page","status-publish","has-post-thumbnail","hentry","nodate","item-wrap"],"_links":{"self":[{"href":"https:\/\/ritmy.fr\/essais\/wp-json\/wp\/v2\/pages\/29500","targetHints":{"allow":["GET"]}}],"collection":[{"href":"https:\/\/ritmy.fr\/essais\/wp-json\/wp\/v2\/pages"}],"about":[{"href":"https:\/\/ritmy.fr\/essais\/wp-json\/wp\/v2\/types\/page"}],"author":[{"embeddable":true,"href":"https:\/\/ritmy.fr\/essais\/wp-json\/wp\/v2\/users\/5"}],"replies":[{"embeddable":true,"href":"https:\/\/ritmy.fr\/essais\/wp-json\/wp\/v2\/comments?post=29500"}],"version-history":[{"count":3,"href":"https:\/\/ritmy.fr\/essais\/wp-json\/wp\/v2\/pages\/29500\/revisions"}],"predecessor-version":[{"id":29579,"href":"https:\/\/ritmy.fr\/essais\/wp-json\/wp\/v2\/pages\/29500\/revisions\/29579"}],"up":[{"embeddable":true,"href":"https:\/\/ritmy.fr\/essais\/wp-json\/wp\/v2\/pages\/29193"}],"wp:featuredmedia":[{"embeddable":true,"href":"https:\/\/ritmy.fr\/essais\/wp-json\/wp\/v2\/media\/29419"}],"wp:attachment":[{"href":"https:\/\/ritmy.fr\/essais\/wp-json\/wp\/v2\/media?parent=29500"}],"curies":[{"name":"wp","href":"https:\/\/api.w.org\/{rel}","templated":true}]}}