{"id":29297,"date":"2024-06-15T06:08:21","date_gmt":"2024-06-15T05:08:21","guid":{"rendered":"https:\/\/ritmy.fr\/essais\/?page_id=29297"},"modified":"2025-03-27T11:29:30","modified_gmt":"2025-03-27T10:29:30","slug":"mere-2","status":"publish","type":"page","link":"https:\/\/ritmy.fr\/essais\/concerts-2\/tout-sur-les-35es-saisons\/mere-2\/","title":{"rendered":"Sextuor de Clarinettes Fran\u00e7ais \u00e0 M\u00c9R\u00c9"},"content":{"rendered":"\n<script language=\"Javascript\">\n<!--\nfunction isMobileDevice() \n{ \nif (\/Mobil\/i.test(navigator.userAgent))\n  {\n  window.open(\"https:\/\/ritmy.fr\/essais\/sextuor-mere\/\", \"_top\");\n  }\n}\n\/\/-->\n<\/script>\n<script type=\"text\/javascript\">isMobileDevice()<\/script>\n\n\n\n<p class=\"has-vivid-cyan-blue-color has-white-background-color has-text-color has-background has-larger-font-size\" id=\"block-5f413d3c-53c6-4e5f-9b95-908b94199e2d\"><strong>le dimanche 6 avril 2025 \u00e0 17h \u00e0 l&rsquo;\u00e9glise Saint-Denis<\/strong><\/p>\n\n\n\n<p class=\"has-text-align-center has-larger-font-size\" id=\"block-39dd8b91-433d-401c-bb12-efa86ad47cce\"><strong><em>De Bach \u00e0 Ellington<\/em><\/strong><\/p>\n\n\n\n<p><\/p>\n\n\n\n<p class=\"has-large-font-size\">C\u2019est \u00e0 Mitry-Mory, dans la banlieue parisienne, en 1975 que le Sextuor de Clarinettes Fran\u00e7ais donne son premier concert.<\/p>\n\n\n<div class=\"wp-block-image\">\n<figure class=\"aligncenter size-large\"><img loading=\"lazy\" decoding=\"async\" width=\"1000\" height=\"416\" src=\"https:\/\/ritmy.fr\/essais\/wp-content\/uploads\/2024\/05\/sextuor-3-1000x416.png\" alt=\"\" class=\"wp-image-29299\" srcset=\"https:\/\/ritmy.fr\/essais\/wp-content\/uploads\/2024\/05\/sextuor-3-1000x416.png 1000w, https:\/\/ritmy.fr\/essais\/wp-content\/uploads\/2024\/05\/sextuor-3-300x125.png 300w, https:\/\/ritmy.fr\/essais\/wp-content\/uploads\/2024\/05\/sextuor-3-768x319.png 768w, https:\/\/ritmy.fr\/essais\/wp-content\/uploads\/2024\/05\/sextuor-3-803x334.png 803w, https:\/\/ritmy.fr\/essais\/wp-content\/uploads\/2024\/05\/sextuor-3.png 1315w\" sizes=\"auto, (max-width: 1000px) 100vw, 1000px\" \/><\/figure><\/div>\n\n\n<p class=\"has-large-font-size\">Rapidement, cette formation musicale unique en son genre, s\u00e9duit par sa palette sonore et l&rsquo;\u00e9tendue de ses possibilit\u00e9s.<br>Grand prix de l&rsquo;UFAM, Premier prix du Concours International de musique de chambre de Colmar, le Sextuor est distingu\u00e9 par la ville de Paris qui lui remet sa m\u00e9daille d&rsquo;argent.<br>Le Sextuor de Clarinettes Fran\u00e7ais s&rsquo;est produit dans de nombreux festivals en France (Radio-France, Fl\u00e2neries de Reims, Printemps musical de Poitiers, Festival estival de Paris, Libre parcours r\u00e9cital \u00e0 la D\u00e9fense\u2026) mais aussi \u00e0 l&rsquo;\u00e9tranger (Allemagne, Belgique, Espagne,Italie, Japon\u2026).<\/p>\n\n\n\n<p class=\"has-large-font-size\">De tr\u00e8s grands solistes ont apport\u00e9 leurs pierres au Sextuor de Clarinettes Fran\u00e7ais mais seuls l&rsquo;amiti\u00e9, la passion de la musique et le d\u00e9sir de promouvoir cet instrument extraordinaire qu&rsquo;est la clarinette, expliquent son exceptionnelle long\u00e9vit\u00e9.<\/p>\n\n\n<div class=\"wp-block-image\">\n<figure class=\"aligncenter size-large\"><img loading=\"lazy\" decoding=\"async\" width=\"1000\" height=\"778\" src=\"https:\/\/ritmy.fr\/essais\/wp-content\/uploads\/2024\/04\/sextuor-1000x778.png\" alt=\"\" class=\"wp-image-29105\" srcset=\"https:\/\/ritmy.fr\/essais\/wp-content\/uploads\/2024\/04\/sextuor-1000x778.png 1000w, https:\/\/ritmy.fr\/essais\/wp-content\/uploads\/2024\/04\/sextuor-300x234.png 300w, https:\/\/ritmy.fr\/essais\/wp-content\/uploads\/2024\/04\/sextuor-768x598.png 768w, https:\/\/ritmy.fr\/essais\/wp-content\/uploads\/2024\/04\/sextuor-803x625.png 803w, https:\/\/ritmy.fr\/essais\/wp-content\/uploads\/2024\/04\/sextuor.png 1074w\" sizes=\"auto, (max-width: 1000px) 100vw, 1000px\" \/><\/figure><\/div>\n\n\n<p class=\"has-large-font-size\">Le r\u00e9pertoire du Sextuor de Clarinettes Fran\u00e7ais est constitu\u00e9 d\u2019\u0153uvre originales (Eug\u00e8ne BOZZA, Gordon JACOB, Raymond LOUCHEUR, Florent SCHMITT\u2026), dont certaines sont des cr\u00e9ations (Marc EYCHENNE, Emmanuel DANDIN, Yves GOURHAND, Philippe LELOUP\u2026).<br>Il n&rsquo;h\u00e9site pas \u00e0 se diviser, de la clarinette solo au quintette, pour int\u00e9grer dans son catalogue les chefs-d\u2019\u0153uvre originaux de Wolfgang Amadeus MOZART, Francis POULENC, Igor STRAVINSKY et Olivier MESSIAEN.<\/p>\n\n\n\n<p class=\"has-large-font-size\">Soucieux d&rsquo;enrichir et de varier son r\u00e9pertoire, le Sextuor de Clarinettes Fran\u00e7ais a r\u00e9alis\u00e9 de nombreuses transcriptions, de la musique baroque (Jean-S\u00e9bastien BACH, Arcangello CORELLI\u2026) \u00e0 la musique klezmer, en passant par la musique romantique (Carl-Maria von WEBER, Giuseppe VERDI\u2026) et m\u00eame le musette de Gus VISEUR.<\/p>\n\n\n\n<p class=\"has-large-font-size\">Ayant la chance de compter dans ses rangs, un improvisateur reconnu en la personne de Nicolas FARGEIX et un percussionniste remarquable avec Philippe LELOUP, le jazz (Duke ELLINGTON, Chick COREA\u2026) trouve une place de choix dans les programmes du Sextuor de Clarinettes Fran\u00e7ais.<\/p>\n\n\n\n<p class=\"has-large-font-size\">Le Sextuor de Clarinettes fran\u00e7ais n&rsquo;a d&rsquo;autre objectif que le plaisir du public en lui d\u00e9voilant les diff\u00e9rentes facettes de la clarinette \u00e0 travers les r\u00e9pertoires les plus exhaustifs.<\/p>\n\n\n<div class=\"wp-block-image\">\n<figure class=\"aligncenter size-full\"><img loading=\"lazy\" decoding=\"async\" width=\"997\" height=\"416\" src=\"https:\/\/ritmy.fr\/essais\/wp-content\/uploads\/2024\/05\/sextuor-4.png\" alt=\"\" class=\"wp-image-29301\" srcset=\"https:\/\/ritmy.fr\/essais\/wp-content\/uploads\/2024\/05\/sextuor-4.png 997w, https:\/\/ritmy.fr\/essais\/wp-content\/uploads\/2024\/05\/sextuor-4-300x125.png 300w, https:\/\/ritmy.fr\/essais\/wp-content\/uploads\/2024\/05\/sextuor-4-768x320.png 768w, https:\/\/ritmy.fr\/essais\/wp-content\/uploads\/2024\/05\/sextuor-4-803x335.png 803w\" sizes=\"auto, (max-width: 997px) 100vw, 997px\" \/><\/figure><\/div>\n\n\n<p class=\"has-large-font-size\">Agr\u00e9\u00e9 par la fondation Menuhin, le Sextuor de Clarinettes Fran\u00e7ais se produit r\u00e9guli\u00e8rement en milieu scolaire, soit sous forme d&rsquo;animations musicales, soit sous forme de contes musicaux (Badagroum de Val\u00e8re KAZMIERCZAK, Un chat sur la toile de Muriel et Olivier VONDERSCHER) mais \u00e9galement dans des lieux o\u00f9 la musique n&rsquo;a pas toujours droit de cit\u00e9 (centres de r\u00e9\u00e9ducation pour handicap\u00e9s, centres p\u00e9nitentiaires\u2026).<\/p>\n\n\n\n<p class=\"has-large-font-size\">Soucieux de transmettre sa passion et son savoir, le Sextuor de Clarinettes Fran\u00e7ais anime le stage d&rsquo;ensembles de clarinettes de Prayssac depuis 1988. Ayant migr\u00e9 \u00e0 Angers en 2014, ce stage, organis\u00e9 par l&rsquo;association Opus 10, s&rsquo;adresse \u00e0 tous les clarinettistes, jeunes et moins jeunes, futurs professionnels et amateurs enthousiastes.<\/p>\n\n\n\n<p class=\"has-large-font-size\">Retrouvez les sur ces vid\u00e9os :<\/p>\n\n\n\n<div class=\"wp-block-columns is-layout-flex wp-container-core-columns-is-layout-9d6595d7 wp-block-columns-is-layout-flex\">\n<div class=\"wp-block-column is-layout-flow wp-block-column-is-layout-flow\">\n<figure class=\"wp-block-embed is-type-video is-provider-youtube wp-block-embed-youtube wp-embed-aspect-16-9 wp-has-aspect-ratio\"><div class=\"wp-block-embed__wrapper\">\n<iframe loading=\"lazy\" title=\"Sextuor De Clarinettes Fran\u00e7ais &quot;Splanky&quot;\" width=\"803\" height=\"452\" src=\"https:\/\/www.youtube.com\/embed\/J7HMBKzY5GQ?feature=oembed\" frameborder=\"0\" allow=\"accelerometer; autoplay; clipboard-write; encrypted-media; gyroscope; picture-in-picture; web-share\" referrerpolicy=\"strict-origin-when-cross-origin\" allowfullscreen><\/iframe>\n<\/div><figcaption class=\"wp-element-caption\">\u00ab\u00a0Splanky\u00a0\u00bb<\/figcaption><\/figure>\n<\/div>\n\n\n\n<div class=\"wp-block-column is-vertically-aligned-center is-layout-flow wp-block-column-is-layout-flow\">\n<p class=\"has-large-font-size\">Quelques extraits du r\u00e9pertoire :<\/p>\n\n\n\n<p class=\"has-large-font-size\"><a href=\"https:\/\/www.youtube.com\/watch?v=aStlRmUKSVs\">https:\/\/www.youtube.com\/watch?v=aStlRmUKSVs<\/a><\/p>\n\n\n\n<p class=\"has-large-font-size\"><\/p>\n<\/div>\n<\/div>\n\n\n\n<p class=\"has-large-font-size\">Il est fortement recommand\u00e9 de <strong>r\u00e9server en ligne<\/strong> en cliquant sur le bouton ci-dessous, ou en appelant le 06-60-42-19-43.<\/p>\n\n\n\n<div class=\"wp-block-buttons is-content-justification-center is-layout-flex wp-container-core-buttons-is-layout-16018d1d wp-block-buttons-is-layout-flex\">\n<div class=\"wp-block-button is-style-fill\"><a class=\"wp-block-button__link has-white-color has-vivid-cyan-blue-background-color has-text-color has-background wp-element-button\" href=\"https:\/\/ritmy.fr\/essais\/reserver\/\">R\u00c9SERVER VOS BILLETS<\/a><\/div>\n<\/div>\n\n\n\n<p><\/p>\n\n\n\n<p class=\"has-background has-large-font-size\" style=\"background-color:#cceef7\">Afin de fluidifier l&rsquo;accueil du public, l&rsquo;ouverture des portes se fera <strong>\u00e0 partir de 16 h 15.<\/strong><\/p>\n\n\n\n<hr class=\"wp-block-separator has-alpha-channel-opacity\" id=\"block-369b94bd-8c00-4ebb-9a9a-f8bf9534001f\"\/>\n\n\n\n<div class=\"wp-block-columns is-layout-flex wp-container-core-columns-is-layout-9d6595d7 wp-block-columns-is-layout-flex\">\n<div class=\"wp-block-column is-layout-flow wp-block-column-is-layout-flow\">\n<p><\/p>\n\n\n\n<div style=\"height:41px\" aria-hidden=\"true\" class=\"wp-block-spacer\"><\/div>\n\n\n\n<p class=\"has-large-font-size\">Pour vous rendre \u00e0 l&rsquo;\u00e9glise Saint-Denis de M\u00e9r\u00e9 :<\/p>\n<\/div>\n\n\n\n<div class=\"wp-block-column is-layout-flow wp-block-column-is-layout-flow\">\n<iframe src=\"https:\/\/www.google.com\/maps\/embed?pb=!1m18!1m12!1m3!1d3156.291134090871!2d1.8181665225308112!3d48.787899603288636!2m3!1f0!2f0!3f0!3m2!1i1024!2i768!4f13.1!3m3!1m2!1s0x47e699539a67fc5b%3A0x9eb5f97c1ec54ad0!2sEglise%20Saint%20Denis!5e0!3m2!1sfr!2sfr!4v1650898254699!5m2!1sfr!2sfr\" style=\"border:0;\" allowfullscreen=\"\" loading=\"lazy\" referrerpolicy=\"no-referrer-when-downgrade\" width=\"600\" height=\"450\"><\/iframe>\n<\/div>\n<\/div>\n\n\n\n<hr class=\"wp-block-separator has-css-opacity is-style-dots\"\/>\n\n\n\n<div class=\"wp-block-media-text is-vertically-aligned-top\" style=\"grid-template-columns:27% auto\"><figure class=\"wp-block-media-text__media\"><img loading=\"lazy\" decoding=\"async\" width=\"599\" height=\"308\" src=\"https:\/\/ritmy.fr\/essais\/wp-content\/uploads\/2022\/04\/ASCL.png\" alt=\"\" class=\"wp-image-27365 size-full\" srcset=\"https:\/\/ritmy.fr\/essais\/wp-content\/uploads\/2022\/04\/ASCL.png 599w, https:\/\/ritmy.fr\/essais\/wp-content\/uploads\/2022\/04\/ASCL-300x154.png 300w\" sizes=\"auto, (max-width: 599px) 100vw, 599px\" \/><\/figure><div class=\"wp-block-media-text__content\">\n<p class=\"has-large-font-size\">Concert organis\u00e9 conjointement par RITMY et l\u2019ASCL de M\u00c9R\u00c9<\/p>\n<\/div><\/div>\n\n\n\n<div class=\"wp-block-media-text is-vertically-aligned-top\" style=\"grid-template-columns:28% auto\"><figure class=\"wp-block-media-text__media\"><img loading=\"lazy\" decoding=\"async\" width=\"1000\" height=\"500\" src=\"https:\/\/ritmy.fr\/essais\/wp-content\/uploads\/2018\/09\/SPEDIDAM-ENCADRE-r\u00e9duit-1000x500.jpg\" alt=\"\" class=\"wp-image-18150 size-full\" srcset=\"https:\/\/ritmy.fr\/essais\/wp-content\/uploads\/2018\/09\/SPEDIDAM-ENCADRE-r\u00e9duit-1000x500.jpg 1000w, https:\/\/ritmy.fr\/essais\/wp-content\/uploads\/2018\/09\/SPEDIDAM-ENCADRE-r\u00e9duit-300x150.jpg 300w, https:\/\/ritmy.fr\/essais\/wp-content\/uploads\/2018\/09\/SPEDIDAM-ENCADRE-r\u00e9duit-768x384.jpg 768w, https:\/\/ritmy.fr\/essais\/wp-content\/uploads\/2018\/09\/SPEDIDAM-ENCADRE-r\u00e9duit.jpg 1100w\" sizes=\"auto, (max-width: 1000px) 100vw, 1000px\" \/><\/figure><div class=\"wp-block-media-text__content\">\n<p class=\"has-large-font-size\">RITMY b\u00e9n\u00e9ficie du soutien de la SPEDIDAM.<\/p>\n<\/div><\/div>\n","protected":false},"excerpt":{"rendered":"<p>le dimanche 6 avril 2025 \u00e0 17h \u00e0 l&rsquo;\u00e9glise Saint-Denis De Bach \u00e0 Ellington C\u2019est \u00e0 Mitry-Mory, dans la banlieue parisienne, en 1975 que le Sextuor de Clarinettes Fran\u00e7ais donne son premier concert. Rapidement, cette formation musicale unique en son genre, s\u00e9duit par sa palette sonore et l&rsquo;\u00e9tendue de ses possibilit\u00e9s.Grand prix de l&rsquo;UFAM, Premier &hellip; <\/p>\n<p><a class=\"more-link btn\" href=\"https:\/\/ritmy.fr\/essais\/concerts-2\/tout-sur-les-35es-saisons\/mere-2\/\">Lire la suite<\/a><\/p>\n","protected":false},"author":5,"featured_media":29105,"parent":29193,"menu_order":6,"comment_status":"closed","ping_status":"closed","template":"","meta":{"footnotes":""},"class_list":["post-29297","page","type-page","status-publish","has-post-thumbnail","hentry","nodate","item-wrap"],"_links":{"self":[{"href":"https:\/\/ritmy.fr\/essais\/wp-json\/wp\/v2\/pages\/29297","targetHints":{"allow":["GET"]}}],"collection":[{"href":"https:\/\/ritmy.fr\/essais\/wp-json\/wp\/v2\/pages"}],"about":[{"href":"https:\/\/ritmy.fr\/essais\/wp-json\/wp\/v2\/types\/page"}],"author":[{"embeddable":true,"href":"https:\/\/ritmy.fr\/essais\/wp-json\/wp\/v2\/users\/5"}],"replies":[{"embeddable":true,"href":"https:\/\/ritmy.fr\/essais\/wp-json\/wp\/v2\/comments?post=29297"}],"version-history":[{"count":18,"href":"https:\/\/ritmy.fr\/essais\/wp-json\/wp\/v2\/pages\/29297\/revisions"}],"predecessor-version":[{"id":29876,"href":"https:\/\/ritmy.fr\/essais\/wp-json\/wp\/v2\/pages\/29297\/revisions\/29876"}],"up":[{"embeddable":true,"href":"https:\/\/ritmy.fr\/essais\/wp-json\/wp\/v2\/pages\/29193"}],"wp:featuredmedia":[{"embeddable":true,"href":"https:\/\/ritmy.fr\/essais\/wp-json\/wp\/v2\/media\/29105"}],"wp:attachment":[{"href":"https:\/\/ritmy.fr\/essais\/wp-json\/wp\/v2\/media?parent=29297"}],"curies":[{"name":"wp","href":"https:\/\/api.w.org\/{rel}","templated":true}]}}