{"id":29250,"date":"2024-06-15T06:01:45","date_gmt":"2024-06-15T05:01:45","guid":{"rendered":"https:\/\/ritmy.fr\/essais\/?page_id=29250"},"modified":"2024-10-17T17:35:07","modified_gmt":"2024-10-17T16:35:07","slug":"orgerus-2","status":"publish","type":"page","link":"https:\/\/ritmy.fr\/essais\/concerts-2\/tout-sur-les-35es-saisons\/orgerus-2\/","title":{"rendered":"ABRACADA&rsquo;BRASS \u00e0 ORGERUS"},"content":{"rendered":"\n<p class=\"has-text-align-left has-vivid-cyan-blue-color has-text-color has-large-font-size\"><strong>le dimanche 9 f\u00e9vrier 2025 \u00e0 17h \u00e0 <strong>Salle du Pr\u00e9 Romain<\/strong><\/strong><\/p>\n\n\n\n<p><\/p>\n\n\n\n<p class=\"has-text-align-center has-large-font-size\"><strong>Ensemble de 10 cuivres<\/strong><\/p>\n\n\n\n<p class=\"has-regular-font-size\">\u00ab\u00a0Abracada-brass \u00bb est une formation de 10 cuivres, m\u00e9langeant jeunesse, \u00e9nergie et talent, au service de la musique !<\/p>\n\n\n<div class=\"wp-block-image\">\n<figure class=\"aligncenter size-full\"><img loading=\"lazy\" decoding=\"async\" width=\"825\" height=\"542\" src=\"https:\/\/ritmy.fr\/essais\/wp-content\/uploads\/2024\/05\/abracada_brass-0.jpg\" alt=\"\" class=\"wp-image-29253\" srcset=\"https:\/\/ritmy.fr\/essais\/wp-content\/uploads\/2024\/05\/abracada_brass-0.jpg 825w, https:\/\/ritmy.fr\/essais\/wp-content\/uploads\/2024\/05\/abracada_brass-0-300x197.jpg 300w, https:\/\/ritmy.fr\/essais\/wp-content\/uploads\/2024\/05\/abracada_brass-0-768x505.jpg 768w, https:\/\/ritmy.fr\/essais\/wp-content\/uploads\/2024\/05\/abracada_brass-0-803x528.jpg 803w\" sizes=\"auto, (max-width: 825px) 100vw, 825px\" \/><\/figure><\/div>\n\n\n<p><\/p>\n\n\n\n<p class=\"has-regular-font-size\">Cr\u00e9\u00e9e en 2021 sous l\u2019impulsion de Mehdi MERCIER pour faire d\u00e9couvrir les cuivres, la beaut\u00e9 du son et du r\u00e9pertoire sp\u00e9cifique \u00e0 ces formations, cet ensemble ne pr\u00e9tend pas r\u00e9volutionner l\u2019ensemble de cuivres mais aspire \u00e0 renouer avec les fondamentaux tels que, le partage, l\u2019\u00e9coute, la simplicit\u00e9, d\u2019autant plus importants au regard de l\u2019ann\u00e9e \u00e9coul\u00e9e.<\/p>\n\n\n<div class=\"wp-block-image\">\n<figure class=\"aligncenter size-large\"><img loading=\"lazy\" decoding=\"async\" width=\"1000\" height=\"428\" src=\"https:\/\/ritmy.fr\/essais\/wp-content\/uploads\/2024\/05\/abracada-bras-1-1000x428.jpg\" alt=\"\" class=\"wp-image-29254\" srcset=\"https:\/\/ritmy.fr\/essais\/wp-content\/uploads\/2024\/05\/abracada-bras-1-1000x428.jpg 1000w, https:\/\/ritmy.fr\/essais\/wp-content\/uploads\/2024\/05\/abracada-bras-1-300x128.jpg 300w, https:\/\/ritmy.fr\/essais\/wp-content\/uploads\/2024\/05\/abracada-bras-1-768x329.jpg 768w, https:\/\/ritmy.fr\/essais\/wp-content\/uploads\/2024\/05\/abracada-bras-1-803x343.jpg 803w, https:\/\/ritmy.fr\/essais\/wp-content\/uploads\/2024\/05\/abracada-bras-1.jpg 1412w\" sizes=\"auto, (max-width: 1000px) 100vw, 1000px\" \/><\/figure><\/div>\n\n\n<p><\/p>\n\n\n\n<p class=\"has-regular-font-size\">Compos\u00e9 en grande majorit\u00e9 d\u2019\u00e9tudiants du Conservatoire National Sup\u00e9rieur de Musique et Danse (CNSMD) de Lyon, ces jeunes musiciens talentueux font partie des meilleurs de leur discipline. Par un programme accessible, m\u00ealant volupt\u00e9 et virtuosit\u00e9, ce sera dans la joie que cet ensemble donnera tout pour transporter son public avec lui. Que la magie op\u00e8re !<\/p>\n\n\n\n<p class=\"has-regular-font-size\">D\u00e9couvrez-les en visitant leur <strong><em><a href=\"https:\/\/www.facebook.com\/abracada.brass1\/\" target=\"_blank\" rel=\"noreferrer noopener\">page Facebook<\/a>.<\/em><\/strong><\/p>\n\n\n\n<p class=\"has-regular-font-size\">ainsi que sur cette vid\u00e9o :<\/p>\n\n\n\n<figure class=\"wp-block-embed aligncenter is-type-video is-provider-youtube wp-block-embed-youtube wp-embed-aspect-16-9 wp-has-aspect-ratio\"><div class=\"wp-block-embed__wrapper\">\n<iframe loading=\"lazy\" title=\"Semper Gratus, K. McKee, Abracada\u2019Brass\" width=\"803\" height=\"452\" src=\"https:\/\/www.youtube.com\/embed\/twK3u0FgULQ?feature=oembed\" frameborder=\"0\" allow=\"accelerometer; autoplay; clipboard-write; encrypted-media; gyroscope; picture-in-picture; web-share\" referrerpolicy=\"strict-origin-when-cross-origin\" allowfullscreen><\/iframe>\n<\/div><\/figure>\n\n\n\n<hr class=\"wp-block-separator has-alpha-channel-opacity is-style-wide\"\/>\n\n\n\n<p class=\"has-very-dark-gray-color has-text-color has-regular-font-size\">  Il est fortement recommand\u00e9 de <strong>r\u00e9server en ligne<\/strong> en cliquant sur le bouton ci-dessous, ou en appelant le 06 78 65 44 38.   <\/p>\n\n\n\n<div class=\"wp-block-buttons is-layout-flex wp-block-buttons-is-layout-flex\">\n<div class=\"wp-block-button aligncenter\"><a class=\"wp-block-button__link wp-element-button\" href=\"https:\/\/ritmy.fr\/essais\/reserver\/\"><strong>R\u00c9SERVER vos BILLETS<\/strong><\/a><\/div>\n<\/div>\n\n\n\n<p class=\"has-background has-regular-font-size\" style=\"background-color:#cceef7\">Afin de fluidifier l&rsquo;accueil du public, l&rsquo;ouverture des portes se fera <strong>\u00e0 partir de 16 h 15.<\/strong><\/p>\n\n\n\n<hr class=\"wp-block-separator has-text-color has-very-dark-gray-color has-css-opacity has-very-dark-gray-background-color has-background is-style-wide\"\/>\n\n\n\n<div class=\"wp-block-columns are-vertically-aligned-top has-background is-layout-flex wp-container-core-columns-is-layout-9d6595d7 wp-block-columns-is-layout-flex\" style=\"background-color:#eef0f1\">\n<div class=\"wp-block-column is-vertically-aligned-top is-layout-flow wp-block-column-is-layout-flow\" style=\"flex-basis:40%\">\n<p class=\"has-regular-font-size\">La <strong>Salle du Pr\u00e9 Romain<\/strong> d&rsquo;Orgerus est situ\u00e9e Route de Flexanville.<\/p>\n<\/div>\n\n\n\n<div class=\"wp-block-column is-vertically-aligned-top is-layout-flow wp-block-column-is-layout-flow\">\n<iframe loading=\"lazy\" src=\"https:\/\/www.google.com\/maps\/embed?pb=!1m18!1m12!1m3!1d2625.890323460531!2d1.7038702151343885!3d48.84123067928584!2m3!1f0!2f0!3f0!3m2!1i1024!2i768!4f13.1!3m3!1m2!1s0x47e6a39e75641163%3A0x67762de38c39e379!2sSalle%20du%20Pr%C3%A9%20Romain%20(Polyvalente)!5e0!3m2!1sfr!2sfr!4v1608653342304!5m2!1sfr!2sfr\" style=\"border:0;\" allowfullscreen=\"\" aria-hidden=\"false\" tabindex=\"0\" width=\"600\" height=\"450\" frameborder=\"0\"><\/iframe>\n<\/div>\n<\/div>\n\n\n\n<hr class=\"wp-block-separator has-text-color has-black-color has-css-opacity has-black-background-color has-background is-style-dots\"\/>\n\n\n\n<div class=\"wp-block-media-text\" style=\"grid-template-columns:22% auto\"><figure class=\"wp-block-media-text__media\"><img loading=\"lazy\" decoding=\"async\" width=\"150\" height=\"163\" src=\"https:\/\/ritmy.fr\/essais\/wp-content\/uploads\/2023\/04\/BIisconcella.jpg\" alt=\"\" class=\"wp-image-28227 size-full\"\/><\/figure><div class=\"wp-block-media-text__content\">\n<p class=\"has-regular-font-size\">Concert organis\u00e9 par RITMY et l&rsquo;association BISCONCELLA d&rsquo;Orgerus.<\/p>\n<\/div><\/div>\n\n\n\n<div class=\"wp-block-media-text\" style=\"grid-template-columns:27% auto\"><figure class=\"wp-block-media-text__media\"><img loading=\"lazy\" decoding=\"async\" width=\"1000\" height=\"500\" src=\"https:\/\/ritmy.fr\/essais\/wp-content\/uploads\/2018\/09\/SPEDIDAM-ENCADRE-r\u00e9duit-1000x500.jpg\" alt=\"\" class=\"wp-image-18150 size-full\" srcset=\"https:\/\/ritmy.fr\/essais\/wp-content\/uploads\/2018\/09\/SPEDIDAM-ENCADRE-r\u00e9duit-1000x500.jpg 1000w, https:\/\/ritmy.fr\/essais\/wp-content\/uploads\/2018\/09\/SPEDIDAM-ENCADRE-r\u00e9duit-300x150.jpg 300w, https:\/\/ritmy.fr\/essais\/wp-content\/uploads\/2018\/09\/SPEDIDAM-ENCADRE-r\u00e9duit-768x384.jpg 768w, https:\/\/ritmy.fr\/essais\/wp-content\/uploads\/2018\/09\/SPEDIDAM-ENCADRE-r\u00e9duit.jpg 1100w\" sizes=\"auto, (max-width: 1000px) 100vw, 1000px\" \/><\/figure><div class=\"wp-block-media-text__content\">\n<p class=\"has-regular-font-size\">RITMY b\u00e9n\u00e9ficie du soutien de la SPEDIDAM.<\/p>\n<\/div><\/div>\n","protected":false},"excerpt":{"rendered":"<p>le dimanche 9 f\u00e9vrier 2025 \u00e0 17h \u00e0 Salle du Pr\u00e9 Romain Ensemble de 10 cuivres \u00ab\u00a0Abracada-brass \u00bb est une formation de 10 cuivres, m\u00e9langeant jeunesse, \u00e9nergie et talent, au service de la musique ! Cr\u00e9\u00e9e en 2021 sous l\u2019impulsion de Mehdi MERCIER pour faire d\u00e9couvrir les cuivres, la beaut\u00e9 du son et du r\u00e9pertoire &hellip; <\/p>\n<p><a class=\"more-link btn\" href=\"https:\/\/ritmy.fr\/essais\/concerts-2\/tout-sur-les-35es-saisons\/orgerus-2\/\">Lire la suite<\/a><\/p>\n","protected":false},"author":5,"featured_media":29253,"parent":29193,"menu_order":4,"comment_status":"closed","ping_status":"closed","template":"","meta":{"footnotes":""},"class_list":["post-29250","page","type-page","status-publish","has-post-thumbnail","hentry","nodate","item-wrap"],"_links":{"self":[{"href":"https:\/\/ritmy.fr\/essais\/wp-json\/wp\/v2\/pages\/29250","targetHints":{"allow":["GET"]}}],"collection":[{"href":"https:\/\/ritmy.fr\/essais\/wp-json\/wp\/v2\/pages"}],"about":[{"href":"https:\/\/ritmy.fr\/essais\/wp-json\/wp\/v2\/types\/page"}],"author":[{"embeddable":true,"href":"https:\/\/ritmy.fr\/essais\/wp-json\/wp\/v2\/users\/5"}],"replies":[{"embeddable":true,"href":"https:\/\/ritmy.fr\/essais\/wp-json\/wp\/v2\/comments?post=29250"}],"version-history":[{"count":5,"href":"https:\/\/ritmy.fr\/essais\/wp-json\/wp\/v2\/pages\/29250\/revisions"}],"predecessor-version":[{"id":29475,"href":"https:\/\/ritmy.fr\/essais\/wp-json\/wp\/v2\/pages\/29250\/revisions\/29475"}],"up":[{"embeddable":true,"href":"https:\/\/ritmy.fr\/essais\/wp-json\/wp\/v2\/pages\/29193"}],"wp:featuredmedia":[{"embeddable":true,"href":"https:\/\/ritmy.fr\/essais\/wp-json\/wp\/v2\/media\/29253"}],"wp:attachment":[{"href":"https:\/\/ritmy.fr\/essais\/wp-json\/wp\/v2\/media?parent=29250"}],"curies":[{"name":"wp","href":"https:\/\/api.w.org\/{rel}","templated":true}]}}