{"id":29234,"date":"2024-06-15T06:04:29","date_gmt":"2024-06-15T05:04:29","guid":{"rendered":"https:\/\/ritmy.fr\/essais\/?page_id=29234"},"modified":"2024-10-17T17:41:39","modified_gmt":"2024-10-17T16:41:39","slug":"maule-2","status":"publish","type":"page","link":"https:\/\/ritmy.fr\/essais\/concerts-2\/tout-sur-les-35es-saisons\/maule-2\/","title":{"rendered":"DELOMMEL Quartet \u00e0 MAULE"},"content":{"rendered":"\n<p class=\"has-vivid-cyan-blue-color has-text-color has-large-font-size\"><strong>le dimanche 26 janvier 2025 \u00e0 17h au complexe \u00ab\u00a0Les deux sc\u00e8nes\u00a0\u00bb<\/strong><\/p>\n\n\n\n<p><\/p>\n\n\n\n<p class=\"has-regular-font-size\">Les fr\u00e8res <strong>Delommel<\/strong> nous pr\u00e9sentent leur nouveau projet en Quartet. Influenc\u00e9s par des artistes comme Kenny Wheeler ou Shai Maestro, le duo fraternel propose une formation originale, accordant \u00e0 la m\u00e9lodie une place fondamentale. <\/p>\n\n\n\n<p class=\"has-regular-font-size\">Le pianiste Damien Argenti\u00e9ri et le contrebassiste Cyril Drap\u00e9 accompagnent Nicolas et Florent respectivement saxophoniste et trompettiste. Harmonies et improvisations soign\u00e9es, laissez vous embarquer dans une ambiance cr\u00e9pusculaire et raffin\u00e9e, port\u00e9e par un quatuor inspir\u00e9.<\/p>\n\n\n<div class=\"wp-block-image\">\n<figure class=\"aligncenter size-full\"><img loading=\"lazy\" decoding=\"async\" width=\"2560\" height=\"1707\" src=\"https:\/\/ritmy.fr\/essais\/wp-content\/uploads\/2024\/05\/image00027-scaled.jpeg\" alt=\"\" class=\"wp-image-29275\" srcset=\"https:\/\/ritmy.fr\/essais\/wp-content\/uploads\/2024\/05\/image00027-scaled.jpeg 2560w, https:\/\/ritmy.fr\/essais\/wp-content\/uploads\/2024\/05\/image00027-300x200.jpeg 300w, https:\/\/ritmy.fr\/essais\/wp-content\/uploads\/2024\/05\/image00027-1000x667.jpeg 1000w, https:\/\/ritmy.fr\/essais\/wp-content\/uploads\/2024\/05\/image00027-768x512.jpeg 768w, https:\/\/ritmy.fr\/essais\/wp-content\/uploads\/2024\/05\/image00027-1536x1024.jpeg 1536w, https:\/\/ritmy.fr\/essais\/wp-content\/uploads\/2024\/05\/image00027-2048x1365.jpeg 2048w, https:\/\/ritmy.fr\/essais\/wp-content\/uploads\/2024\/05\/image00027-803x535.jpeg 803w\" sizes=\"auto, (max-width: 2560px) 100vw, 2560px\" \/><\/figure><\/div>\n\n\n<p><\/p>\n\n\n\n<p class=\"has-regular-font-size\">Le quartet voit le jour en 2021 en sortie de crise sanitaire, avec pour intention de rattraper le temps perdu.<br>C&rsquo;est \u00e0 l&rsquo;occasion de leurs \u00e9tudes musicales que Nicolas et Florent emm\u00e9nagent dans un appartement Rue des Chantiers pour ce qui va \u00eatre le d\u00e9but d&rsquo;une collaboration musicale marqu\u00e9e par des influences et une culture musicale identiques qui les accompagnera jusqu&rsquo;\u00e0 l&rsquo;accomplissement de ce projet.<\/p>\n\n\n<div class=\"wp-block-image\">\n<figure class=\"aligncenter size-large is-resized\"><img loading=\"lazy\" decoding=\"async\" width=\"1000\" height=\"692\" src=\"https:\/\/ritmy.fr\/essais\/wp-content\/uploads\/2024\/04\/Delommel-bio-2-1000x692.png\" alt=\"\" class=\"wp-image-29123\" style=\"width:803px;height:auto\" srcset=\"https:\/\/ritmy.fr\/essais\/wp-content\/uploads\/2024\/04\/Delommel-bio-2-1000x692.png 1000w, https:\/\/ritmy.fr\/essais\/wp-content\/uploads\/2024\/04\/Delommel-bio-2-300x208.png 300w, https:\/\/ritmy.fr\/essais\/wp-content\/uploads\/2024\/04\/Delommel-bio-2-768x532.png 768w, https:\/\/ritmy.fr\/essais\/wp-content\/uploads\/2024\/04\/Delommel-bio-2-803x556.png 803w, https:\/\/ritmy.fr\/essais\/wp-content\/uploads\/2024\/04\/Delommel-bio-2.png 1049w\" sizes=\"auto, (max-width: 1000px) 100vw, 1000px\" \/><\/figure><\/div>\n\n\n<p><\/p>\n\n\n\n<p class=\"has-regular-font-size\">Accompagn\u00e9s de Damien Argentieri au piano et de Cyril Drap\u00e9 \u00e0 la contrebasse, le duo fraternel propose une formation originale, accordant \u00e0 la m\u00e9lodie une place fondamentale.<br>Compos\u00e9s par le saxophoniste, les th\u00e8mes lyriques et l\u00e9gers revisitent la musique d&rsquo;artistes comme Kenny Wheeler, Maurice Ravel ou Shai Maestro.<\/p>\n\n\n\n<p class=\"has-regular-font-size\">D\u00e9couvrez les avec ces vid\u00e9os :<\/p>\n\n\n\n<div class=\"wp-block-columns is-layout-flex wp-container-core-columns-is-layout-9d6595d7 wp-block-columns-is-layout-flex\">\n<div class=\"wp-block-column is-layout-flow wp-block-column-is-layout-flow\">\n<figure class=\"wp-block-embed is-type-video is-provider-youtube wp-block-embed-youtube wp-embed-aspect-16-9 wp-has-aspect-ratio\"><div class=\"wp-block-embed__wrapper\">\n<iframe loading=\"lazy\" title=\"Sunny side of the street \/ Florent Delommel\" width=\"803\" height=\"452\" src=\"https:\/\/www.youtube.com\/embed\/YFpNYQzDx34?feature=oembed\" frameborder=\"0\" allow=\"accelerometer; autoplay; clipboard-write; encrypted-media; gyroscope; picture-in-picture; web-share\" referrerpolicy=\"strict-origin-when-cross-origin\" allowfullscreen><\/iframe>\n<\/div><figcaption class=\"wp-element-caption\"><strong>Florent Delommel au <a href=\"https:\/\/www.google.com\/url?sa=t&amp;source=web&amp;rct=j&amp;opi=89978449&amp;url=https:\/\/billetterie.38riv.com\/&amp;ved=2ahUKEwj9hLv0zbCGAxUOTqQEHTnmDgwQjBB6BAgKEAE&amp;usg=AOvVaw3rQYWEHNCv0LcLK34_Z80M\">38Riv Jazz Club<\/a><\/strong><\/figcaption><\/figure>\n<\/div>\n\n\n\n<div class=\"wp-block-column is-layout-flow wp-block-column-is-layout-flow\">\n<figure class=\"wp-block-embed is-type-video is-provider-youtube wp-block-embed-youtube wp-embed-aspect-16-9 wp-has-aspect-ratio\"><div class=\"wp-block-embed__wrapper\">\n<iframe loading=\"lazy\" title=\"Chateau de la Reine - Florent &amp; Nicolas Delommel Quartet\" width=\"803\" height=\"452\" src=\"https:\/\/www.youtube.com\/embed\/bP28sckBHTk?feature=oembed\" frameborder=\"0\" allow=\"accelerometer; autoplay; clipboard-write; encrypted-media; gyroscope; picture-in-picture; web-share\" referrerpolicy=\"strict-origin-when-cross-origin\" allowfullscreen><\/iframe>\n<\/div><figcaption class=\"wp-element-caption\"><strong>Chateau de la Reine &#8211;  Delommel Quartet<\/strong><\/figcaption><\/figure>\n<\/div>\n<\/div>\n\n\n\n<p class=\"has-large-font-size\"><\/p>\n\n\n\n<hr class=\"wp-block-separator has-alpha-channel-opacity is-style-wide\"\/>\n\n\n\n<p class=\"has-regular-font-size\">Il est fortement recommand\u00e9 de <strong>r\u00e9server en ligne<\/strong> en cliquant sur le bouton ci-dessous, ou en appelant le 06-60-85-88-80.<\/p>\n\n\n\n<div class=\"wp-block-buttons is-content-justification-center is-layout-flex wp-container-core-buttons-is-layout-16018d1d wp-block-buttons-is-layout-flex\">\n<div class=\"wp-block-button is-style-fill\"><a class=\"wp-block-button__link has-white-color has-vivid-cyan-blue-background-color has-text-color has-background wp-element-button\" href=\"https:\/\/ritmy.fr\/essais\/reserver\/\">R\u00c9SERVER VOS BILLETS<\/a><\/div>\n<\/div>\n\n\n\n<p><\/p>\n\n\n\n<p class=\"has-background has-regular-font-size\" style=\"background-color:#cceef7\">Afin de fluidifier l&rsquo;accueil du public, l&rsquo;ouverture des portes se fera <strong>\u00e0 partir de 16 h 15.<\/strong><\/p>\n\n\n\n<hr class=\"wp-block-separator has-css-opacity is-style-wide\"\/>\n\n\n\n<div class=\"wp-block-columns is-layout-flex wp-container-core-columns-is-layout-9d6595d7 wp-block-columns-is-layout-flex\">\n<div class=\"wp-block-column is-layout-flow wp-block-column-is-layout-flow\">\n<p><\/p>\n\n\n\n<p class=\"has-regular-font-size\">Pour vous rendre \u00e0 la salle de spectacle du Complexe \u2018Les Deux Sc\u00e8nes\u2019, \u00e0 Maule : <\/p>\n\n\n\n<p><\/p>\n\n\n\n<p class=\"has-regular-font-size\"><em>Parking assur\u00e9<\/em>.<\/p>\n<\/div>\n\n\n\n<div class=\"wp-block-column is-layout-flow wp-block-column-is-layout-flow\">\n<iframe src=\"https:\/\/www.google.com\/maps\/embed?pb=!1m18!1m12!1m3!1d2622.143451785679!2d1.8473545158387614!3d48.91265910483767!2m3!1f0!2f0!3f0!3m2!1i1024!2i768!4f13.1!3m3!1m2!1s0x47e691246734bc37%3A0x60863e6cbc3518c1!2sSalle%20des%20f%C3%AAtes!5e0!3m2!1sfr!2sfr!4v1650894812598!5m2!1sfr!2sfr\" style=\"border:0;\" allowfullscreen=\"\" loading=\"lazy\" referrerpolicy=\"no-referrer-when-downgrade\" width=\"600\" height=\"450\"><\/iframe>\n<\/div>\n<\/div>\n\n\n\n<hr class=\"wp-block-separator has-css-opacity is-style-dots\"\/>\n\n\n\n<div class=\"wp-block-media-text is-vertically-aligned-top\" style=\"grid-template-columns:27% auto\"><figure class=\"wp-block-media-text__media\"><img loading=\"lazy\" decoding=\"async\" width=\"156\" height=\"161\" src=\"https:\/\/ritmy.fr\/essais\/wp-content\/uploads\/2022\/04\/Acime.png\" alt=\"\" class=\"wp-image-27350 size-full\"\/><\/figure><div class=\"wp-block-media-text__content\">\n<p class=\"has-regular-font-size\">Concert organis\u00e9 conjointement par RITMY et l\u2019association ACIME de Maule.<\/p>\n<\/div><\/div>\n\n\n\n<div class=\"wp-block-media-text is-vertically-aligned-top\" style=\"grid-template-columns:28% auto\"><figure class=\"wp-block-media-text__media\"><img loading=\"lazy\" decoding=\"async\" width=\"1000\" height=\"500\" src=\"https:\/\/ritmy.fr\/essais\/wp-content\/uploads\/2018\/09\/SPEDIDAM-ENCADRE-r\u00e9duit-1000x500.jpg\" alt=\"\" class=\"wp-image-18150 size-full\" srcset=\"https:\/\/ritmy.fr\/essais\/wp-content\/uploads\/2018\/09\/SPEDIDAM-ENCADRE-r\u00e9duit-1000x500.jpg 1000w, https:\/\/ritmy.fr\/essais\/wp-content\/uploads\/2018\/09\/SPEDIDAM-ENCADRE-r\u00e9duit-300x150.jpg 300w, https:\/\/ritmy.fr\/essais\/wp-content\/uploads\/2018\/09\/SPEDIDAM-ENCADRE-r\u00e9duit-768x384.jpg 768w, https:\/\/ritmy.fr\/essais\/wp-content\/uploads\/2018\/09\/SPEDIDAM-ENCADRE-r\u00e9duit.jpg 1100w\" sizes=\"auto, (max-width: 1000px) 100vw, 1000px\" \/><\/figure><div class=\"wp-block-media-text__content\">\n<p class=\"has-regular-font-size\">RITMY b\u00e9n\u00e9ficie du soutien de la SPEDIDAM.<\/p>\n<\/div><\/div>\n","protected":false},"excerpt":{"rendered":"<p>le dimanche 26 janvier 2025 \u00e0 17h au complexe \u00ab\u00a0Les deux sc\u00e8nes\u00a0\u00bb Les fr\u00e8res Delommel nous pr\u00e9sentent leur nouveau projet en Quartet. Influenc\u00e9s par des artistes comme Kenny Wheeler ou Shai Maestro, le duo fraternel propose une formation originale, accordant \u00e0 la m\u00e9lodie une place fondamentale. Le pianiste Damien Argenti\u00e9ri et le contrebassiste Cyril Drap\u00e9 &hellip; <\/p>\n<p><a class=\"more-link btn\" href=\"https:\/\/ritmy.fr\/essais\/concerts-2\/tout-sur-les-35es-saisons\/maule-2\/\">Lire la suite<\/a><\/p>\n","protected":false},"author":5,"featured_media":29275,"parent":29193,"menu_order":3,"comment_status":"closed","ping_status":"closed","template":"","meta":{"footnotes":""},"class_list":["post-29234","page","type-page","status-publish","has-post-thumbnail","hentry","nodate","item-wrap"],"_links":{"self":[{"href":"https:\/\/ritmy.fr\/essais\/wp-json\/wp\/v2\/pages\/29234","targetHints":{"allow":["GET"]}}],"collection":[{"href":"https:\/\/ritmy.fr\/essais\/wp-json\/wp\/v2\/pages"}],"about":[{"href":"https:\/\/ritmy.fr\/essais\/wp-json\/wp\/v2\/types\/page"}],"author":[{"embeddable":true,"href":"https:\/\/ritmy.fr\/essais\/wp-json\/wp\/v2\/users\/5"}],"replies":[{"embeddable":true,"href":"https:\/\/ritmy.fr\/essais\/wp-json\/wp\/v2\/comments?post=29234"}],"version-history":[{"count":17,"href":"https:\/\/ritmy.fr\/essais\/wp-json\/wp\/v2\/pages\/29234\/revisions"}],"predecessor-version":[{"id":29427,"href":"https:\/\/ritmy.fr\/essais\/wp-json\/wp\/v2\/pages\/29234\/revisions\/29427"}],"up":[{"embeddable":true,"href":"https:\/\/ritmy.fr\/essais\/wp-json\/wp\/v2\/pages\/29193"}],"wp:featuredmedia":[{"embeddable":true,"href":"https:\/\/ritmy.fr\/essais\/wp-json\/wp\/v2\/media\/29275"}],"wp:attachment":[{"href":"https:\/\/ritmy.fr\/essais\/wp-json\/wp\/v2\/media?parent=29234"}],"curies":[{"name":"wp","href":"https:\/\/api.w.org\/{rel}","templated":true}]}}