{"id":29222,"date":"2024-06-15T06:03:30","date_gmt":"2024-06-15T05:03:30","guid":{"rendered":"https:\/\/ritmy.fr\/essais\/?page_id=29222"},"modified":"2025-03-26T16:55:10","modified_gmt":"2025-03-26T15:55:10","slug":"richebourg-2","status":"publish","type":"page","link":"https:\/\/ritmy.fr\/essais\/concerts-2\/tout-sur-les-35es-saisons\/richebourg-2\/","title":{"rendered":"BANITSA \u00e0 RICHEBOURG"},"content":{"rendered":"\n<p class=\"has-vivid-cyan-blue-color has-text-color has-large-font-size\"><strong>le dimanche 8 d\u00e9cembre 2024 <strong>\u00e0 17h \u00e0 la salle Edith Piaf.<\/strong> <\/strong><\/p>\n\n\n\n<p><\/p>\n\n\n\n<p class=\"has-text-align-center has-large-font-size\"><strong>Musique traditionnelle bulgare<\/strong><\/p>\n\n\n\n<p><\/p>\n\n\n<div class=\"wp-block-image\">\n<figure class=\"aligncenter size-large\"><img loading=\"lazy\" decoding=\"async\" width=\"1000\" height=\"273\" src=\"https:\/\/ritmy.fr\/essais\/wp-content\/uploads\/2024\/05\/bandeau-banitsa2-1000x273.png\" alt=\"\" class=\"wp-image-29224\" srcset=\"https:\/\/ritmy.fr\/essais\/wp-content\/uploads\/2024\/05\/bandeau-banitsa2-1000x273.png 1000w, https:\/\/ritmy.fr\/essais\/wp-content\/uploads\/2024\/05\/bandeau-banitsa2-300x82.png 300w, https:\/\/ritmy.fr\/essais\/wp-content\/uploads\/2024\/05\/bandeau-banitsa2-768x210.png 768w, https:\/\/ritmy.fr\/essais\/wp-content\/uploads\/2024\/05\/bandeau-banitsa2-803x220.png 803w, https:\/\/ritmy.fr\/essais\/wp-content\/uploads\/2024\/05\/bandeau-banitsa2.png 1280w\" sizes=\"auto, (max-width: 1000px) 100vw, 1000px\" \/><\/figure><\/div>\n\n\n<p><\/p>\n\n\n\n<p class=\"has-regular-font-size\">Depuis 2017, Banitsa explore les musiques traditionnelles bulgares \u00e0 travers un r\u00e9pertoire dansant et festif, dans un voyage qui emporte le public des rives de la mer Noire aux montagnes du Piri<\/p>\n\n\n<div class=\"wp-block-image\">\n<figure class=\"aligncenter size-large\"><img loading=\"lazy\" decoding=\"async\" width=\"1000\" height=\"666\" src=\"https:\/\/ritmy.fr\/essais\/wp-content\/uploads\/2024\/05\/Photo-Groupe-Banitsa-3-3000x2000-1-1000x666.jpg\" alt=\"\" class=\"wp-image-29223\" srcset=\"https:\/\/ritmy.fr\/essais\/wp-content\/uploads\/2024\/05\/Photo-Groupe-Banitsa-3-3000x2000-1-1000x666.jpg 1000w, https:\/\/ritmy.fr\/essais\/wp-content\/uploads\/2024\/05\/Photo-Groupe-Banitsa-3-3000x2000-1-300x200.jpg 300w, https:\/\/ritmy.fr\/essais\/wp-content\/uploads\/2024\/05\/Photo-Groupe-Banitsa-3-3000x2000-1-768x512.jpg 768w, https:\/\/ritmy.fr\/essais\/wp-content\/uploads\/2024\/05\/Photo-Groupe-Banitsa-3-3000x2000-1-803x535.jpg 803w, https:\/\/ritmy.fr\/essais\/wp-content\/uploads\/2024\/05\/Photo-Groupe-Banitsa-3-3000x2000-1.jpg 1280w\" sizes=\"auto, (max-width: 1000px) 100vw, 1000px\" \/><\/figure><\/div>\n\n\n<p><\/p>\n\n\n\n<p class=\"has-regular-font-size\">Compos\u00e9 d&rsquo;instruments traditionnels tels qu&rsquo;un kaval (fl\u00fbte oblique), violon, tamboura (luth \u00e0 manche long), contrebasse et tapan (percussion \u00e0 double peau), Banitsa recherche un son authentique dans un style fid\u00e8le \u00e0 la tradition. <\/p>\n\n\n\n<p class=\"has-regular-font-size\">Form\u00e9s aupr\u00e8s de musiciens bulgares, les membres de Banitsa savent communiquer leur passion des rythmes et m\u00e9lodies de ce pays.<\/p>\n\n\n<div class=\"wp-block-image\">\n<figure class=\"aligncenter size-full\"><img loading=\"lazy\" decoding=\"async\" width=\"602\" height=\"622\" src=\"https:\/\/ritmy.fr\/essais\/wp-content\/uploads\/2024\/05\/le-groupe-2.png\" alt=\"\" class=\"wp-image-29232\" srcset=\"https:\/\/ritmy.fr\/essais\/wp-content\/uploads\/2024\/05\/le-groupe-2.png 602w, https:\/\/ritmy.fr\/essais\/wp-content\/uploads\/2024\/05\/le-groupe-2-290x300.png 290w\" sizes=\"auto, (max-width: 602px) 100vw, 602px\" \/><\/figure><\/div>\n\n\n<p class=\"has-regular-font-size\">D\u00e9couvrez-les sur leur <a href=\"https:\/\/www.banitsa.fr\/\" target=\"_blank\" rel=\"noreferrer noopener\">site internet<\/a><\/p>\n\n\n\n<p class=\"has-regular-font-size\">ainsi que sur ces vid\u00e9os :<\/p>\n\n\n\n<div class=\"wp-block-columns is-layout-flex wp-container-core-columns-is-layout-9d6595d7 wp-block-columns-is-layout-flex\">\n<div class=\"wp-block-column is-layout-flow wp-block-column-is-layout-flow\">\n<figure class=\"wp-block-embed is-type-video is-provider-youtube wp-block-embed-youtube wp-embed-aspect-16-9 wp-has-aspect-ratio\"><div class=\"wp-block-embed__wrapper\">\n<iframe loading=\"lazy\" title=\"Banitsa - Varnensko Horo\" width=\"803\" height=\"452\" src=\"https:\/\/www.youtube.com\/embed\/iHSpovtIB1U?feature=oembed\" frameborder=\"0\" allow=\"accelerometer; autoplay; clipboard-write; encrypted-media; gyroscope; picture-in-picture; web-share\" referrerpolicy=\"strict-origin-when-cross-origin\" allowfullscreen><\/iframe>\n<\/div><\/figure>\n<\/div>\n\n\n\n<div class=\"wp-block-column is-layout-flow wp-block-column-is-layout-flow\">\n<figure class=\"wp-block-embed is-type-video is-provider-youtube wp-block-embed-youtube wp-embed-aspect-16-9 wp-has-aspect-ratio\"><div class=\"wp-block-embed__wrapper\">\n<iframe loading=\"lazy\" title=\"Banitsa - Izgryala e Mesechinka (\u0411\u0430\u043d\u0438\u0446\u0430 - \u0418\u0437\u0433\u0440\u044f\u043b\u0430 \u0435 \u043c\u0435\u0441\u0435\u0447\u0438\u043d\u043a\u0430)\" width=\"803\" height=\"452\" src=\"https:\/\/www.youtube.com\/embed\/K9KEXP0dahM?feature=oembed\" frameborder=\"0\" allow=\"accelerometer; autoplay; clipboard-write; encrypted-media; gyroscope; picture-in-picture; web-share\" referrerpolicy=\"strict-origin-when-cross-origin\" allowfullscreen><\/iframe>\n<\/div><\/figure>\n<\/div>\n<\/div>\n\n\n\n<hr class=\"wp-block-separator has-alpha-channel-opacity is-style-wide\" id=\"block-b88284b2-9291-4a57-ac09-ddc616bc68ad\"\/>\n\n\n\n<p class=\"has-regular-font-size\" id=\"block-fc68e6df-6e32-4145-b5f4-343d652a0548\">Il est fortement recommand\u00e9 de <strong>r\u00e9server en ligne<\/strong> en cliquant sur le bouton ci-dessous, ou en appelant le 06 48 69 21 89.<\/p>\n\n\n\n<div class=\"wp-block-buttons is-content-justification-center is-layout-flex wp-container-core-buttons-is-layout-16018d1d wp-block-buttons-is-layout-flex\">\n<div class=\"wp-block-button is-style-fill\"><a class=\"wp-block-button__link has-white-color has-vivid-cyan-blue-background-color has-text-color has-background wp-element-button\" href=\"https:\/\/ritmy.fr\/essais\/reserver\/\">R\u00c9SERVER VOS BILLETS<\/a><\/div>\n<\/div>\n\n\n\n<p><\/p>\n\n\n\n<p class=\"has-background has-regular-font-size\" style=\"background-color:#cceef7\">Afin de fluidifier l&rsquo;accueil du public, l&rsquo;ouverture des portes se fera <strong>\u00e0 partir de 16 h 15.<\/strong><\/p>\n\n\n\n<hr class=\"wp-block-separator has-alpha-channel-opacity\" id=\"block-ee890e8e-8b81-438d-aba5-6a6a97e41a0a\"\/>\n\n\n\n<div class=\"wp-block-columns is-layout-flex wp-container-core-columns-is-layout-9d6595d7 wp-block-columns-is-layout-flex\">\n<div class=\"wp-block-column is-layout-flow wp-block-column-is-layout-flow\">\n<p><\/p>\n\n\n\n<div style=\"height:41px\" aria-hidden=\"true\" class=\"wp-block-spacer\"><\/div>\n\n\n\n<p class=\"has-regular-font-size\">Pour vous rendre \u00e0 la Salle Edith Piaf de RICHEBOURG :<\/p>\n<\/div>\n\n\n\n<div class=\"wp-block-column is-layout-flow wp-block-column-is-layout-flow\">\n<iframe src=\"https:\/\/www.google.com\/maps\/embed?pb=!1m18!1m12!1m3!1d2626.9079091511235!2d1.634808315345196!3d48.82181851123566!2m3!1f0!2f0!3f0!3m2!1i1024!2i768!4f13.1!3m3!1m2!1s0x47e6a464f53a494d%3A0x7f24fee27dab2d82!2s3%20Rte%20de%20Bazainville%2C%2078550%20Richebourg!5e0!3m2!1sfr!2sfr!4v1650362656229!5m2!1sfr!2sfr\" style=\"border:0;\" allowfullscreen=\"\" loading=\"lazy\" referrerpolicy=\"no-referrer-when-downgrade\" width=\"600\" height=\"450\"><\/iframe>\n<\/div>\n<\/div>\n\n\n\n<hr class=\"wp-block-separator has-alpha-channel-opacity\" id=\"block-eeb268db-81a8-41b9-b12e-dfe77f87e96d\"\/>\n\n\n\n<div class=\"wp-block-media-text is-vertically-aligned-top\" style=\"grid-template-columns:27% auto\"><figure class=\"wp-block-media-text__media\"><img loading=\"lazy\" decoding=\"async\" width=\"250\" height=\"106\" src=\"https:\/\/ritmy.fr\/essais\/wp-content\/uploads\/2014\/01\/LOGO-GRAL-JPEG-e1390483468758.jpg\" alt=\"\" class=\"wp-image-10518 size-full\"\/><\/figure><div class=\"wp-block-media-text__content\">\n<p class=\"has-regular-font-size\">Concert organis\u00e9 conjointement par RITMY et l&rsquo;association GRAL de Richebourg.<\/p>\n<\/div><\/div>\n\n\n\n<div class=\"wp-block-media-text is-vertically-aligned-top\" style=\"grid-template-columns:28% auto\"><figure class=\"wp-block-media-text__media\"><img loading=\"lazy\" decoding=\"async\" width=\"1000\" height=\"500\" src=\"https:\/\/ritmy.fr\/essais\/wp-content\/uploads\/2018\/09\/SPEDIDAM-ENCADRE-r\u00e9duit-1000x500.jpg\" alt=\"\" class=\"wp-image-18150 size-full\" srcset=\"https:\/\/ritmy.fr\/essais\/wp-content\/uploads\/2018\/09\/SPEDIDAM-ENCADRE-r\u00e9duit-1000x500.jpg 1000w, https:\/\/ritmy.fr\/essais\/wp-content\/uploads\/2018\/09\/SPEDIDAM-ENCADRE-r\u00e9duit-300x150.jpg 300w, https:\/\/ritmy.fr\/essais\/wp-content\/uploads\/2018\/09\/SPEDIDAM-ENCADRE-r\u00e9duit-768x384.jpg 768w, https:\/\/ritmy.fr\/essais\/wp-content\/uploads\/2018\/09\/SPEDIDAM-ENCADRE-r\u00e9duit.jpg 1100w\" sizes=\"auto, (max-width: 1000px) 100vw, 1000px\" \/><\/figure><div class=\"wp-block-media-text__content\">\n<p class=\"has-regular-font-size\">RITMY b\u00e9n\u00e9ficie du soutien de la SPEDIDAM.<\/p>\n<\/div><\/div>\n","protected":false},"excerpt":{"rendered":"<p>le dimanche 8 d\u00e9cembre 2024 \u00e0 17h \u00e0 la salle Edith Piaf. Musique traditionnelle bulgare Depuis 2017, Banitsa explore les musiques traditionnelles bulgares \u00e0 travers un r\u00e9pertoire dansant et festif, dans un voyage qui emporte le public des rives de la mer Noire aux montagnes du Piri Compos\u00e9 d&rsquo;instruments traditionnels tels qu&rsquo;un kaval (fl\u00fbte oblique), &hellip; <\/p>\n<p><a class=\"more-link btn\" href=\"https:\/\/ritmy.fr\/essais\/concerts-2\/tout-sur-les-35es-saisons\/richebourg-2\/\">Lire la suite<\/a><\/p>\n","protected":false},"author":5,"featured_media":29224,"parent":29193,"menu_order":2,"comment_status":"closed","ping_status":"closed","template":"","meta":{"footnotes":""},"class_list":["post-29222","page","type-page","status-publish","has-post-thumbnail","hentry","nodate","item-wrap"],"_links":{"self":[{"href":"https:\/\/ritmy.fr\/essais\/wp-json\/wp\/v2\/pages\/29222","targetHints":{"allow":["GET"]}}],"collection":[{"href":"https:\/\/ritmy.fr\/essais\/wp-json\/wp\/v2\/pages"}],"about":[{"href":"https:\/\/ritmy.fr\/essais\/wp-json\/wp\/v2\/types\/page"}],"author":[{"embeddable":true,"href":"https:\/\/ritmy.fr\/essais\/wp-json\/wp\/v2\/users\/5"}],"replies":[{"embeddable":true,"href":"https:\/\/ritmy.fr\/essais\/wp-json\/wp\/v2\/comments?post=29222"}],"version-history":[{"count":8,"href":"https:\/\/ritmy.fr\/essais\/wp-json\/wp\/v2\/pages\/29222\/revisions"}],"predecessor-version":[{"id":30027,"href":"https:\/\/ritmy.fr\/essais\/wp-json\/wp\/v2\/pages\/29222\/revisions\/30027"}],"up":[{"embeddable":true,"href":"https:\/\/ritmy.fr\/essais\/wp-json\/wp\/v2\/pages\/29193"}],"wp:featuredmedia":[{"embeddable":true,"href":"https:\/\/ritmy.fr\/essais\/wp-json\/wp\/v2\/media\/29224"}],"wp:attachment":[{"href":"https:\/\/ritmy.fr\/essais\/wp-json\/wp\/v2\/media?parent=29222"}],"curies":[{"name":"wp","href":"https:\/\/api.w.org\/{rel}","templated":true}]}}