{"id":29193,"date":"2024-06-15T05:56:54","date_gmt":"2024-06-15T04:56:54","guid":{"rendered":"https:\/\/ritmy.fr\/essais\/?page_id=29193"},"modified":"2025-09-06T10:11:30","modified_gmt":"2025-09-06T09:11:30","slug":"tout-sur-les-35es-saisons","status":"publish","type":"page","link":"https:\/\/ritmy.fr\/essais\/concerts-2\/tout-sur-les-35es-saisons\/","title":{"rendered":"TOUT SUR LES 35es SAISONS"},"content":{"rendered":"\n<p class=\"has-vivid-cyan-blue-color has-text-color has-large-font-size\"><strong>D\u00c9COUVREZ LE PROGRAMME des 35es Saisons Musicales<\/strong><\/p>\n\n\n\n<p class=\"has-large-font-size\"><strong>Voici les concerts que RITMY vous a propos\u00e9s&nbsp;pour la Saison 2024-2025,&nbsp;des 35<sup>es<\/sup> \u2018Saisons Musicales\u2019.<\/strong><\/p>\n\n\n\n<p class=\"has-large-font-size\">Ces&nbsp;<strong>35<sup>e<\/sup> SAISONS,<\/strong> toujours&nbsp;tr\u00e8s ambitieuses,&nbsp;restent fid\u00e8les au choix de RITMY qui privil\u00e9gie la qualit\u00e9 et la vari\u00e9t\u00e9 . Une programmation \u00e9clectique avec des formations instrumentales in\u00e9dites,&nbsp;des styles&nbsp;musicaux&nbsp;diversifi\u00e9s, en recherchant un juste \u00e9quilibre entre artistes renomm\u00e9s et talents \u00e0 d\u00e9couvrir.<\/p>\n\n\n\n<p class=\"has-large-font-size\"><em>(Cliquer sur chacun des concerts pour obtenir plus d\u2019informations)<\/em><\/p>\n\n\n\n<div class=\"wp-block-columns is-layout-flex wp-container-core-columns-is-layout-9d6595d7 wp-block-columns-is-layout-flex\">\n<div class=\"wp-block-column is-vertically-aligned-center is-layout-flow wp-block-column-is-layout-flow\" style=\"flex-basis:100px\">\n<p>.<\/p>\n<\/div>\n\n\n\n<div class=\"wp-block-column is-layout-flow wp-block-column-is-layout-flow\"><div class=\"wp-block-image\">\n<figure class=\"aligncenter size-full\"><a href=\"https:\/\/ritmy.fr\/essais\/concerts-2\/tout-sur-les-35es-saisons\/neauphle-2\/\"><img loading=\"lazy\" decoding=\"async\" width=\"700\" height=\"690\" src=\"https:\/\/ritmy.fr\/essais\/wp-content\/uploads\/2024\/06\/neauphle.png\" alt=\"\" class=\"wp-image-29312\" srcset=\"https:\/\/ritmy.fr\/essais\/wp-content\/uploads\/2024\/06\/neauphle.png 700w, https:\/\/ritmy.fr\/essais\/wp-content\/uploads\/2024\/06\/neauphle-300x296.png 300w\" sizes=\"auto, (max-width: 700px) 100vw, 700px\" \/><\/a><\/figure><\/div>\n\n<div class=\"wp-block-image\">\n<figure class=\"aligncenter size-full\"><a href=\"https:\/\/ritmy.fr\/essais\/concerts-2\/tout-sur-les-35es-saisons\/maule-2\/\"><img loading=\"lazy\" decoding=\"async\" width=\"700\" height=\"690\" src=\"https:\/\/ritmy.fr\/essais\/wp-content\/uploads\/2024\/06\/maule.png\" alt=\"\" class=\"wp-image-29315\" srcset=\"https:\/\/ritmy.fr\/essais\/wp-content\/uploads\/2024\/06\/maule.png 700w, https:\/\/ritmy.fr\/essais\/wp-content\/uploads\/2024\/06\/maule-300x296.png 300w\" sizes=\"auto, (max-width: 700px) 100vw, 700px\" \/><\/a><\/figure><\/div><\/div>\n\n\n\n<div class=\"wp-block-column is-layout-flow wp-block-column-is-layout-flow\" style=\"flex-basis:50px\"><\/div>\n\n\n\n<div class=\"wp-block-column is-layout-flow wp-block-column-is-layout-flow\"><div class=\"wp-block-image\">\n<figure class=\"aligncenter size-full\"><a href=\"https:\/\/ritmy.fr\/essais\/concerts-2\/tout-sur-les-35es-saisons\/richebourg-2\/\"><img loading=\"lazy\" decoding=\"async\" width=\"700\" height=\"690\" src=\"https:\/\/ritmy.fr\/essais\/wp-content\/uploads\/2024\/06\/richebourg-1.png\" alt=\"\" class=\"wp-image-29314\" srcset=\"https:\/\/ritmy.fr\/essais\/wp-content\/uploads\/2024\/06\/richebourg-1.png 700w, https:\/\/ritmy.fr\/essais\/wp-content\/uploads\/2024\/06\/richebourg-1-300x296.png 300w\" sizes=\"auto, (max-width: 700px) 100vw, 700px\" \/><\/a><\/figure><\/div>\n\n<div class=\"wp-block-image\">\n<figure class=\"aligncenter size-full\"><a href=\"https:\/\/ritmy.fr\/essais\/concerts-2\/tout-sur-les-35es-saisons\/orgerus-2\/\"><img loading=\"lazy\" decoding=\"async\" width=\"700\" height=\"690\" src=\"https:\/\/ritmy.fr\/essais\/wp-content\/uploads\/2024\/06\/orgerus.png\" alt=\"\" class=\"wp-image-29316\" srcset=\"https:\/\/ritmy.fr\/essais\/wp-content\/uploads\/2024\/06\/orgerus.png 700w, https:\/\/ritmy.fr\/essais\/wp-content\/uploads\/2024\/06\/orgerus-300x296.png 300w\" sizes=\"auto, (max-width: 700px) 100vw, 700px\" \/><\/a><\/figure><\/div><\/div>\n\n\n\n<div class=\"wp-block-column is-vertically-aligned-center is-layout-flow wp-block-column-is-layout-flow\" style=\"flex-basis:100px\">\n<p>.<\/p>\n<\/div>\n<\/div>\n\n\n\n<div class=\"wp-block-columns is-layout-flex wp-container-core-columns-is-layout-9d6595d7 wp-block-columns-is-layout-flex\">\n<div class=\"wp-block-column is-layout-flow wp-block-column-is-layout-flow\" style=\"flex-basis:100px\"><\/div>\n\n\n\n<div class=\"wp-block-column is-layout-flow wp-block-column-is-layout-flow\"><div class=\"wp-block-image\">\n<figure class=\"aligncenter size-full\"><a href=\"https:\/\/ritmy.fr\/essais\/concerts-2\/tout-sur-les-35es-saisons\/montfort-2\/\"><img loading=\"lazy\" decoding=\"async\" width=\"700\" height=\"1400\" src=\"https:\/\/ritmy.fr\/essais\/wp-content\/uploads\/2024\/06\/montfort.png\" alt=\"\" class=\"wp-image-29317\" srcset=\"https:\/\/ritmy.fr\/essais\/wp-content\/uploads\/2024\/06\/montfort.png 700w, https:\/\/ritmy.fr\/essais\/wp-content\/uploads\/2024\/06\/montfort-150x300.png 150w, https:\/\/ritmy.fr\/essais\/wp-content\/uploads\/2024\/06\/montfort-500x1000.png 500w\" sizes=\"auto, (max-width: 700px) 100vw, 700px\" \/><\/a><\/figure><\/div><\/div>\n\n\n\n<div class=\"wp-block-column is-layout-flow wp-block-column-is-layout-flow\" style=\"flex-basis:50px\"><\/div>\n\n\n\n<div class=\"wp-block-column is-layout-flow wp-block-column-is-layout-flow\"><div class=\"wp-block-image\">\n<figure class=\"aligncenter size-full\"><a href=\"https:\/\/ritmy.fr\/essais\/concerts-2\/tout-sur-les-35es-saisons\/houdan-2\/\"><img loading=\"lazy\" decoding=\"async\" width=\"700\" height=\"690\" src=\"https:\/\/ritmy.fr\/essais\/wp-content\/uploads\/2024\/06\/houdan.png\" alt=\"\" class=\"wp-image-29318\" srcset=\"https:\/\/ritmy.fr\/essais\/wp-content\/uploads\/2024\/06\/houdan.png 700w, https:\/\/ritmy.fr\/essais\/wp-content\/uploads\/2024\/06\/houdan-300x296.png 300w\" sizes=\"auto, (max-width: 700px) 100vw, 700px\" \/><\/a><\/figure><\/div>\n\n<div class=\"wp-block-image\">\n<figure class=\"aligncenter size-full\"><a href=\"https:\/\/ritmy.fr\/essais\/concerts-2\/tout-sur-les-35es-saisons\/mere-2\/\"><img loading=\"lazy\" decoding=\"async\" width=\"700\" height=\"690\" src=\"https:\/\/ritmy.fr\/essais\/wp-content\/uploads\/2024\/06\/mere.png\" alt=\"\" class=\"wp-image-29319\" srcset=\"https:\/\/ritmy.fr\/essais\/wp-content\/uploads\/2024\/06\/mere.png 700w, https:\/\/ritmy.fr\/essais\/wp-content\/uploads\/2024\/06\/mere-300x296.png 300w\" sizes=\"auto, (max-width: 700px) 100vw, 700px\" \/><\/a><\/figure><\/div><\/div>\n\n\n\n<div class=\"wp-block-column is-layout-flow wp-block-column-is-layout-flow\" style=\"flex-basis:100px\">\n<p class=\"has-tiny-font-size\">.<\/p>\n<\/div>\n<\/div>\n\n\n\n<hr class=\"wp-block-separator has-alpha-channel-opacity is-style-wide\"\/>\n\n\n\n<p>Retrouvez les saisons pr\u00e9c\u00e9dentes :<\/p>\n\n\n\n<p class=\"has-regular-font-size\"><strong><a href=\"https:\/\/ritmy.fr\/essais\/concerts-2\/les-34es-saisons-2\/\">Les 34<sup>es<\/sup> Saisons Musicales<\/a><\/strong><\/p>\n\n\n\n<p><strong><a href=\"https:\/\/ritmy.fr\/essais\/concerts-2\/concerts-33e-saison\/\">Les 33<sup>es<\/sup> Saisons Musicales<\/a><\/strong><\/p>\n\n\n\n<p><strong><a href=\"https:\/\/ritmy.fr\/essais\/concerts-2\/concerts-32eme-saison-2-mobile\/\">Les 32<sup>es<\/sup> Saisons Musicales<\/a><\/strong><\/p>\n\n\n\n<p><strong><a href=\"https:\/\/ritmy.fr\/essais\/concerts-2\/tout-sur-les-31iemes-saisons\/\">Les 31<sup>es<\/sup> Saisons Musicales<\/a><\/strong><\/p>\n\n\n\n<p><strong><a href=\"https:\/\/ritmy.fr\/essais\/concerts-2\/tout-sur-les-30-saisons\/\">Les 30<sup>es<\/sup> Saisons Musicales<\/a><\/strong><\/p>\n\n\n\n<p><a href=\"https:\/\/ritmy.fr\/essais\/a\/saisons-passees\/\"><strong>Les saisons pr\u00e9c\u00e9dentes<\/strong><\/a><\/p>\n","protected":false},"excerpt":{"rendered":"<p>D\u00c9COUVREZ LE PROGRAMME des 35es Saisons Musicales Voici les concerts que RITMY vous a propos\u00e9s&nbsp;pour la Saison 2024-2025,&nbsp;des 35es \u2018Saisons Musicales\u2019. Ces&nbsp;35e SAISONS, toujours&nbsp;tr\u00e8s ambitieuses,&nbsp;restent fid\u00e8les au choix de RITMY qui privil\u00e9gie la qualit\u00e9 et la vari\u00e9t\u00e9 . Une programmation \u00e9clectique avec des formations instrumentales in\u00e9dites,&nbsp;des styles&nbsp;musicaux&nbsp;diversifi\u00e9s, en recherchant un juste \u00e9quilibre entre artistes renomm\u00e9s &hellip; <\/p>\n<p><a class=\"more-link btn\" href=\"https:\/\/ritmy.fr\/essais\/concerts-2\/tout-sur-les-35es-saisons\/\">Lire la suite<\/a><\/p>\n","protected":false},"author":5,"featured_media":0,"parent":11,"menu_order":10,"comment_status":"closed","ping_status":"closed","template":"","meta":{"footnotes":""},"class_list":["post-29193","page","type-page","status-publish","hentry","nodate","item-wrap"],"_links":{"self":[{"href":"https:\/\/ritmy.fr\/essais\/wp-json\/wp\/v2\/pages\/29193","targetHints":{"allow":["GET"]}}],"collection":[{"href":"https:\/\/ritmy.fr\/essais\/wp-json\/wp\/v2\/pages"}],"about":[{"href":"https:\/\/ritmy.fr\/essais\/wp-json\/wp\/v2\/types\/page"}],"author":[{"embeddable":true,"href":"https:\/\/ritmy.fr\/essais\/wp-json\/wp\/v2\/users\/5"}],"replies":[{"embeddable":true,"href":"https:\/\/ritmy.fr\/essais\/wp-json\/wp\/v2\/comments?post=29193"}],"version-history":[{"count":46,"href":"https:\/\/ritmy.fr\/essais\/wp-json\/wp\/v2\/pages\/29193\/revisions"}],"predecessor-version":[{"id":30503,"href":"https:\/\/ritmy.fr\/essais\/wp-json\/wp\/v2\/pages\/29193\/revisions\/30503"}],"up":[{"embeddable":true,"href":"https:\/\/ritmy.fr\/essais\/wp-json\/wp\/v2\/pages\/11"}],"wp:attachment":[{"href":"https:\/\/ritmy.fr\/essais\/wp-json\/wp\/v2\/media?parent=29193"}],"curies":[{"name":"wp","href":"https:\/\/api.w.org\/{rel}","templated":true}]}}