{"id":29062,"date":"2024-02-05T12:21:02","date_gmt":"2024-02-05T11:21:02","guid":{"rendered":"https:\/\/ritmy.fr\/essais\/?page_id=29062"},"modified":"2026-05-01T11:02:25","modified_gmt":"2026-05-01T10:02:25","slug":"reserver-2","status":"publish","type":"page","link":"https:\/\/ritmy.fr\/essais\/reserver-2\/","title":{"rendered":"RESERVER"},"content":{"rendered":"\n<p class=\"has-large-font-size\" style=\"line-height:1.5\">Les 36<sup>es<\/sup> saisons sont maintenant termin\u00e9es.<\/p>\n\n\n\n<p class=\"has-vivid-purple-color has-text-color has-link-color has-large-font-size wp-elements-8d66bb4818d15b607c150c91acf1712e\" style=\"line-height:1.5\"><strong>La r\u00e9servation pour les concerts des <strong>37<sup>es<\/sup><\/strong> saisons ouvrira apr\u00e8s l&rsquo;assembl\u00e9e g\u00e9n\u00e9rale qui aura lieu \u00e0 M\u00e9r\u00e9 les 4 mai 2026.<\/strong><\/p>\n\n\n\n<div style=\"height:33px\" aria-hidden=\"true\" class=\"wp-block-spacer\"><\/div>\n\n\n\n<h3 class=\"wp-block-heading\"><span style=\"color: #ff0000;\">Pour&nbsp;les 37<sup>es<\/sup>  Saisons Musicales RITMY<\/span><\/h3>\n\n\n\n<p class=\"has-black-color has-text-color\" style=\"font-size:18px\"><strong>Vous pourrez acheter vos places de concerts par internet ou en t\u00e9l\u00e9chargeant le <span style=\"text-decoration: underline;\"> <strong><em>coupon de r\u00e9servation<\/em><\/strong><\/span><\/strong><\/p>\n\n\n\n<p class=\"has-normal-font-size\">Pour chacun de nos concerts, <strong>TOUS les BILLETS<\/strong> (tarif normal, tarif jeune, groupe, tarif r\u00e9duit, billet gratuit enfant de -12 ans\u2026) peuvent s&rsquo;acqu\u00e9rir en ligne, en toute s\u00e9curit\u00e9 : Pas d&rsquo;envoi postal, disponibilit\u00e9 imm\u00e9diate (il suffit d&rsquo;imprimer votre titre d&rsquo;entr\u00e9e), et aucun frais ajout\u00e9.<\/p>\n\n\n\n<div class=\"wp-block-group\"><div class=\"wp-block-group__inner-container is-layout-flow wp-block-group-is-layout-flow\">\n<p class=\"has-black-color has-text-color\" style=\"font-size:18px\"><\/p>\n\n\n\n<div class=\"wp-block-group\"><div class=\"wp-block-group__inner-container is-layout-flow wp-block-group-is-layout-flow\">\n<h3 class=\"wp-block-heading has-vivid-red-color has-text-color\"><span style=\"color: #ff0000;\"><strong>L&rsquo;abonnement<\/strong><\/span><\/h3>\n\n\n\n<p class=\"has-black-color has-text-color\"><strong>Avec un ABONNEMENT, \u00e0 partir de 3 concerts, chaque place revient vraiment moins cher.<\/strong><\/p>\n\n\n\n<p><strong>Pour 3  \u00e0 5 concerts, <span style=\"text-decoration: underline;\">c&rsquo;est 20 \u20ac par concert<\/span> (au lieu de 23 \u20ac) et pour le PASS 6 concerts c&rsquo;est <span style=\"text-decoration: underline;\">seulement 18 \u20ac par concert<\/span>.&nbsp;<\/strong><\/p>\n\n\n\n<p>De plus, pour remercier nos abonn\u00e9s de leur fid\u00e9lit\u00e9, des PLACES SP\u00c9CIFIQUES leur sont r\u00e9serv\u00e9es \u00e0 chaque concert, et d&rsquo;autres AVANTAGES leur sont offerts :<\/p>\n\n\n\n<ul class=\"wp-block-list\">\n<li>Des tarifs pr\u00e9f\u00e9rentiels, et des places r\u00e9serv\u00e9es \u00e0 chaque concert<\/li>\n\n\n\n<li>Une information mensuelle sur nos concerts<\/li>\n\n\n\n<li>La possibilit\u00e9 de d\u00e9couvrir en avant premi\u00e8re la prochaine Saison Musicale (lors de l\u2019AG)<\/li>\n<\/ul>\n\n\n\n<hr class=\"wp-block-separator has-css-opacity is-style-wide\"\/>\n<\/div><\/div>\n\n\n\n<p style=\"line-height:0\"><strong><span style=\"text-decoration: underline;\">Conditions g\u00e9n\u00e9rales de vente<\/span><\/strong><\/p>\n\n\n\n<p>Toute r\u00e9servation n&rsquo;est effective qu&rsquo;apr\u00e8s son r\u00e8glement. Les billets ne sont ni \u00e9chang\u00e9s ni rembours\u00e9s, sauf en cas d&rsquo;annulation par Ritmy. Les distributions artistiques et les programmes ne sont pas contractuels. En cas de force majeure, Ritmy se r\u00e9serve le droit de les modifier, sans que cela puisse entra\u00eener le remboursement des places.<\/p>\n\n\n\n<p>Les places ne sont pas num\u00e9rot\u00e9es. Seuls les abonn\u00e9s b\u00e9n\u00e9ficient de places r\u00e9serv\u00e9es.<\/p>\n\n\n\n<p><strong>L&rsquo;ouverture des portes a lieu 45 mn  avant le concert.<\/strong><\/p>\n\n\n\n<p>Merci de nous signaler \u00e0 l&rsquo;avance la venue de personnes \u00e0 mobilit\u00e9 r\u00e9duite afin de les accueillir dans les meilleures conditions.<\/p>\n\n\n\n<hr class=\"wp-block-separator has-text-color has-black-color has-css-opacity has-black-background-color has-background aligncenter is-style-wide\"\/>\n\n\n\n<p><strong>Si vous rencontrez une difficult\u00e9 pendant cette r\u00e9servation, n\u2019h\u00e9sitez pas \u00e0 nous contacter :<\/strong><\/p>\n\n\n\n<ul class=\"wp-block-list\">\n<li>par courriel :&nbsp;<a href=\"mailto:contact.ritmy@gmail.com\"><em>contact.ritmy@gmail.com<\/em><\/a><\/li>\n\n\n\n<li>ou en appelant le :&nbsp;06-48-69-21-89<\/li>\n<\/ul>\n\n\n\n<p><\/p>\n<\/div><\/div>\n","protected":false},"excerpt":{"rendered":"<p>Les 36es saisons sont maintenant termin\u00e9es. La r\u00e9servation pour les concerts des 37es saisons ouvrira apr\u00e8s l&rsquo;assembl\u00e9e g\u00e9n\u00e9rale qui aura lieu \u00e0 M\u00e9r\u00e9 les 4 mai 2026. Pour&nbsp;les 37es Saisons Musicales RITMY Vous pourrez acheter vos places de concerts par internet ou en t\u00e9l\u00e9chargeant le coupon de r\u00e9servation Pour chacun de nos concerts, TOUS les &hellip; <\/p>\n<p><a class=\"more-link btn\" href=\"https:\/\/ritmy.fr\/essais\/reserver-2\/\">Lire la suite<\/a><\/p>\n","protected":false},"author":5,"featured_media":0,"parent":0,"menu_order":3,"comment_status":"closed","ping_status":"closed","template":"","meta":{"footnotes":""},"class_list":["post-29062","page","type-page","status-publish","hentry","nodate","item-wrap"],"_links":{"self":[{"href":"https:\/\/ritmy.fr\/essais\/wp-json\/wp\/v2\/pages\/29062","targetHints":{"allow":["GET"]}}],"collection":[{"href":"https:\/\/ritmy.fr\/essais\/wp-json\/wp\/v2\/pages"}],"about":[{"href":"https:\/\/ritmy.fr\/essais\/wp-json\/wp\/v2\/types\/page"}],"author":[{"embeddable":true,"href":"https:\/\/ritmy.fr\/essais\/wp-json\/wp\/v2\/users\/5"}],"replies":[{"embeddable":true,"href":"https:\/\/ritmy.fr\/essais\/wp-json\/wp\/v2\/comments?post=29062"}],"version-history":[{"count":36,"href":"https:\/\/ritmy.fr\/essais\/wp-json\/wp\/v2\/pages\/29062\/revisions"}],"predecessor-version":[{"id":31149,"href":"https:\/\/ritmy.fr\/essais\/wp-json\/wp\/v2\/pages\/29062\/revisions\/31149"}],"wp:attachment":[{"href":"https:\/\/ritmy.fr\/essais\/wp-json\/wp\/v2\/media?parent=29062"}],"curies":[{"name":"wp","href":"https:\/\/api.w.org\/{rel}","templated":true}]}}