{"id":28215,"date":"2023-04-22T22:25:48","date_gmt":"2023-04-22T21:25:48","guid":{"rendered":"https:\/\/ritmy.fr\/essais\/?page_id=28215"},"modified":"2024-01-05T16:04:16","modified_gmt":"2024-01-05T15:04:16","slug":"orgerus","status":"publish","type":"page","link":"https:\/\/ritmy.fr\/essais\/concerts-2\/les-34es-saisons-2\/orgerus\/","title":{"rendered":"TIME FEEL QUARTET \u00e0 ORGERUS"},"content":{"rendered":"\n<script language=\"Javascript\">\n<!--\nfunction isMobileDevice() \n{ \nif (\/Mobil\/i.test(navigator.userAgent))\n  {\n  window.open(\"https:\/\/ritmy.fr\/essais\/34-orgerus-mobile\/\", \"_top\");\n  }\n}\n\/\/-->\n<\/script>\n<script type=\"text\/javascript\">isMobileDevice()<\/script>\n\n\n\n<p class=\"has-text-align-left has-vivid-cyan-blue-color has-text-color has-larger-font-size\"><strong>le dimanche 4 f\u00e9vrier 2024 \u00e0 17h \u00e0 <strong>Salle du Pr\u00e9 Romain<\/strong><\/strong><\/p>\n\n\n\n<p><\/p>\n\n\n\n<p class=\"has-text-align-center has-larger-font-size\"><strong>Jazz Sylvain Beuf<\/strong><\/p>\n\n\n\n<p class=\"has-large-font-size\">Depuis 1987, Sylvain Beuf voyage dans les sph\u00e8res du jazz en France.<br>R\u00e9compens\u00e9 \u00e0 plusieurs reprises, il est un des plus incontournable saxophoniste fran\u00e7ais, compositeur et arrangeur dans son domaine.<\/p>\n\n\n\n<p class=\"has-large-font-size\">Nous aurons le privil\u00e8ge de le recevoir en quartet avec Sylvain Beuf aux saxophones, Damien Argentierie \u00e0 l\u2019orgue, Fabrice Moreau \u00e0 la batterie et, invit\u00e9 d\u2019honneur, Michel Perez \u00e0 la guitare dans une relecture originale de Cole Porter, Victor Young, Georges Gershwin \u2026<\/p>\n\n\n<div class=\"wp-block-image\">\n<figure class=\"aligncenter size-full\"><img loading=\"lazy\" decoding=\"async\" width=\"667\" height=\"536\" src=\"https:\/\/ritmy.fr\/essais\/wp-content\/uploads\/2023\/04\/SB-2.jpg\" alt=\"\" class=\"wp-image-28217\" srcset=\"https:\/\/ritmy.fr\/essais\/wp-content\/uploads\/2023\/04\/SB-2.jpg 667w, https:\/\/ritmy.fr\/essais\/wp-content\/uploads\/2023\/04\/SB-2-300x241.jpg 300w\" sizes=\"auto, (max-width: 667px) 100vw, 667px\" \/><\/figure><\/div>\n\n\n<p class=\"has-large-font-size\"><strong>Sylvain Beuf<\/strong> est n\u00e9 en 1964. Issu d\u2019une famille de m\u00e9lomanes, ses deux fr\u00e8res, clarinettiste et pianiste, lui font d\u00e9couvrir la sonorit\u00e9 du saxophone \u00e0 l\u2019\u00e2ge de 10 ans gr\u00e2ce aux disques de Paul Desmond et Sydney Bechet. Coup de foudre qui le pousse \u00e0 d\u00e9buter ses \u00e9tudes musicales au Conservatoire d\u2019Orsay.<\/p>\n\n\n\n<p class=\"has-large-font-size\">Apr\u00e8s ses \u00e9tudes classiques au conservatoire d&rsquo;Orsay, il obtient en 1983, un 1er prix de saxophone puis se dirige d\u00e9finitivement vers le jazz. Il \u00e9tudie \u00e0 l&rsquo;\u00e9cole de jazz \u00ab le CIM \u00bb avant de se professionnaliser en 1987 dans les orchestres de Martial Solal, Michel Legrand et Ren\u00e9 Urtreger.<\/p>\n\n\n\n<div class=\"wp-block-media-text has-media-on-the-right is-stacked-on-mobile is-image-fill\" style=\"grid-template-columns:auto 30%\"><div class=\"wp-block-media-text__content\">\n<p class=\"has-large-font-size\">Titulaire du CA de Jazz, il enseigne aux conservatoires du IXe arrondissement de Paris, d&rsquo;Orsay ainsi qu\u2019au CRR de Chalon sur Sa\u00f4ne. Il prend ses fonctions de coordinateur du d\u00e9partement de Jazz du CRR de Versailles en 2007, d\u00e9partement dynamique qui compte une quarantaine d&rsquo;\u00e9l\u00e8ves, deux orchestres Big Band et une activit\u00e9 de diffusion r\u00e9guli\u00e8re en r\u00e9gion parisienne. En 2013, il cr\u00e9e avec Vincent David une suite pour orchestre classique et jazz.<\/p>\n\n\n\n<p class=\"has-large-font-size\">A l\u2019\u00e2ge de 49 ans, Sylvain Beuf est devenu l\u2019un des plus incontournables saxophonistes t\u00e9nor fran\u00e7ais (Victoire de la Musique, Djangos d\u2019Or, prix Django Reinhardt, Talent Midem, etc\u2026). Vingt ans de carri\u00e8re \u00e9cum\u00e9s avec le who\u2019s who du jazz fran\u00e7ais (Martial Solal, Ren\u00e9 Urtreger, Herv\u00e9 Sellin, Daniel Humair, Henri Texier, Richard Galliano, Michel Perez, Andr\u00e9 Cecarrelli, St\u00e9phane Huchard, Pierre de Bethmann, Alex Tassel\u2026). Compositeur prolixe, soliste inspir\u00e9, il a, en tant que leader, enregistr\u00e9 une dizaine d\u2019albums qui sont r\u00e9guli\u00e8rement remarqu\u00e9s par la critique (Le Monde, T\u00e9l\u00e9rama, La sc\u00e8ne, Jazz News, le Nouvel Observateur&#8230;).<\/p>\n<\/div><figure class=\"wp-block-media-text__media\" style=\"background-image:url(https:\/\/ritmy.fr\/essais\/wp-content\/uploads\/2023\/04\/SB-1-633x1000.jpg);background-position:50% 50%\"><img loading=\"lazy\" decoding=\"async\" width=\"633\" height=\"1000\" src=\"https:\/\/ritmy.fr\/essais\/wp-content\/uploads\/2023\/04\/SB-1-633x1000.jpg\" alt=\"\" class=\"wp-image-28218 size-full\" srcset=\"https:\/\/ritmy.fr\/essais\/wp-content\/uploads\/2023\/04\/SB-1-633x1000.jpg 633w, https:\/\/ritmy.fr\/essais\/wp-content\/uploads\/2023\/04\/SB-1-190x300.jpg 190w, https:\/\/ritmy.fr\/essais\/wp-content\/uploads\/2023\/04\/SB-1-768x1213.jpg 768w, https:\/\/ritmy.fr\/essais\/wp-content\/uploads\/2023\/04\/SB-1.jpg 770w\" sizes=\"auto, (max-width: 633px) 100vw, 633px\" \/><\/figure><\/div>\n\n\n\n<p class=\"has-large-font-size\"><\/p>\n\n\n\n<div class=\"wp-block-media-text has-media-on-the-right is-stacked-on-mobile is-image-fill\" style=\"grid-template-columns:auto 30%\"><div class=\"wp-block-media-text__content\">\n<p class=\"has-large-font-size\">Musicien autodidacte, <strong>Fabrice Moreau<\/strong> s\u2019est int\u00e9ress\u00e9 \u00e0 la peinture avant de se consacrer \u00e0 la batterie.<br>D\u00e8s 1994, il met son talent d\u2019accompagnateur au service de grands noms de la chanson fran\u00e7aise : Jean-Louis Aubert, Alain Souchon, Arthur H, Mathieu Boogaerts etc\u2026<\/p>\n\n\n\n<p class=\"has-large-font-size\">Passionn\u00e9 de jazz depuis l\u2019adolescence, ses premiers pas se font avec Michel Portal en 2006. Suivent des concerts en tant que sideman de Flavio Boltro, Pierrick P\u00e9dron, R\u00e9mi Vignolo, Xavier Richardeau, \u00c9ric Legnini, Sylvain Beuf, Bojan Z\u2026 Batteur tr\u00e8s demand\u00e9 et tr\u00e8s pr\u00e9sent sur la sc\u00e8ne jazz actuelle, on le retrouve dans des projets de premier plan.<\/p>\n\n\n\n<p class=\"has-large-font-size\">Fabrice Moreau est aussi un compositeur et peintre cherchant constamment \u00e0 se renouveler.<br>Son travail de compositeur et de peintre aboutira \u00e0 la cr\u00e9ation de son groupe et \u00e0 l\u2019exposition de ses \u0153uvres lors d\u2019une r\u00e9sidence au Comptoir de Fontenay sous Bois en 2016\/2017. Suivra l\u2019enregistrement de son 1er disque en tant que leader&nbsp;: Double portrait&nbsp; (sortie en f\u00e9vrier 2019 sur le label Incises) dans lequel figurent \u00e9galement des reproductions in\u00e9dites de ses peintures.<\/p>\n<\/div><figure class=\"wp-block-media-text__media\" style=\"background-image:url(https:\/\/ritmy.fr\/essais\/wp-content\/uploads\/2023\/04\/FM-1-684x1000.jpg);background-position:50% 50%\"><img loading=\"lazy\" decoding=\"async\" width=\"684\" height=\"1000\" src=\"https:\/\/ritmy.fr\/essais\/wp-content\/uploads\/2023\/04\/FM-1-684x1000.jpg\" alt=\"\" class=\"wp-image-28219 size-full\" srcset=\"https:\/\/ritmy.fr\/essais\/wp-content\/uploads\/2023\/04\/FM-1-684x1000.jpg 684w, https:\/\/ritmy.fr\/essais\/wp-content\/uploads\/2023\/04\/FM-1-205x300.jpg 205w, https:\/\/ritmy.fr\/essais\/wp-content\/uploads\/2023\/04\/FM-1-768x1122.jpg 768w, https:\/\/ritmy.fr\/essais\/wp-content\/uploads\/2023\/04\/FM-1.jpg 770w\" sizes=\"auto, (max-width: 684px) 100vw, 684px\" \/><\/figure><\/div>\n\n\n\n<p class=\"has-large-font-size\"><\/p>\n\n\n\n<div class=\"wp-block-media-text has-media-on-the-right is-stacked-on-mobile is-image-fill\" style=\"grid-template-columns:auto 29%\"><div class=\"wp-block-media-text__content\">\n<p class=\"has-large-font-size\">Apr\u00e8s avoir \u00e9tudi\u00e9 au conservatoire de Lyon en piano classique, piano jazz et orgue, <strong>Damien Argentieri<\/strong> s&rsquo;est install\u00e9 en r\u00e9gion Parisienne en 2001 suite \u00e0 ses \u00e9tudes de perfectionnement au Centre des Musiques Didier Lockwood. Actuellement, il est un sideman tr\u00e8s en vue \u00e0 Paris. Il a enregistr\u00e9 une vingtaine d&rsquo;albums en tant que pianiste ou organiste, parmi lesquels \u00ab&nbsp;Mondes Parall\u00e8les&nbsp;\u00bb avec Sylvain Beuf (Cristal Records), \u00ab&nbsp;Page 1&nbsp;\u00bb, \u00ab&nbsp;Page 2&nbsp;\u00bb et \u00ab&nbsp;Page 3 \u2013 Picasso&nbsp;\u00bb avec Unitrio (altrisuoni), \u00ab&nbsp;Soleil brun&nbsp;\u00bb avec Argentieri quatro, \u00ab&nbsp;Play ground Sessions&nbsp;\u00bb avec Adrian Clarck.<\/p>\n\n\n\n<p class=\"has-large-font-size\">Il se produit en France comme \u00e0 l&rsquo;\u00e9tranger dans des festivals comme Jazz \u00e0 Nice, le Festival de Montreux, Festival de Jazz de Montr\u00e9al, Jazz \u00e0 La D\u00e9fense, Marciac&#8230;.<\/p>\n\n\n\n<p class=\"has-large-font-size\">Compositeur et arrangeur, il joue avec des musiciens reconnus de la sc\u00e8ne de jazz: Lionel Loueke, Didier Lockwood, Sylvain Beuf, Andr\u00e9 Ceccarelli, Jean-Jacques Milteau, China Moses, Pierre Perchaud, Tony Rabeson&#8230;<\/p>\n<\/div><figure class=\"wp-block-media-text__media\" style=\"background-image:url(https:\/\/ritmy.fr\/essais\/wp-content\/uploads\/2023\/04\/DA-1-684x1000.jpg);background-position:56% 8%\"><img loading=\"lazy\" decoding=\"async\" width=\"684\" height=\"1000\" src=\"https:\/\/ritmy.fr\/essais\/wp-content\/uploads\/2023\/04\/DA-1-684x1000.jpg\" alt=\"\" class=\"wp-image-28222 size-full\" srcset=\"https:\/\/ritmy.fr\/essais\/wp-content\/uploads\/2023\/04\/DA-1-684x1000.jpg 684w, https:\/\/ritmy.fr\/essais\/wp-content\/uploads\/2023\/04\/DA-1-205x300.jpg 205w, https:\/\/ritmy.fr\/essais\/wp-content\/uploads\/2023\/04\/DA-1-768x1122.jpg 768w, https:\/\/ritmy.fr\/essais\/wp-content\/uploads\/2023\/04\/DA-1.jpg 770w\" sizes=\"auto, (max-width: 684px) 100vw, 684px\" \/><\/figure><\/div>\n\n\n\n<div class=\"wp-block-media-text has-media-on-the-right is-stacked-on-mobile is-image-fill\" style=\"grid-template-columns:auto 29%\"><div class=\"wp-block-media-text__content\">\n<p class=\"has-large-font-size\">Autodidacte, <strong>Michel Perez<\/strong> d\u00e9bute au Hot Club de Lyon et accompagne des invit\u00e9s prestigieux tel que : Slide Hampton, Johnny Griffin, Kenny Clark, Hank Mobley&#8230;<\/p>\n\n\n\n<p class=\"has-large-font-size\">Il poursuit son exp\u00e9rience musicale en cr\u00e9ant avec G\u00e9rard Maimone (claviers) le groupe Sph\u00e9r\u0153, combinant tourn\u00e9es et cr\u00e9ations pour le th\u00e9\u00e2tre de Georges Lavaudant.<br>Deux disques sont enregistr\u00e9s : Sph\u00e9r\u0153 en 1977 et Primadonna en 1978. En 1984, il fait la premi\u00e8re partie de Miles Davis au festival de Vienne, ainsi qu&rsquo;\u00e0 celui de Nice.<\/p>\n\n\n\n<p class=\"has-large-font-size\">Il participe au film de Bertrand Tavernier \u00ab&nbsp;autour de minuit&nbsp;\u00bb au c\u00f4t\u00e9 de Herbie Hancock, Tony Williams, Wayne Shorter&#8230;<br>Il se produit alors sous son nom et enregistre avec diverses formations.<br>Il fait partie du trio acoustique Traveling Jazz, en compagnie d\u2019\u00c9lisabeth Caumont et de pierre-Yves Sorin \u00e0 la contrebasse, dans le r\u00e9pertoire des chansons du cin\u00e9ma.<br>Il accompagne Benny Golson en tourn\u00e9e en Cor\u00e9e du sud avec Alain Jean-Marie, Pierre-Yves Sorin, Buno Ziarelli et l&rsquo;orchestre Symphonique dirig\u00e9 par Myung Yung Chung.<\/p>\n<\/div><figure class=\"wp-block-media-text__media\" style=\"background-image:url(https:\/\/ritmy.fr\/essais\/wp-content\/uploads\/2023\/04\/MP1-684x1000.jpg);background-position:37% 31%\"><img loading=\"lazy\" decoding=\"async\" width=\"684\" height=\"1000\" src=\"https:\/\/ritmy.fr\/essais\/wp-content\/uploads\/2023\/04\/MP1-684x1000.jpg\" alt=\"\" class=\"wp-image-28225 size-full\" srcset=\"https:\/\/ritmy.fr\/essais\/wp-content\/uploads\/2023\/04\/MP1-684x1000.jpg 684w, https:\/\/ritmy.fr\/essais\/wp-content\/uploads\/2023\/04\/MP1-205x300.jpg 205w, https:\/\/ritmy.fr\/essais\/wp-content\/uploads\/2023\/04\/MP1-768x1123.jpg 768w, https:\/\/ritmy.fr\/essais\/wp-content\/uploads\/2023\/04\/MP1.jpg 770w\" sizes=\"auto, (max-width: 684px) 100vw, 684px\" \/><\/figure><\/div>\n\n\n\n<p class=\"has-large-font-size\"><strong>PROGRAMME&nbsp;:<\/strong><\/p>\n\n\n\n<p class=\"has-large-font-size\">Parmi la riche discographie de Sylvain Beuf, c\u2019est son dernier album \u00ab&nbsp;Time Feel&nbsp;\u00bb, sorti en novembre dernier, qui fera l\u2019objet de ce concert.<\/p>\n\n\n\n<p class=\"has-large-font-size\">D\u00e9couvrez-le sur sa page Facebook : &nbsp;<a href=\"https:\/\/www.facebook.com\/sylvain.beuf\">https:\/\/www.facebook.com\/sylvain.beuf<\/a><\/p>\n\n\n\n<p class=\"has-large-font-size\">ainsi que sur ces vid\u00e9os :<\/p>\n\n\n\n<div class=\"wp-block-columns is-layout-flex wp-container-core-columns-is-layout-9d6595d7 wp-block-columns-is-layout-flex\">\n<div class=\"wp-block-column is-layout-flow wp-block-column-is-layout-flow\">\n<figure class=\"wp-block-embed is-type-video is-provider-youtube wp-block-embed-youtube wp-embed-aspect-16-9 wp-has-aspect-ratio\"><div class=\"wp-block-embed__wrapper\">\n<iframe loading=\"lazy\" title=\"Sylvain Beuf - Time Feel - New Album (Official Video)@sylvainbeuf877\" width=\"803\" height=\"452\" src=\"https:\/\/www.youtube.com\/embed\/fCmpASj8ARk?feature=oembed\" frameborder=\"0\" allow=\"accelerometer; autoplay; clipboard-write; encrypted-media; gyroscope; picture-in-picture; web-share\" referrerpolicy=\"strict-origin-when-cross-origin\" allowfullscreen><\/iframe>\n<\/div><figcaption class=\"wp-element-caption\">Album \u00ab&nbsp;Time Feel&nbsp;\u00bb, pr\u00e9sentation&nbsp;<\/figcaption><\/figure>\n<\/div>\n\n\n\n<div class=\"wp-block-column is-layout-flow wp-block-column-is-layout-flow\">\n<figure class=\"wp-block-embed is-type-video is-provider-youtube wp-block-embed-youtube wp-embed-aspect-16-9 wp-has-aspect-ratio\"><div class=\"wp-block-embed__wrapper\">\n<iframe loading=\"lazy\" title=\"LE BAISER SAL\u00c9: SYLVAIN BEUF &quot;POWER TRIO&quot;\" width=\"803\" height=\"452\" src=\"https:\/\/www.youtube.com\/embed\/ce3NjKWxQns?feature=oembed\" frameborder=\"0\" allow=\"accelerometer; autoplay; clipboard-write; encrypted-media; gyroscope; picture-in-picture; web-share\" referrerpolicy=\"strict-origin-when-cross-origin\" allowfullscreen><\/iframe>\n<\/div><figcaption class=\"wp-element-caption\">\u00ab&nbsp;Power trio&nbsp;\u00bb au Baiser Sal\u00e9&nbsp;<\/figcaption><\/figure>\n<\/div>\n<\/div>\n\n\n\n<p class=\"has-large-font-size\">Le trio \u00ab&nbsp;TIME FEEL&nbsp;\u00bb avec Sylvain Beuf, Fabrice Moreau et Damien Argentierie :<\/p>\n\n\n<div class=\"wp-block-image\">\n<figure class=\"aligncenter size-large is-resized\"><img loading=\"lazy\" decoding=\"async\" width=\"667\" height=\"1000\" src=\"https:\/\/ritmy.fr\/essais\/wp-content\/uploads\/2023\/04\/Trio-\u00a9-Guillaume-Saix-667x1000.jpg\" alt=\"\" class=\"wp-image-28226\" style=\"width:666px;height:998px\" srcset=\"https:\/\/ritmy.fr\/essais\/wp-content\/uploads\/2023\/04\/Trio-\u00a9-Guillaume-Saix-667x1000.jpg 667w, https:\/\/ritmy.fr\/essais\/wp-content\/uploads\/2023\/04\/Trio-\u00a9-Guillaume-Saix-200x300.jpg 200w, https:\/\/ritmy.fr\/essais\/wp-content\/uploads\/2023\/04\/Trio-\u00a9-Guillaume-Saix-768x1152.jpg 768w, https:\/\/ritmy.fr\/essais\/wp-content\/uploads\/2023\/04\/Trio-\u00a9-Guillaume-Saix-1024x1536.jpg 1024w, https:\/\/ritmy.fr\/essais\/wp-content\/uploads\/2023\/04\/Trio-\u00a9-Guillaume-Saix-1365x2048.jpg 1365w, https:\/\/ritmy.fr\/essais\/wp-content\/uploads\/2023\/04\/Trio-\u00a9-Guillaume-Saix-803x1205.jpg 803w, https:\/\/ritmy.fr\/essais\/wp-content\/uploads\/2023\/04\/Trio-\u00a9-Guillaume-Saix-scaled.jpg 1707w\" sizes=\"auto, (max-width: 667px) 100vw, 667px\" \/><\/figure><\/div>\n\n\n<hr class=\"wp-block-separator has-alpha-channel-opacity is-style-wide\"\/>\n\n\n\n<p class=\"has-very-dark-gray-color has-text-color has-large-font-size\">  Il est fortement recommand\u00e9 de <strong>r\u00e9server en ligne<\/strong> en cliquant sur le bouton ci-dessous, ou en appelant le 06 78 65 44 38.   <\/p>\n\n\n\n<div class=\"wp-block-buttons is-layout-flex wp-block-buttons-is-layout-flex\">\n<div class=\"wp-block-button aligncenter\"><a class=\"wp-block-button__link wp-element-button\" href=\"https:\/\/ritmy.fr\/essais\/reserver\/\"><strong>R\u00c9SERVER vos BILLETS<\/strong><\/a><\/div>\n<\/div>\n\n\n\n<p class=\"has-background has-large-font-size\" style=\"background-color:#cceef7\">Afin de fluidifier l&rsquo;accueil du public, l&rsquo;ouverture des portes se fera <strong>\u00e0 partir de 16 h 15.<\/strong><\/p>\n\n\n\n<hr class=\"wp-block-separator has-text-color has-very-dark-gray-color has-css-opacity has-very-dark-gray-background-color has-background is-style-wide\"\/>\n\n\n\n<div class=\"wp-block-columns are-vertically-aligned-top has-background is-layout-flex wp-container-core-columns-is-layout-9d6595d7 wp-block-columns-is-layout-flex\" style=\"background-color:#eef0f1\">\n<div class=\"wp-block-column is-vertically-aligned-top is-layout-flow wp-block-column-is-layout-flow\" style=\"flex-basis:40%\">\n<p class=\"has-large-font-size\">La <strong>Salle du Pr\u00e9 Romain<\/strong> d&rsquo;Orgerus est situ\u00e9e Route de Flexanville.<\/p>\n<\/div>\n\n\n\n<div class=\"wp-block-column is-vertically-aligned-top is-layout-flow wp-block-column-is-layout-flow\">\n<iframe loading=\"lazy\" src=\"https:\/\/www.google.com\/maps\/embed?pb=!1m18!1m12!1m3!1d2625.890323460531!2d1.7038702151343885!3d48.84123067928584!2m3!1f0!2f0!3f0!3m2!1i1024!2i768!4f13.1!3m3!1m2!1s0x47e6a39e75641163%3A0x67762de38c39e379!2sSalle%20du%20Pr%C3%A9%20Romain%20(Polyvalente)!5e0!3m2!1sfr!2sfr!4v1608653342304!5m2!1sfr!2sfr\" style=\"border:0;\" allowfullscreen=\"\" aria-hidden=\"false\" tabindex=\"0\" width=\"600\" height=\"450\" frameborder=\"0\"><\/iframe>\n<\/div>\n<\/div>\n\n\n\n<hr class=\"wp-block-separator has-text-color has-black-color has-css-opacity has-black-background-color has-background is-style-dots\"\/>\n\n\n\n<div class=\"wp-block-media-text\" style=\"grid-template-columns:22% auto\"><figure class=\"wp-block-media-text__media\"><img loading=\"lazy\" decoding=\"async\" width=\"150\" height=\"163\" src=\"https:\/\/ritmy.fr\/essais\/wp-content\/uploads\/2023\/04\/BIisconcella.jpg\" alt=\"\" class=\"wp-image-28227 size-full\"\/><\/figure><div class=\"wp-block-media-text__content\">\n<p class=\"has-large-font-size\">Concert organis\u00e9 par RITMY et l&rsquo;association BISCONCELLA d&rsquo;Orgerus.<\/p>\n<\/div><\/div>\n\n\n\n<div class=\"wp-block-media-text\" style=\"grid-template-columns:27% auto\"><figure class=\"wp-block-media-text__media\"><img loading=\"lazy\" decoding=\"async\" width=\"1000\" height=\"500\" src=\"https:\/\/ritmy.fr\/essais\/wp-content\/uploads\/2018\/09\/SPEDIDAM-ENCADRE-r\u00e9duit-1000x500.jpg\" alt=\"\" class=\"wp-image-18150 size-full\" srcset=\"https:\/\/ritmy.fr\/essais\/wp-content\/uploads\/2018\/09\/SPEDIDAM-ENCADRE-r\u00e9duit-1000x500.jpg 1000w, https:\/\/ritmy.fr\/essais\/wp-content\/uploads\/2018\/09\/SPEDIDAM-ENCADRE-r\u00e9duit-300x150.jpg 300w, https:\/\/ritmy.fr\/essais\/wp-content\/uploads\/2018\/09\/SPEDIDAM-ENCADRE-r\u00e9duit-768x384.jpg 768w, https:\/\/ritmy.fr\/essais\/wp-content\/uploads\/2018\/09\/SPEDIDAM-ENCADRE-r\u00e9duit.jpg 1100w\" sizes=\"auto, (max-width: 1000px) 100vw, 1000px\" \/><\/figure><div class=\"wp-block-media-text__content\">\n<p class=\"has-large-font-size\">RITMY b\u00e9n\u00e9ficie du soutien de la SPEDIDAM.<\/p>\n<\/div><\/div>\n","protected":false},"excerpt":{"rendered":"<p>le dimanche 4 f\u00e9vrier 2024 \u00e0 17h \u00e0 Salle du Pr\u00e9 Romain Jazz Sylvain Beuf Depuis 1987, Sylvain Beuf voyage dans les sph\u00e8res du jazz en France.R\u00e9compens\u00e9 \u00e0 plusieurs reprises, il est un des plus incontournable saxophoniste fran\u00e7ais, compositeur et arrangeur dans son domaine. Nous aurons le privil\u00e8ge de le recevoir en quartet avec Sylvain &hellip; <\/p>\n<p><a class=\"more-link btn\" href=\"https:\/\/ritmy.fr\/essais\/concerts-2\/les-34es-saisons-2\/orgerus\/\">Lire la suite<\/a><\/p>\n","protected":false},"author":5,"featured_media":28226,"parent":28418,"menu_order":5,"comment_status":"closed","ping_status":"closed","template":"","meta":{"footnotes":""},"class_list":["post-28215","page","type-page","status-publish","has-post-thumbnail","hentry","nodate","item-wrap"],"_links":{"self":[{"href":"https:\/\/ritmy.fr\/essais\/wp-json\/wp\/v2\/pages\/28215","targetHints":{"allow":["GET"]}}],"collection":[{"href":"https:\/\/ritmy.fr\/essais\/wp-json\/wp\/v2\/pages"}],"about":[{"href":"https:\/\/ritmy.fr\/essais\/wp-json\/wp\/v2\/types\/page"}],"author":[{"embeddable":true,"href":"https:\/\/ritmy.fr\/essais\/wp-json\/wp\/v2\/users\/5"}],"replies":[{"embeddable":true,"href":"https:\/\/ritmy.fr\/essais\/wp-json\/wp\/v2\/comments?post=28215"}],"version-history":[{"count":21,"href":"https:\/\/ritmy.fr\/essais\/wp-json\/wp\/v2\/pages\/28215\/revisions"}],"predecessor-version":[{"id":29251,"href":"https:\/\/ritmy.fr\/essais\/wp-json\/wp\/v2\/pages\/28215\/revisions\/29251"}],"up":[{"embeddable":true,"href":"https:\/\/ritmy.fr\/essais\/wp-json\/wp\/v2\/pages\/28418"}],"wp:featuredmedia":[{"embeddable":true,"href":"https:\/\/ritmy.fr\/essais\/wp-json\/wp\/v2\/media\/28226"}],"wp:attachment":[{"href":"https:\/\/ritmy.fr\/essais\/wp-json\/wp\/v2\/media?parent=28215"}],"curies":[{"name":"wp","href":"https:\/\/api.w.org\/{rel}","templated":true}]}}