{"id":28200,"date":"2023-04-19T18:30:00","date_gmt":"2023-04-19T17:30:00","guid":{"rendered":"https:\/\/ritmy.fr\/essais\/?page_id=28200"},"modified":"2023-10-28T22:15:25","modified_gmt":"2023-10-28T21:15:25","slug":"neauphle","status":"publish","type":"page","link":"https:\/\/ritmy.fr\/essais\/concerts-2\/les-34es-saisons-2\/neauphle\/","title":{"rendered":"LES TEMPERAMENS VARIATIONS \u00e0 NEAUPHLE-LE-CHATEAU"},"content":{"rendered":"\n<script language=\"Javascript\">\n<!--\nfunction isMobileDevice() \n{ \nif (\/Mobil\/i.test(navigator.userAgent))\n  {\n  window.open(\"https:\/\/ritmy.fr\/essais\/34-neauphle-mobile\/\", \"_top\");\n  }\n}\n\/\/-->\n<\/script>\n<script type=\"text\/javascript\">isMobileDevice()<\/script>\n\n\n\n<p class=\"has-vivid-cyan-blue-color has-text-color has-larger-font-size\"><strong>le dimanche 19 novembre 2023 \u00e0 17h \u00e0 l&rsquo;\u00e9glise Saint-Nicolas<\/strong><\/p>\n\n\n\n<p><\/p>\n\n\n\n<p class=\"has-text-align-center has-larger-font-size\" style=\"line-height:1\"><em><strong>Ch\u0153ur de Chambre, avec orgue<\/strong><\/em><\/p>\n\n\n\n<p class=\"has-large-font-size\">Cr\u00e9\u00e9 en 2005 par <strong>Thibault Lam Quang<\/strong>, qui en assure depuis la direction musicale et artistique, le Ch\u0153ur de chambre \u00ab&nbsp;Les Temperamens Variations&nbsp;\u00bb rassemble une vingtaine de chanteurs non-professionnels d\u2019un excellent niveau musical et vocal.<\/p>\n\n\n<div class=\"wp-block-image\">\n<figure class=\"aligncenter size-large\"><img loading=\"lazy\" decoding=\"async\" width=\"1000\" height=\"537\" src=\"https:\/\/ritmy.fr\/essais\/wp-content\/uploads\/2023\/04\/TV-3a-1000x537.jpg\" alt=\"\" class=\"wp-image-28201\" srcset=\"https:\/\/ritmy.fr\/essais\/wp-content\/uploads\/2023\/04\/TV-3a-1000x537.jpg 1000w, https:\/\/ritmy.fr\/essais\/wp-content\/uploads\/2023\/04\/TV-3a-300x161.jpg 300w, https:\/\/ritmy.fr\/essais\/wp-content\/uploads\/2023\/04\/TV-3a-768x413.jpg 768w, https:\/\/ritmy.fr\/essais\/wp-content\/uploads\/2023\/04\/TV-3a-803x431.jpg 803w, https:\/\/ritmy.fr\/essais\/wp-content\/uploads\/2023\/04\/TV-3a.jpg 1275w\" sizes=\"auto, (max-width: 1000px) 100vw, 1000px\" \/><\/figure><\/div>\n\n\n<p class=\"has-large-font-size\">L\u2019ensemble a donn\u00e9 pr\u00e8s de cent cinquante concerts \u00e0 Paris, r\u00e9gions et en Allemagne du Nord et produit cinq CD consacr\u00e9s aux r\u00e9pertoires romantiques, baroque, classique et contemporain.<\/p>\n\n\n\n<p class=\"has-large-font-size\">Les Temperamens Variations abordent un vaste r\u00e9pertoire &#8211; sacr\u00e9 ou profane, a cappella ou accompagn\u00e9 &#8211; qui balaie pr\u00e8s de cinq si\u00e8cles de musique, de la Renaissance espagnole \u00e0 nos jours. Cette vari\u00e9t\u00e9 de styles s\u2019accompagne d\u2019un souci de coh\u00e9rence dans l\u2019\u00e9laboration de ses programmes, r\u00e9pondant \u00e0 des logiques th\u00e9matiques qui permettent d\u2019illustrer une \u00e9poque, l\u2019\u00e9volution d\u2019une forme musicale, ou un groupe de compositeurs ayant des liens stylistiques forts ou a contrario de styles oppos\u00e9s.<\/p>\n\n\n<div class=\"wp-block-image\">\n<figure class=\"aligncenter size-large\"><img loading=\"lazy\" decoding=\"async\" width=\"1000\" height=\"1000\" src=\"https:\/\/ritmy.fr\/essais\/wp-content\/uploads\/2023\/10\/TV-FB-1000x1000.jpg\" alt=\"\" class=\"wp-image-28903\" srcset=\"https:\/\/ritmy.fr\/essais\/wp-content\/uploads\/2023\/10\/TV-FB-1000x1000.jpg 1000w, https:\/\/ritmy.fr\/essais\/wp-content\/uploads\/2023\/10\/TV-FB-300x300.jpg 300w, https:\/\/ritmy.fr\/essais\/wp-content\/uploads\/2023\/10\/TV-FB-150x150.jpg 150w, https:\/\/ritmy.fr\/essais\/wp-content\/uploads\/2023\/10\/TV-FB-768x768.jpg 768w, https:\/\/ritmy.fr\/essais\/wp-content\/uploads\/2023\/10\/TV-FB-803x803.jpg 803w, https:\/\/ritmy.fr\/essais\/wp-content\/uploads\/2023\/10\/TV-FB.jpg 1365w\" sizes=\"auto, (max-width: 1000px) 100vw, 1000px\" \/><\/figure><\/div>\n\n\n<p class=\"has-large-font-size\">Tout en forgeant son identit\u00e9 au contact des grands musiciens du pass\u00e9, l\u2019ensemble a nou\u00e9 des relations privil\u00e9gi\u00e9es avec des compositeurs vivants tels Ivan Bellocq et Alain Kremski, lesquels ont tous deux \u00e9crit des \u0153uvres pour Les Temperamens Variations.<\/p>\n\n\n\n<p class=\"has-large-font-size\">Enfin, reflet de la richesse humaine et de l\u2019engagement de ses membres, Les Temperamens Variations, tout en se produisant dans des cadres prestigieux comme la basilique de V\u00e9zelay, le Grand-Palais et l&rsquo;H\u00f4tel de ville de Paris, la Marienkirche de L\u00fcbeck ou en tant qu\u2019invit\u00e9s de divers festivals (Festival de Masevaux, Festival Musiques Vivantes de Vichy, Festival des For\u00eats de Compi\u00e8gne, Festival Bach de Toul&#8230;), ont \u00e0 c\u0153ur d\u2019aller \u00e0 la rencontre de publics inhabituels, comme au centre de d\u00e9tention de Melun, ou en se produisant pour des causes comme les Restos du C\u0153ur.<\/p>\n\n\n\n<p class=\"has-large-font-size\">Le travail effectu\u00e9 par Les Temperamens Variations sur le r\u00e9pertoire baroque allemand est encourag\u00e9 par les soci\u00e9t\u00e9s internationales Sch\u00fctz et Bach.<\/p>\n\n\n<div class=\"wp-block-image\">\n<figure class=\"aligncenter size-large\"><img loading=\"lazy\" decoding=\"async\" width=\"1000\" height=\"560\" src=\"https:\/\/ritmy.fr\/essais\/wp-content\/uploads\/2023\/04\/TV-2-1000x560.jpg\" alt=\"\" class=\"wp-image-28202\" srcset=\"https:\/\/ritmy.fr\/essais\/wp-content\/uploads\/2023\/04\/TV-2-1000x560.jpg 1000w, https:\/\/ritmy.fr\/essais\/wp-content\/uploads\/2023\/04\/TV-2-300x168.jpg 300w, https:\/\/ritmy.fr\/essais\/wp-content\/uploads\/2023\/04\/TV-2-768x430.jpg 768w, https:\/\/ritmy.fr\/essais\/wp-content\/uploads\/2023\/04\/TV-2-803x450.jpg 803w, https:\/\/ritmy.fr\/essais\/wp-content\/uploads\/2023\/04\/TV-2.jpg 1226w\" sizes=\"auto, (max-width: 1000px) 100vw, 1000px\" \/><\/figure><\/div>\n\n\n<div style=\"height:45px\" aria-hidden=\"true\" class=\"wp-block-spacer\"><\/div>\n\n\n\n<div class=\"wp-block-media-text has-media-on-the-right is-stacked-on-mobile is-image-fill\" style=\"grid-template-columns:auto 36%\"><div class=\"wp-block-media-text__content\">\n<p class=\"has-large-font-size\"><strong>Thibault LAM QUANG, direction musicale<\/strong><\/p>\n\n\n\n<p class=\"has-large-font-size\">Thibault Lam Quang commence l\u2019\u00e9tude de la musique par le saxophone avec lequel il obtient deux Premiers Prix au CNSM de Paris. Il \u00e9tudie ensuite le piano avec Serge Petitgirard et Jean Micault \u00e0 l\u2019\u00c9cole Normale de musique de Paris, ainsi que l\u2019accompagnement du lied allemand aupr\u00e8s de Gerda Hartmann et de John Whitelaw.<br>Parall\u00e8lement, il effectue un parcours universitaire aboutissant \u00e0 l\u2019obtention d\u2019une Agr\u00e9gation de musique.<\/p>\n<\/div><figure class=\"wp-block-media-text__media\" style=\"background-image:url(https:\/\/ritmy.fr\/essais\/wp-content\/uploads\/2023\/10\/Thibault-Lam-Quang.jpg);background-position:43% 33%\"><img loading=\"lazy\" decoding=\"async\" width=\"307\" height=\"430\" src=\"https:\/\/ritmy.fr\/essais\/wp-content\/uploads\/2023\/10\/Thibault-Lam-Quang.jpg\" alt=\"\" class=\"wp-image-28896 size-full\" srcset=\"https:\/\/ritmy.fr\/essais\/wp-content\/uploads\/2023\/10\/Thibault-Lam-Quang.jpg 307w, https:\/\/ritmy.fr\/essais\/wp-content\/uploads\/2023\/10\/Thibault-Lam-Quang-214x300.jpg 214w\" sizes=\"auto, (max-width: 307px) 100vw, 307px\" \/><\/figure><\/div>\n\n\n\n<p class=\"has-large-font-size\">Il \u00e9tudie ensuite le chant aupr\u00e8s de Philippe T\u00e9chen\u00e9, Essiah Bey Lagoun, Marie-Claire Cottin, Isabelle Poulenard, Genevi\u00e8ve Marchand et Jorge Chamin\u00e9, ainsi que la direction de choeur aupr\u00e8s d\u2019Alain Boulfroy, Val\u00e9rie Fayet au CNR de Caen et Marianne Guengard au CNR de Boulogne-Billancourt o\u00f9 il obtient un premier prix de direction et le DEM de direction de ch\u0153ur.<br>Il se perfectionne aupr\u00e8s de chefs de renomm\u00e9e internationale tels que Michel-Marc Gervais et Frieder Bernius. Enfin, il \u00e9tudie la direction d\u2019orchestre aupr\u00e8s de Jean-S\u00e9bastien B\u00e9reau au CNR de Lille et de Jean-Jacques Werner dans le cadre de la Schola Cantorum de Paris.<\/p>\n\n\n\n<p class=\"has-large-font-size\">Apr\u00e8s avoir cr\u00e9\u00e9 et anim\u00e9 la classe de chant choral \u00e0 l\u2019\u00c9cole nationale de musique de Mantes en Yvelines et fond\u00e9 le Ch\u0153ur de chambre Variations en septembre 2003, il se consacre au Ch\u0153ur de chambre <strong>Les Temperamens Variations<\/strong> depuis septembre 2005.<\/p>\n\n\n\n<p class=\"has-large-font-size\">Il assure la direction artistique et chante au sein de l\u2019Ensemble Simplicissimus, sp\u00e9cialis\u00e9 dans le r\u00e9pertoire baroque allemand du XVII\u00e8me si\u00e8cle. Dans le cadre de ses activit\u00e9s au sein de l\u2019\u00c9ducation Nationale, il a dirig\u00e9 le ch\u0153ur de l\u2019Acad\u00e9mie de Paris au Th\u00e9\u00e2tre du Ch\u00e2telet et au Studio 104 de la maison de la Radio, a fond\u00e9 Profs en C(h)oeur, ch\u0153ur des professeurs d\u2019\u00e9ducation musicale de l\u2019acad\u00e9mie de Paris, et a anim\u00e9 des stages de direction d\u2019ensembles vocaux.<br>Enfin, il consacre une partie de son temps \u00e0 des activit\u00e9s de chanteur soliste au sein d\u2019ensembles baroques, ou de r\u00e9citals de lieder avec piano.<\/p>\n\n\n\n<hr class=\"wp-block-separator has-alpha-channel-opacity\"\/>\n\n\n\n<p class=\"has-large-font-size\"><strong>PROGRAMME&nbsp;:<\/strong><\/p>\n\n\n\n<p class=\"has-large-font-size\">Les Temperamens Variations interpr\u00e8teront, de Charles Gounod :<\/p>\n\n\n\n<p class=\"has-large-font-size\"><em>&nbsp;&nbsp;&nbsp;&nbsp;&nbsp;&nbsp;&nbsp;&nbsp;&nbsp;&nbsp;&nbsp;Marche solennelle<\/em>, pour orgue seul<em><br>&nbsp;&nbsp;&nbsp;&nbsp;&nbsp;&nbsp;&nbsp;&nbsp;&nbsp;&nbsp;&nbsp;Pri\u00e8re du soir<\/em>, motet pour ch\u0153ur mixte et orgue<em><br>&nbsp;&nbsp;&nbsp;&nbsp;&nbsp;&nbsp;&nbsp;&nbsp;&nbsp;&nbsp;&nbsp;Stabat Mater paraphras\u00e9 en fran\u00e7ais<\/em>, pour ch\u0153ur mixte et orgue<em><br>&nbsp;&nbsp;&nbsp;&nbsp;&nbsp;&nbsp;&nbsp;&nbsp;&nbsp;&nbsp;&nbsp;Requiem<\/em> (1893) pour solistes, ch\u0153ur, harpe et orgue<\/p>\n\n\n\n<p class=\"has-large-font-size\">Ce requiem est non seulement la derni\u00e8re messe de requiem du compositeur mais aussi sa derni\u00e8re \u0153uvre.<br>Si la version originale \u00e9crite par Gounod \u00e9tait pour 4 solistes, ch\u0153ur \u00e0 4 voix, orgue et orchestre, il existe 3 autres versions r\u00e9alis\u00e9es par Henri B\u00fcsser sur l\u2019instigation de Gounod, \u00e0 savoir&nbsp;:<br>&nbsp;&nbsp;&nbsp;1&nbsp;: pour ch\u0153ur \u00e0 4 voix, 4 solistes et piano<br>&nbsp;&nbsp;&nbsp;2&nbsp;: pour ch\u0153ur \u00e0 4 voix, 4 solistes et orgue.<br>&nbsp;&nbsp;&nbsp;3&nbsp;: pour 2 voix \u00e9gales et orgue ou grand orgue<\/p>\n\n\n\n<p class=\"has-large-font-size\">Pour ce concert, la configuration comprendra un ch\u0153ur, 4 chanteurs solistes, harpe et orgue.<\/p>\n\n\n\n<p class=\"has-large-font-size\">D\u00e9couvrez Les Temperamens variations sur leur site internet : <a href=\"http:\/\/lestemperamens.free.fr\/\">http:\/\/lestemperamens.free.fr\/<\/a><\/p>\n\n\n\n<p class=\"has-large-font-size\">ainsi que sur cette vid\u00e9o : <\/p>\n\n\n\n<div class=\"wp-block-columns is-layout-flex wp-container-core-columns-is-layout-9d6595d7 wp-block-columns-is-layout-flex\">\n<div class=\"wp-block-column is-layout-flow wp-block-column-is-layout-flow\">\n<figure class=\"wp-block-embed aligncenter is-type-video is-provider-youtube wp-block-embed-youtube wp-embed-aspect-16-9 wp-has-aspect-ratio\"><div class=\"wp-block-embed__wrapper\">\n<iframe loading=\"lazy\" title=\"Une couronne musicale de l&#039;Avent (1\/5) - Pour le 1er dimanche de l&#039;Avent\" width=\"803\" height=\"452\" src=\"https:\/\/www.youtube.com\/embed\/-BvG702aVAE?start=17&#038;feature=oembed\" frameborder=\"0\" allow=\"accelerometer; autoplay; clipboard-write; encrypted-media; gyroscope; picture-in-picture; web-share\" referrerpolicy=\"strict-origin-when-cross-origin\" allowfullscreen><\/iframe>\n<\/div><\/figure>\n<\/div>\n<\/div>\n\n\n\n<p class=\"has-large-font-size\">Voici une vid\u00e9o de pr\u00e9sentation de ce concert :<\/p>\n\n\n\n<figure class=\"wp-block-video\"><video controls src=\"https:\/\/ritmy.fr\/essais\/wp-content\/uploads\/2023\/09\/Teaser-concert-Neauphle-2023.mp4\"><\/video><\/figure>\n\n\n\n<div style=\"height:21px\" aria-hidden=\"true\" class=\"wp-block-spacer\"><\/div>\n\n\n\n<hr class=\"wp-block-separator has-css-opacity is-style-wide\"\/>\n\n\n\n<p class=\"has-black-color has-text-color has-large-font-size\">Il est fortement recommand\u00e9 de <strong>r\u00e9server en ligne<\/strong> en cliquant sur le bouton ci-dessous, ou en appelant le 06-80-31-06-12.<\/p>\n\n\n\n<div class=\"wp-block-buttons is-content-justification-center is-layout-flex wp-container-core-buttons-is-layout-16018d1d wp-block-buttons-is-layout-flex\">\n<div class=\"wp-block-button is-style-fill\"><a class=\"wp-block-button__link has-white-color has-vivid-cyan-blue-background-color has-text-color has-background wp-element-button\" href=\"https:\/\/ritmy.fr\/essais\/reserver\/\">R\u00c9SERVER VOS BILLETS<\/a><\/div>\n<\/div>\n\n\n\n<p><\/p>\n\n\n\n<p class=\"has-black-color has-text-color has-background has-large-font-size\" style=\"background-color:#cceef7\">Afin de fluidifier l&rsquo;accueil du public, l&rsquo;ouverture des portes se fera <strong>\u00e0 partir de 16 h 15.<\/strong><\/p>\n\n\n\n<hr class=\"wp-block-separator has-css-opacity is-style-wide\"\/>\n\n\n\n<div class=\"wp-block-columns is-layout-flex wp-container-core-columns-is-layout-9d6595d7 wp-block-columns-is-layout-flex\">\n<div class=\"wp-block-column is-layout-flow wp-block-column-is-layout-flow\">\n<p> <\/p>\n\n\n\n<div style=\"height:41px\" aria-hidden=\"true\" class=\"wp-block-spacer\"><\/div>\n\n\n\n<p class=\"has-large-font-size\">Pour vous rendre \u00e0 l\u2019\u00e9glise Saint-Nicolas de NEAUPHLE-le-CH\u00c2TEAU :<\/p>\n\n\n\n<p><\/p>\n\n\n\n<p><\/p>\n\n\n\n<p class=\"has-large-font-size\">Pour se garer : Si les parkings du centre sont complets, il y a le parking du Vieux Moulin (fl\u00e9ch\u00e9) \u00e0 5min de l&rsquo;\u00e9glise.<\/p>\n<\/div>\n\n\n\n<div class=\"wp-block-column is-layout-flow wp-block-column-is-layout-flow\">\n<iframe src=\"https:\/\/www.google.com\/maps\/embed?pb=!1m18!1m12!1m3!1d10509.100077975727!2d1.8732415940698801!3d48.81481384833972!2m3!1f0!2f0!3f0!3m2!1i1024!2i768!4f13.1!3m3!1m2!1s0x47e69b3cacb763cd%3A0xbfd82f15d3c44849!2sEglise%20Saint-Nicolas%20de%20Neauphle-le-Chateau!5e0!3m2!1sfr!2sfr!4v1650891915141!5m2!1sfr!2sfr\" style=\"border:0;\" allowfullscreen=\"\" loading=\"lazy\" referrerpolicy=\"no-referrer-when-downgrade\" width=\"600\" height=\"450\"><\/iframe>\n<\/div>\n<\/div>\n\n\n\n<hr class=\"wp-block-separator has-css-opacity is-style-dots\"\/>\n\n\n\n<div class=\"wp-block-media-text is-vertically-aligned-top\" style=\"grid-template-columns:27% auto\"><figure class=\"wp-block-media-text__media\"><img loading=\"lazy\" decoding=\"async\" width=\"173\" height=\"104\" src=\"https:\/\/ritmy.fr\/essais\/wp-content\/uploads\/2022\/04\/SI.png\" alt=\"\" class=\"wp-image-27338 size-full\"\/><\/figure><div class=\"wp-block-media-text__content\">\n<p class=\"has-large-font-size\">Concert organis\u00e9 conjointement par RITMY et le SYNDICAT D\u2019INITIATIVE de Neauphle-le-Ch\u00e2teau.<\/p>\n<\/div><\/div>\n\n\n\n<div class=\"wp-block-media-text is-vertically-aligned-top\" style=\"grid-template-columns:28% auto\"><figure class=\"wp-block-media-text__media\"><img loading=\"lazy\" decoding=\"async\" width=\"1000\" height=\"500\" src=\"https:\/\/ritmy.fr\/essais\/wp-content\/uploads\/2018\/09\/SPEDIDAM-ENCADRE-r\u00e9duit-1000x500.jpg\" alt=\"\" class=\"wp-image-18150 size-full\" srcset=\"https:\/\/ritmy.fr\/essais\/wp-content\/uploads\/2018\/09\/SPEDIDAM-ENCADRE-r\u00e9duit-1000x500.jpg 1000w, https:\/\/ritmy.fr\/essais\/wp-content\/uploads\/2018\/09\/SPEDIDAM-ENCADRE-r\u00e9duit-300x150.jpg 300w, https:\/\/ritmy.fr\/essais\/wp-content\/uploads\/2018\/09\/SPEDIDAM-ENCADRE-r\u00e9duit-768x384.jpg 768w, https:\/\/ritmy.fr\/essais\/wp-content\/uploads\/2018\/09\/SPEDIDAM-ENCADRE-r\u00e9duit.jpg 1100w\" sizes=\"auto, (max-width: 1000px) 100vw, 1000px\" \/><\/figure><div class=\"wp-block-media-text__content\">\n<p class=\"has-large-font-size\">RITMY b\u00e9n\u00e9ficie du soutien de la SPEDIDAM.<\/p>\n<\/div><\/div>\n\n\n\n<div style=\"height:20px\" aria-hidden=\"true\" class=\"wp-block-spacer\"><\/div>\n","protected":false},"excerpt":{"rendered":"<p>le dimanche 19 novembre 2023 \u00e0 17h \u00e0 l&rsquo;\u00e9glise Saint-Nicolas Ch\u0153ur de Chambre, avec orgue Cr\u00e9\u00e9 en 2005 par Thibault Lam Quang, qui en assure depuis la direction musicale et artistique, le Ch\u0153ur de chambre \u00ab&nbsp;Les Temperamens Variations&nbsp;\u00bb rassemble une vingtaine de chanteurs non-professionnels d\u2019un excellent niveau musical et vocal. L\u2019ensemble a donn\u00e9 pr\u00e8s de &hellip; <\/p>\n<p><a class=\"more-link btn\" href=\"https:\/\/ritmy.fr\/essais\/concerts-2\/les-34es-saisons-2\/neauphle\/\">Lire la suite<\/a><\/p>\n","protected":false},"author":5,"featured_media":28202,"parent":28418,"menu_order":2,"comment_status":"closed","ping_status":"closed","template":"","meta":{"footnotes":""},"class_list":["post-28200","page","type-page","status-publish","has-post-thumbnail","hentry","nodate","item-wrap"],"_links":{"self":[{"href":"https:\/\/ritmy.fr\/essais\/wp-json\/wp\/v2\/pages\/28200","targetHints":{"allow":["GET"]}}],"collection":[{"href":"https:\/\/ritmy.fr\/essais\/wp-json\/wp\/v2\/pages"}],"about":[{"href":"https:\/\/ritmy.fr\/essais\/wp-json\/wp\/v2\/types\/page"}],"author":[{"embeddable":true,"href":"https:\/\/ritmy.fr\/essais\/wp-json\/wp\/v2\/users\/5"}],"replies":[{"embeddable":true,"href":"https:\/\/ritmy.fr\/essais\/wp-json\/wp\/v2\/comments?post=28200"}],"version-history":[{"count":29,"href":"https:\/\/ritmy.fr\/essais\/wp-json\/wp\/v2\/pages\/28200\/revisions"}],"predecessor-version":[{"id":29208,"href":"https:\/\/ritmy.fr\/essais\/wp-json\/wp\/v2\/pages\/28200\/revisions\/29208"}],"up":[{"embeddable":true,"href":"https:\/\/ritmy.fr\/essais\/wp-json\/wp\/v2\/pages\/28418"}],"wp:featuredmedia":[{"embeddable":true,"href":"https:\/\/ritmy.fr\/essais\/wp-json\/wp\/v2\/media\/28202"}],"wp:attachment":[{"href":"https:\/\/ritmy.fr\/essais\/wp-json\/wp\/v2\/media?parent=28200"}],"curies":[{"name":"wp","href":"https:\/\/api.w.org\/{rel}","templated":true}]}}