{"id":28185,"date":"2023-04-22T22:24:23","date_gmt":"2023-04-22T21:24:23","guid":{"rendered":"https:\/\/ritmy.fr\/essais\/?page_id=28185"},"modified":"2024-01-05T16:16:15","modified_gmt":"2024-01-05T15:16:15","slug":"mareil","status":"publish","type":"page","link":"https:\/\/ritmy.fr\/essais\/concerts-2\/les-34es-saisons-2\/mareil\/","title":{"rendered":"Vinh PHAM et Pierre LENERT \u00e0 MAREIL\/MAULDRE"},"content":{"rendered":"\n<script language=\"Javascript\">\n<!--\nfunction isMobileDevice() \n{ \nif (\/Mobil\/i.test(navigator.userAgent))\n  {\n  window.open(\"https:\/\/ritmy.fr\/essais\/34-mareil-mobile\/\", \"_top\");\n  }\n}\n\/\/-->\n<\/script>\n<script type=\"text\/javascript\">isMobileDevice()<\/script>\n\n\n\n<p class=\"has-text-align-left has-vivid-cyan-blue-color has-text-color has-larger-font-size\"><strong>le dimanche 15 octobre 2023 \u00e0 17h \u00e0 l\u2019\u00e9glise Saint-Martin<\/strong><\/p>\n\n\n\n<p><\/p>\n\n\n\n<p class=\"has-text-align-center has-larger-font-size\"><strong>Violon et Alto<\/strong><\/p>\n\n\n\n<div class=\"wp-block-group\"><div class=\"wp-block-group__inner-container is-layout-constrained wp-block-group-is-layout-constrained\">\n<p class=\"has-large-font-size\">Chacun sait reconna\u00eetre un violon, un violoncelle ou une contrebasse \u00e0 cordes.<br>Le violon alto plus m\u00e9connu passe souvent inaper\u00e7u dans le quatuor.<br>Nous vous proposons de le d\u00e9couvrir en le mettant en vedette dans un duo avec violon.<br>Deux grands artistes serviront ce projet :<br>&#8211; Vinh PHAM : soliste international disciple de Yehudi MENUHIN et d\u2019 Yvry&nbsp; GITLIS<br>&#8211; Pierre LENERT Alto solo de l\u2019orchestre de l\u2019op\u00e9ra de Paris et soliste, consacr\u00e9 unanimement par la presse.<\/p>\n<\/div><\/div>\n\n\n<div class=\"wp-block-image\">\n<figure class=\"aligncenter size-large\"><img loading=\"lazy\" decoding=\"async\" width=\"1000\" height=\"714\" src=\"https:\/\/ritmy.fr\/essais\/wp-content\/uploads\/2023\/04\/VP-PL-1-1000x714.jpg\" alt=\"\" class=\"wp-image-28187\" srcset=\"https:\/\/ritmy.fr\/essais\/wp-content\/uploads\/2023\/04\/VP-PL-1-1000x714.jpg 1000w, https:\/\/ritmy.fr\/essais\/wp-content\/uploads\/2023\/04\/VP-PL-1-300x214.jpg 300w, https:\/\/ritmy.fr\/essais\/wp-content\/uploads\/2023\/04\/VP-PL-1-768x548.jpg 768w, https:\/\/ritmy.fr\/essais\/wp-content\/uploads\/2023\/04\/VP-PL-1-803x573.jpg 803w, https:\/\/ritmy.fr\/essais\/wp-content\/uploads\/2023\/04\/VP-PL-1.jpg 1390w\" sizes=\"auto, (max-width: 1000px) 100vw, 1000px\" \/><\/figure><\/div>\n\n\n<p><\/p>\n\n\n\n<p class=\"has-large-font-size\"><strong>Vinh PHAM &#8211; Violon<\/strong><\/p>\n\n\n<div class=\"wp-block-image\">\n<figure class=\"aligncenter size-large\"><img loading=\"lazy\" decoding=\"async\" width=\"1000\" height=\"667\" src=\"https:\/\/ritmy.fr\/essais\/wp-content\/uploads\/2023\/04\/Photo-Vinh-1-1000x667.jpg\" alt=\"\" class=\"wp-image-28191\" srcset=\"https:\/\/ritmy.fr\/essais\/wp-content\/uploads\/2023\/04\/Photo-Vinh-1-1000x667.jpg 1000w, https:\/\/ritmy.fr\/essais\/wp-content\/uploads\/2023\/04\/Photo-Vinh-1-300x200.jpg 300w, https:\/\/ritmy.fr\/essais\/wp-content\/uploads\/2023\/04\/Photo-Vinh-1-768x513.jpg 768w, https:\/\/ritmy.fr\/essais\/wp-content\/uploads\/2023\/04\/Photo-Vinh-1-1536x1025.jpg 1536w\" sizes=\"auto, (max-width: 1000px) 100vw, 1000px\" \/><\/figure><\/div>\n\n\n<p class=\"has-large-font-size\">N\u00e9 \u00e0 Paris le 12 f\u00e9vrier 1968, d&rsquo;origine vietnamienne et d\u2019une famille artiste, Vinh PHAM d\u00e9bute le violon \u00e0 7 ans avec Fran\u00e7oise Chouteau et Georges Tessier, donne son premier concert en soliste \u00e0 13 ans puis devient le plus jeune Laur\u00e9at-Finaliste jamais r\u00e9compens\u00e9 aux Concours Internationaux \u00ab&nbsp;TIBOR VARGA&nbsp;\u00bb et \u00ab&nbsp;G.B.VIOTTI&nbsp;\u00bb.<br>Dipl\u00f4m\u00e9 de l&rsquo;IMMA-Gstaad, il a \u00e9tudi\u00e9 et jou\u00e9 dans toute l\u2019Europe avec Yehudi Menuhin, Alberto Lysy, et surtout avec Ivry Gitlis. Il re\u00e7oit \u00e9galement les conseils de Zino Francescatti, Aur\u00e9lio Perez, Anne-Marie Morin et Nathan Milstein.<br>Aupr\u00e8s d\u2019Ivry Gitlis, idole de son enfance, il participe au film-r\u00e9f\u00e9rence de Claude Edelmann \u00ab&nbsp;Un violon dans la t\u00eate&nbsp;\u00bb (1992).<\/p>\n\n\n\n<p class=\"has-large-font-size\">Musicien complet et curieux de toutes les musiques, Vinh PHAM se produit et enseigne dans le monde entier.<br>En 2016, pour la premi\u00e8re fois, il est invit\u00e9 \u00e0 jouer en soliste et \u00e0 donner des master class au Vi\u00eatnam, pays natal de ses parents ; il y retourne r\u00e9guli\u00e8rement depuis, invit\u00e9 par l\u2019Orchestre Symphonique des Ballets et Op\u00e9ra de H\u00f4 Chi Minh Ville (Saigon), le HBSO, ou par le Conservatoire de TPHCM.<br>\u00ab Violoniste hors pair dou\u00e9 d\u2019un Charme, qualit\u00e9 qui fait trop souvent d\u00e9faut de nos jours&nbsp;\u00bb selon Ivry Gitlis, Vinh PHAM a enthousiasm\u00e9 le monde musical par l&rsquo;\u00e9l\u00e9gance naturelle, la chaleur communicative, la facilit\u00e9 et l&rsquo;intelligence de son jeu. <\/p>\n\n\n\n<p><\/p>\n\n\n\n<p class=\"has-large-font-size\"><strong>Pierre LENERT &#8211; Alto<\/strong><\/p>\n\n\n<div class=\"wp-block-image\">\n<figure class=\"aligncenter size-large\"><img loading=\"lazy\" decoding=\"async\" width=\"1000\" height=\"667\" src=\"https:\/\/ritmy.fr\/essais\/wp-content\/uploads\/2023\/04\/pierre_lernet-1000x667.jpg\" alt=\"\" class=\"wp-image-28189\" srcset=\"https:\/\/ritmy.fr\/essais\/wp-content\/uploads\/2023\/04\/pierre_lernet-1000x667.jpg 1000w, https:\/\/ritmy.fr\/essais\/wp-content\/uploads\/2023\/04\/pierre_lernet-300x200.jpg 300w, https:\/\/ritmy.fr\/essais\/wp-content\/uploads\/2023\/04\/pierre_lernet-768x512.jpg 768w, https:\/\/ritmy.fr\/essais\/wp-content\/uploads\/2023\/04\/pierre_lernet-1536x1024.jpg 1536w, https:\/\/ritmy.fr\/essais\/wp-content\/uploads\/2023\/04\/pierre_lernet-2048x1365.jpg 2048w, https:\/\/ritmy.fr\/essais\/wp-content\/uploads\/2023\/04\/pierre_lernet-803x535.jpg 803w\" sizes=\"auto, (max-width: 1000px) 100vw, 1000px\" \/><figcaption class=\"wp-element-caption\">Pierre Lenert. Juin 2016. Photo Caroline Doutre<\/figcaption><\/figure><\/div>\n\n\n<p class=\"has-large-font-size\">Premier Alto Solo de l&rsquo;Orchestre de l&rsquo;Op\u00e9ra National de Paris, Pierre Lenert est \u00e9galement<strong> <\/strong>Laur\u00e9at des Concours Internationaux de Markneukirchen, Lionel Tertis, Maurice Vieux et du<strong> <\/strong>Festival d\u2019Automne des Jeunes Interpr\u00e8tes.<br>Pierre Lenert est le seul altiste en Europe \u00e0 avoir relev\u00e9 le d\u00e9fi d&rsquo;enregistrer les 24 Caprices de Niccolo Paganini \u00e0 l&rsquo;alto depuis l&rsquo;int\u00e9grale interpr\u00e9t\u00e9e par Emmanuel Vardi en 1965 chez Epic.<br>Il est \u00e9galement Professeur \u00e0 l&rsquo;Ecole Normale de Musique de Paris.<\/p>\n\n\n\n<p class=\"has-large-font-size\">Soliste et chambriste recherch\u00e9, il est l\u2019invit\u00e9 de nombreux festivals internationaux : aux BBC Proms, aux \u00ab&nbsp;Schubertiades&nbsp;\u00bb, \u00e0 Khumo, \u00e0 Gubio et au Festival de Marlboro, parmi tant d\u2019autres.<br>Sa discographie comporte l\u2019int\u00e9grale de l\u2019\u0153uvre pour alto et piano de Henry Vieuxtemps, ainsi que plusieurs disques r\u00e9cital consacr\u00e9s \u00e0 la musique de Carl Reinecke, Niccolo Paganini, F\u00e9lix Mendelssohn, Georges Enesco, Jean Fran\u00e7aix et Darius Milhaud.<\/p>\n\n\n\n<p class=\"has-large-font-size\">Pierre Lenert est Directeur Artistique du Festival International de Musique de Chambre \u00ab&nbsp;SERENADE&nbsp;\u00bb ainsi que du Festival \u00ab LE GO\u00dbT DE LA MUSIQUE \u00bb.<br>En dirigeant la Collection Alto des \u00c9ditions Musicales Artchipel, ainsi que la Collection Alto Musicale Livma Music \u00c9ditions, Pierre L\u00e9nert entreprend d\u2019enrichir le r\u00e9pertoire de son instrument avec des \u0153uvres \u00e0 d\u00e9couvrir ou \u00e0 red\u00e9couvrir, \u00e9crites ou transcrites pour l\u2019alto.<\/p>\n\n\n\n<p class=\"has-large-font-size\">Pierre Lenert joue l&rsquo;alto de Jean-Baptiste Vuillaume de 1865, \u00ab Comte Cheremetiev \u00bb.<\/p>\n\n\n\n<p class=\"has-background has-large-font-size\" style=\"background-color:#cceef7;line-height:1.5\"><strong>Vinh PHAM et Pierre LENERT nous interpr\u00e8teront <\/strong>(sous r\u00e9serve de modification) :<br>&nbsp;  &nbsp;<em>&#8211;&nbsp;W.A. Mozart: Duo n\u00b01 en Sol majeur K.423 pour violon et alto<br>&nbsp;&nbsp;&nbsp;&#8211;&nbsp;G.F. Haendel \/J. Halvorsen : \u00ab\u00a0Passacaille\u00a0\u00bb&nbsp; pour violon et alto&nbsp;<br>&nbsp;&nbsp;&nbsp;&#8211;&nbsp;J.S. Bach : extrait pour alto seul&nbsp;<br>&nbsp;&nbsp;&nbsp;&#8211;&nbsp;E. Ysaye: 3e sonate \u00a0\u00bb Ballade\u00a0\u00bb pour violon seul , d\u00e9di\u00e9 \u00e0 Georges Enesco&nbsp;<br>&nbsp;&nbsp;&nbsp;&#8211;&nbsp;Paganini: Caprice n\u00b09 \u00a0\u00bb La Chasse\u00a0\u00bb pour violon seul.<br>&nbsp;&nbsp;&nbsp;&#8211;&nbsp;R.Fuchs : Duos Op. 60 pour violon et alto&nbsp;<\/em><\/p>\n\n\n\n<p><\/p>\n\n\n\n<p class=\"has-large-font-size\">D\u00e9couvrez-les sur leurs sites internet :<br><a href=\"https:\/\/www.ailack.fr\/\"><\/a> Vinh Pham&nbsp;: <a href=\"https:\/\/www.facebook.com\/VinhPhamParis\/\" target=\"_blank\" rel=\"noreferrer noopener\">https:\/\/www.facebook.com\/VinhPhamParis\/<\/a><br>Pierre Lenert&nbsp;: <a href=\"https:\/\/www.pierrelenert.net\/\">https:\/\/www.pierrelenert.net\/<\/a><\/p>\n\n\n\n<p class=\"has-large-font-size\">ainsi que sur ces vid\u00e9os :<\/p>\n\n\n\n<div class=\"wp-block-columns is-layout-flex wp-container-core-columns-is-layout-9d6595d7 wp-block-columns-is-layout-flex\">\n<div class=\"wp-block-column is-vertically-aligned-center is-layout-flow wp-block-column-is-layout-flow\">\n<figure class=\"wp-block-embed is-type-video is-provider-youtube wp-block-embed-youtube wp-embed-aspect-4-3 wp-has-aspect-ratio\"><div class=\"wp-block-embed__wrapper\">\n<iframe loading=\"lazy\" title=\"Franck: Finale de la Sonate pour violon et piano. Vinh Pham violon, Antoine Bouvy piano\" width=\"803\" height=\"602\" src=\"https:\/\/www.youtube.com\/embed\/8ilCX7gUSvA?feature=oembed\" frameborder=\"0\" allow=\"accelerometer; autoplay; clipboard-write; encrypted-media; gyroscope; picture-in-picture; web-share\" allowfullscreen><\/iframe>\n<\/div><figcaption class=\"wp-element-caption\">C\u00e9sar Franck: Finale de la Sonate pour violon et piano<\/figcaption><\/figure>\n<\/div>\n\n\n\n<div class=\"wp-block-column is-vertically-aligned-center is-layout-flow wp-block-column-is-layout-flow\">\n<figure class=\"wp-block-embed is-type-video is-provider-youtube wp-block-embed-youtube wp-embed-aspect-16-9 wp-has-aspect-ratio\"><div class=\"wp-block-embed__wrapper\">\n<iframe loading=\"lazy\" title=\"Paganini&#039;s Caprices for viola by Pierre Lenert - Interview\" width=\"803\" height=\"452\" src=\"https:\/\/www.youtube.com\/embed\/lzVVwXt1aRY?feature=oembed\" frameborder=\"0\" allow=\"accelerometer; autoplay; clipboard-write; encrypted-media; gyroscope; picture-in-picture; web-share\" allowfullscreen><\/iframe>\n<\/div><figcaption class=\"wp-element-caption\">Pierre Lenert&nbsp;: A propos des caprices de Paganini&nbsp;<\/figcaption><\/figure>\n<\/div>\n<\/div>\n\n\n\n<hr class=\"wp-block-separator has-alpha-channel-opacity is-style-wide\"\/>\n\n\n\n<p class=\"has-large-font-size\">Il est fortement recommand\u00e9 de <strong>r\u00e9server en ligne<\/strong> en cliquant sur le bouton ci-dessous, ou en appelant le 01-30-90-75-00.<\/p>\n\n\n\n<div class=\"wp-block-buttons is-content-justification-center is-layout-flex wp-container-core-buttons-is-layout-16018d1d wp-block-buttons-is-layout-flex\">\n<div class=\"wp-block-button has-custom-font-size is-style-fill has-large-font-size\"><a class=\"wp-block-button__link has-white-color has-vivid-cyan-blue-background-color has-text-color has-background wp-element-button\" href=\"https:\/\/ritmy.fr\/essais\/reserver\/\">R\u00c9SERVER VOS BILLETS<\/a><\/div>\n<\/div>\n\n\n\n<p><\/p>\n\n\n\n<p class=\"has-black-color has-text-color has-background has-large-font-size\" style=\"background-color:#cceef7\">Afin de fluidifier l&rsquo;accueil du public, l&rsquo;ouverture des portes se fera <strong>\u00e0 partir de 16 h 15.<\/strong><\/p>\n\n\n\n<hr class=\"wp-block-separator has-css-opacity is-style-wide\"\/>\n\n\n\n<div class=\"wp-block-columns is-layout-flex wp-container-core-columns-is-layout-9d6595d7 wp-block-columns-is-layout-flex\">\n<div class=\"wp-block-column is-layout-flow wp-block-column-is-layout-flow\">\n<p> <\/p>\n\n\n\n<div style=\"height:41px\" aria-hidden=\"true\" class=\"wp-block-spacer\"><\/div>\n\n\n\n<p class=\"has-large-font-size\">Pour vous rendre \u00e0 l\u2019\u00c9glise Saint-Martin de Mareil-sur-Mauldre. <\/p>\n<\/div>\n\n\n\n<div class=\"wp-block-column is-layout-flow wp-block-column-is-layout-flow\">\n<iframe src=\"https:\/\/www.google.com\/maps\/embed?pb=!1m18!1m12!1m3!1d2623.1556085451016!2d1.8622864886800683!3d48.893371532659735!2m3!1f0!2f0!3f0!3m2!1i1024!2i768!4f13.1!3m3!1m2!1s0x47e691876167d15b%3A0x54552a769641cdbc!2sEglise%20Saint-Martin!5e0!3m2!1sfr!2sfr!4v1650817445243!5m2!1sfr!2sfr\" style=\"border:0;\" allowfullscreen=\"\" loading=\"lazy\" referrerpolicy=\"no-referrer-when-downgrade\" width=\"600\" height=\"450\"><\/iframe>\n<\/div>\n<\/div>\n\n\n\n<hr class=\"wp-block-separator has-css-opacity is-style-dots\"\/>\n\n\n\n<div class=\"wp-block-media-text is-vertically-aligned-top\" style=\"grid-template-columns:27% auto\"><figure class=\"wp-block-media-text__media\"><img loading=\"lazy\" decoding=\"async\" width=\"469\" height=\"215\" src=\"https:\/\/ritmy.fr\/essais\/wp-content\/uploads\/2022\/04\/Mareil.png\" alt=\"\" class=\"wp-image-27311 size-full\" srcset=\"https:\/\/ritmy.fr\/essais\/wp-content\/uploads\/2022\/04\/Mareil.png 469w, https:\/\/ritmy.fr\/essais\/wp-content\/uploads\/2022\/04\/Mareil-300x138.png 300w\" sizes=\"auto, (max-width: 469px) 100vw, 469px\" \/><\/figure><div class=\"wp-block-media-text__content\">\n<p class=\"has-large-font-size\">Concert organis\u00e9 conjointement par RITMY et l&rsquo;association Mareil Musique<\/p>\n<\/div><\/div>\n\n\n\n<div class=\"wp-block-media-text is-vertically-aligned-top\" style=\"grid-template-columns:28% auto\"><figure class=\"wp-block-media-text__media\"><img loading=\"lazy\" decoding=\"async\" width=\"1000\" height=\"500\" src=\"https:\/\/ritmy.fr\/essais\/wp-content\/uploads\/2018\/09\/SPEDIDAM-ENCADRE-r\u00e9duit-1000x500.jpg\" alt=\"\" class=\"wp-image-18150 size-full\" srcset=\"https:\/\/ritmy.fr\/essais\/wp-content\/uploads\/2018\/09\/SPEDIDAM-ENCADRE-r\u00e9duit-1000x500.jpg 1000w, https:\/\/ritmy.fr\/essais\/wp-content\/uploads\/2018\/09\/SPEDIDAM-ENCADRE-r\u00e9duit-300x150.jpg 300w, https:\/\/ritmy.fr\/essais\/wp-content\/uploads\/2018\/09\/SPEDIDAM-ENCADRE-r\u00e9duit-768x384.jpg 768w, https:\/\/ritmy.fr\/essais\/wp-content\/uploads\/2018\/09\/SPEDIDAM-ENCADRE-r\u00e9duit.jpg 1100w\" sizes=\"auto, (max-width: 1000px) 100vw, 1000px\" \/><\/figure><div class=\"wp-block-media-text__content\">\n<p class=\"has-large-font-size\">RITMY b\u00e9n\u00e9ficie du soutien de la SPEDIDAM.<\/p>\n<\/div><\/div>\n\n\n\n<div style=\"height:20px\" aria-hidden=\"true\" class=\"wp-block-spacer\"><\/div>\n\n\n\n<p><\/p>\n","protected":false},"excerpt":{"rendered":"<p>le dimanche 15 octobre 2023 \u00e0 17h \u00e0 l\u2019\u00e9glise Saint-Martin Violon et Alto Chacun sait reconna\u00eetre un violon, un violoncelle ou une contrebasse \u00e0 cordes.Le violon alto plus m\u00e9connu passe souvent inaper\u00e7u dans le quatuor.Nous vous proposons de le d\u00e9couvrir en le mettant en vedette dans un duo avec violon.Deux grands artistes serviront ce projet &hellip; <\/p>\n<p><a class=\"more-link btn\" href=\"https:\/\/ritmy.fr\/essais\/concerts-2\/les-34es-saisons-2\/mareil\/\">Lire la suite<\/a><\/p>\n","protected":false},"author":5,"featured_media":28187,"parent":28418,"menu_order":1,"comment_status":"closed","ping_status":"closed","template":"","meta":{"footnotes":""},"class_list":["post-28185","page","type-page","status-publish","has-post-thumbnail","hentry","nodate","item-wrap"],"_links":{"self":[{"href":"https:\/\/ritmy.fr\/essais\/wp-json\/wp\/v2\/pages\/28185","targetHints":{"allow":["GET"]}}],"collection":[{"href":"https:\/\/ritmy.fr\/essais\/wp-json\/wp\/v2\/pages"}],"about":[{"href":"https:\/\/ritmy.fr\/essais\/wp-json\/wp\/v2\/types\/page"}],"author":[{"embeddable":true,"href":"https:\/\/ritmy.fr\/essais\/wp-json\/wp\/v2\/users\/5"}],"replies":[{"embeddable":true,"href":"https:\/\/ritmy.fr\/essais\/wp-json\/wp\/v2\/comments?post=28185"}],"version-history":[{"count":22,"href":"https:\/\/ritmy.fr\/essais\/wp-json\/wp\/v2\/pages\/28185\/revisions"}],"predecessor-version":[{"id":29000,"href":"https:\/\/ritmy.fr\/essais\/wp-json\/wp\/v2\/pages\/28185\/revisions\/29000"}],"up":[{"embeddable":true,"href":"https:\/\/ritmy.fr\/essais\/wp-json\/wp\/v2\/pages\/28418"}],"wp:featuredmedia":[{"embeddable":true,"href":"https:\/\/ritmy.fr\/essais\/wp-json\/wp\/v2\/media\/28187"}],"wp:attachment":[{"href":"https:\/\/ritmy.fr\/essais\/wp-json\/wp\/v2\/media?parent=28185"}],"curies":[{"name":"wp","href":"https:\/\/api.w.org\/{rel}","templated":true}]}}