{"id":28062,"date":"2023-04-18T18:56:00","date_gmt":"2023-04-18T17:56:00","guid":{"rendered":"https:\/\/ritmy.fr\/essais\/?page_id=28062"},"modified":"2024-01-05T15:59:21","modified_gmt":"2024-01-05T14:59:21","slug":"mere","status":"publish","type":"page","link":"https:\/\/ritmy.fr\/essais\/concerts-2\/les-34es-saisons-2\/mere\/","title":{"rendered":"Roman BORISOV \u00e0 M\u00c9R\u00c9"},"content":{"rendered":"\n<script language=\"Javascript\">\n<!--\nfunction isMobileDevice() \n{ \nif (\/Mobil\/i.test(navigator.userAgent))\n  {\n  window.open(\"https:\/\/ritmy.fr\/essais\/34-mere-mobile\/\", \"_top\");\n  }\n}\n\/\/-->\n<\/script>\n<script type=\"text\/javascript\">isMobileDevice()<\/script>\n\n\n\n<p class=\"has-vivid-cyan-blue-color has-text-color has-larger-font-size\" id=\"block-5f413d3c-53c6-4e5f-9b95-908b94199e2d\"><strong>le dimanche 21 janvier 2024 \u00e0 17h \u00e0 l&rsquo;\u00e9glise Saint-Nicolas<\/strong><\/p>\n\n\n\n<p class=\"has-text-align-center has-larger-font-size\" id=\"block-39dd8b91-433d-401c-bb12-efa86ad47cce\"><strong><em>R\u00e9cital de piano<\/em><\/strong><\/p>\n\n\n\n<p class=\"has-large-font-size\" id=\"block-9e4e3e02-b34f-434c-b8c1-647376252ce7\">Roman Borisov a remport\u00e9 le 9 octobre 2022 le premier prix du Kissinger KlavierOlymp en \u00e9tant le plus jeune participant du concours.<\/p>\n\n\n\n<p class=\"has-large-font-size\">Le jury a d\u00e9clar\u00e9 : \u00ab [&#8230;] avec ses interpr\u00e9tations hautement musicales, intuitives et en m\u00eame temps conscientes de la structure des \u0153uvres de Liebermann, Beethoven, Rachmaninoff, Brahms et Prokofiev, il a fait preuve d&rsquo;une volont\u00e9 cr\u00e9atrice inconditionnelle et a s\u00e9duit par sa pr\u00e9sence sc\u00e9nique naturelle et coh\u00e9rente \u00bb.<\/p>\n\n\n<div class=\"wp-block-image\">\n<figure class=\"aligncenter size-large\" id=\"block-094aee89-1dfc-4bce-b751-a8e59065be75\"><img loading=\"lazy\" decoding=\"async\" width=\"1000\" height=\"667\" src=\"https:\/\/ritmy.fr\/essais\/wp-content\/uploads\/2023\/03\/RomanBorisov-1-1000x667.jpg\" alt=\"\" class=\"wp-image-28064\" srcset=\"https:\/\/ritmy.fr\/essais\/wp-content\/uploads\/2023\/03\/RomanBorisov-1-1000x667.jpg 1000w, https:\/\/ritmy.fr\/essais\/wp-content\/uploads\/2023\/03\/RomanBorisov-1-300x200.jpg 300w, https:\/\/ritmy.fr\/essais\/wp-content\/uploads\/2023\/03\/RomanBorisov-1-768x512.jpg 768w, https:\/\/ritmy.fr\/essais\/wp-content\/uploads\/2023\/03\/RomanBorisov-1-1536x1025.jpg 1536w, https:\/\/ritmy.fr\/essais\/wp-content\/uploads\/2023\/03\/RomanBorisov-1-2048x1366.jpg 2048w, https:\/\/ritmy.fr\/essais\/wp-content\/uploads\/2023\/03\/RomanBorisov-1-803x536.jpg 803w\" sizes=\"auto, (max-width: 1000px) 100vw, 1000px\" \/><\/figure><\/div>\n\n\n<p class=\"has-large-font-size\">C&rsquo;est gr\u00e2ce \u00e0 une enseignante de maternelle sensible et form\u00e9e \u00e0 la musique que Roman Borisov a \u00e9t\u00e9 pr\u00e9sent\u00e9 d\u00e8s l&rsquo;\u00e2ge de quatre ans \u00e0 Mary Lebenzon, professeur de piano l\u00e9gendaire au conservatoire de Novossibirsk, qui l&rsquo;a accompagn\u00e9 jusqu&rsquo;en 2020.<\/p>\n\n\n\n<p class=\"has-large-font-size\">D\u00e8s ses premiers concours pour enfants, il s&rsquo;est fait remarquer, devenant notamment boursier de la Fondation Spivakov.<\/p>\n\n\n\n<p class=\"has-large-font-size\">Apr\u00e8s avoir remport\u00e9 le premier prix du Concours Krainev pour la jeunesse 2019 et donn\u00e9 plusieurs concerts au cours de la saison 2019-20, notamment \u00e0 Hambourg, Berlin, au Festival de piano de la Ruhr et au Festival de Gstaad, il a d\u00e9cid\u00e9 de venir \u00e0 Berlin apr\u00e8s son baccalaur\u00e9at. En janvier 2022, il a pass\u00e9 l&rsquo;examen d&rsquo;entr\u00e9e \u00e0 la Hochschule Hanns Eisler et a \u00e9t\u00e9 admis dans la classe du professeur Eldar Nebolsin.<\/p>\n\n\n\n<div class=\"wp-block-media-text has-media-on-the-right is-stacked-on-mobile is-image-fill\" style=\"grid-template-columns:auto 33%\"><div class=\"wp-block-media-text__content\">\n<p class=\"has-large-font-size\">Apr\u00e8s son concert \u00e0 Zurich, la fondation Orpheum l&rsquo;a invit\u00e9 \u00e0 enregistrer les concertos pour piano de Mozart KV 413 et KV 415 avec l&rsquo;Orchestre symphonique de l&rsquo;ORF sous la direction de Howard Griffith en septembre 2022, dans le cadre d&rsquo;un enregistrement int\u00e9gral des concertos pour piano de Mozart pour le label Alpha.<br>Son r\u00e9pertoire actuel de r\u00e9citals comprend des \u0153uvres de Rachmaninoff, Tcha\u00efkovski, Prokofiev, Brahms, Chopin, Beethoven. Il est un ancien \u00e9l\u00e8ve de l&rsquo;Acad\u00e9mie du Verbier Festival (2019), o\u00f9 il a remport\u00e9 le Tabor Foundation Award en tant que meilleur dipl\u00f4m\u00e9 de la section piano. \u00c0 l\u2019acad\u00e9mie il b\u00e9n\u00e9ficie des conseils et de l\u2019impulsion de Sir Andr\u00e1s Schiff, Klaus Hellwig, Jean-Efflam Bavouzet, Joaqu\u00edn Ach\u00facarro et Sergei Babayan. Son interpr\u00e9tation d&rsquo;\u0153uvres de Rachmaninoff au Festival de piano de la Ruhr (2021) a \u00e9t\u00e9 incluse dans leur publication annuelle de CD.<\/p>\n<\/div><figure class=\"wp-block-media-text__media\" style=\"background-image:url(https:\/\/ritmy.fr\/essais\/wp-content\/uploads\/2023\/03\/RomanBorisov-2-800x1000.jpg);background-position:69% 44%\"><img loading=\"lazy\" decoding=\"async\" width=\"800\" height=\"1000\" src=\"https:\/\/ritmy.fr\/essais\/wp-content\/uploads\/2023\/03\/RomanBorisov-2-800x1000.jpg\" alt=\"\" class=\"wp-image-28065 size-full\" srcset=\"https:\/\/ritmy.fr\/essais\/wp-content\/uploads\/2023\/03\/RomanBorisov-2-800x1000.jpg 800w, https:\/\/ritmy.fr\/essais\/wp-content\/uploads\/2023\/03\/RomanBorisov-2-240x300.jpg 240w, https:\/\/ritmy.fr\/essais\/wp-content\/uploads\/2023\/03\/RomanBorisov-2-768x960.jpg 768w, https:\/\/ritmy.fr\/essais\/wp-content\/uploads\/2023\/03\/RomanBorisov-2-803x1004.jpg 803w, https:\/\/ritmy.fr\/essais\/wp-content\/uploads\/2023\/03\/RomanBorisov-2.jpg 1101w\" sizes=\"auto, (max-width: 800px) 100vw, 800px\" \/><\/figure><\/div>\n\n\n<div class=\"wp-block-image\">\n<figure class=\"aligncenter size-large\"><img loading=\"lazy\" decoding=\"async\" width=\"1000\" height=\"667\" src=\"https:\/\/ritmy.fr\/essais\/wp-content\/uploads\/2023\/03\/RomanBorisov-3-1000x667.jpg\" alt=\"\" class=\"wp-image-28067\" srcset=\"https:\/\/ritmy.fr\/essais\/wp-content\/uploads\/2023\/03\/RomanBorisov-3-1000x667.jpg 1000w, https:\/\/ritmy.fr\/essais\/wp-content\/uploads\/2023\/03\/RomanBorisov-3-300x200.jpg 300w, https:\/\/ritmy.fr\/essais\/wp-content\/uploads\/2023\/03\/RomanBorisov-3-768x512.jpg 768w, https:\/\/ritmy.fr\/essais\/wp-content\/uploads\/2023\/03\/RomanBorisov-3-1536x1025.jpg 1536w, https:\/\/ritmy.fr\/essais\/wp-content\/uploads\/2023\/03\/RomanBorisov-3-2048x1366.jpg 2048w, https:\/\/ritmy.fr\/essais\/wp-content\/uploads\/2023\/03\/RomanBorisov-3-803x536.jpg 803w\" sizes=\"auto, (max-width: 1000px) 100vw, 1000px\" \/><\/figure><\/div>\n\n\n<p class=\"has-vivid-cyan-blue-color has-text-color has-large-font-size\" style=\"text-decoration:underline\"><strong>Au programme&nbsp;:<\/strong><\/p>\n\n\n\n<p class=\"has-large-font-size\" style=\"line-height:1.6\"><strong>Godowsky<\/strong> : Renaissance \u2013 s\u00e9lection (25 min)<strong><br>Rachmaninov<\/strong> : Variations sur un th\u00e8me de Corelli op.42<strong><br>Brahms<\/strong> : Quatre pi\u00e8ces pour piano op.119<strong><br>Prokofiev<\/strong> : Sonate pour piano n\u00b07 en si b\u00e9mol majeur op.83<\/p>\n\n\n\n<p class=\"has-large-font-size\"><\/p>\n\n\n\n<p class=\"has-large-font-size\">D\u00e9couvrez Roman Borisov sur son <a href=\"https:\/\/www.impresariat-simmenauer.de\/fr\/kuenstler\/roman-borisov\/\" target=\"_blank\" rel=\"noreferrer noopener\">site internet<\/a><\/p>\n\n\n\n<p class=\"has-large-font-size\">ainsi que sur ces vid\u00e9os :<\/p>\n\n\n\n<div class=\"wp-block-columns is-layout-flex wp-container-core-columns-is-layout-9d6595d7 wp-block-columns-is-layout-flex\">\n<div class=\"wp-block-column is-layout-flow wp-block-column-is-layout-flow\">\n<figure class=\"wp-block-embed aligncenter is-type-video is-provider-youtube wp-block-embed-youtube wp-embed-aspect-16-9 wp-has-aspect-ratio\"><div class=\"wp-block-embed__wrapper\">\n<iframe loading=\"lazy\" title=\"Roman Borisov (Piano) plays Sergei Rachmaninow Pr\u00e9lude in G minor, Op. 23 , No. 5\" width=\"803\" height=\"452\" src=\"https:\/\/www.youtube.com\/embed\/aXcNhnNHo8Q?feature=oembed\" frameborder=\"0\" allow=\"accelerometer; autoplay; clipboard-write; encrypted-media; gyroscope; picture-in-picture; web-share\" allowfullscreen><\/iframe>\n<\/div><figcaption class=\"wp-element-caption\">Pr\u00e9lude n\u00b05 de Rachmaninov&nbsp;<\/figcaption><\/figure>\n<\/div>\n\n\n\n<div class=\"wp-block-column is-layout-flow wp-block-column-is-layout-flow\">\n<figure class=\"wp-block-embed aligncenter is-type-video is-provider-youtube wp-block-embed-youtube wp-embed-aspect-16-9 wp-has-aspect-ratio\"><div class=\"wp-block-embed__wrapper\">\n<iframe loading=\"lazy\" title=\"Prokofiev - Sonata 7. Mov.III Precipitato. Roman Borisov\" width=\"803\" height=\"452\" src=\"https:\/\/www.youtube.com\/embed\/6iAvUP28N9s?feature=oembed\" frameborder=\"0\" allow=\"accelerometer; autoplay; clipboard-write; encrypted-media; gyroscope; picture-in-picture; web-share\" allowfullscreen><\/iframe>\n<\/div><figcaption class=\"wp-element-caption\">Il y a 2 ans&nbsp;: extrait de la sonate n\u00b07 de Prokofiev<\/figcaption><\/figure>\n<\/div>\n<\/div>\n\n\n\n<hr class=\"wp-block-separator has-alpha-channel-opacity\"\/>\n\n\n\n<p class=\"has-large-font-size\">Il est fortement recommand\u00e9 de <strong>r\u00e9server en ligne<\/strong> en cliquant sur le bouton ci-dessous, ou en appelant le 06-60-42-19-43.<\/p>\n\n\n\n<div class=\"wp-block-buttons is-content-justification-center is-layout-flex wp-container-core-buttons-is-layout-16018d1d wp-block-buttons-is-layout-flex\">\n<div class=\"wp-block-button is-style-fill\"><a class=\"wp-block-button__link has-white-color has-vivid-cyan-blue-background-color has-text-color has-background wp-element-button\" href=\"https:\/\/ritmy.fr\/essais\/reserver\/\">R\u00c9SERVER VOS BILLETS<\/a><\/div>\n<\/div>\n\n\n\n<p><\/p>\n\n\n\n<p class=\"has-background has-large-font-size\" style=\"background-color:#cceef7\">Afin de fluidifier l&rsquo;accueil du public, l&rsquo;ouverture des portes se fera <strong>\u00e0 partir de 16 h 15.<\/strong><\/p>\n\n\n\n<hr class=\"wp-block-separator has-alpha-channel-opacity\" id=\"block-369b94bd-8c00-4ebb-9a9a-f8bf9534001f\"\/>\n\n\n\n<div class=\"wp-block-columns is-layout-flex wp-container-core-columns-is-layout-9d6595d7 wp-block-columns-is-layout-flex\">\n<div class=\"wp-block-column is-layout-flow wp-block-column-is-layout-flow\">\n<p> <\/p>\n\n\n\n<div style=\"height:41px\" aria-hidden=\"true\" class=\"wp-block-spacer\"><\/div>\n\n\n\n<p class=\"has-large-font-size\">Pour vous rendre \u00e0 l&rsquo;\u00e9glise Saint-Denis de M\u00e9r\u00e9 :<\/p>\n<\/div>\n\n\n\n<div class=\"wp-block-column is-layout-flow wp-block-column-is-layout-flow\">\n<iframe src=\"https:\/\/www.google.com\/maps\/embed?pb=!1m18!1m12!1m3!1d3156.291134090871!2d1.8181665225308112!3d48.787899603288636!2m3!1f0!2f0!3f0!3m2!1i1024!2i768!4f13.1!3m3!1m2!1s0x47e699539a67fc5b%3A0x9eb5f97c1ec54ad0!2sEglise%20Saint%20Denis!5e0!3m2!1sfr!2sfr!4v1650898254699!5m2!1sfr!2sfr\" style=\"border:0;\" allowfullscreen=\"\" loading=\"lazy\" referrerpolicy=\"no-referrer-when-downgrade\" width=\"600\" height=\"450\"><\/iframe>\n<\/div>\n<\/div>\n\n\n\n<hr class=\"wp-block-separator has-css-opacity is-style-dots\"\/>\n\n\n\n<div class=\"wp-block-media-text is-vertically-aligned-top\" style=\"grid-template-columns:27% auto\"><figure class=\"wp-block-media-text__media\"><img loading=\"lazy\" decoding=\"async\" width=\"599\" height=\"308\" src=\"https:\/\/ritmy.fr\/essais\/wp-content\/uploads\/2022\/04\/ASCL.png\" alt=\"\" class=\"wp-image-27365 size-full\" srcset=\"https:\/\/ritmy.fr\/essais\/wp-content\/uploads\/2022\/04\/ASCL.png 599w, https:\/\/ritmy.fr\/essais\/wp-content\/uploads\/2022\/04\/ASCL-300x154.png 300w\" sizes=\"auto, (max-width: 599px) 100vw, 599px\" \/><\/figure><div class=\"wp-block-media-text__content\">\n<p class=\"has-large-font-size\">Concert organis\u00e9 conjointement par RITMY et l\u2019ASCL de M\u00c9R\u00c9<\/p>\n<\/div><\/div>\n\n\n\n<div class=\"wp-block-media-text is-vertically-aligned-top\" style=\"grid-template-columns:28% auto\"><figure class=\"wp-block-media-text__media\"><img loading=\"lazy\" decoding=\"async\" width=\"1000\" height=\"500\" src=\"https:\/\/ritmy.fr\/essais\/wp-content\/uploads\/2018\/09\/SPEDIDAM-ENCADRE-r\u00e9duit-1000x500.jpg\" alt=\"\" class=\"wp-image-18150 size-full\" srcset=\"https:\/\/ritmy.fr\/essais\/wp-content\/uploads\/2018\/09\/SPEDIDAM-ENCADRE-r\u00e9duit-1000x500.jpg 1000w, https:\/\/ritmy.fr\/essais\/wp-content\/uploads\/2018\/09\/SPEDIDAM-ENCADRE-r\u00e9duit-300x150.jpg 300w, https:\/\/ritmy.fr\/essais\/wp-content\/uploads\/2018\/09\/SPEDIDAM-ENCADRE-r\u00e9duit-768x384.jpg 768w, https:\/\/ritmy.fr\/essais\/wp-content\/uploads\/2018\/09\/SPEDIDAM-ENCADRE-r\u00e9duit.jpg 1100w\" sizes=\"auto, (max-width: 1000px) 100vw, 1000px\" \/><\/figure><div class=\"wp-block-media-text__content\">\n<p class=\"has-large-font-size\">RITMY b\u00e9n\u00e9ficie du soutien de la SPEDIDAM.<\/p>\n<\/div><\/div>\n\n\n\n<hr class=\"wp-block-separator has-alpha-channel-opacity\" id=\"block-d40e1f36-636c-49d8-bb36-bdd957f84a11\"\/>\n","protected":false},"excerpt":{"rendered":"<p>le dimanche 21 janvier 2024 \u00e0 17h \u00e0 l&rsquo;\u00e9glise Saint-Nicolas R\u00e9cital de piano Roman Borisov a remport\u00e9 le 9 octobre 2022 le premier prix du Kissinger KlavierOlymp en \u00e9tant le plus jeune participant du concours. Le jury a d\u00e9clar\u00e9 : \u00ab [&#8230;] avec ses interpr\u00e9tations hautement musicales, intuitives et en m\u00eame temps conscientes de la &hellip; <\/p>\n<p><a class=\"more-link btn\" href=\"https:\/\/ritmy.fr\/essais\/concerts-2\/les-34es-saisons-2\/mere\/\">Lire la suite<\/a><\/p>\n","protected":false},"author":5,"featured_media":28064,"parent":28418,"menu_order":4,"comment_status":"closed","ping_status":"closed","template":"","meta":{"footnotes":""},"class_list":["post-28062","page","type-page","status-publish","has-post-thumbnail","hentry","nodate","item-wrap"],"_links":{"self":[{"href":"https:\/\/ritmy.fr\/essais\/wp-json\/wp\/v2\/pages\/28062","targetHints":{"allow":["GET"]}}],"collection":[{"href":"https:\/\/ritmy.fr\/essais\/wp-json\/wp\/v2\/pages"}],"about":[{"href":"https:\/\/ritmy.fr\/essais\/wp-json\/wp\/v2\/types\/page"}],"author":[{"embeddable":true,"href":"https:\/\/ritmy.fr\/essais\/wp-json\/wp\/v2\/users\/5"}],"replies":[{"embeddable":true,"href":"https:\/\/ritmy.fr\/essais\/wp-json\/wp\/v2\/comments?post=28062"}],"version-history":[{"count":22,"href":"https:\/\/ritmy.fr\/essais\/wp-json\/wp\/v2\/pages\/28062\/revisions"}],"predecessor-version":[{"id":28991,"href":"https:\/\/ritmy.fr\/essais\/wp-json\/wp\/v2\/pages\/28062\/revisions\/28991"}],"up":[{"embeddable":true,"href":"https:\/\/ritmy.fr\/essais\/wp-json\/wp\/v2\/pages\/28418"}],"wp:featuredmedia":[{"embeddable":true,"href":"https:\/\/ritmy.fr\/essais\/wp-json\/wp\/v2\/media\/28064"}],"wp:attachment":[{"href":"https:\/\/ritmy.fr\/essais\/wp-json\/wp\/v2\/media?parent=28062"}],"curies":[{"name":"wp","href":"https:\/\/api.w.org\/{rel}","templated":true}]}}