{"id":28025,"date":"2023-04-15T22:41:00","date_gmt":"2023-04-15T21:41:00","guid":{"rendered":"https:\/\/ritmy.fr\/essais\/?page_id=28025"},"modified":"2023-06-13T15:51:00","modified_gmt":"2023-06-13T14:51:00","slug":"richebourg","status":"publish","type":"page","link":"https:\/\/ritmy.fr\/essais\/concerts-2\/les-34es-saisons-2\/richebourg\/","title":{"rendered":"A\u00cfLACK \u00e0 RICHEBOURG"},"content":{"rendered":"\n<script language=\"Javascript\">\n<!--\nfunction isMobileDevice() \n{ \nif (\/Mobil\/i.test(navigator.userAgent))\n  {\n  window.open(\"https:\/\/ritmy.fr\/essais\/ailack-mobile\/\", \"_top\");\n  }\n}\n\/\/-->\n<\/script>\n<script type=\"text\/javascript\">isMobileDevice()<\/script>\n\n\n\n<p class=\"has-vivid-cyan-blue-color has-text-color has-larger-font-size\" id=\"block-5f413d3c-53c6-4e5f-9b95-908b94199e2d\"><strong>le dimanche 10 d\u00e9cembre 2023 \u00e0 17h \u00e0 la salle Edith Piaf.<\/strong><\/p>\n\n\n\n<p class=\"has-text-align-center has-larger-font-size\" id=\"block-39dd8b91-433d-401c-bb12-efa86ad47cce\"><strong><em>A\u00cfLACK, la musique de l&rsquo;\u00e2me<\/em><\/strong><\/p>\n\n\n\n<p class=\"has-large-font-size\">A\u00cfLACK, ce sont quatre chanteurs et un percussionniste<strong>,<\/strong> a cappella et des <strong>chants traditionnels d&rsquo;Europe Orientale, des Balkans et des Pays de l&rsquo;Est.<\/strong><br>Un r\u00e9pertoire sublime au c\u0153ur de la beaut\u00e9 et de l&rsquo;\u00e9motion : <strong>la musique de l&rsquo;\u00e2me.<\/strong><\/p>\n\n\n<div class=\"wp-block-image\">\n<figure class=\"aligncenter size-large\"><img loading=\"lazy\" decoding=\"async\" width=\"1000\" height=\"559\" src=\"https:\/\/ritmy.fr\/essais\/wp-content\/uploads\/2023\/03\/AILACK-Photo2-1000x559.png\" alt=\"\" class=\"wp-image-28027\" srcset=\"https:\/\/ritmy.fr\/essais\/wp-content\/uploads\/2023\/03\/AILACK-Photo2-1000x559.png 1000w, https:\/\/ritmy.fr\/essais\/wp-content\/uploads\/2023\/03\/AILACK-Photo2-300x168.png 300w, https:\/\/ritmy.fr\/essais\/wp-content\/uploads\/2023\/03\/AILACK-Photo2-768x430.png 768w, https:\/\/ritmy.fr\/essais\/wp-content\/uploads\/2023\/03\/AILACK-Photo2-1536x859.png 1536w, https:\/\/ritmy.fr\/essais\/wp-content\/uploads\/2023\/03\/AILACK-Photo2-803x449.png 803w, https:\/\/ritmy.fr\/essais\/wp-content\/uploads\/2023\/03\/AILACK-Photo2.png 1643w\" sizes=\"auto, (max-width: 1000px) 100vw, 1000px\" \/><\/figure><\/div>\n\n\n<p class=\"has-large-font-size\">Au fil du voyage se d\u00e9voile une multitude de pays, de cultures et de langues. Tour \u00e0 tour, dans les contr\u00e9es de l&rsquo;Orient russe avec des voix profondes revenant d&rsquo;une lointaine Orthodoxie&#8230; En Sib\u00e9rie avec des chants rappelant les chamanes de la ta\u00efga &#8230; En Mongolie, o\u00f9 sous les sabots des chevaux gronde encore le souvenir des tambours guerriers des hordes de Gengis Khan\u2026<\/p>\n\n\n\n<p class=\"has-large-font-size\"><\/p>\n\n\n\n<div class=\"wp-block-media-text has-media-on-the-right is-stacked-on-mobile is-image-fill\" style=\"grid-template-columns:auto 38%\"><div class=\"wp-block-media-text__content\">\n<p class=\"has-large-font-size\">Comme des artisans-compagnons, A\u00cfLACK p\u00e9trit et fa\u00e7onne la mati\u00e8re sonore pour lui donner toutes les expressions de l\u2019\u00e2me humaine.<\/p>\n\n\n\n<p class=\"has-large-font-size\">La nudit\u00e9 des voix a cappella permet de cr\u00e9er des contrastes sonores saisissants et envo\u00fbtants, d\u00e8s lors le public entre en r\u00e9sonance avec la vibration universelle de la musique.<\/p>\n\n\n\n<p class=\"has-large-font-size\">Chaque chant se mue en \u00e9motion, un murmure un souffle une caresse un cri d\u2019espoir une pri\u00e8re les voix s\u2019\u00e9lancent s\u2019\u00e9l\u00e8vent et puis le silence.<\/p>\n\n\n\n<p class=\"has-large-font-size\">Le spectateur est emport\u00e9 vers son \u00e9motionnel. Au c\u0153ur de ses entrailles, au plus profond de sa chair, son \u00e2me primitive se r\u00e9veille d\u2019un long sommeil et se met \u00e0 vibrer doucement, encore et encore. Subrepticement, ses yeux se ferment pour se retrouver avec lui-m\u00eame.<\/p>\n\n\n\n<p class=\"has-large-font-size\">\u00c9coute le vent chanter<\/p>\n<\/div><figure class=\"wp-block-media-text__media\" style=\"background-image:url(https:\/\/ritmy.fr\/essais\/wp-content\/uploads\/2023\/03\/AILACK-Photo-1a-832x1000.png);background-position:50% 38%\"><img loading=\"lazy\" decoding=\"async\" width=\"832\" height=\"1000\" src=\"https:\/\/ritmy.fr\/essais\/wp-content\/uploads\/2023\/03\/AILACK-Photo-1a-832x1000.png\" alt=\"\" class=\"wp-image-28028 size-full\" srcset=\"https:\/\/ritmy.fr\/essais\/wp-content\/uploads\/2023\/03\/AILACK-Photo-1a-832x1000.png 832w, https:\/\/ritmy.fr\/essais\/wp-content\/uploads\/2023\/03\/AILACK-Photo-1a-250x300.png 250w, https:\/\/ritmy.fr\/essais\/wp-content\/uploads\/2023\/03\/AILACK-Photo-1a-768x923.png 768w, https:\/\/ritmy.fr\/essais\/wp-content\/uploads\/2023\/03\/AILACK-Photo-1a-803x965.png 803w, https:\/\/ritmy.fr\/essais\/wp-content\/uploads\/2023\/03\/AILACK-Photo-1a.png 938w\" sizes=\"auto, (max-width: 832px) 100vw, 832px\" \/><\/figure><\/div>\n\n\n\n<p><\/p>\n\n\n\n<p class=\"has-large-font-size\">D\u00e9couvrez-les sur leur site internet : <a href=\"https:\/\/www.ailack.fr\/\" target=\"_blank\" rel=\"noreferrer noopener\">A\u00eflack &#8211; chants des pays de l&rsquo;est<\/a><\/p>\n\n\n\n<p class=\"has-large-font-size\">ainsi que sur ces vid\u00e9os :<\/p>\n\n\n\n<div class=\"wp-block-columns is-layout-flex wp-container-core-columns-is-layout-9d6595d7 wp-block-columns-is-layout-flex\">\n<div class=\"wp-block-column is-layout-flow wp-block-column-is-layout-flow\">\n<figure class=\"wp-block-embed is-type-video is-provider-youtube wp-block-embed-youtube wp-embed-aspect-16-9 wp-has-aspect-ratio\"><div class=\"wp-block-embed__wrapper\">\n<iframe loading=\"lazy\" title=\"A\u00cfLACK - Pr\u00e9sentation Vid\u00e9o (Teaser concert)\" width=\"803\" height=\"452\" src=\"https:\/\/www.youtube.com\/embed\/cPL-y1u_Fl4?feature=oembed\" frameborder=\"0\" allow=\"accelerometer; autoplay; clipboard-write; encrypted-media; gyroscope; picture-in-picture; web-share\" allowfullscreen><\/iframe>\n<\/div><\/figure>\n<\/div>\n\n\n\n<div class=\"wp-block-column is-layout-flow wp-block-column-is-layout-flow\">\n<figure class=\"wp-block-embed is-type-video is-provider-youtube wp-block-embed-youtube wp-embed-aspect-16-9 wp-has-aspect-ratio\"><div class=\"wp-block-embed__wrapper\">\n<iframe loading=\"lazy\" title=\"A\u00cfLACK Ukraine -  song for PEACE (SHARE the PEACE)\" width=\"803\" height=\"452\" src=\"https:\/\/www.youtube.com\/embed\/M3ZKX788Wb0?feature=oembed\" frameborder=\"0\" allow=\"accelerometer; autoplay; clipboard-write; encrypted-media; gyroscope; picture-in-picture; web-share\" allowfullscreen><\/iframe>\n<\/div><\/figure>\n<\/div>\n<\/div>\n\n\n\n<hr class=\"wp-block-separator has-alpha-channel-opacity is-style-wide\" id=\"block-b88284b2-9291-4a57-ac09-ddc616bc68ad\"\/>\n\n\n\n<p class=\"has-large-font-size\" id=\"block-fc68e6df-6e32-4145-b5f4-343d652a0548\">Il est fortement recommand\u00e9 de <strong>r\u00e9server en ligne<\/strong> en cliquant sur le bouton ci-dessous, ou en appelant le 06 48 69 21 89.<\/p>\n\n\n\n<div class=\"wp-block-buttons is-content-justification-center is-layout-flex wp-container-core-buttons-is-layout-16018d1d wp-block-buttons-is-layout-flex\">\n<div class=\"wp-block-button is-style-fill\"><a class=\"wp-block-button__link has-white-color has-vivid-cyan-blue-background-color has-text-color has-background wp-element-button\" href=\"https:\/\/ritmy.fr\/essais\/reserver\/\">R\u00c9SERVER VOS BILLETS<\/a><\/div>\n<\/div>\n\n\n\n<p><\/p>\n\n\n\n<p class=\"has-background has-large-font-size\" style=\"background-color:#cceef7\">Afin de fluidifier l&rsquo;accueil du public, l&rsquo;ouverture des portes se fera <strong>\u00e0 partir de 16 h 15.<\/strong><\/p>\n\n\n\n<hr class=\"wp-block-separator has-alpha-channel-opacity\" id=\"block-ee890e8e-8b81-438d-aba5-6a6a97e41a0a\"\/>\n\n\n\n<div class=\"wp-block-columns is-layout-flex wp-container-core-columns-is-layout-9d6595d7 wp-block-columns-is-layout-flex\">\n<div class=\"wp-block-column is-layout-flow wp-block-column-is-layout-flow\">\n<p> <\/p>\n\n\n\n<div style=\"height:41px\" aria-hidden=\"true\" class=\"wp-block-spacer\"><\/div>\n\n\n\n<p class=\"has-large-font-size\">Pour vous rendre \u00e0 la Salle Edith Piaf de RICHEBOURG :<\/p>\n<\/div>\n\n\n\n<div class=\"wp-block-column is-layout-flow wp-block-column-is-layout-flow\">\n<iframe src=\"https:\/\/www.google.com\/maps\/embed?pb=!1m18!1m12!1m3!1d2626.9079091511235!2d1.634808315345196!3d48.82181851123566!2m3!1f0!2f0!3f0!3m2!1i1024!2i768!4f13.1!3m3!1m2!1s0x47e6a464f53a494d%3A0x7f24fee27dab2d82!2s3%20Rte%20de%20Bazainville%2C%2078550%20Richebourg!5e0!3m2!1sfr!2sfr!4v1650362656229!5m2!1sfr!2sfr\" style=\"border:0;\" allowfullscreen=\"\" loading=\"lazy\" referrerpolicy=\"no-referrer-when-downgrade\" width=\"600\" height=\"450\"><\/iframe>\n<\/div>\n<\/div>\n\n\n\n<hr class=\"wp-block-separator has-alpha-channel-opacity\" id=\"block-eeb268db-81a8-41b9-b12e-dfe77f87e96d\"\/>\n\n\n\n<div class=\"wp-block-media-text is-vertically-aligned-top\" style=\"grid-template-columns:27% auto\"><figure class=\"wp-block-media-text__media\"><img loading=\"lazy\" decoding=\"async\" width=\"250\" height=\"106\" src=\"https:\/\/ritmy.fr\/essais\/wp-content\/uploads\/2014\/01\/LOGO-GRAL-JPEG-e1390483468758.jpg\" alt=\"\" class=\"wp-image-10518 size-full\"\/><\/figure><div class=\"wp-block-media-text__content\">\n<p class=\"has-large-font-size\">Concert organis\u00e9 conjointement par RITMY et l&rsquo;association GRAL de Richebourg.<\/p>\n<\/div><\/div>\n\n\n\n<div class=\"wp-block-media-text is-vertically-aligned-top\" style=\"grid-template-columns:28% auto\"><figure class=\"wp-block-media-text__media\"><img loading=\"lazy\" decoding=\"async\" width=\"1000\" height=\"500\" src=\"https:\/\/ritmy.fr\/essais\/wp-content\/uploads\/2018\/09\/SPEDIDAM-ENCADRE-r\u00e9duit-1000x500.jpg\" alt=\"\" class=\"wp-image-18150 size-full\" srcset=\"https:\/\/ritmy.fr\/essais\/wp-content\/uploads\/2018\/09\/SPEDIDAM-ENCADRE-r\u00e9duit-1000x500.jpg 1000w, https:\/\/ritmy.fr\/essais\/wp-content\/uploads\/2018\/09\/SPEDIDAM-ENCADRE-r\u00e9duit-300x150.jpg 300w, https:\/\/ritmy.fr\/essais\/wp-content\/uploads\/2018\/09\/SPEDIDAM-ENCADRE-r\u00e9duit-768x384.jpg 768w, https:\/\/ritmy.fr\/essais\/wp-content\/uploads\/2018\/09\/SPEDIDAM-ENCADRE-r\u00e9duit.jpg 1100w\" sizes=\"auto, (max-width: 1000px) 100vw, 1000px\" \/><\/figure><div class=\"wp-block-media-text__content\">\n<p class=\"has-large-font-size\">RITMY b\u00e9n\u00e9ficie du soutien de la SPEDIDAM.<\/p>\n<\/div><\/div>\n\n\n\n<p><\/p>\n","protected":false},"excerpt":{"rendered":"<p>le dimanche 10 d\u00e9cembre 2023 \u00e0 17h \u00e0 la salle Edith Piaf. A\u00cfLACK, la musique de l&rsquo;\u00e2me A\u00cfLACK, ce sont quatre chanteurs et un percussionniste, a cappella et des chants traditionnels d&rsquo;Europe Orientale, des Balkans et des Pays de l&rsquo;Est.Un r\u00e9pertoire sublime au c\u0153ur de la beaut\u00e9 et de l&rsquo;\u00e9motion : la musique de l&rsquo;\u00e2me. &hellip; <\/p>\n<p><a class=\"more-link btn\" href=\"https:\/\/ritmy.fr\/essais\/concerts-2\/les-34es-saisons-2\/richebourg\/\">Lire la suite<\/a><\/p>\n","protected":false},"author":5,"featured_media":28028,"parent":28418,"menu_order":3,"comment_status":"closed","ping_status":"closed","template":"","meta":{"footnotes":""},"class_list":["post-28025","page","type-page","status-publish","has-post-thumbnail","hentry","nodate","item-wrap"],"_links":{"self":[{"href":"https:\/\/ritmy.fr\/essais\/wp-json\/wp\/v2\/pages\/28025","targetHints":{"allow":["GET"]}}],"collection":[{"href":"https:\/\/ritmy.fr\/essais\/wp-json\/wp\/v2\/pages"}],"about":[{"href":"https:\/\/ritmy.fr\/essais\/wp-json\/wp\/v2\/types\/page"}],"author":[{"embeddable":true,"href":"https:\/\/ritmy.fr\/essais\/wp-json\/wp\/v2\/users\/5"}],"replies":[{"embeddable":true,"href":"https:\/\/ritmy.fr\/essais\/wp-json\/wp\/v2\/comments?post=28025"}],"version-history":[{"count":24,"href":"https:\/\/ritmy.fr\/essais\/wp-json\/wp\/v2\/pages\/28025\/revisions"}],"predecessor-version":[{"id":28718,"href":"https:\/\/ritmy.fr\/essais\/wp-json\/wp\/v2\/pages\/28025\/revisions\/28718"}],"up":[{"embeddable":true,"href":"https:\/\/ritmy.fr\/essais\/wp-json\/wp\/v2\/pages\/28418"}],"wp:featuredmedia":[{"embeddable":true,"href":"https:\/\/ritmy.fr\/essais\/wp-json\/wp\/v2\/media\/28028"}],"wp:attachment":[{"href":"https:\/\/ritmy.fr\/essais\/wp-json\/wp\/v2\/media?parent=28025"}],"curies":[{"name":"wp","href":"https:\/\/api.w.org\/{rel}","templated":true}]}}