{"id":27518,"date":"2022-06-25T11:21:02","date_gmt":"2022-06-25T10:21:02","guid":{"rendered":"https:\/\/ritmy.fr\/essais\/?page_id=27518"},"modified":"2025-05-05T14:41:08","modified_gmt":"2025-05-05T13:41:08","slug":"thomas-lefort-mobile","status":"publish","type":"page","link":"https:\/\/ritmy.fr\/essais\/a\/thomas-lefort-mobile\/","title":{"rendered":"Thomas LEFORT et Pierre-Yves HODIQUE, \u00e0 Neauphle-le-Chateau"},"content":{"rendered":"\n<p class=\"has-vivid-cyan-blue-color has-text-color\" id=\"block-af3ce2ee-45ee-417c-b7a8-fc8b6d87994c\" style=\"font-size:22px\"><strong>le dimanche 13 novembre 2022 \u00e0 17h \u00e0 l&rsquo;\u00e9glise Saint-Nicolas<\/strong><\/p>\n\n\n\n<p id=\"block-92c882fc-cb06-4005-9439-b37f1761f2e4\">\ufeff<\/p>\n\n\n\n<p class=\"has-text-align-center has-large-font-size\" id=\"block-bc20745d-8d2e-4cdc-a945-cd4d117aedc5\"><em><strong>Thomas LEFORT, violon, est accompagn\u00e9 au piano par P-Y HODIQU<\/strong><\/em>E<\/p>\n\n\n\n<div id=\"block-79302729-4301-4743-b519-8d230d0a61f1\" class=\"wp-block-image\"><figure class=\"aligncenter\"><img decoding=\"async\" src=\"https:\/\/ritmy.fr\/essais\/wp-content\/uploads\/2022\/04\/PHOTO-JCG-1000x694.jpg\" alt=\"L\u2019attribut alt de cette image est vide, son nom de fichier est PHOTO-JCG-1000x694.jpg.\"\/><\/figure><\/div>\n\n\n\n<p id=\"block-9d4048eb-11db-4695-a33b-64b496d54ff2\"><strong>Thomas LEFORT<\/strong> :<\/p>\n\n\n\n<div class=\"wp-block-image\"><figure class=\"aligncenter\"><img decoding=\"async\" src=\"https:\/\/ritmy.fr\/essais\/wp-content\/uploads\/2022\/04\/thomas-lefort-1000x803.jpeg\" alt=\"\"\/><\/figure><\/div>\n\n\n\n<p id=\"block-acce966d-0fe2-4831-a303-ac0e05dd5d8d\">N\u00e9 en 1994 \u00e0 Marseille, Thomas fait ses d\u00e9buts en soliste \u00e0 11 ans en remportant son premier concours en Italie. Il suit ses premi\u00e8res le\u00e7ons de violon avec Fr\u00e9d\u00e9ric Ladame, puis \u00e0 Paris avec Suzanne Gessner et Patrice Fontanarosa. \u00c0 13 ans, il est rep\u00e9r\u00e9 par Ivry Gitlis qui d\u00e9c\u00e8le chez lui un grand potentiel musical et un talent rare dou\u00e9 d\u2019une grande sensibilit\u00e9. Il suit l\u2019enseignement de Roland Daugareil, sort dipl\u00f4m\u00e9 d\u2019un premier prix avec les plus hautes distinctions du CNSM de Paris et int\u00e8gre la classe de soliste de Renaud Capu\u00e7on \u00e0 Lausanne. Il se perfectionne aupr\u00e8s de Salvatore Acccardo \u00e0 Cr\u00e9mone et est admis au sein de la prestigieuse Accademia Chigiana \u00e0 Sienne. Il y d\u00e9couvre les secrets de l\u2019\u00e9cole italienne du violon et l\u2019h\u00e9ritage laiss\u00e9 par Niccolo Paganini.<\/p>\n\n\n\n<p id=\"block-a9f7e65c-fd79-433a-aa09-6317f108db41\">Il est laur\u00e9at du concours international G. Neveu et R. Lipizer, premier prix Jeune Talent d\u2019\u00cele-de-France, prix du public FMAJI, laur\u00e9at de la Fondation Banque Populaire. Invit\u00e9 plusieurs fois par Martha Argerich au Festival de Lugano, il \u00e9tudie aussi la musique de chambre aupr\u00e8s de professeurs comme Nobuko Imai, Pamela Frank, Sadao Harada, Fran\u00e7ois Salque, J\u00e9r\u00f4me Pernoo&#8230; En 2014, il remporte le grand prix au Concours \u00ab Un Violon sur le Sable \u00bb et se produit devant un parterre de plusieurs dizaines de milliers de personnes.<\/p>\n\n\n\n<p id=\"block-5fa28e11-406b-428f-8728-9e0a274e2a13\"><strong>Pierre Yves HODIQUE<\/strong> :<\/p>\n\n\n\n<div class=\"wp-block-image\"><figure class=\"aligncenter\"><img decoding=\"async\" src=\"https:\/\/ritmy.fr\/essais\/wp-content\/uploads\/2022\/04\/Hodique-2.png\" alt=\"\"\/><\/figure><\/div>\n\n\n\n<p id=\"block-b2f40386-7d6a-454c-9de2-32f67e8ee40c\">Pierre-Yves Hodique obtient au Conservatoire de Paris les plus hautes r\u00e9compenses en piano, musique de chambre et accompagnement vocal dans les classes de Jean-Fran\u00e7ois Heisser, Claire D\u00e9sert et Anne Le Bozec. Il remporte en 2011 le Prix du meilleur pianiste accompagnateur lors du Concours international Tchaikovsky de violoncelle \u00e0 Moscou. Il compte parmi ses partenaires de musique de chambre Edgar Moreau, Aur\u00e9lien Pascal, Ir\u00e8ne Duval, Ad\u00e9la\u00efde Ferri\u00e8re, Nima Sarkechik ou encore le baryton Samuel Hasselhorn avec qui il a remport\u00e9 en 2013 le Prix de Lied au Concours international de chant-piano Nadia et Lili Boulanger.<\/p>\n\n\n\n<p id=\"block-a190768a-a33a-4f0c-b6b2-c2d8c27fb8a4\">Pierre-Yves s\u2019est produit au Th\u00e9\u00e2tre Mariinsky de Saint-P\u00e9tersbourg, \u00e0 la Philharmonie de Berlin, \u00e0 l\u2019Elbphilharmonie de Hambourg, au Konzerthaus de Vienne, au Concertgebouw d\u2019Amsterdam\u2026<br>Il est laur\u00e9at de la Fondation Banque Populaire, de la Yamaha Music Foundation of Europe, de la Fondation Meyer, du Prix Oriolis.<\/p>\n\n\n\n<p id=\"block-31d798ba-67a2-46ca-99fa-538734ff9258\">Ils nous proposent le programme suivant&nbsp;:<\/p>\n\n\n\n<p id=\"block-f7a5fc0c-7d25-475b-a992-0cda11664a54\" style=\"line-height:1\"><strong>Wolfgang Amadeus Mozart<\/strong>&nbsp;: Sonate n\u00b018 en sol majeur, K. 301<\/p>\n\n\n\n<p id=\"block-20bc6b60-c5c9-4450-bd4d-bdad5f53d51b\" style=\"line-height:1\"><strong>Fritz Kreisler<\/strong>&nbsp;: Pr\u00e9lude et Allegro (dans le style de Pugnani)<\/p>\n\n\n\n<p id=\"block-1f4b5475-de39-40db-936a-8e77141e5a04\" style=\"line-height:1\"><strong>B\u00e9la Bartok<\/strong>&nbsp;: Danses Roumaines<\/p>\n\n\n\n<p id=\"block-239fda0b-dcdb-465f-aed8-fbf3cf31e9c6\" style=\"line-height:1\"><strong>Pablo de Sarasate<\/strong>&nbsp;: Introduction et tarentelle<\/p>\n\n\n\n<p id=\"block-27693235-53ee-4031-b694-2f1183f1908f\" style=\"line-height:1\"><strong>Ludwig Van Beethoven<\/strong>&nbsp;: Romance pour violon et orchestre n\u00b01 en sol majeur, op. 40<\/p>\n\n\n\n<p id=\"block-f22ac1f4-8973-4fc1-bfe4-9c9e368e5403\" style=\"line-height:1\"><strong>Camille Saint-Sa\u00ebns<\/strong>&nbsp;: Introduction &amp; Rondo-Capriccioso<\/p>\n\n\n\n<p id=\"block-9ff411fd-9850-499f-ae71-26e6013d956f\" style=\"line-height:1\"><strong>Antonin Dvorak &amp; Fritz Kreisler<\/strong>&nbsp;: Slavonic Fantaisie<\/p>\n\n\n\n<p id=\"block-3e1df0e0-234f-4e61-8c8b-9da060415bd5\" style=\"line-height:1\"><strong>Enrique Granados &amp; Fritz Kreisler<\/strong>&nbsp;: Danse espagnole<\/p>\n\n\n\n<p id=\"block-695c38c3-a98e-4673-a0d9-ecc0814f1400\" style=\"line-height:1\"><strong>Fritz Kreisler<\/strong>&nbsp;: Liebesleid<\/p>\n\n\n\n<p id=\"block-e83bbe83-3fbb-4611-b052-6be657b4997a\" style=\"line-height:1\"><strong>Jules Massenet<\/strong>&nbsp;: M\u00e9ditation de Tha\u00efs<\/p>\n\n\n\n<p id=\"block-ae50fdd5-ffc7-4d16-b601-935138132c3a\" style=\"line-height:1\"><strong>Scott Joplin<\/strong>&nbsp;: Elite Syncopation<\/p>\n\n\n\n<p id=\"block-606696a9-bfad-41c6-9bf0-8fc51bebd6cf\" style=\"line-height:1\"><strong>Astor Piazzolla<\/strong>&nbsp;: Tanti anni prima<\/p>\n\n\n\n<p id=\"block-2dba070c-c030-4248-91c3-0c9c1aba9b58\">D\u00e9couvrez-les sur leur site internet : <a rel=\"noreferrer noopener\" href=\"http:\/\/thomaslefort.com\/\" target=\"_blank\">thomaslefort.com<\/a><\/p>\n\n\n\n<p id=\"block-3eeb97b4-a731-4196-84d7-b7a3cc106896\">ainsi que sur ces vid\u00e9os :<\/p>\n\n\n\n<figure class=\"wp-block-embed aligncenter is-type-video is-provider-youtube wp-block-embed-youtube wp-embed-aspect-16-9 wp-has-aspect-ratio\"><div class=\"wp-block-embed__wrapper\">\n<iframe loading=\"lazy\" title=\"Introduction &amp; Rondo Capriccioso | Thomas Lefort &amp; Pierre-Yves Hodique\" width=\"803\" height=\"452\" src=\"https:\/\/www.youtube.com\/embed\/Nfj0H6mOc2I?feature=oembed\" frameborder=\"0\" allow=\"accelerometer; autoplay; clipboard-write; encrypted-media; gyroscope; picture-in-picture\" allowfullscreen><\/iframe>\n<\/div><figcaption>Introduction &amp; Rondo Capriccioso de Saint-Sa\u00ebns<\/figcaption><\/figure>\n\n\n\n<figure class=\"wp-block-embed aligncenter is-type-video is-provider-youtube wp-block-embed-youtube wp-embed-aspect-16-9 wp-has-aspect-ratio\"><div class=\"wp-block-embed__wrapper\">\n<iframe loading=\"lazy\" title=\"Thomas Lefort &amp; Pierre-Yves Hodique | G\u00e9n\u00e9ration France Musique\" width=\"803\" height=\"452\" src=\"https:\/\/www.youtube.com\/embed\/Za2krtJkbwk?feature=oembed\" frameborder=\"0\" allow=\"accelerometer; autoplay; clipboard-write; encrypted-media; gyroscope; picture-in-picture\" allowfullscreen><\/iframe>\n<\/div><figcaption>La Gitana de Fritz Kreisler<\/figcaption><\/figure>\n\n\n\n<p><\/p>\n\n\n\n<hr class=\"wp-block-separator\" id=\"block-c7873b04-3c15-410f-8723-046d2099f86c\"\/>\n\n\n\n<p id=\"block-2d00289e-1e81-4613-bc1f-8c04b32a616e\">Il est fortement recommand\u00e9 de <strong>r\u00e9server en ligne<\/strong> en cliquant sur le bouton ci-dessous, ou en appelant le 06-80-31-06-12.<\/p>\n\n\n\n<div class=\"wp-block-buttons is-content-justification-center is-layout-flex wp-container-core-buttons-is-layout-16018d1d wp-block-buttons-is-layout-flex\">\n<div class=\"wp-block-button\"><a class=\"wp-block-button__link\" href=\"https:\/\/ritmy.fr\/essais\/reserver\/\">R\u00c9SERVER VOS BILLETS<\/a><\/div>\n<\/div>\n\n\n\n<p id=\"block-16579452-e31d-4ba9-b156-a0536dadcea1\">\ufeff<\/p>\n\n\n\n<p class=\"has-pale-cyan-blue-background-color has-background\" id=\"block-65ee4b8b-58a7-4c36-82a2-0fa9ce8cee12\">Le concert se d\u00e9roulera de mani\u00e8re \u00e0&nbsp;garantir la s\u00e9curit\u00e9 de tous, nous appliquerons toutes les mesures sanitaires en vigueur. (<em>plus d&rsquo;informations sur notre Protocole sanitaire dans cette<\/em> <a rel=\"noreferrer noopener\" href=\"https:\/\/ritmy.fr\/essais\/protocole-sanitaire\/\" target=\"_blank\"><em>PAGE<\/em><\/a>)<\/p>\n\n\n\n<p class=\"has-pale-cyan-blue-background-color has-background\" id=\"block-fc7350a9-cb41-469b-8a21-e01345e058d2\">Afin de fluidifier l&rsquo;accueil du public, l&rsquo;ouverture des portes se fera <strong>\u00e0 partir de 16 h 15.<\/strong><\/p>\n\n\n\n<hr class=\"wp-block-separator\" id=\"block-23d9d671-0cd8-47ca-bfa6-b0c393ffb785\"\/>\n\n\n\n<p id=\"block-0d3328ec-54be-4f11-a5d0-393e9c228eab\">Pour vous rendre \u00e0 l\u2019\u00e9glise Saint-Nicolas de NEAUPHLE-le-CH\u00c2TEAU :<\/p>\n\n\n\n<iframe src=\"https:\/\/www.google.com\/maps\/embed?pb=!1m18!1m12!1m3!1d10509.100077975727!2d1.8732415940698801!3d48.81481384833972!2m3!1f0!2f0!3f0!3m2!1i1024!2i768!4f13.1!3m3!1m2!1s0x47e69b3cacb763cd%3A0xbfd82f15d3c44849!2sEglise%20Saint-Nicolas%20de%20Neauphle-le-Chateau!5e0!3m2!1sfr!2sfr!4v1650891915141!5m2!1sfr!2sfr\" style=\"border:0;\" allowfullscreen=\"\" loading=\"lazy\" referrerpolicy=\"no-referrer-when-downgrade\" width=\"600\" height=\"450\"><\/iframe>\n\n\n\n<p><\/p>\n\n\n\n<hr class=\"wp-block-separator\" id=\"block-3128359a-e06e-450a-b60a-b59986a1e3f3\"\/>\n\n\n\n<p id=\"block-c720b607-cdde-4529-bd3b-0f148c1d7c71\">Concert organis\u00e9 conjointement par RITMY et le SYNDICAT D\u2019INITIATIVE de Neauphle-le-Ch\u00e2teau.<\/p>\n\n\n\n<div class=\"wp-block-image\"><figure class=\"aligncenter is-resized\"><img loading=\"lazy\" decoding=\"async\" src=\"https:\/\/ritmy.fr\/essais\/wp-content\/uploads\/2022\/04\/SI.png\" alt=\"\" width=\"305\" height=\"183\"\/><\/figure><\/div>\n\n\n\n<p><\/p>\n\n\n\n<p id=\"block-f1ec5db3-cc34-4669-9532-8fdbcf4d663f\">RITMY b\u00e9n\u00e9ficie du soutien de la SPEDIDAM.<\/p>\n\n\n\n<div class=\"wp-block-image\"><figure class=\"aligncenter is-resized\"><img loading=\"lazy\" decoding=\"async\" src=\"https:\/\/ritmy.fr\/essais\/wp-content\/uploads\/2018\/09\/SPEDIDAM-ENCADRE-r\u00e9duit-1000x500.jpg\" alt=\"\" width=\"395\" height=\"198\"\/><\/figure><\/div>\n","protected":false},"excerpt":{"rendered":"<p>le dimanche 13 novembre 2022 \u00e0 17h \u00e0 l&rsquo;\u00e9glise Saint-Nicolas \ufeff Thomas LEFORT, violon, est accompagn\u00e9 au piano par P-Y HODIQUE Thomas LEFORT : N\u00e9 en 1994 \u00e0 Marseille, Thomas fait ses d\u00e9buts en soliste \u00e0 11 ans en remportant son premier concours en Italie. Il suit ses premi\u00e8res le\u00e7ons de violon avec Fr\u00e9d\u00e9ric Ladame, &hellip; <\/p>\n<p><a class=\"more-link btn\" href=\"https:\/\/ritmy.fr\/essais\/a\/thomas-lefort-mobile\/\">Lire la suite<\/a><\/p>\n","protected":false},"author":5,"featured_media":0,"parent":27411,"menu_order":20,"comment_status":"closed","ping_status":"closed","template":"","meta":{"footnotes":""},"class_list":["post-27518","page","type-page","status-publish","hentry","nodate","item-wrap"],"_links":{"self":[{"href":"https:\/\/ritmy.fr\/essais\/wp-json\/wp\/v2\/pages\/27518","targetHints":{"allow":["GET"]}}],"collection":[{"href":"https:\/\/ritmy.fr\/essais\/wp-json\/wp\/v2\/pages"}],"about":[{"href":"https:\/\/ritmy.fr\/essais\/wp-json\/wp\/v2\/types\/page"}],"author":[{"embeddable":true,"href":"https:\/\/ritmy.fr\/essais\/wp-json\/wp\/v2\/users\/5"}],"replies":[{"embeddable":true,"href":"https:\/\/ritmy.fr\/essais\/wp-json\/wp\/v2\/comments?post=27518"}],"version-history":[{"count":8,"href":"https:\/\/ritmy.fr\/essais\/wp-json\/wp\/v2\/pages\/27518\/revisions"}],"predecessor-version":[{"id":27789,"href":"https:\/\/ritmy.fr\/essais\/wp-json\/wp\/v2\/pages\/27518\/revisions\/27789"}],"up":[{"embeddable":true,"href":"https:\/\/ritmy.fr\/essais\/wp-json\/wp\/v2\/pages\/27411"}],"wp:attachment":[{"href":"https:\/\/ritmy.fr\/essais\/wp-json\/wp\/v2\/media?parent=27518"}],"curies":[{"name":"wp","href":"https:\/\/api.w.org\/{rel}","templated":true}]}}