{"id":27378,"date":"2022-06-25T10:13:33","date_gmt":"2022-06-25T09:13:33","guid":{"rendered":"https:\/\/ritmy.fr\/essais\/?page_id=27378"},"modified":"2025-05-05T14:51:29","modified_gmt":"2025-05-05T13:51:29","slug":"melodie-michel","status":"publish","type":"page","link":"https:\/\/ritmy.fr\/essais\/concerts-2\/concerts-33e-saison\/melodie-michel\/","title":{"rendered":"M\u00e9lodie MICHEL \u00e0 Houdan"},"content":{"rendered":"\n<p class=\"has-text-align-left has-vivid-cyan-blue-color has-text-color\" style=\"font-size:28px;line-height:1.5\"><strong>Jeune talent et patrimoine<br>le dimanche 16 avril 2023 \u00e0 17h \u00e0 l&rsquo;\u00e9glise Saint-Jacques<\/strong><\/p>\n\n\n\n<p class=\"has-text-align-center has-larger-font-size\" style=\"line-height:1\"><em><strong>orgue classique fran\u00e7ais<\/strong><\/em><\/p>\n\n\n<div class=\"wp-block-image\">\n<figure class=\"aligncenter size-large\"><img loading=\"lazy\" decoding=\"async\" width=\"1000\" height=\"563\" src=\"https:\/\/ritmy.fr\/essais\/wp-content\/uploads\/2022\/04\/melodie-michel-4-1000x563.jpg\" alt=\"\" class=\"wp-image-27455\" srcset=\"https:\/\/ritmy.fr\/essais\/wp-content\/uploads\/2022\/04\/melodie-michel-4-1000x563.jpg 1000w, https:\/\/ritmy.fr\/essais\/wp-content\/uploads\/2022\/04\/melodie-michel-4-300x169.jpg 300w, https:\/\/ritmy.fr\/essais\/wp-content\/uploads\/2022\/04\/melodie-michel-4-768x432.jpg 768w, https:\/\/ritmy.fr\/essais\/wp-content\/uploads\/2022\/04\/melodie-michel-4-803x452.jpg 803w, https:\/\/ritmy.fr\/essais\/wp-content\/uploads\/2022\/04\/melodie-michel-4.jpg 1280w\" sizes=\"auto, (max-width: 1000px) 100vw, 1000px\" \/><\/figure><\/div>\n\n\n<p class=\"has-black-color has-text-color has-large-font-size\">M\u00e9lodie Michel est entr\u00e9e dans la classe d\u2019orgue d\u2019Olivier Latry et de Michel Bouvard au CNSMDP en 2020, \u00e0 l\u2019\u00e2ge de 16 ans.<br>M\u00e9lodie est une jeune musicienne franco-am\u00e9ricaine qui a \u00e9t\u00e9 form\u00e9e \u00e0 l\u2019orgue par Jean-Baptiste Robin au CRR de Versailles o\u00f9 elle a obtenu son DEM d\u2019Orgue mention tr\u00e8s bien en juin 2020, et avec qui elle a eu la chance de travailler plusieurs de ses compositions. M\u00e9lodie a \u00e9galement \u00e9tudi\u00e9 le piano, le violon et l\u2019alto au CRR de Versailles o\u00f9 elle a obtenu son DEM de piano, son CEM de violon, et son DEM de formation musicale.<\/p>\n\n\n\n<div class=\"wp-block-media-text has-media-on-the-right is-stacked-on-mobile is-image-fill\"><div class=\"wp-block-media-text__content\">\n<p class=\"has-black-color has-text-color has-large-font-size\">En tant qu\u2019organiste, M\u00e9lodie s\u2019est d\u00e9j\u00e0 produite en concert \u00e0 la Chapelle Royale de Versailles, \u00e0 l\u2019Abbaye de Royaumont, \u00e0 la Cath\u00e9drale Saint-Louis de Versailles, \u00e0 l\u2019\u00c9glise Sainte-Radegonde de Poitiers, \u00e0 l\u2019orgue Walcker de l\u2019\u00c9glise Saint-Paul de Strasbourg, \u00e0 l\u2019\u00c9glise d\u2019Amilly, Coigni\u00e8res et L\u00e9vis-Saint-Nom. En octobre 2019 elle a donn\u00e9 un concert \u00e0 l\u2019\u00c9glise Notre-Dame-de-Lourdes \u00e0 Saint-Petersbourg, en Russie.<\/p>\n\n\n\n<p class=\"has-black-color has-text-color has-large-font-size\">En tant qu\u2019\u00e9tudiante franco-am\u00e9ricaine, M\u00e9lodie Michel vient d\u2019obtenir son baccalaur\u00e9at (OIB am\u00e9ricain), mention tr\u00e8s bien avec les f\u00e9licitations du jury au Lyc\u00e9e International de Saint-Germain-en-Laye. Elle poursuit ses \u00e9tudes \u00e0 l\u2019ESTACA, \u00e9cole d\u2019ing\u00e9nieurs, en sp\u00e9cialit\u00e9 a\u00e9ronautique, en parall\u00e8le de ses \u00e9tudes musicales au CNSMDP, en classe d\u2019orgue-interpr\u00e9tation et en classe d\u2019\u00e9criture sup\u00e9rieure.<\/p>\n<\/div><figure class=\"wp-block-media-text__media\" style=\"background-image:url(https:\/\/ritmy.fr\/essais\/wp-content\/uploads\/2022\/04\/melodie-michel.jpg);background-position:68% 39%\"><img loading=\"lazy\" decoding=\"async\" width=\"757\" height=\"956\" src=\"https:\/\/ritmy.fr\/essais\/wp-content\/uploads\/2022\/04\/melodie-michel.jpg\" alt=\"\" class=\"wp-image-27380 size-full\" srcset=\"https:\/\/ritmy.fr\/essais\/wp-content\/uploads\/2022\/04\/melodie-michel.jpg 757w, https:\/\/ritmy.fr\/essais\/wp-content\/uploads\/2022\/04\/melodie-michel-238x300.jpg 238w\" sizes=\"auto, (max-width: 757px) 100vw, 757px\" \/><\/figure><\/div>\n\n\n\n<p class=\"has-black-color has-text-color has-large-font-size\">D\u00e9couvrez-la sur cette vid\u00e9o enregistr\u00e9e en 2018 alors qu&rsquo;elle avait 14 ans :<\/p>\n\n\n\n<figure class=\"wp-block-embed is-type-video is-provider-youtube wp-block-embed-youtube wp-embed-aspect-16-9 wp-has-aspect-ratio\"><div class=\"wp-block-embed__wrapper\">\n<iframe loading=\"lazy\" title=\"Bach, Pr\u00e9lude et Fugue sol majeur BWV 541, par M\u00e9lodie Michel (14 ans)\" width=\"803\" height=\"452\" src=\"https:\/\/www.youtube.com\/embed\/WXBW2wC0di4?feature=oembed\" frameborder=\"0\" allow=\"accelerometer; autoplay; clipboard-write; encrypted-media; gyroscope; picture-in-picture; web-share\" allowfullscreen><\/iframe>\n<\/div><\/figure>\n\n\n\n<p class=\"has-black-color has-text-color has-large-font-size\">Autour d\u2019un programme de musique classique fran\u00e7aise, elle jouera sur l\u2019orgue historique Clicquot de Houdan, datant de 1734 .<\/p>\n\n\n\n<p class=\"has-black-color has-text-color has-large-font-size\">Voici le programme d\u00e9taill\u00e9 de ce concert :<\/p>\n\n\n<div class=\"wp-block-image\">\n<figure class=\"aligncenter size-large is-resized\"><img loading=\"lazy\" decoding=\"async\" width=\"920\" height=\"1000\" src=\"https:\/\/ritmy.fr\/essais\/wp-content\/uploads\/2023\/03\/programme-920x1000.jpg\" alt=\"\" class=\"wp-image-28021\" style=\"width:601px;height:652px\" srcset=\"https:\/\/ritmy.fr\/essais\/wp-content\/uploads\/2023\/03\/programme-920x1000.jpg 920w, https:\/\/ritmy.fr\/essais\/wp-content\/uploads\/2023\/03\/programme-276x300.jpg 276w, https:\/\/ritmy.fr\/essais\/wp-content\/uploads\/2023\/03\/programme-768x834.jpg 768w, https:\/\/ritmy.fr\/essais\/wp-content\/uploads\/2023\/03\/programme-803x872.jpg 803w, https:\/\/ritmy.fr\/essais\/wp-content\/uploads\/2023\/03\/programme.jpg 1192w\" sizes=\"auto, (max-width: 920px) 100vw, 920px\" \/><\/figure><\/div>\n\n\n<p class=\"has-black-color has-text-color has-large-font-size\"><br>Venez d\u00e9couvrir cette jeune et talentueuse artiste !<\/p>\n\n\n\n<hr class=\"wp-block-separator has-css-opacity is-style-wide\"\/>\n\n\n\n<p class=\"has-black-color has-text-color has-large-font-size\">Il est fortement recommand\u00e9 de <strong>r\u00e9server en ligne<\/strong> en cliquant sur le bouton ci-dessous, ou en appelant le 06-08-02-22-22.<\/p>\n\n\n\n<div class=\"wp-block-buttons is-content-justification-center is-layout-flex wp-container-core-buttons-is-layout-16018d1d wp-block-buttons-is-layout-flex\">\n<div class=\"wp-block-button is-style-fill\"><a class=\"wp-block-button__link has-white-color has-vivid-cyan-blue-background-color has-text-color has-background wp-element-button\" href=\"https:\/\/ritmy.fr\/essais\/reserver\/\">R\u00c9SERVER VOS BILLETS<\/a><\/div>\n<\/div>\n\n\n\n<p><\/p>\n\n\n\n<p class=\"has-background has-large-font-size\" style=\"background-color:#cceef7\">Le concert se d\u00e9roulera de mani\u00e8re \u00e0&nbsp;garantir la s\u00e9curit\u00e9 de tous, nous appliquerons toutes les mesures sanitaires en vigueur.  (<em>plus d&rsquo;informations sur notre Protocole sanitaire dans cette<\/em> <a rel=\"noreferrer noopener\" href=\"https:\/\/ritmy.fr\/essais\/protocole-sanitaire\/\" target=\"_blank\"><span style=\"text-decoration: underline;\"><em>PAGE<\/em><\/span><\/a>)<\/p>\n\n\n\n<p class=\"has-background has-large-font-size\" style=\"background-color:#cceef7\">Afin de fluidifier l&rsquo;accueil du public, l&rsquo;ouverture des portes se fera <strong>\u00e0 partir de 16 h 15.<\/strong><\/p>\n\n\n\n<hr class=\"wp-block-separator has-css-opacity is-style-wide\"\/>\n\n\n\n<div class=\"wp-block-columns is-layout-flex wp-container-core-columns-is-layout-9d6595d7 wp-block-columns-is-layout-flex\">\n<div class=\"wp-block-column is-layout-flow wp-block-column-is-layout-flow\">\n<p><\/p>\n\n\n\n<div style=\"height:41px\" aria-hidden=\"true\" class=\"wp-block-spacer\"><\/div>\n\n\n\n<p class=\"has-large-font-size\">Pour vous rendre \u00e0 l\u2019\u00c9glise Saint-Jacques de Houdan :<\/p>\n<\/div>\n\n\n\n<div class=\"wp-block-column is-layout-flow wp-block-column-is-layout-flow\">\n<iframe src=\"https:\/\/www.google.com\/maps\/embed?pb=!1m18!1m12!1m3!1d2628.6029471589986!2d1.599184015835476!3d48.78947001351086!2m3!1f0!2f0!3f0!3m2!1i1024!2i768!4f13.1!3m3!1m2!1s0x47e6a5d576191281%3A0x46c984cd8961a2ec!2sEglise%20Saint-Jacques%20et%20Saint-Christophe!5e0!3m2!1sfr!2sfr!4v1650901454347!5m2!1sfr!2sfr\" style=\"border:0;\" allowfullscreen=\"\" loading=\"lazy\" referrerpolicy=\"no-referrer-when-downgrade\" width=\"600\" height=\"450\"><\/iframe>\n<\/div>\n<\/div>\n\n\n\n<hr class=\"wp-block-separator has-css-opacity is-style-dots\"\/>\n\n\n\n<div class=\"wp-block-media-text is-vertically-aligned-top\" style=\"grid-template-columns:27% auto\"><figure class=\"wp-block-media-text__media\"><img loading=\"lazy\" decoding=\"async\" width=\"1000\" height=\"855\" src=\"https:\/\/ritmy.fr\/essais\/wp-content\/uploads\/2022\/04\/Houdan-complet-1000x855.png\" alt=\"\" class=\"wp-image-27384 size-full\" srcset=\"https:\/\/ritmy.fr\/essais\/wp-content\/uploads\/2022\/04\/Houdan-complet-1000x855.png 1000w, https:\/\/ritmy.fr\/essais\/wp-content\/uploads\/2022\/04\/Houdan-complet-300x257.png 300w, https:\/\/ritmy.fr\/essais\/wp-content\/uploads\/2022\/04\/Houdan-complet-768x657.png 768w, https:\/\/ritmy.fr\/essais\/wp-content\/uploads\/2022\/04\/Houdan-complet-803x687.png 803w, https:\/\/ritmy.fr\/essais\/wp-content\/uploads\/2022\/04\/Houdan-complet.png 1065w\" sizes=\"auto, (max-width: 1000px) 100vw, 1000px\" \/><\/figure><div class=\"wp-block-media-text__content\">\n<p class=\"has-large-font-size\">Concert organis\u00e9 conjointement par RITMY et l\u2019\u00c9cole de Musique de Houdan<\/p>\n<\/div><\/div>\n\n\n\n<div class=\"wp-block-media-text is-vertically-aligned-top\" style=\"grid-template-columns:28% auto\"><figure class=\"wp-block-media-text__media\"><img loading=\"lazy\" decoding=\"async\" width=\"1000\" height=\"500\" src=\"https:\/\/ritmy.fr\/essais\/wp-content\/uploads\/2018\/09\/SPEDIDAM-ENCADRE-r\u00e9duit-1000x500.jpg\" alt=\"\" class=\"wp-image-18150 size-full\" srcset=\"https:\/\/ritmy.fr\/essais\/wp-content\/uploads\/2018\/09\/SPEDIDAM-ENCADRE-r\u00e9duit-1000x500.jpg 1000w, https:\/\/ritmy.fr\/essais\/wp-content\/uploads\/2018\/09\/SPEDIDAM-ENCADRE-r\u00e9duit-300x150.jpg 300w, https:\/\/ritmy.fr\/essais\/wp-content\/uploads\/2018\/09\/SPEDIDAM-ENCADRE-r\u00e9duit-768x384.jpg 768w, https:\/\/ritmy.fr\/essais\/wp-content\/uploads\/2018\/09\/SPEDIDAM-ENCADRE-r\u00e9duit.jpg 1100w\" sizes=\"auto, (max-width: 1000px) 100vw, 1000px\" \/><\/figure><div class=\"wp-block-media-text__content\">\n<p class=\"has-large-font-size\">RITMY b\u00e9n\u00e9ficie du soutien de la SPEDIDAM.<\/p>\n<\/div><\/div>\n\n\n\n<div style=\"height:20px\" aria-hidden=\"true\" class=\"wp-block-spacer\"><\/div>\n","protected":false},"excerpt":{"rendered":"<p>Jeune talent et patrimoinele dimanche 16 avril 2023 \u00e0 17h \u00e0 l&rsquo;\u00e9glise Saint-Jacques orgue classique fran\u00e7ais M\u00e9lodie Michel est entr\u00e9e dans la classe d\u2019orgue d\u2019Olivier Latry et de Michel Bouvard au CNSMDP en 2020, \u00e0 l\u2019\u00e2ge de 16 ans.M\u00e9lodie est une jeune musicienne franco-am\u00e9ricaine qui a \u00e9t\u00e9 form\u00e9e \u00e0 l\u2019orgue par Jean-Baptiste Robin au CRR &hellip; <\/p>\n<p><a class=\"more-link btn\" href=\"https:\/\/ritmy.fr\/essais\/concerts-2\/concerts-33e-saison\/melodie-michel\/\">Lire la suite<\/a><\/p>\n","protected":false},"author":5,"featured_media":27455,"parent":27272,"menu_order":6,"comment_status":"closed","ping_status":"closed","template":"","meta":{"footnotes":""},"class_list":["post-27378","page","type-page","status-publish","has-post-thumbnail","hentry","nodate","item-wrap"],"_links":{"self":[{"href":"https:\/\/ritmy.fr\/essais\/wp-json\/wp\/v2\/pages\/27378","targetHints":{"allow":["GET"]}}],"collection":[{"href":"https:\/\/ritmy.fr\/essais\/wp-json\/wp\/v2\/pages"}],"about":[{"href":"https:\/\/ritmy.fr\/essais\/wp-json\/wp\/v2\/types\/page"}],"author":[{"embeddable":true,"href":"https:\/\/ritmy.fr\/essais\/wp-json\/wp\/v2\/users\/5"}],"replies":[{"embeddable":true,"href":"https:\/\/ritmy.fr\/essais\/wp-json\/wp\/v2\/comments?post=27378"}],"version-history":[{"count":15,"href":"https:\/\/ritmy.fr\/essais\/wp-json\/wp\/v2\/pages\/27378\/revisions"}],"predecessor-version":[{"id":30180,"href":"https:\/\/ritmy.fr\/essais\/wp-json\/wp\/v2\/pages\/27378\/revisions\/30180"}],"up":[{"embeddable":true,"href":"https:\/\/ritmy.fr\/essais\/wp-json\/wp\/v2\/pages\/27272"}],"wp:featuredmedia":[{"embeddable":true,"href":"https:\/\/ritmy.fr\/essais\/wp-json\/wp\/v2\/media\/27455"}],"wp:attachment":[{"href":"https:\/\/ritmy.fr\/essais\/wp-json\/wp\/v2\/media?parent=27378"}],"curies":[{"name":"wp","href":"https:\/\/api.w.org\/{rel}","templated":true}]}}