{"id":26468,"date":"2021-09-16T19:20:20","date_gmt":"2021-09-16T18:20:20","guid":{"rendered":"https:\/\/ritmy.fr\/essais\/?page_id=26468"},"modified":"2022-03-01T19:32:42","modified_gmt":"2022-03-01T18:32:42","slug":"magali-leger","status":"publish","type":"page","link":"https:\/\/ritmy.fr\/essais\/concerts-2\/concerts-32eme-saison-2-mobile\/magali-leger\/","title":{"rendered":"Magali L\u00c9GER et l&rsquo;Ensemble RosaSolis,  \u00e0 Houdan le15 mai 2022"},"content":{"rendered":"\n<script language=\"Javascript\">\n<!--\nfunction isMobileDevice() \n{ \nif (\/Mobil\/i.test(navigator.userAgent))\n  {\n  window.open(\"https:\/\/ritmy.fr\/essais\/magali-mobile\/\", \"_top\");\n  }\n}\n\/\/-->\n<\/script>\n<script type=\"text\/javascript\">isMobileDevice()<\/script>\n\n\n\n<p class=\"has-text-align-center has-large-font-size has-vivid-cyan-blue-color has-text-color has-larger-font-size\" style=\"line-height:1.5\"><strong><strong><strong><strong><strong><strong><strong>Magali L\u00c9GER et l&rsquo;Ensemble RosaSolis <\/strong>&#8211;<em>\u00ab\u00a0Le Passioni dell&rsquo;Anima\u00a0\u00bb<\/em><\/strong><\/strong><\/strong><\/strong><\/strong><br><\/strong><span class=\"has-text-align-center has-large-font-size\"><strong><strong><strong><strong><strong><strong><strong>HOUDAN &#8211; Dimanche 15 mai 2022, \u00e0 17h, \u00e9glise Saint-Jacques<\/strong><\/strong><\/strong><\/strong><\/strong><\/strong><\/strong><\/span><\/p>\n\n\n\n<p class=\"has-large-font-size\" id=\"block-4ff411e6-e6ea-4b33-9eae-a494120fdbfe\">La soprano Magali L\u00c9GER est une habitu\u00e9e des plus grandes sc\u00e8nes de concert et d&rsquo;op\u00e9ra dans le monde, o\u00f9 elle aborde aussi bien le r\u00e9pertoire baroque et la cr\u00e9ation contemporaine que les chefs-d\u2019\u0153uvre classiques et romantiques. <br>L&rsquo;<strong>Ensemble RosaSolis<\/strong> se consacre \u00e0 la musique vocale et instrumentale des XVIIe et XVIIIe si\u00e8cles, ses membres collaborent avec les plus prestigieux ensembles de musique ancienne europ\u00e9ens. <strong><br>Magali L\u00c9GER<\/strong> est leur principale partenaire &lsquo;vocale&rsquo;, explorant avec charme et talent l\u2019univers du r\u00e9pertoire baroque<\/p>\n\n\n\n<div class=\"wp-block-media-text is-stacked-on-mobile is-image-fill\"><figure class=\"wp-block-media-text__media\" style=\"background-image:url(https:\/\/ritmy.fr\/essais\/wp-content\/uploads\/2020\/05\/MAGALI_0123-copie-1000x750.jpg);background-position:50% 50%\"><img decoding=\"async\" src=\"https:\/\/ritmy.fr\/essais\/wp-content\/uploads\/2020\/05\/MAGALI_0123-copie-1000x750.jpg\" alt=\"\"\/><\/figure><div class=\"wp-block-media-text__content\">\n<p class=\"has-large-font-size\">Pour notre concert, <strong>Magali L\u00c9GER<\/strong>&nbsp;(\u00e0 gauche) sera accompagn\u00e9e par <strong>Julie Blais <\/strong>au clavecin et <strong>Nicolas Crnanjski<\/strong> au violoncelle. <br>Leurs interpr\u00e9tations sinc\u00e8res, vivantes et sensuelles ont su, au fil des ann\u00e9es, gagner l\u2019estime et la confiance de nombreux festivals et de leurs publics.<\/p>\n\n\n\n<p class=\"has-large-font-size\">Ils nous proposent <em>\u00ab\u00a0La Passion de l&rsquo;\u00c2me\u00a0\u00bb<\/em>, des cantates de Haendel, sonates de Vivaldi pour violoncelle et clavecin, et pi\u00e8ces instrumentales de J.S. Bach.<\/p>\n<\/div><\/div>\n\n\n\n<p class=\"has-text-align-left has-large-font-size\" id=\"block-80ebcfd9-3b93-467e-9764-92827dd9bea3\">D\u00e9couvrez-les avec cette <em><a rel=\"noreferrer noopener\" href=\"https:\/\/www.youtube.com\/watch?v=xGYgkUNoQOU\" target=\"_blank\"><strong>vid\u00e9o<\/strong><\/a><\/em>, ainsi que Magali L\u00e9ger sur <strong><em><a rel=\"noreferrer noopener\" href=\"http:\/\/www.magalileger.fr\/\" target=\"_blank\">son site<\/a><\/em><\/strong> et l&rsquo;Ensemble Rosasolis sur <strong><em><a rel=\"noreferrer noopener\" href=\"https:\/\/www.musicora.com\/fr\/rosasolis\" target=\"_blank\">cette page<\/a><\/em><\/strong>.<\/p>\n\n\n\n<hr class=\"wp-block-separator aligncenter is-style-wide\"\/>\n\n\n\n<p style=\"font-size:19px\">  Il est fortement recommand\u00e9 de <strong>r\u00e9server en ligne<\/strong> en cliquant sur le bouton ci-dessous, ou en appelant le 06-08-24-96-61.   <\/p>\n\n\n\n<div class=\"wp-block-buttons is-content-justification-center is-layout-flex wp-block-buttons-is-layout-flex\">\n<div class=\"wp-block-button aligncenter\"><a class=\"wp-block-button__link\" href=\"https:\/\/ritmy.fr\/essais\/reserver\/\">R<strong>\u00c9<\/strong>SERVER vos BILLETS<\/a><\/div>\n<\/div>\n\n\n\n<p class=\"has-very-light-gray-background-color has-background has-large-font-size\">Le concert se d\u00e9roulera de mani\u00e8re \u00e0&nbsp;garantir la s\u00e9curit\u00e9 de tous, nous appliquerons toutes les mesures sanitaires en vigueur.  (<em>plus d&rsquo;informations sur notre Protocole sanitaire dans cette<\/em> <a rel=\"noreferrer noopener\" href=\"https:\/\/ritmy.fr\/essais\/protocole-sanitaire\/\" target=\"_blank\"><span style=\"text-decoration: underline;\"><em>PAGE<\/em><\/span><\/a>)<\/p>\n\n\n\n<p class=\"has-very-light-gray-background-color has-background has-large-font-size\"> Afin de fluidifier l&rsquo;accueil du public, l&rsquo;ouverture des portes se fera <strong>\u00e0 partir de 16 h 15.<\/strong> <\/p>\n\n\n\n<hr class=\"wp-block-separator aligncenter is-style-wide\"\/>\n\n\n\n<div class=\"wp-block-columns is-layout-flex wp-container-core-columns-is-layout-9d6595d7 wp-block-columns-is-layout-flex\">\n<div class=\"wp-block-column is-layout-flow wp-block-column-is-layout-flow\" style=\"flex-basis:51%\">\n<div style=\"height:45px\" aria-hidden=\"true\" class=\"wp-block-spacer\"><\/div>\n\n\n\n<p class=\"has-text-align-center\" style=\"font-size:18px\">Rendez-vous \u00e0  17h00 \u00e0 l&rsquo;\u00e9glise Saint-Jacques<\/p>\n<\/div>\n\n\n\n<div class=\"wp-block-column is-layout-flow wp-block-column-is-layout-flow\" style=\"flex-basis:49%\">\n<iframe src=\"https:\/\/www.google.com\/maps\/embed?pb=!1m16!1m12!1m3!1d3156.1927856171337!2d1.5992743105597147!3d48.789463169918214!2m3!1f0!2f0!3f0!3m2!1i1024!2i768!4f13.1!2m1!1s%C3%A9glise%20de%20houdan!5e0!3m2!1sfr!2sfr!4v1631353212588!5m2!1sfr!2sfr\" style=\"border:0;\" allowfullscreen=\"\" loading=\"lazy\" width=\"600\" height=\"450\"><\/iframe>\n<\/div>\n<\/div>\n\n\n\n<hr class=\"wp-block-separator\"\/>\n\n\n\n<div class=\"wp-block-media-text is-stacked-on-mobile\"><figure class=\"wp-block-media-text__media\"><img loading=\"lazy\" decoding=\"async\" width=\"475\" height=\"86\" src=\"https:\/\/ritmy.fr\/essais\/wp-content\/uploads\/2015\/09\/emh.png\" alt=\"emh\" class=\"wp-image-12785 size-full\" srcset=\"https:\/\/ritmy.fr\/essais\/wp-content\/uploads\/2015\/09\/emh.png 475w, https:\/\/ritmy.fr\/essais\/wp-content\/uploads\/2015\/09\/emh-300x54.png 300w\" sizes=\"auto, (max-width: 475px) 100vw, 475px\" \/><\/figure><div class=\"wp-block-media-text__content\">\n<p class=\"has-large-font-size\">Concert organis\u00e9 conjointement par RITMY et l\u2019\u00c9cole de Musique de Houdan<\/p>\n<\/div><\/div>\n\n\n\n<div class=\"wp-block-media-text is-stacked-on-mobile\" style=\"grid-template-columns:23% auto\"><figure class=\"wp-block-media-text__media\"><img loading=\"lazy\" decoding=\"async\" width=\"1000\" height=\"500\" src=\"https:\/\/ritmy.fr\/essais\/wp-content\/uploads\/2018\/09\/SPEDIDAM-ENCADRE-r\u00e9duit-1000x500.jpg\" alt=\"\" class=\"wp-image-18150 size-full\" srcset=\"https:\/\/ritmy.fr\/essais\/wp-content\/uploads\/2018\/09\/SPEDIDAM-ENCADRE-r\u00e9duit-1000x500.jpg 1000w, https:\/\/ritmy.fr\/essais\/wp-content\/uploads\/2018\/09\/SPEDIDAM-ENCADRE-r\u00e9duit-300x150.jpg 300w, https:\/\/ritmy.fr\/essais\/wp-content\/uploads\/2018\/09\/SPEDIDAM-ENCADRE-r\u00e9duit-768x384.jpg 768w, https:\/\/ritmy.fr\/essais\/wp-content\/uploads\/2018\/09\/SPEDIDAM-ENCADRE-r\u00e9duit.jpg 1100w\" sizes=\"auto, (max-width: 1000px) 100vw, 1000px\" \/><\/figure><div class=\"wp-block-media-text__content\">\n<p class=\"has-large-font-size\"> RITMY b\u00e9n\u00e9ficie du soutien de la SPEDIDAM. <\/p>\n<\/div><\/div>\n","protected":false},"excerpt":{"rendered":"<p>Magali L\u00c9GER et l&rsquo;Ensemble RosaSolis &#8211;\u00ab\u00a0Le Passioni dell&rsquo;Anima\u00a0\u00bbHOUDAN &#8211; Dimanche 15 mai 2022, \u00e0 17h, \u00e9glise Saint-Jacques La soprano Magali L\u00c9GER est une habitu\u00e9e des plus grandes sc\u00e8nes de concert et d&rsquo;op\u00e9ra dans le monde, o\u00f9 elle aborde aussi bien le r\u00e9pertoire baroque et la cr\u00e9ation contemporaine que les chefs-d\u2019\u0153uvre classiques et romantiques. L&rsquo;Ensemble RosaSolis &hellip; <\/p>\n<p><a class=\"more-link btn\" href=\"https:\/\/ritmy.fr\/essais\/concerts-2\/concerts-32eme-saison-2-mobile\/magali-leger\/\">Lire la suite<\/a><\/p>\n","protected":false},"author":5,"featured_media":0,"parent":26361,"menu_order":7,"comment_status":"closed","ping_status":"closed","template":"","meta":{"footnotes":""},"class_list":["post-26468","page","type-page","status-publish","hentry","nodate","item-wrap"],"_links":{"self":[{"href":"https:\/\/ritmy.fr\/essais\/wp-json\/wp\/v2\/pages\/26468","targetHints":{"allow":["GET"]}}],"collection":[{"href":"https:\/\/ritmy.fr\/essais\/wp-json\/wp\/v2\/pages"}],"about":[{"href":"https:\/\/ritmy.fr\/essais\/wp-json\/wp\/v2\/types\/page"}],"author":[{"embeddable":true,"href":"https:\/\/ritmy.fr\/essais\/wp-json\/wp\/v2\/users\/5"}],"replies":[{"embeddable":true,"href":"https:\/\/ritmy.fr\/essais\/wp-json\/wp\/v2\/comments?post=26468"}],"version-history":[{"count":22,"href":"https:\/\/ritmy.fr\/essais\/wp-json\/wp\/v2\/pages\/26468\/revisions"}],"predecessor-version":[{"id":27048,"href":"https:\/\/ritmy.fr\/essais\/wp-json\/wp\/v2\/pages\/26468\/revisions\/27048"}],"up":[{"embeddable":true,"href":"https:\/\/ritmy.fr\/essais\/wp-json\/wp\/v2\/pages\/26361"}],"wp:attachment":[{"href":"https:\/\/ritmy.fr\/essais\/wp-json\/wp\/v2\/media?parent=26468"}],"curies":[{"name":"wp","href":"https:\/\/api.w.org\/{rel}","templated":true}]}}