{"id":24587,"date":"2021-02-26T19:28:40","date_gmt":"2021-02-26T18:28:40","guid":{"rendered":"http:\/\/ritmy.fr\/essais\/?page_id=24587"},"modified":"2024-06-20T15:21:44","modified_gmt":"2024-06-20T14:21:44","slug":"ritmy-recrute","status":"publish","type":"page","link":"https:\/\/ritmy.fr\/essais\/ritmy\/ritmy-recrute\/","title":{"rendered":"RITMY recrute"},"content":{"rendered":"\n<p style=\"font-size:18px\">L\u2019\u00e9quipe RITMY a actuellement besoin de se <strong>renforcer<\/strong>, aussi nous faisons un appel aux personnes ayant un peu de temps libre et souhaitant nous aider en participant \u00e0 la vie de l\u2019association.<\/p>\n\n\n\n<div style=\"height:8px\" aria-hidden=\"true\" class=\"wp-block-spacer\"><\/div>\n\n\n\n<div class=\"wp-block-media-text is-stacked-on-mobile is-vertically-aligned-center\" style=\"grid-template-columns:16% auto\"><figure class=\"wp-block-media-text__media\"><img loading=\"lazy\" decoding=\"async\" width=\"350\" height=\"350\" src=\"https:\/\/ritmy.fr\/essais\/wp-content\/uploads\/2021\/06\/projecteur.jpg\" alt=\"\" class=\"wp-image-26072 size-full\" srcset=\"https:\/\/ritmy.fr\/essais\/wp-content\/uploads\/2021\/06\/projecteur.jpg 350w, https:\/\/ritmy.fr\/essais\/wp-content\/uploads\/2021\/06\/projecteur-300x300.jpg 300w, https:\/\/ritmy.fr\/essais\/wp-content\/uploads\/2021\/06\/projecteur-150x150.jpg 150w\" sizes=\"auto, (max-width: 350px) 100vw, 350px\" \/><\/figure><div class=\"wp-block-media-text__content\">\n<p style=\"font-size:18px;line-height:1.7\"><span style=\"text-decoration: underline;\">Nous recherchons un(e) <strong>gestionnaire de l&rsquo;\u00e9clairage de nos concerts<\/strong>.<\/span><\/p>\n<\/div><\/div>\n\n\n\n<p>La personne en charge de l&rsquo;\u00e9clairage, qui faisait partie de notre \u00e9quipe depuis de nombreuses ann\u00e9es, ne peut plus assurer cette fonction pour raison de sant\u00e9.<\/p>\n\n\n\n<p>Notre mat\u00e9riel \u00e9tant tr\u00e8s simple, nul besoin d&rsquo;\u00eatre sp\u00e9cialiste en \u00e9lectricit\u00e9 ! Cette activit\u00e9 n\u00e9cessite en revanche d&rsquo;installer&nbsp;les projecteurs&nbsp;en amont de l&rsquo;arriv\u00e9e des musiciens qui r\u00e9p\u00e8tent avant le d\u00e9but des concerts, et de pouvoir entreposer chez soi le mat\u00e9riel (2 caisses et des pieds qui se transportent assez facilement).<\/p>\n\n\n\n<p>Bien s\u00fbr si vous \u00eates int\u00e9ress\u00e9(e) pour nous rejoindre, vous serez accompagn\u00e9 pour la mise en pratique de l&rsquo;installation.<\/p>\n\n\n\n<p>Un grand merci.<\/p>\n\n\n\n<hr class=\"wp-block-separator has-text-color has-black-color has-css-opacity has-black-background-color has-background is-style-dots\"\/>\n\n\n\n<p>Mais int\u00e9grer l\u2019association RITMY, c\u2019est avant tout participer \u00e0 l\u2019\u00e9laboration des Saisons Musicales et \u00e0 l\u2019organisation des concerts, au sein d\u2019une \u00e9quipe passionn\u00e9e et dynamique.<\/p>\n\n\n\n<p style=\"font-size:17px\"><strong>Alors, n\u2019h\u00e9sitez pas, venez nous rejoindre, et vous partagerez avec nous cet enthousiasme qui nous anime chaque ann\u00e9e depuis 34 ans.<\/strong><\/p>\n\n\n\n<div style=\"height:10px\" aria-hidden=\"true\" class=\"wp-block-spacer\"><\/div>\n\n\n\n<p class=\"has-vivid-red-color has-text-color\" style=\"font-size:17px\">Pour obtenir <strong>plus d\u2019informations<\/strong>, vous pouvez nous contacter, au <span class=\"has-inline-color has-vivid-red-color\"><strong><em>06-48-69-21-89<\/em><\/strong> <\/span>ou par courriel <em><strong><a rel=\"noreferrer noopener\" href=\"mailto:contact.ritmy@gmail.com\" target=\"_blank\"><span class=\"has-inline-color has-vivid-cyan-blue-color\"><span style=\"text-decoration: underline;\">contact.ritmy@gmail.com<\/span><\/span><\/a><\/strong><\/em><\/p>\n\n\n\n<div style=\"height:5px\" aria-hidden=\"true\" class=\"wp-block-spacer\"><\/div>\n\n\n\n<p><\/p>\n","protected":false},"excerpt":{"rendered":"<p>L\u2019\u00e9quipe RITMY a actuellement besoin de se renforcer, aussi nous faisons un appel aux personnes ayant un peu de temps libre et souhaitant nous aider en participant \u00e0 la vie de l\u2019association. Nous recherchons un(e) gestionnaire de l&rsquo;\u00e9clairage de nos concerts. La personne en charge de l&rsquo;\u00e9clairage, qui faisait partie de notre \u00e9quipe depuis de &hellip; <\/p>\n<p><a class=\"more-link btn\" href=\"https:\/\/ritmy.fr\/essais\/ritmy\/ritmy-recrute\/\">Lire la suite<\/a><\/p>\n","protected":false},"author":3,"featured_media":0,"parent":18,"menu_order":4,"comment_status":"closed","ping_status":"closed","template":"","meta":{"footnotes":""},"class_list":["post-24587","page","type-page","status-publish","hentry","nodate","item-wrap"],"_links":{"self":[{"href":"https:\/\/ritmy.fr\/essais\/wp-json\/wp\/v2\/pages\/24587","targetHints":{"allow":["GET"]}}],"collection":[{"href":"https:\/\/ritmy.fr\/essais\/wp-json\/wp\/v2\/pages"}],"about":[{"href":"https:\/\/ritmy.fr\/essais\/wp-json\/wp\/v2\/types\/page"}],"author":[{"embeddable":true,"href":"https:\/\/ritmy.fr\/essais\/wp-json\/wp\/v2\/users\/3"}],"replies":[{"embeddable":true,"href":"https:\/\/ritmy.fr\/essais\/wp-json\/wp\/v2\/comments?post=24587"}],"version-history":[{"count":24,"href":"https:\/\/ritmy.fr\/essais\/wp-json\/wp\/v2\/pages\/24587\/revisions"}],"predecessor-version":[{"id":29516,"href":"https:\/\/ritmy.fr\/essais\/wp-json\/wp\/v2\/pages\/24587\/revisions\/29516"}],"up":[{"embeddable":true,"href":"https:\/\/ritmy.fr\/essais\/wp-json\/wp\/v2\/pages\/18"}],"wp:attachment":[{"href":"https:\/\/ritmy.fr\/essais\/wp-json\/wp\/v2\/media?parent=24587"}],"curies":[{"name":"wp","href":"https:\/\/api.w.org\/{rel}","templated":true}]}}