{"id":23583,"date":"2021-09-09T17:26:00","date_gmt":"2021-09-09T16:26:00","guid":{"rendered":"http:\/\/ritmy.fr\/essais\/?page_id=23583"},"modified":"2022-01-24T20:05:21","modified_gmt":"2022-01-24T19:05:21","slug":"david-enhco-quartet-a-maule","status":"publish","type":"page","link":"https:\/\/ritmy.fr\/essais\/concerts-2\/concerts-32eme-saison-2-mobile\/david-enhco-quartet-a-maule\/","title":{"rendered":"David ENHCO Quartet, \u00e0 Maule le 30 janvier 2022"},"content":{"rendered":"\n<script language=\"Javascript\">\n<!--\nfunction isMobileDevice() \n{ \nif (\/Mobil\/i.test(navigator.userAgent))\n  {\n  window.open(\"https:\/\/ritmy.fr\/essais\/maule2021-mobile\/\", \"_top\");\n  }\n}\n\/\/-->\n<\/script>\n<script type=\"text\/javascript\">isMobileDevice()<\/script>\n\n\n\n<p class=\"has-vivid-cyan-blue-color has-text-color\" style=\"font-size:22px\"><strong>David ENHCO Quartet<\/strong>, <strong>et le Quatuor VOCE<\/strong><em> <\/em> &#8211;<em> \u00ab\u00a0Family Tree\u00a0\u00bb <\/em><\/p>\n\n\n\n<p class=\"has-vivid-cyan-blue-color has-text-color\" style=\"font-size:22px\"><strong><strong>\u00c0<\/strong><\/strong> <strong>MAULE, le <strong>Dimanche 30 janvier 2022<\/strong>, \u00e0 17h. &#8211; Salle de spectacle du Complexe &lsquo;Les Deux Sc\u00e8nes&rsquo;<\/strong><\/p>\n\n\n\n<p class=\"has-large-font-size\"><em>\u00ab\u00a0Family Tree\u00a0\u00bb<\/em> est un programme qui r\u00e9unit&nbsp;deux esth\u00e9tiques musicales que sont le jazz et la musique classique, au travers d&rsquo;une rencontre entre le Quarte<strong>t<\/strong> de David ENHCO et le Quatuor VOCE (quatuor \u00e0 cordes).<\/p>\n\n\n\n<div class=\"wp-block-image is-style-default\"><figure class=\"aligncenter size-full is-resized\"><img loading=\"lazy\" decoding=\"async\" src=\"https:\/\/ritmy.fr\/essais\/wp-content\/uploads\/2020\/11\/David-Enhco-Q-et-Quatuor-Voce-1.png\" alt=\"\" class=\"wp-image-23596\" width=\"686\" height=\"390\" srcset=\"https:\/\/ritmy.fr\/essais\/wp-content\/uploads\/2020\/11\/David-Enhco-Q-et-Quatuor-Voce-1.png 1200w, https:\/\/ritmy.fr\/essais\/wp-content\/uploads\/2020\/11\/David-Enhco-Q-et-Quatuor-Voce-1-300x171.png 300w, https:\/\/ritmy.fr\/essais\/wp-content\/uploads\/2020\/11\/David-Enhco-Q-et-Quatuor-Voce-1-1000x570.png 1000w, https:\/\/ritmy.fr\/essais\/wp-content\/uploads\/2020\/11\/David-Enhco-Q-et-Quatuor-Voce-1-768x438.png 768w, https:\/\/ritmy.fr\/essais\/wp-content\/uploads\/2020\/11\/David-Enhco-Q-et-Quatuor-Voce-1-803x458.png 803w\" sizes=\"auto, (max-width: 686px) 100vw, 686px\" \/><figcaption>David ENHCO entour\u00e9 de Thomas ENHCO, Florent NISSE et du Quatuor VOCE (capture YouTube)<\/figcaption><\/figure><\/div>\n\n\n\n<p class=\"has-large-font-size\">Tout en se revendiquant du jazz, le trompettiste David ENHCO et son Quartet, \u00e9pris de libert\u00e9, s\u2019\u00e9loignent parfois de ses traditions et de ses cadres, comme en t\u00e9moigne cette belle collaboration avec le quatuor \u00e0 cordes VOCE.<\/p>\n\n\n\n<div class=\"wp-block-media-text is-stacked-on-mobile is-vertically-aligned-top is-image-fill\" style=\"grid-template-columns:51% auto\"><figure class=\"wp-block-media-text__media\" style=\"background-image:url(https:\/\/ritmy.fr\/essais\/wp-content\/uploads\/2020\/07\/David-Enhco-6-\u00a9Maxime-de-Bollivier-r\u00e9duit-1000x667.jpg);background-position:74% 47%\"><img loading=\"lazy\" decoding=\"async\" width=\"1000\" height=\"667\" src=\"https:\/\/ritmy.fr\/essais\/wp-content\/uploads\/2020\/07\/David-Enhco-6-\u00a9Maxime-de-Bollivier-r\u00e9duit-1000x667.jpg\" alt=\"\" class=\"wp-image-22759 size-full\" srcset=\"https:\/\/ritmy.fr\/essais\/wp-content\/uploads\/2020\/07\/David-Enhco-6-\u00a9Maxime-de-Bollivier-r\u00e9duit-1000x667.jpg 1000w, https:\/\/ritmy.fr\/essais\/wp-content\/uploads\/2020\/07\/David-Enhco-6-\u00a9Maxime-de-Bollivier-r\u00e9duit-300x200.jpg 300w, https:\/\/ritmy.fr\/essais\/wp-content\/uploads\/2020\/07\/David-Enhco-6-\u00a9Maxime-de-Bollivier-r\u00e9duit-768x512.jpg 768w, https:\/\/ritmy.fr\/essais\/wp-content\/uploads\/2020\/07\/David-Enhco-6-\u00a9Maxime-de-Bollivier-r\u00e9duit.jpg 1200w\" sizes=\"auto, (max-width: 1000px) 100vw, 1000px\" \/><\/figure><div class=\"wp-block-media-text__content\">\n<p class=\"has-large-font-size\">David ENHCO sera entour\u00e9 de son fr\u00e8re Thomas Enhco au piano, Florent Nisse \u00e0 la contrebasse, et Gautier Garrigue \u00e0 la batterie.<\/p>\n\n\n\n<p class=\"has-large-font-size\">Le David ENHCO Quartet se produit dans divers festivals et a remport\u00e9 le 1er prix du concours international de jazz de Montauban. Il ont enregistr\u00e9 deux albums, r\u00e9compens\u00e9s par la presse.<\/p>\n\n\n\n<p class=\"has-large-font-size\"> David ENHCO commence la musique tr\u00e8s jeune avec les percussions et le piano, puis adopte la trompette. Il \u00e9tudie le classique et le jazz, et d\u00e8s 16 ans est invit\u00e9 \u00e0 jouer dans des formations allant du duo au big band en France et \u00e0 travers le monde. <\/p>\n<\/div><\/div>\n\n\n\n<p class=\"has-large-font-size\">En 2008, il commence des tourn\u00e9es avec le Trio Casadesus-Enhco, avec Didier Lockwood, ainsi qu\u2019avec le spectacle &lsquo;Le Jazz et la Diva Opus 2, et une cr\u00e9ation avec Marie-Claude Pietragalla.<\/p>\n\n\n\n<p class=\"has-large-font-size\">En 2010, il fonde T<em>he Amazing Keystone Big Band<\/em> avec 3 autres jazzmen. Avec cet orchestre de 17 musiciens, il d\u00e9veloppe des spectacles tous publics : comme en 2012  \u00ab\u00a0Pierre et le Loup\u2026 et le Jazz !\u00a0\u00bb, ou en 2015 \u00ab\u00a0Le Carnaval Jazz des Animaux\u00a0\u00bb avec Edouard Baer dans le r\u00f4le du r\u00e9citant.<\/p>\n\n\n\n<p class=\"has-large-font-size\">David ENHCO donne de nombreux concerts sur plusieurs continents avec son quartet, le \u00ab\u00a0Amazing Keystone Big Band\u00a0\u00bb, le \u00ab\u00a0Trio Casadesus-Enhco\u00a0\u00bb  et le duo \u00ab\u00a0Enhco Brothers\u00a0\u00bb qu\u2019il partage avec son fr\u00e8re Thomas.<\/p>\n\n\n\n<p class=\"has-large-font-size\">En 2018, il remporte deux Victoires du Jazz dans les cat\u00e9gories : &lsquo;Artiste qui monte&rsquo; et &lsquo;Groupe de l\u2019ann\u00e9e&rsquo;.<\/p>\n\n\n\n<div class=\"wp-block-group\"><div class=\"wp-block-group__inner-container is-layout-flow wp-block-group-is-layout-flow\">\n<div style=\"height:20px\" aria-hidden=\"true\" class=\"wp-block-spacer\"><\/div>\n<\/div><\/div>\n\n\n\n<div class=\"wp-block-media-text is-stacked-on-mobile is-vertically-aligned-center is-image-fill\" style=\"grid-template-columns:49% auto\"><figure class=\"wp-block-media-text__media\" style=\"background-image:url(https:\/\/ritmy.fr\/essais\/wp-content\/uploads\/2020\/11\/Quatuor-Voce-1.jpg);background-position:42% 38%\"><img loading=\"lazy\" decoding=\"async\" width=\"1000\" height=\"665\" src=\"https:\/\/ritmy.fr\/essais\/wp-content\/uploads\/2020\/11\/Quatuor-Voce-1.jpg\" alt=\"\" class=\"wp-image-23590 size-full\" srcset=\"https:\/\/ritmy.fr\/essais\/wp-content\/uploads\/2020\/11\/Quatuor-Voce-1.jpg 1000w, https:\/\/ritmy.fr\/essais\/wp-content\/uploads\/2020\/11\/Quatuor-Voce-1-300x200.jpg 300w, https:\/\/ritmy.fr\/essais\/wp-content\/uploads\/2020\/11\/Quatuor-Voce-1-768x511.jpg 768w, https:\/\/ritmy.fr\/essais\/wp-content\/uploads\/2020\/11\/Quatuor-Voce-1-803x534.jpg 803w\" sizes=\"auto, (max-width: 1000px) 100vw, 1000px\" \/><\/figure><div class=\"wp-block-media-text__content\">\n<p class=\"has-large-font-size\">Le Quatuor VOCE, est compos\u00e9 de Sarah Dayan (violon), C\u00e9cile Roubin (violon), Guillaume Becker (alto), et Lydia Shelley (violoncelle).<\/p>\n\n\n\n<p class=\"has-large-font-size\">Depuis quinze ans, les VOCE cultivent leur id\u00e9e du quatuor \u00e0 cordes, polymorphe et aventureux. Laur\u00e9ats de nombreux concours internationaux, ils parcourent les routes du monde entier. Ils s\u2019attachent \u00e0 d\u00e9fendre les grandes pi\u00e8ces du r\u00e9pertoire classique, seuls ou aux c\u00f4t\u00e9s d&rsquo;artistes d\u2019exception comme Yuri Bashmet ou Gary Hoffman.<\/p>\n<\/div><\/div>\n\n\n\n<p class=\"has-large-font-size\"> Leur curiosit\u00e9 les am\u00e8ne aussi \u00e0 exp\u00e9rimenter des formes de spectacle multiples : ils pr\u00eatent leur voix \u00e0 des chefs-d\u2019\u0153uvre du cin\u00e9ma muet, et partagent la sc\u00e8ne avec des personnalit\u00e9s diverses, comme le violoncelliste \u00e9clectique Vincent Segal, les chanteuses Kyrie Kristmanson et Aynur, les chor\u00e9graphes Thomas Lebrun et les fr\u00e8res Ben A\u00efm, et l\u2019accord\u00e9oniste Vincent Peirani.<\/p>\n\n\n\n<p class=\"has-large-font-size\">Ils ont d\u00e9j\u00e0 publi\u00e9 de nombreux enregistrements, seuls ou en collaboration avec des artistes renomm\u00e9s comme Juliette Hurel, Lise Berthaud, Vincent Segal et Kinan Azmeh&#8230; Pour f\u00eater leur quinze ans d\u2019existence, ils ont enregistr\u00e9 \u00e0 l\u2019automne 2019 les quinzi\u00e8mes quatuors de Mozart et de Schubert.&nbsp;<\/p>\n\n\n\n<hr class=\"wp-block-separator is-style-default\"\/>\n\n\n\n<p class=\"has-large-font-size\">Ensemble, les deux quatuors construisent, cr\u00e9ent et pensent la musique de fa\u00e7on collective. L\u2019\u00e9criture \u00e9labor\u00e9e de leur r\u00e9pertoire nous invite \u00e0 explorer une libert\u00e9 qui s\u2019invente et se renouvelle au fil du parcours.<\/p>\n\n\n\n<p class=\"has-large-font-size\">Cette rencontre nous invite \u00e0 explorer les passerelles entre les deux r\u00e9pertoires avec une libert\u00e9 toute empreinte de sensibilit\u00e9 sans pour autant \u00eatre exempte de fougue.<\/p>\n\n\n\n<p class=\"has-black-color has-text-color has-background has-large-font-size\" style=\"background-color:#bfdef1\">Leur programme <em><strong>&lsquo;Family Tree&rsquo;<\/strong><\/em> nous permettra d&rsquo;entendre des pi\u00e8ces originales compos\u00e9es par David Enhco, Thomas Enhco et Florent&nbsp;Nisse, ainsi que&nbsp;des&nbsp;reprises&nbsp;issues de la&nbsp;musique classique (et de la pop)&nbsp;dont les r\u00e9orchestrations ont&nbsp;\u00e9t\u00e9 con\u00e7ues sp\u00e9cifiquement.&nbsp;<\/p>\n\n\n\n<p class=\"has-large-font-size\">D\u00e9couvrons les avec cette vid\u00e9o pr\u00e9figurant leur futur album FAMILY TREE, disponible le 11 f\u00e9vrier 2022<\/p>\n\n\n\n<figure class=\"wp-block-embed aligncenter is-type-video is-provider-youtube wp-block-embed-youtube wp-embed-aspect-16-9 wp-has-aspect-ratio\"><div class=\"wp-block-embed__wrapper\">\n<iframe loading=\"lazy\" title=\"Train de nuit - David Enhco \/ Family Tree\" width=\"803\" height=\"452\" src=\"https:\/\/www.youtube.com\/embed\/jFsxHqBWaO8?feature=oembed\" frameborder=\"0\" allow=\"accelerometer; autoplay; clipboard-write; encrypted-media; gyroscope; picture-in-picture\" allowfullscreen><\/iframe>\n<\/div><\/figure>\n\n\n\n<hr class=\"wp-block-separator is-style-wide\"\/>\n\n\n\n<p class=\"has-large-font-size\">  Il est fortement recommand\u00e9 de r\u00e9server en ligne en cliquant sur le bouton ci-dessous, ou en appelant le 06-08-24-96-61.   <\/p>\n\n\n\n<div class=\"wp-block-button aligncenter\"><a class=\"wp-block-button__link\" href=\"https:\/\/ritmy.fr\/essais\/reserver\/\" style=\"border-radius:6px\" target=\"_blank\" rel=\"noreferrer noopener\">R<strong>\u00c9<\/strong>SERVER vos BILLETS<\/a><\/div>\n\n\n\n<p class=\"has-black-color has-text-color has-background has-large-font-size\" style=\"background-color:#d0d0d0\">Le concert se d\u00e9roulera de mani\u00e8re \u00e0&nbsp;garantir la s\u00e9curit\u00e9 de tous, nous appliquerons toutes les mesures sanitaires en vigueur.  (<em>plus d&rsquo;informations sur notre Protocole sanitaire dans cette<\/em> <a rel=\"noreferrer noopener\" href=\"https:\/\/ritmy.fr\/essais\/protocole-sanitaire\/\" target=\"_blank\"><span style=\"text-decoration: underline;\"><em><span class=\"has-inline-color has-vivid-cyan-blue-color\"><strong>PAGE<\/strong><\/span><\/em><\/span><\/a>)<\/p>\n\n\n\n<p class=\"has-black-color has-text-color has-background has-large-font-size\" style=\"background-color:#d0d0d0\"> Afin de fluidifier l&rsquo;accueil du public, l&rsquo;ouverture des portes se fera d\u00e8s 16 h 15. <\/p>\n\n\n\n<p class=\"has-large-font-size\">Le concert aura lieu \u00e0 <strong>MAULE<\/strong>, nouvelle commune que RITMY a le plaisir d\u2019accueillir, avec l&rsquo;association ACIME.<\/p>\n\n\n\n<div class=\"wp-block-columns is-layout-flex wp-container-core-columns-is-layout-9d6595d7 wp-block-columns-is-layout-flex\">\n<div class=\"wp-block-column is-vertically-aligned-top is-layout-flow wp-block-column-is-layout-flow\" style=\"flex-basis:35%\">\n<p class=\"has-text-align-left has-background has-large-font-size\" style=\"background-color:#bfdef1\">Il se d\u00e9roulera dans la salle de spectacle du Complexe &lsquo;Les Deux Sc\u00e8nes&rsquo;, situ\u00e9 Chauss\u00e9e Saint-Vincent.<\/p>\n\n\n\n<p class=\"has-background has-large-font-size\" style=\"background-color:#bfdef1\"><em>Parking assur\u00e9<\/em>.<\/p>\n<\/div>\n\n\n\n<div class=\"wp-block-column is-vertically-aligned-center is-layout-flow wp-block-column-is-layout-flow\" style=\"flex-basis:65%\">\n<iframe loading=\"lazy\" src=\"https:\/\/www.google.com\/maps\/embed?pb=!1m18!1m12!1m3!1d2622.1902663902997!2d1.8481699067959145!3d48.91176713464898!2m3!1f0!2f0!3f0!3m2!1i1024!2i768!4f13.1!3m3!1m2!1s0x47e691246734bc37%3A0x60863e6cbc3518c1!2sSalle%20des%20f%C3%AAtes!5e0!3m2!1sfr!2sfr!4v1606670099428!5m2!1sfr!2sfr\" style=\"border:0;\" allowfullscreen=\"\" aria-hidden=\"false\" tabindex=\"0\" width=\"600\" height=\"450\" frameborder=\"0\"><\/iframe>\n<\/div>\n<\/div>\n\n\n\n<hr class=\"wp-block-separator is-style-dots\"\/>\n\n\n\n<div class=\"wp-block-media-text\" style=\"grid-template-columns:16% auto\"><figure class=\"wp-block-media-text__media\"><img loading=\"lazy\" decoding=\"async\" width=\"156\" height=\"161\" src=\"https:\/\/ritmy.fr\/essais\/wp-content\/uploads\/2020\/08\/Logo-ACIME.png\" alt=\"\" class=\"wp-image-22903 size-full\"\/><\/figure><div class=\"wp-block-media-text__content\">\n<p style=\"font-size:17px\">Concert organis\u00e9 conjointement par RITMY et l&rsquo;association ACIME de Maule.<\/p>\n<\/div><\/div>\n\n\n\n<div class=\"wp-block-media-text is-vertically-aligned-center\" style=\"grid-template-columns:25% auto\"><figure class=\"wp-block-media-text__media\"><img loading=\"lazy\" decoding=\"async\" width=\"1000\" height=\"500\" src=\"https:\/\/ritmy.fr\/essais\/wp-content\/uploads\/2018\/09\/SPEDIDAM-ENCADRE-r\u00e9duit-1000x500.jpg\" alt=\"\" class=\"wp-image-18150 size-full\" srcset=\"https:\/\/ritmy.fr\/essais\/wp-content\/uploads\/2018\/09\/SPEDIDAM-ENCADRE-r\u00e9duit-1000x500.jpg 1000w, https:\/\/ritmy.fr\/essais\/wp-content\/uploads\/2018\/09\/SPEDIDAM-ENCADRE-r\u00e9duit-300x150.jpg 300w, https:\/\/ritmy.fr\/essais\/wp-content\/uploads\/2018\/09\/SPEDIDAM-ENCADRE-r\u00e9duit-768x384.jpg 768w, https:\/\/ritmy.fr\/essais\/wp-content\/uploads\/2018\/09\/SPEDIDAM-ENCADRE-r\u00e9duit.jpg 1100w\" sizes=\"auto, (max-width: 1000px) 100vw, 1000px\" \/><\/figure><div class=\"wp-block-media-text__content\">\n<p class=\"has-text-align-left\" style=\"font-size:17px\">RITMY b\u00e9n\u00e9ficie du soutien de la SPEDIDAM.<\/p>\n<\/div><\/div>\n\n\n\n<div style=\"height:11px\" aria-hidden=\"true\" class=\"wp-block-spacer\"><\/div>\n\n\n\n<p>(photo de David ENHCO : Maxime de Bollivier, du Quatuor VOCE : Sophie Pawlak)<\/p>\n","protected":false},"excerpt":{"rendered":"<p>David ENHCO Quartet, et le Quatuor VOCE &#8211; \u00ab\u00a0Family Tree\u00a0\u00bb \u00c0 MAULE, le Dimanche 30 janvier 2022, \u00e0 17h. &#8211; Salle de spectacle du Complexe &lsquo;Les Deux Sc\u00e8nes&rsquo; \u00ab\u00a0Family Tree\u00a0\u00bb est un programme qui r\u00e9unit&nbsp;deux esth\u00e9tiques musicales que sont le jazz et la musique classique, au travers d&rsquo;une rencontre entre le Quartet de David ENHCO &hellip; <\/p>\n<p><a class=\"more-link btn\" href=\"https:\/\/ritmy.fr\/essais\/concerts-2\/concerts-32eme-saison-2-mobile\/david-enhco-quartet-a-maule\/\">Lire la suite<\/a><\/p>\n","protected":false},"author":5,"featured_media":0,"parent":26361,"menu_order":4,"comment_status":"closed","ping_status":"closed","template":"","meta":{"footnotes":""},"class_list":["post-23583","page","type-page","status-publish","hentry","nodate","item-wrap"],"_links":{"self":[{"href":"https:\/\/ritmy.fr\/essais\/wp-json\/wp\/v2\/pages\/23583","targetHints":{"allow":["GET"]}}],"collection":[{"href":"https:\/\/ritmy.fr\/essais\/wp-json\/wp\/v2\/pages"}],"about":[{"href":"https:\/\/ritmy.fr\/essais\/wp-json\/wp\/v2\/types\/page"}],"author":[{"embeddable":true,"href":"https:\/\/ritmy.fr\/essais\/wp-json\/wp\/v2\/users\/5"}],"replies":[{"embeddable":true,"href":"https:\/\/ritmy.fr\/essais\/wp-json\/wp\/v2\/comments?post=23583"}],"version-history":[{"count":104,"href":"https:\/\/ritmy.fr\/essais\/wp-json\/wp\/v2\/pages\/23583\/revisions"}],"predecessor-version":[{"id":26962,"href":"https:\/\/ritmy.fr\/essais\/wp-json\/wp\/v2\/pages\/23583\/revisions\/26962"}],"up":[{"embeddable":true,"href":"https:\/\/ritmy.fr\/essais\/wp-json\/wp\/v2\/pages\/26361"}],"wp:attachment":[{"href":"https:\/\/ritmy.fr\/essais\/wp-json\/wp\/v2\/media?parent=23583"}],"curies":[{"name":"wp","href":"https:\/\/api.w.org\/{rel}","templated":true}]}}