{"id":23486,"date":"2021-09-09T16:28:00","date_gmt":"2021-09-09T15:28:00","guid":{"rendered":"http:\/\/ritmy.fr\/essais\/?page_id=23486"},"modified":"2021-09-17T13:43:11","modified_gmt":"2021-09-17T12:43:11","slug":"les-oreilles-daman","status":"publish","type":"page","link":"https:\/\/ritmy.fr\/essais\/concerts-2\/concerts-32eme-saison-2-mobile\/les-oreilles-daman\/","title":{"rendered":"&lsquo;Les OREILLES d&rsquo;AMAN&rsquo;, \u00e0 Richebourg le 12 d\u00e9cembre 2021"},"content":{"rendered":"\n<p class=\"has-vivid-cyan-blue-color has-text-color\" style=\"font-size:22px\"><strong>Les OREILLES d&rsquo;AMAN<\/strong> &#8211;<strong><em> <\/em><\/strong><em><strong>Musique du monde<\/strong><\/em><\/p>\n\n\n\n<p class=\"has-vivid-cyan-blue-color has-text-color\" style=\"font-size:22px\"><strong>\u00e0<\/strong> <strong>RICHEBOURG, le Dimanche 12 d\u00e9cembre 2021 \u00e0 17h00, Salle Edith Piaf<\/strong><\/p>\n\n\n\n<p>Port\u00e9 par la clarinettiste et chanteuse <strong>L\u00e9a Platini<\/strong>, l&rsquo;ensemble <strong>Les OREILLES d&rsquo;AMAN<\/strong> rassemble six brillants musiciens aux aventures sonores plurielles.<\/p>\n\n\n\n<p>Le programme qu&rsquo;ils interpr\u00e8teront,<em>\u201c En allant \u00e0 Uskudar\u201d<\/em>, est un voyage musical nomade, une qu\u00eate d&rsquo;identit\u00e9, un questionnement qui part des origines de la <strong>musique klezmer<\/strong> et explore les dialogues entretenus avec d&rsquo;autres cultures tout au long de son histoire.<\/p>\n\n\n\n<p>Les percussions orientales, violon, accord\u00e9on, contrebasse, clarinette, se m\u00ealent aux voix et poursuivent une qu\u00eate joyeuse et profonde ouverte sur le monde.<\/p>\n\n\n\n<div class=\"wp-block-image\"><figure class=\"aligncenter size-large is-resized\"><img loading=\"lazy\" decoding=\"async\" src=\"https:\/\/ritmy.fr\/essais\/wp-content\/uploads\/2020\/10\/on-rit-300dpi-28x19cms-copie2-1000x667.jpg\" alt=\"\" class=\"wp-image-23469\" width=\"593\" height=\"395\"\/><figcaption>Les Oreilles d&rsquo;Aman<\/figcaption><\/figure><\/div>\n\n\n\n<p>A l\u2019origine, les <strong>oreilles d\u2019Aman<\/strong> sont de petites p\u00e2tisseries ashk\u00e9nazes pr\u00e9par\u00e9es pour la f\u00eate de Pourim. Elles sont une r\u00e9f\u00e9rence biblique \u00e0 l\u2019histoire d\u2019Aman et de la Reine Esther.<\/p>\n\n\n\n<p>A partir de ses racines h\u00e9bra\u00efques aux influences slaves, tsiganes et orientales, la <strong>musique klezmer<\/strong> fut diffus\u00e9e par les klezmorim en Europe de l\u2019Est depuis le Moyen-\u00c2ge jusqu\u2019\u00e0 l\u2019aube du 20\u00e8me si\u00e8cle, avant de rena\u00eetre transfigur\u00e9e au c\u0153ur de la diaspora juive am\u00e9ricaine.<\/p>\n\n\n\n<div class=\"wp-block-media-text is-stacked-on-mobile is-vertically-aligned-center\" style=\"grid-template-columns:30% auto\"><figure class=\"wp-block-media-text__media\"><img loading=\"lazy\" decoding=\"async\" width=\"730\" height=\"730\" src=\"https:\/\/ritmy.fr\/essais\/wp-content\/uploads\/2020\/10\/Lea-Platini.jpg\" alt=\"\" class=\"wp-image-23466 size-full\" srcset=\"https:\/\/ritmy.fr\/essais\/wp-content\/uploads\/2020\/10\/Lea-Platini.jpg 730w, https:\/\/ritmy.fr\/essais\/wp-content\/uploads\/2020\/10\/Lea-Platini-300x300.jpg 300w, https:\/\/ritmy.fr\/essais\/wp-content\/uploads\/2020\/10\/Lea-Platini-150x150.jpg 150w\" sizes=\"auto, (max-width: 730px) 100vw, 730px\" \/><\/figure><div class=\"wp-block-media-text__content\">\n<p><strong>L\u00e9a Platini<\/strong>, clarinette et chant, est entour\u00e9e de l\u2019accord\u00e9oniste et chanteuse <strong>Mathilde Dupuch<\/strong>, du percussionniste (derbouka, daf, zarb) <strong>Thomas Bourgeois<\/strong>, du multi-instrumentiste (guitare, mandole, oud, trompette\u2026) <strong>Lionel Romieu<\/strong>, du contrebassiste et joueur de bouzouki <strong>Arthur Rendu<\/strong>, et de la violoniste <strong>Jacotte Recolin<\/strong>.<\/p>\n<\/div><\/div>\n\n\n\n<div style=\"height:20px\" aria-hidden=\"true\" class=\"wp-block-spacer\"><\/div>\n\n\n\n<p>Leur<strong> album<\/strong> <em>&lsquo;En allant \u00e0 Uskudar&rsquo;<\/em> est sorti le 10 octobre 2020.<\/p>\n\n\n\n<p>En voici un extrait, <em>&lsquo;Transformation&rsquo;<\/em>, que l&rsquo;on peut entendre dans cette vid\u00e9o :<\/p>\n\n\n\n<figure class=\"wp-block-embed is-type-video is-provider-youtube wp-block-embed-youtube wp-embed-aspect-16-9 wp-has-aspect-ratio\"><div class=\"wp-block-embed__wrapper\">\n<iframe loading=\"lazy\" title=\"Extrait de l&#039;album &quot;En Allant \u00e0 Uskudar&quot;\" width=\"803\" height=\"452\" src=\"https:\/\/www.youtube.com\/embed\/FPvAnfBmLFw?feature=oembed\" frameborder=\"0\" allow=\"accelerometer; autoplay; clipboard-write; encrypted-media; gyroscope; picture-in-picture; web-share\" referrerpolicy=\"strict-origin-when-cross-origin\" allowfullscreen><\/iframe>\n<\/div><\/figure>\n\n\n\n<p>Le <strong>programme<\/strong> nous emm\u00e8nera d\u2019abord aux racines, sur un mode traditionnel, avec des musiques communes aux cultures tziganes et juives. Puis, avec la suite <em>\u00ab&nbsp;Primal Freylekh&nbsp;\u00bb, <\/em>d\u2019abord lente et langoureuse, la musique s\u2019animera peu \u00e0 peu et se drapera des couleurs m\u00e9lancoliques et joyeuses de la vie.<\/p>\n\n\n\n<p>Ensuite, nous d\u00e9couvrirons la m\u00e9lodie <strong>\u00ab <em>En allant \u00e0 Uskudar \u00bb<\/em><\/strong> <em>(\u00dcsk\u00fcdar\u2019a gideriken), <\/em>commune \u00e0 de nombreux pays, dans les Balkans, mais aussi dans la culture s\u00e9farade et m\u00eame en Chine. Le texte qui \u00e9voque un quartier d\u2019Istanbul a \u00e9t\u00e9 \u00e9crit au milieu du 19<sup>\u00e8me<\/sup> si\u00e8cle. En y agr\u00e9geant d\u2019autres m\u00e9lodies, <strong>Les OREILLES d\u2019AMAN<\/strong> lui feront franchir de nouvelles fronti\u00e8res&nbsp;: musique klezmer, rythmiques orientales, harmonies classiques ou d\u00e9construction contemporaine.<\/p>\n\n\n\n<p class=\"has-very-light-gray-background-color has-background\"><strong><strong>De belles d\u00e9couvertes musicales, avec ce concert qui conjugue l&rsquo;\u00e9l\u00e9gance classique, la folie tzigane, l&rsquo;imaginaire oriental et la spontan\u00e9it\u00e9 de l&rsquo;improvisation.<\/strong><\/strong><\/p>\n\n\n\n<p class=\"has-vivid-red-color has-text-color\" style=\"font-size:19px\"><strong>Un d\u00e9paysement tonifiant avant les f\u00eates !<\/strong><\/p>\n\n\n\n<hr class=\"wp-block-separator aligncenter is-style-wide\"\/>\n\n\n\n<p style=\"font-size:19px\">Il est fortement recommand\u00e9 de <strong>r\u00e9server en ligne<\/strong> en cliquant sur le bouton ci-dessous, ou en appelant le 06-08-24-96-61. <\/p>\n\n\n\n<div class=\"wp-block-button aligncenter\"><a class=\"wp-block-button__link\" href=\"https:\/\/ritmy.fr\/essais\/reserver\/\">R<strong>\u00c9<\/strong>SERVER vos BILLETS<\/a><\/div>\n\n\n\n<div style=\"height:20px\" aria-hidden=\"true\" class=\"wp-block-spacer\"><\/div>\n\n\n\n<p class=\"has-very-light-gray-background-color has-background\">Le concert se d\u00e9roulera de mani\u00e8re \u00e0&nbsp;<strong>garantir la s\u00e9curit\u00e9 de tous<\/strong>, nous appliquerons toutes les mesures sanitaires en vigueur.  (<em>plus d&rsquo;informations sur notre <strong>Protocole sanitaire<\/strong> dans cette<\/em> <a rel=\"noreferrer noopener\" href=\"https:\/\/ritmy.fr\/essais\/protocole-sanitaire\/\" target=\"_blank\"><span style=\"text-decoration: underline;\"><em>PAGE<\/em><\/span><\/a>)<\/p>\n\n\n\n<p class=\"has-very-light-gray-background-color has-background\">Afin de fluidifier l&rsquo;accueil du public, l&rsquo;ouverture des portes se fera <strong>\u00e0 partir de 16 h 15.<\/strong><\/p>\n\n\n\n<div style=\"height:20px\" aria-hidden=\"true\" class=\"wp-block-spacer\"><\/div>\n\n\n\n<p><em>Le concert sera sonoris\u00e9<\/em>.<\/p>\n\n\n\n<hr class=\"wp-block-separator is-style-wide\"\/>\n\n\n\n<div class=\"wp-block-columns is-layout-flex wp-container-core-columns-is-layout-9d6595d7 wp-block-columns-is-layout-flex\">\n<div class=\"wp-block-column is-layout-flow wp-block-column-is-layout-flow\">\n<p> <\/p>\n\n\n\n<div style=\"height:41px\" aria-hidden=\"true\" class=\"wp-block-spacer\"><\/div>\n\n\n\n<p>La Salle Edith Piaf de RICHEBOURG est situ\u00e9e Route de Bazainville (D112). <\/p>\n<\/div>\n\n\n\n<div class=\"wp-block-column is-layout-flow wp-block-column-is-layout-flow\">\n<figure><iframe loading=\"lazy\" src=\"https:\/\/www.google.com\/maps\/embed?pb=!1m17!1m8!1m3!1d2626.931396245007!2d1.639010761902197!3d48.82137038727644!3m2!1i1024!2i768!4f13.1!4m6!3e2!4m0!4m3!3m2!1d48.8217776!2d1.6371238!5e0!3m2!1sfr!2sfr!4v1574791016622!5m2!1sfr!2sfr\" allowfullscreen=\"\" width=\"600\" height=\"450\"><\/iframe><\/figure>\n<\/div>\n<\/div>\n\n\n\n<hr class=\"wp-block-separator is-style-dots\"\/>\n\n\n\n<div class=\"wp-block-media-text is-vertically-aligned-top\" style=\"grid-template-columns:27% auto\"><figure class=\"wp-block-media-text__media\"><img loading=\"lazy\" decoding=\"async\" width=\"250\" height=\"106\" src=\"https:\/\/ritmy.fr\/essais\/wp-content\/uploads\/2014\/01\/LOGO-GRAL-JPEG-e1390483468758.jpg\" alt=\"\" class=\"wp-image-10518 size-full\"\/><\/figure><div class=\"wp-block-media-text__content\">\n<p>Concert organis\u00e9 par RITMY et l&rsquo;association GRAL de Richebourg.<\/p>\n<\/div><\/div>\n\n\n\n<div class=\"wp-block-media-text is-vertically-aligned-top\" style=\"grid-template-columns:28% auto\"><figure class=\"wp-block-media-text__media\"><img loading=\"lazy\" decoding=\"async\" width=\"1000\" height=\"500\" src=\"https:\/\/ritmy.fr\/essais\/wp-content\/uploads\/2018\/09\/SPEDIDAM-ENCADRE-r\u00e9duit-1000x500.jpg\" alt=\"\" class=\"wp-image-18150 size-full\" srcset=\"https:\/\/ritmy.fr\/essais\/wp-content\/uploads\/2018\/09\/SPEDIDAM-ENCADRE-r\u00e9duit-1000x500.jpg 1000w, https:\/\/ritmy.fr\/essais\/wp-content\/uploads\/2018\/09\/SPEDIDAM-ENCADRE-r\u00e9duit-300x150.jpg 300w, https:\/\/ritmy.fr\/essais\/wp-content\/uploads\/2018\/09\/SPEDIDAM-ENCADRE-r\u00e9duit-768x384.jpg 768w, https:\/\/ritmy.fr\/essais\/wp-content\/uploads\/2018\/09\/SPEDIDAM-ENCADRE-r\u00e9duit.jpg 1100w\" sizes=\"auto, (max-width: 1000px) 100vw, 1000px\" \/><\/figure><div class=\"wp-block-media-text__content\">\n<p>RITMY b\u00e9n\u00e9ficie du soutien de la SPEDIDAM.<\/p>\n<\/div><\/div>\n\n\n\n<div style=\"height:20px\" aria-hidden=\"true\" class=\"wp-block-spacer\"><\/div>\n\n\n\n<p><\/p>\n","protected":false},"excerpt":{"rendered":"<p>Les OREILLES d&rsquo;AMAN &#8211; Musique du monde \u00e0 RICHEBOURG, le Dimanche 12 d\u00e9cembre 2021 \u00e0 17h00, Salle Edith Piaf Port\u00e9 par la clarinettiste et chanteuse L\u00e9a Platini, l&rsquo;ensemble Les OREILLES d&rsquo;AMAN rassemble six brillants musiciens aux aventures sonores plurielles. Le programme qu&rsquo;ils interpr\u00e8teront,\u201c En allant \u00e0 Uskudar\u201d, est un voyage musical nomade, une qu\u00eate d&rsquo;identit\u00e9, &hellip; <\/p>\n<p><a class=\"more-link btn\" href=\"https:\/\/ritmy.fr\/essais\/concerts-2\/concerts-32eme-saison-2-mobile\/les-oreilles-daman\/\">Lire la suite<\/a><\/p>\n","protected":false},"author":5,"featured_media":0,"parent":26361,"menu_order":1,"comment_status":"closed","ping_status":"closed","template":"","meta":{"footnotes":""},"class_list":["post-23486","page","type-page","status-publish","hentry","nodate","item-wrap"],"_links":{"self":[{"href":"https:\/\/ritmy.fr\/essais\/wp-json\/wp\/v2\/pages\/23486","targetHints":{"allow":["GET"]}}],"collection":[{"href":"https:\/\/ritmy.fr\/essais\/wp-json\/wp\/v2\/pages"}],"about":[{"href":"https:\/\/ritmy.fr\/essais\/wp-json\/wp\/v2\/types\/page"}],"author":[{"embeddable":true,"href":"https:\/\/ritmy.fr\/essais\/wp-json\/wp\/v2\/users\/5"}],"replies":[{"embeddable":true,"href":"https:\/\/ritmy.fr\/essais\/wp-json\/wp\/v2\/comments?post=23486"}],"version-history":[{"count":36,"href":"https:\/\/ritmy.fr\/essais\/wp-json\/wp\/v2\/pages\/23486\/revisions"}],"predecessor-version":[{"id":27279,"href":"https:\/\/ritmy.fr\/essais\/wp-json\/wp\/v2\/pages\/23486\/revisions\/27279"}],"up":[{"embeddable":true,"href":"https:\/\/ritmy.fr\/essais\/wp-json\/wp\/v2\/pages\/26361"}],"wp:attachment":[{"href":"https:\/\/ritmy.fr\/essais\/wp-json\/wp\/v2\/media?parent=23486"}],"curies":[{"name":"wp","href":"https:\/\/api.w.org\/{rel}","templated":true}]}}