{"id":22743,"date":"2020-09-09T09:36:51","date_gmt":"2020-09-09T08:36:51","guid":{"rendered":"http:\/\/ritmy.fr\/essais\/?page_id=22743"},"modified":"2025-09-02T18:59:22","modified_gmt":"2025-09-02T17:59:22","slug":"tout-sur-les-31iemes-saisons","status":"publish","type":"page","link":"https:\/\/ritmy.fr\/essais\/concerts-2\/tout-sur-les-31iemes-saisons\/","title":{"rendered":"TOUT SUR LES 31es SAISONS"},"content":{"rendered":"\n<p class=\"has-text-align-center has-vivid-cyan-blue-color has-very-light-gray-background-color has-text-color has-background has-medium-font-size\"><strong>D\u00c9COUVREZ LE PROGRAMME des 31<sup>\u00e8mes<\/sup>  SAISONS MUSICALES<\/strong><\/p>\n\n\n\n<p class=\"has-vivid-red-color has-pale-cyan-blue-background-color has-text-color has-background\" style=\"font-size:18px\"><strong>En raison de la crise sanitaire en cours, TOUS les concerts des 31<sup>\u00e8mes<\/sup> Saisons Musicales ont \u00e9t\u00e9 ANNUL<strong>\u00c9<\/strong>S.<\/strong><\/p>\n\n\n\n<div style=\"height:20px\" aria-hidden=\"true\" class=\"wp-block-spacer\"><\/div>\n\n\n\n<figure class=\"wp-block-gallery aligncenter has-nested-images columns-default is-cropped wp-block-gallery-1 is-layout-flex wp-block-gallery-is-layout-flex\">\n<figure class=\"wp-block-image size-large\"><img loading=\"lazy\" decoding=\"async\" width=\"1000\" height=\"942\" data-id=\"22915\" src=\"https:\/\/ritmy.fr\/essais\/wp-content\/uploads\/2020\/08\/Concert-Montfort-1000x942.jpg\" alt=\"\" class=\"wp-image-22915\" srcset=\"https:\/\/ritmy.fr\/essais\/wp-content\/uploads\/2020\/08\/Concert-Montfort-1000x942.jpg 1000w, https:\/\/ritmy.fr\/essais\/wp-content\/uploads\/2020\/08\/Concert-Montfort-300x283.jpg 300w, https:\/\/ritmy.fr\/essais\/wp-content\/uploads\/2020\/08\/Concert-Montfort-768x723.jpg 768w, https:\/\/ritmy.fr\/essais\/wp-content\/uploads\/2020\/08\/Concert-Montfort.jpg 1259w\" sizes=\"auto, (max-width: 1000px) 100vw, 1000px\" \/><\/figure>\n\n\n\n<figure class=\"wp-block-image size-large\"><img loading=\"lazy\" decoding=\"async\" width=\"1000\" height=\"989\" data-id=\"22916\" src=\"https:\/\/ritmy.fr\/essais\/wp-content\/uploads\/2020\/08\/Concert-Neauphle-1000x989.jpeg\" alt=\"\" class=\"wp-image-22916\" srcset=\"https:\/\/ritmy.fr\/essais\/wp-content\/uploads\/2020\/08\/Concert-Neauphle-1000x989.jpeg 1000w, https:\/\/ritmy.fr\/essais\/wp-content\/uploads\/2020\/08\/Concert-Neauphle-300x297.jpeg 300w, https:\/\/ritmy.fr\/essais\/wp-content\/uploads\/2020\/08\/Concert-Neauphle-768x760.jpeg 768w, https:\/\/ritmy.fr\/essais\/wp-content\/uploads\/2020\/08\/Concert-Neauphle.jpeg 1273w\" sizes=\"auto, (max-width: 1000px) 100vw, 1000px\" \/><\/figure>\n<\/figure>\n\n\n\n<figure class=\"wp-block-gallery has-nested-images columns-default is-cropped wp-block-gallery-2 is-layout-flex wp-block-gallery-is-layout-flex\">\n<figure class=\"wp-block-image size-large\"><img loading=\"lazy\" decoding=\"async\" width=\"1000\" height=\"930\" data-id=\"22917\" src=\"https:\/\/ritmy.fr\/essais\/wp-content\/uploads\/2020\/08\/Concert-Richebourg-1000x930.jpeg\" alt=\"\" class=\"wp-image-22917\" srcset=\"https:\/\/ritmy.fr\/essais\/wp-content\/uploads\/2020\/08\/Concert-Richebourg-1000x930.jpeg 1000w, https:\/\/ritmy.fr\/essais\/wp-content\/uploads\/2020\/08\/Concert-Richebourg-300x279.jpeg 300w, https:\/\/ritmy.fr\/essais\/wp-content\/uploads\/2020\/08\/Concert-Richebourg-768x714.jpeg 768w, https:\/\/ritmy.fr\/essais\/wp-content\/uploads\/2020\/08\/Concert-Richebourg.jpeg 1278w\" sizes=\"auto, (max-width: 1000px) 100vw, 1000px\" \/><\/figure>\n\n\n\n<figure class=\"wp-block-image size-large\"><img loading=\"lazy\" decoding=\"async\" width=\"1000\" height=\"985\" data-id=\"22918\" src=\"https:\/\/ritmy.fr\/essais\/wp-content\/uploads\/2020\/08\/Concert-Maule-1000x985.jpeg\" alt=\"\" class=\"wp-image-22918\" srcset=\"https:\/\/ritmy.fr\/essais\/wp-content\/uploads\/2020\/08\/Concert-Maule-1000x985.jpeg 1000w, https:\/\/ritmy.fr\/essais\/wp-content\/uploads\/2020\/08\/Concert-Maule-300x296.jpeg 300w, https:\/\/ritmy.fr\/essais\/wp-content\/uploads\/2020\/08\/Concert-Maule-768x757.jpeg 768w, https:\/\/ritmy.fr\/essais\/wp-content\/uploads\/2020\/08\/Concert-Maule.jpeg 1284w\" sizes=\"auto, (max-width: 1000px) 100vw, 1000px\" \/><\/figure>\n<\/figure>\n\n\n\n<figure class=\"wp-block-gallery has-nested-images columns-default is-cropped wp-block-gallery-3 is-layout-flex wp-block-gallery-is-layout-flex\">\n<figure class=\"wp-block-image size-large\"><img loading=\"lazy\" decoding=\"async\" width=\"1000\" height=\"925\" data-id=\"22919\" src=\"https:\/\/ritmy.fr\/essais\/wp-content\/uploads\/2020\/08\/Concert-Orgerus-1000x925.jpg\" alt=\"\" class=\"wp-image-22919\" srcset=\"https:\/\/ritmy.fr\/essais\/wp-content\/uploads\/2020\/08\/Concert-Orgerus-1000x925.jpg 1000w, https:\/\/ritmy.fr\/essais\/wp-content\/uploads\/2020\/08\/Concert-Orgerus-300x278.jpg 300w, https:\/\/ritmy.fr\/essais\/wp-content\/uploads\/2020\/08\/Concert-Orgerus-768x710.jpg 768w, https:\/\/ritmy.fr\/essais\/wp-content\/uploads\/2020\/08\/Concert-Orgerus.jpg 1280w\" sizes=\"auto, (max-width: 1000px) 100vw, 1000px\" \/><\/figure>\n\n\n\n<figure class=\"wp-block-image size-large\"><img loading=\"lazy\" decoding=\"async\" width=\"1000\" height=\"1000\" data-id=\"22920\" src=\"https:\/\/ritmy.fr\/essais\/wp-content\/uploads\/2020\/08\/Concert-Houdan-1000x1000.jpeg\" alt=\"\" class=\"wp-image-22920\" srcset=\"https:\/\/ritmy.fr\/essais\/wp-content\/uploads\/2020\/08\/Concert-Houdan-1000x1000.jpeg 1000w, https:\/\/ritmy.fr\/essais\/wp-content\/uploads\/2020\/08\/Concert-Houdan-300x300.jpeg 300w, https:\/\/ritmy.fr\/essais\/wp-content\/uploads\/2020\/08\/Concert-Houdan-150x150.jpeg 150w, https:\/\/ritmy.fr\/essais\/wp-content\/uploads\/2020\/08\/Concert-Houdan-768x767.jpeg 768w, https:\/\/ritmy.fr\/essais\/wp-content\/uploads\/2020\/08\/Concert-Houdan.jpeg 1277w\" sizes=\"auto, (max-width: 1000px) 100vw, 1000px\" \/><\/figure>\n<\/figure>\n\n\n<div class=\"wp-block-image\">\n<figure class=\"aligncenter size-large is-resized\"><img loading=\"lazy\" decoding=\"async\" src=\"https:\/\/ritmy.fr\/essais\/wp-content\/uploads\/2020\/08\/Concert-M\u00e9r\u00e9-1000x974.jpeg\" alt=\"\" class=\"wp-image-22921\" width=\"544\" height=\"531\" srcset=\"https:\/\/ritmy.fr\/essais\/wp-content\/uploads\/2020\/08\/Concert-M\u00e9r\u00e9-1000x974.jpeg 1000w, https:\/\/ritmy.fr\/essais\/wp-content\/uploads\/2020\/08\/Concert-M\u00e9r\u00e9-300x292.jpeg 300w, https:\/\/ritmy.fr\/essais\/wp-content\/uploads\/2020\/08\/Concert-M\u00e9r\u00e9-768x748.jpeg 768w, https:\/\/ritmy.fr\/essais\/wp-content\/uploads\/2020\/08\/Concert-M\u00e9r\u00e9.jpeg 1283w\" sizes=\"auto, (max-width: 544px) 100vw, 544px\" \/><\/figure><\/div>\n\n\n<p><\/p>\n\n\n\n<p><strong>Et notre concert pour toute la famille.<\/strong><\/p>\n\n\n<div class=\"wp-block-image\">\n<figure class=\"aligncenter size-large is-resized\"><img loading=\"lazy\" decoding=\"async\" src=\"https:\/\/ritmy.fr\/essais\/wp-content\/uploads\/2020\/08\/Concert-Familial-1000x963.jpeg\" alt=\"\" class=\"wp-image-22922\" width=\"555\" height=\"535\" srcset=\"https:\/\/ritmy.fr\/essais\/wp-content\/uploads\/2020\/08\/Concert-Familial-1000x963.jpeg 1000w, https:\/\/ritmy.fr\/essais\/wp-content\/uploads\/2020\/08\/Concert-Familial-300x289.jpeg 300w, https:\/\/ritmy.fr\/essais\/wp-content\/uploads\/2020\/08\/Concert-Familial-768x740.jpeg 768w, https:\/\/ritmy.fr\/essais\/wp-content\/uploads\/2020\/08\/Concert-Familial.jpeg 1271w\" sizes=\"auto, (max-width: 555px) 100vw, 555px\" \/><\/figure><\/div>\n\n\n<div style=\"height:20px\" aria-hidden=\"true\" class=\"wp-block-spacer\"><\/div>\n","protected":false},"excerpt":{"rendered":"<p>D\u00c9COUVREZ LE PROGRAMME des 31\u00e8mes SAISONS MUSICALES En raison de la crise sanitaire en cours, TOUS les concerts des 31\u00e8mes Saisons Musicales ont \u00e9t\u00e9 ANNUL\u00c9S. Et notre concert pour toute la famille.<\/p>\n","protected":false},"author":3,"featured_media":22273,"parent":11,"menu_order":14,"comment_status":"closed","ping_status":"closed","template":"","meta":{"footnotes":""},"class_list":["post-22743","page","type-page","status-publish","has-post-thumbnail","hentry","nodate","item-wrap"],"_links":{"self":[{"href":"https:\/\/ritmy.fr\/essais\/wp-json\/wp\/v2\/pages\/22743","targetHints":{"allow":["GET"]}}],"collection":[{"href":"https:\/\/ritmy.fr\/essais\/wp-json\/wp\/v2\/pages"}],"about":[{"href":"https:\/\/ritmy.fr\/essais\/wp-json\/wp\/v2\/types\/page"}],"author":[{"embeddable":true,"href":"https:\/\/ritmy.fr\/essais\/wp-json\/wp\/v2\/users\/3"}],"replies":[{"embeddable":true,"href":"https:\/\/ritmy.fr\/essais\/wp-json\/wp\/v2\/comments?post=22743"}],"version-history":[{"count":46,"href":"https:\/\/ritmy.fr\/essais\/wp-json\/wp\/v2\/pages\/22743\/revisions"}],"predecessor-version":[{"id":28429,"href":"https:\/\/ritmy.fr\/essais\/wp-json\/wp\/v2\/pages\/22743\/revisions\/28429"}],"up":[{"embeddable":true,"href":"https:\/\/ritmy.fr\/essais\/wp-json\/wp\/v2\/pages\/11"}],"wp:featuredmedia":[{"embeddable":true,"href":"https:\/\/ritmy.fr\/essais\/wp-json\/wp\/v2\/media\/22273"}],"wp:attachment":[{"href":"https:\/\/ritmy.fr\/essais\/wp-json\/wp\/v2\/media?parent=22743"}],"curies":[{"name":"wp","href":"https:\/\/api.w.org\/{rel}","templated":true}]}}