{"id":20115,"date":"2019-07-30T20:37:25","date_gmt":"2019-07-30T19:37:25","guid":{"rendered":"http:\/\/ritmy.fr\/essais\/?page_id=20115"},"modified":"2019-12-15T17:04:28","modified_gmt":"2019-12-15T16:04:28","slug":"thierry-escaich-a-neauphle-le-chateau-le-22-septembre","status":"publish","type":"page","link":"https:\/\/ritmy.fr\/essais\/concerts-2\/tout-sur-les-30-saisons\/thierry-escaich-a-neauphle-le-chateau-le-22-septembre\/","title":{"rendered":"Thierry ESCAICH, \u00e0 Neauphle-le-Ch\u00e2teau le 22 septembre 2019"},"content":{"rendered":"\n<div class=\"wp-block-group\"><div class=\"wp-block-group__inner-container is-layout-flow wp-block-group-is-layout-flow\">\n<div class=\"wp-block-group\"><div class=\"wp-block-group__inner-container is-layout-flow wp-block-group-is-layout-flow\">\n<p style=\"font-size:26px\" class=\"has-text-color has-text-align-left has-vivid-cyan-blue-color\"><strong>Thierry ESCAICH &#8211; Orgue<\/strong><\/p>\n<\/div><\/div>\n\n\n\n<p style=\"font-size:24px\" class=\"has-text-color has-vivid-cyan-blue-color\"><strong>Neauphle-le-Ch\u00e2teau, le Dimanche 22 septembre 2019, \u00e0 17h., \u00e9glise Saint-Nicolas<\/strong><\/p>\n<\/div><\/div>\n\n\n\n<p class=\"has-text-color has-medium-font-size has-very-dark-gray-color\">Le concert sera pr\u00e9sent\u00e9 par le musicologue <strong>Gilles CANTAGREL<\/strong>, et sera aussi un <strong>hommage<\/strong> \u00e0 3 grands organistes qui ont marqu\u00e9 l&rsquo;histoire de RITMY : Andr\u00e9 ISOIR, Marie-Claire ALAIN, et Pierre PINCEMAILLE.<\/p>\n\n\n\n<p class=\"has-text-color has-background has-medium-font-size has-vivid-red-color has-very-light-gray-background-color\">Un <strong>grand \u00e9cran<\/strong>, install\u00e9 dans l&rsquo;\u00e9glise, nous permettra de voir Thierry ESCAICH en gros plan, pour ne rien perdre de son jeu sur l&rsquo;orgue !<\/p>\n\n\n\n<p class=\"has-text-color has-medium-font-size has-vivid-cyan-blue-color\">Compositeur, organiste et improvisateur,&nbsp;<strong>Thierry ESCAICH<\/strong> est une figure unique de la sc\u00e8ne musicale contemporaine et l\u2019un des repr\u00e9sentants majeurs de la nouvelle g\u00e9n\u00e9ration de compositeurs fran\u00e7ais.<\/p>\n\n\n\n<p class=\"has-normal-font-size\">Les <strong>trois aspects de son art sont indissociables,<\/strong> ce qui lui permet de m\u00ealer dans ses concerts cr\u00e9ation, improvisation et interpr\u00e9tation d\u2019\u0153uvres du r\u00e9pertoire dans les combinaisons les plus diverses.<\/p>\n\n\n\n<div class=\"wp-block-image\"><figure class=\"aligncenter is-resized\"><img loading=\"lazy\" decoding=\"async\" src=\"https:\/\/ritmy.fr\/essais\/wp-content\/uploads\/2019\/05\/escaich-6736-c-guy-vivien-1000x666.jpg\" alt=\"Thierry Escaich\" class=\"wp-image-19504\" width=\"479\" height=\"318\" srcset=\"https:\/\/ritmy.fr\/essais\/wp-content\/uploads\/2019\/05\/escaich-6736-c-guy-vivien-1000x666.jpg 1000w, https:\/\/ritmy.fr\/essais\/wp-content\/uploads\/2019\/05\/escaich-6736-c-guy-vivien-300x200.jpg 300w, https:\/\/ritmy.fr\/essais\/wp-content\/uploads\/2019\/05\/escaich-6736-c-guy-vivien-768x511.jpg 768w, https:\/\/ritmy.fr\/essais\/wp-content\/uploads\/2019\/05\/escaich-6736-c-guy-vivien.jpg 1021w\" sizes=\"auto, (max-width: 479px) 100vw, 479px\" \/><figcaption>Cr\u00e9dit photo Guy Vivien<\/figcaption><\/figure><\/div>\n\n\n\n<p>Son style si personnel transpara\u00eet aussi bien dans l\u2019intimit\u00e9 de sa musique de chambre que dans de vastes fresques comme&nbsp;\u2018<em>Chaconne\u2019&nbsp;<\/em>pour orchestre, l\u2019oratorio&nbsp;\u2018<em>Le Dernier \u00c9vangile\u2019<\/em>&nbsp;ou le double concerto pour violon et violoncelle&nbsp;\u2018<em>Miroir d\u2019ombres\u2019<\/em>. Son premier op\u00e9ra,&nbsp;\u2018<em>Claude\u2019<\/em>, sur un livret de Robert Badinter d\u2019apr\u00e8s&nbsp;<em>Claude Gueux&nbsp;<\/em>de Victor Hugo, a \u00e9t\u00e9 cr\u00e9\u00e9 \u00e0 l\u2019Op\u00e9ra National de Lyon en mars 2013 et a re\u00e7u les \u00e9loges de la critique.<\/p>\n\n\n\n<p>Ses pi\u00e8ces sont inscrites au r\u00e9pertoire des plus grands orchestres aussi bien en Europe qu\u2019aux \u00c9tats-Unis, et \u00e0 celui de musiciens tels que Lisa Batiashvili et Fran\u00e7ois Leleux, Valery Gergiev, Paavo J\u00e4rvi, Alain Altinoglu, Louis Langr\u00e9e, Renaud et Gautier Capu\u00e7on, Emmanuelle Bertrand et Paul Meyer, etc\u2026<\/p>\n\n\n\n<p>Parmi la centaine d&rsquo;oeuvres qu&rsquo;il a compos\u00e9es, beaucoup le sont pour son propre instrument : pi\u00e8ces solistes, musique de chambre, trois concertos, et&nbsp;\u2018<em>La Barque solaire\u2019<\/em>, po\u00e8me symphonique pour orgue et orchestre.<\/p>\n\n\n\n<p>Ses cr\u00e9ations, au lyrisme flamboyant et \u00e0 l\u2019\u00e9lan rythmique ardent, lui ont valu quatre <strong>\u2018Victoires de la Musique\u2019<\/strong>, en 2003, 2006, 2011 et 2017.<\/p>\n\n\n\n<p>Il enseigne depuis 1992 l\u2019improvisation et l\u2019\u00e9criture au CNSM de Paris, o\u00f9 il a remport\u00e9 lui-m\u00eame huit premiers prix !<\/p>\n\n\n\n<p>Sa carri\u00e8re de compositeur est \u00e9troitement li\u00e9e \u00e0 celle d\u2019organiste, \u00e0 l\u2019instar de <strong>Maurice Durufl\u00e9<\/strong> auquel il a succ\u00e9d\u00e9 comme organiste titulaire de Saint-\u00c9tienne-du-Mont \u00e0 Paris. Il est aujourd\u2019hui l\u2019un des principaux ambassadeurs de la grande \u00e9cole fran\u00e7aise d\u2019improvisation, il se produit en r\u00e9cital dans le monde entier.<\/p>\n\n\n\n<p>A noter que c&rsquo;est Thierry ESCAICH qui tenait le tout nouvel orgue monumental de la Philharmonie de Paris lors du 1er concert public, le 28 octobre 2015 (orgue du facteur autrichien Rieger, 6.055 tuyaux, 91 jeux\u2026). Il joua aussi pour l\u2019inauguration officielle en f\u00e9vrier 2016.<\/p>\n\n\n\n<p><strong>Il nous interpr\u00e8tera un programme original, qui \u00e9voquera les 3 organistes auxquels nous rendrons hommage.<\/strong><\/p>\n\n\n\n<ul class=\"wp-block-list\"><li>Jean-S\u00e9bastien BACH : Toccata et Fugue en r\u00e9 mineur BWV 538 &lsquo;Dorienne&rsquo;<\/li><li>Felix MENDELSSOHN : Sonate n\u00b0 1 en fa mineur&nbsp;opus 65\/1<\/li><li>Jehan ALAIN : Variations sur un th\u00e8me de Cl\u00e9ment Janequin, et Litanies<\/li><li>Thierry ESCAICH : Evocations I et II&nbsp;<\/li><li>Improvisations<\/li><\/ul>\n\n\n\n<p class=\"has-background has-very-light-gray-background-color\"><em>Ecoutons Thierry ESCAICH dans l&rsquo;interpr\u00e9tation du &lsquo;Choral n\u00b02 en si mineur&rsquo; de C\u00e9sar Franck (1890), \u00e0 l&rsquo;orgue de l&rsquo;\u00e9glise catholique &lsquo;Our Lady of Refuge&rsquo; de Brooklyn<\/em> (en 2016) :<\/p>\n\n\n\n<iframe loading=\"lazy\" width=\"420\" height=\"360\" src=\"https:\/\/www.youtube-nocookie.com\/embed\/euThW1YQtqg\" frameborder=\"0\" allow=\"accelerometer; autoplay; encrypted-media; gyroscope; picture-in-picture\" allowfullscreen=\"\"><\/iframe>\n\n\n\n<hr class=\"wp-block-separator is-style-dots\"\/>\n\n\n\n<p class=\"has-text-color has-medium-font-size has-vivid-cyan-blue-color\"><strong><span style=\"text-decoration: underline;\">Gilles CANTAGREL<\/span><\/strong> (pr\u00e9sentation du concert)<\/p>\n\n\n\n<p style=\"font-size:18px\" class=\"has-text-color has-vivid-cyan-blue-color\"><strong>Gilles CANTAGREL&nbsp;<\/strong>est musicologue, \u00e9crivain et conf\u00e9rencier, et un&nbsp;grand sp\u00e9cialiste de Bach et son \u00e9poque.<\/p>\n\n\n\n<div class=\"wp-block-media-text is-stacked-on-mobile is-vertically-aligned-center\" style=\"grid-template-columns:40% auto\"><figure class=\"wp-block-media-text__media\"><img loading=\"lazy\" decoding=\"async\" width=\"1000\" height=\"919\" src=\"https:\/\/ritmy.fr\/essais\/wp-content\/uploads\/2019\/07\/cantagrel-5-r\u00e9duit-1000x919.png\" alt=\"\" class=\"wp-image-20006\" srcset=\"https:\/\/ritmy.fr\/essais\/wp-content\/uploads\/2019\/07\/cantagrel-5-r\u00e9duit-1000x919.png 1000w, https:\/\/ritmy.fr\/essais\/wp-content\/uploads\/2019\/07\/cantagrel-5-r\u00e9duit-300x276.png 300w, https:\/\/ritmy.fr\/essais\/wp-content\/uploads\/2019\/07\/cantagrel-5-r\u00e9duit-768x705.png 768w, https:\/\/ritmy.fr\/essais\/wp-content\/uploads\/2019\/07\/cantagrel-5-r\u00e9duit.png 1032w\" sizes=\"auto, (max-width: 1000px) 100vw, 1000px\" \/><\/figure><div class=\"wp-block-media-text__content\">\n<p>Il \u00e9tudie l&rsquo;histoire de l&rsquo;art, et la musique \u00e0 l&rsquo;\u00c9cole Normale de musique et au Conservatoire de Paris, et pratique aussi l&rsquo;orgue et la direction chorale.<\/p>\n\n\n\n<p>D\u00e8s 1964, il s&rsquo;oriente vers le journalisme et la communication. Il a par exemple dirig\u00e9 les programmes de France Musique entre 1984 et 1987.<\/p>\n\n\n\n<p>Il a sign\u00e9 une s\u00e9rie de films sur l\u2019histoire de l\u2019orgue en Europe.<\/p>\n<\/div><\/div>\n\n\n\n<p>Gilles Cantagrel a publi\u00e9 de tr\u00e8s nombreux ouvrages, et articles de revues, dictionnaires et encyclop\u00e9dies en France et \u00e0 l&rsquo;\u00e9tranger.<\/p>\n\n\n\n<p>C&rsquo;est un grand sp\u00e9cialiste de<strong> Jean-S\u00e9bastien Bach<\/strong> et son \u00e9poque.<\/p>\n\n\n\n<p>Il est administrateur de plusieurs institutions comme le Centre de Musique Baroque de Versailles, et membre du conseil de surveillance de la Fondation Bach de Leipzig.<\/p>\n\n\n\n<p><strong>Puisant dans son immense connaissance du monde musical, Gilles CANTAGREL commentera avec sa verve habituelle chaque moment de ce concert.<\/strong><\/p>\n\n\n\n<hr class=\"wp-block-separator is-style-dots\"\/>\n\n\n\n<p style=\"font-size:18px\" class=\"has-text-color has-vivid-red-color\"><strong>Trois grands organistes, r\u00e9cemment disparus, nous avaient fait l&rsquo;honneur de jouer pour les &lsquo;Saisons Musicales&rsquo; RITMY. Nous leur rendrons aussi un <em>hommage<\/em> lors de ce concert.<\/strong><\/p>\n\n\n\n<p class=\"has-text-color has-background has-medium-font-size has-vivid-cyan-blue-color has-very-light-gray-background-color\"><strong>Andr\u00e9 ISOIR  (1935-2016) <\/strong><\/p>\n\n\n\n<p>C\u2019est <strong>Andr\u00e9 ISOIR <\/strong>qui a donn\u00e9 <strong>le tout premier concert RITMY, le 1<sup>er<\/sup>octobre 1989<\/strong>, \u00e0 Neauphle-le-Ch\u00e2teau. Il est revenu pour RITMY \u00e0 deux reprises en 1996.<\/p>\n\n\n\n<div class=\"wp-block-media-text is-stacked-on-mobile is-vertically-aligned-center\" style=\"grid-template-columns:38% auto\"><figure class=\"wp-block-media-text__media\"><img loading=\"lazy\" decoding=\"async\" width=\"462\" height=\"379\" src=\"https:\/\/ritmy.fr\/essais\/wp-content\/uploads\/2019\/07\/Andr\u00e9-Isoir-678x381-copie-2.jpg\" alt=\"\" class=\"wp-image-20003\" srcset=\"https:\/\/ritmy.fr\/essais\/wp-content\/uploads\/2019\/07\/Andr\u00e9-Isoir-678x381-copie-2.jpg 462w, https:\/\/ritmy.fr\/essais\/wp-content\/uploads\/2019\/07\/Andr\u00e9-Isoir-678x381-copie-2-300x246.jpg 300w\" sizes=\"auto, (max-width: 462px) 100vw, 462px\" \/><\/figure><div class=\"wp-block-media-text__content\">\n<p>Il a remport\u00e9 plusieurs concours d\u2019orgue internationaux (St Albans en Angleterre, Haarlem aux Pays-Bas).<\/p>\n\n\n\n<p>Apr\u00e8s avoir \u00e9t\u00e9 titulaire des orgues de Saint-M\u00e9dard et Saint-S\u00e9verin \u00e0 Paris, il est nomm\u00e9 titulaire du grand-orgue de l\u2019Abbaye de Saint-Germain-des-Pr\u00e9s en 1973.<\/p>\n\n\n\n<p>Il compl\u00e8te sa culture musicale par une connaissance approfondie de la facture instrumentale.<\/p>\n<\/div><\/div>\n\n\n\n<p>Andr\u00e9 ISOIR a enregistr\u00e9 une soixantaine de disques dont une int\u00e9grale des \u0153uvres pour orgue de Bach, qui demeure une r\u00e9f\u00e9rence. Il a obtenu le Grand Prix du Disque \u00e0 8 reprises.<\/p>\n\n\n\n<p class=\"has-text-color has-background has-medium-font-size has-vivid-cyan-blue-color has-very-light-gray-background-color\"><strong>Marie-Claire ALAIN  (1926-2013)<\/strong><\/p>\n\n\n\n<p>Elle est la fille du compositeur et organiste Albert Alain, s\u0153ur benjamine du compositeur et organiste <strong>Jehan Alain<\/strong> (1911-1940), d\u2019Olivier Alain, musicologue et compositeur.<\/p>\n\n\n\n<div class=\"wp-block-media-text is-stacked-on-mobile is-vertically-aligned-center\" style=\"grid-template-columns:32% auto\"><figure class=\"wp-block-media-text__media\"><img loading=\"lazy\" decoding=\"async\" width=\"755\" height=\"1000\" src=\"https:\/\/ritmy.fr\/essais\/wp-content\/uploads\/2019\/07\/Marie-Claire-Alain-2-copie-755x1000.jpg\" alt=\"\" class=\"wp-image-20004\" srcset=\"https:\/\/ritmy.fr\/essais\/wp-content\/uploads\/2019\/07\/Marie-Claire-Alain-2-copie-755x1000.jpg 755w, https:\/\/ritmy.fr\/essais\/wp-content\/uploads\/2019\/07\/Marie-Claire-Alain-2-copie-227x300.jpg 227w, https:\/\/ritmy.fr\/essais\/wp-content\/uploads\/2019\/07\/Marie-Claire-Alain-2-copie-768x1017.jpg 768w, https:\/\/ritmy.fr\/essais\/wp-content\/uploads\/2019\/07\/Marie-Claire-Alain-2-copie.jpg 800w\" sizes=\"auto, (max-width: 755px) 100vw, 755px\" \/><\/figure><div class=\"wp-block-media-text__content\">\n<p>Au CNSM de Paris elle est \u00e9l\u00e8ve de Marcel Dupr\u00e9, de Maurice Durufl\u00e9, et de Simone Pl\u00e9-Caussade. Durant toute sa carri\u00e8re (1950-2010), elle donnera plus de 2.500 concerts \u00e0 travers le monde.<\/p>\n\n\n\n<p>Elle \u00e9tait une p\u00e9dagogue tr\u00e8s recherch\u00e9e, r\u00e9put\u00e9e pour ses conf\u00e9rences avec illustrations musicales qui l&rsquo;ont amen\u00e9e dans les plus prestigieuses universit\u00e9s et conservatoires du monde.<\/p>\n\n\n\n<p>A enregistr\u00e9 plus de 250 disques (vendus \u00e0 plus de 4 millions d&rsquo;exemplaires) couronn\u00e9s par 2 disques d\u2019or et 15 Grands Prix du disque.<\/p>\n\n\n\n<p>Marie-Claire Alain a obtenu pour son \u0153uvre de nombreuses distinctions dans le monde entier.<\/p>\n<\/div><\/div>\n\n\n\n<p>Elle a donn\u00e9 3 concerts pour RITMY, en 1990, 1994 et 2004, tous \u00e0 Neauphle-le-Ch\u00e2teau, o\u00f9 elle est venue jouer pratiquement tous les ans pendant 25 ann\u00e9es et a conseill\u00e9 deux op\u00e9rations de restauration de l&rsquo;orgue.<\/p>\n\n\n\n<p class=\"has-text-color has-background has-medium-font-size has-vivid-cyan-blue-color has-very-light-gray-background-color\"><strong>Pierre PINCEMAILLE (1956-2018)<\/strong><\/p>\n\n\n\n<p>Il fait ses \u00e9tudes musicales au CNSM de Paris o\u00f9 il obtient 5 Premiers prix d&rsquo;orgue, et remporte 5 Grands prix de concours d\u2019orgue internationaux qui l\u2019ont lanc\u00e9 dans une brillante carri\u00e8re internationale de soliste.<\/p>\n\n\n\n<div class=\"wp-block-media-text is-stacked-on-mobile\" style=\"grid-template-columns:34% auto\"><figure class=\"wp-block-media-text__media\"><img loading=\"lazy\" decoding=\"async\" width=\"894\" height=\"1000\" src=\"https:\/\/ritmy.fr\/essais\/wp-content\/uploads\/2019\/07\/RITMY-Concert-NEAUPHLE-06-10-13-001-copie-894x1000.jpg\" alt=\"\" class=\"wp-image-20002\" srcset=\"https:\/\/ritmy.fr\/essais\/wp-content\/uploads\/2019\/07\/RITMY-Concert-NEAUPHLE-06-10-13-001-copie-894x1000.jpg 894w, https:\/\/ritmy.fr\/essais\/wp-content\/uploads\/2019\/07\/RITMY-Concert-NEAUPHLE-06-10-13-001-copie-268x300.jpg 268w, https:\/\/ritmy.fr\/essais\/wp-content\/uploads\/2019\/07\/RITMY-Concert-NEAUPHLE-06-10-13-001-copie-768x859.jpg 768w, https:\/\/ritmy.fr\/essais\/wp-content\/uploads\/2019\/07\/RITMY-Concert-NEAUPHLE-06-10-13-001-copie.jpg 1643w\" sizes=\"auto, (max-width: 894px) 100vw, 894px\" \/><\/figure><div class=\"wp-block-media-text__content\">\n<p>Titulaire des grandes orgues de la cath\u00e9drale-basilique de Saint-Denis pendant 30 ans (de 1987 \u00e0 son d\u00e9c\u00e8s), sa ma\u00eetrise de l&rsquo;improvisation \u00e0 l\u2019orgue a fait sa r\u00e9putation.<\/p>\n\n\n\n<p>Enseignant diff\u00e9rentes disciplines musicales, il a cherch\u00e9 dans ses innombrables concerts donn\u00e9s \u00e0 travers le monde (plus d&rsquo; un millier) \u00e0 rendre l&rsquo;orgue accessible \u00e0 un public non averti.<\/p>\n\n\n\n<p>Sa discographie comprend notamment les dix symphonies de Charles-Marie Widor, les int\u00e9grales pour orgue de C\u00e9sar Franck et Maurice Durufl\u00e9, des transcriptions de Stravinsky, et des improvisations.<\/p>\n<\/div><\/div>\n\n\n\n<p>Il s&rsquo;est produit pour RITMY en octobre 2013, \u00e9galement \u00e0 Neauphle-le-Ch\u00e2teau (<em>cf. photo ci-dessus<\/em>).<\/p>\n\n\n\n<hr class=\"wp-block-separator is-style-dots\"\/>\n\n\n\n<div class=\"wp-block-group has-very-light-gray-background-color has-background\"><div class=\"wp-block-group__inner-container is-layout-flow wp-block-group-is-layout-flow\">\n<p class=\"has-text-color has-medium-font-size has-vivid-red-color\">Si vous aimez l\u2019orgue, vous aurez le meilleur de cet instrument, si vous ne le connaissez pas, c\u2019est une magnifique occasion d\u2019en d\u00e9couvrir la richesse et la subtilit\u00e9&#8230;<\/p>\n\n\n\n<p class=\"has-text-color has-medium-font-size has-vivid-red-color\">Nous aurons la chance d&rsquo;entendre un immense interpr\u00e8te de l&rsquo;orgue, grande figure de la sc\u00e8ne musicale actuelle, et de b\u00e9n\u00e9ficier de la pr\u00e9sentation de ce concert par un brillant sp\u00e9cialiste du monde musical.<\/p>\n\n\n\n<p class=\"has-text-color has-medium-font-size has-vivid-red-color\">Ce concert d&rsquo;ouverture de la Saison Musicale et d\u2019hommage \u00e0 trois grands interpr\u00e8tes s&rsquo;annonce exceptionnel !<\/p>\n<\/div><\/div>\n\n\n\n<p class=\"has-medium-font-size\">Il est prudent de <strong>r\u00e9server<\/strong> d\u00e8s maintenant vos billets, vous pouvez le faire en ligne en cliquant sur le bouton ci-dessous, ou en appelant le 06-80-31-06-12 :<\/p>\n\n\n\n<div class=\"wp-block-button aligncenter is-style-default\"><a class=\"wp-block-button__link\" href=\"https:\/\/ritmy.fr\/essais\/reserver\/\">RESERVER vos BILLETS<\/a><\/div>\n\n\n\n<hr class=\"wp-block-separator is-style-default\"\/>\n\n\n\n<div class=\"wp-block-media-text has-media-on-the-right is-stacked-on-mobile is-vertically-aligned-center\" style=\"grid-template-columns:auto 17%\"><figure class=\"wp-block-media-text__media\"><img loading=\"lazy\" decoding=\"async\" width=\"173\" height=\"105\" src=\"https:\/\/ritmy.fr\/essais\/wp-content\/uploads\/2016\/10\/LOGO-SINLC-cor.png\" alt=\"\" class=\"wp-image-14613\"\/><\/figure><div class=\"wp-block-media-text__content\">\n<p class=\"has-text-align-center has-medium-font-size\">Concert organis\u00e9 conjointement par RITMY et le Syndicat d&rsquo;Initiative de Neauphle-le-Ch\u00e2teau<\/p>\n<\/div><\/div>\n\n\n\n<div class=\"wp-block-media-text has-media-on-the-right is-stacked-on-mobile is-vertically-aligned-center\" style=\"grid-template-columns:auto 17%\"><figure class=\"wp-block-media-text__media\"><img loading=\"lazy\" decoding=\"async\" width=\"1000\" height=\"500\" src=\"https:\/\/ritmy.fr\/essais\/wp-content\/uploads\/2018\/09\/SPEDIDAM-ENCADRE-r\u00e9duit-1000x500.jpg\" alt=\"\" class=\"wp-image-18150\" srcset=\"https:\/\/ritmy.fr\/essais\/wp-content\/uploads\/2018\/09\/SPEDIDAM-ENCADRE-r\u00e9duit-1000x500.jpg 1000w, https:\/\/ritmy.fr\/essais\/wp-content\/uploads\/2018\/09\/SPEDIDAM-ENCADRE-r\u00e9duit-300x150.jpg 300w, https:\/\/ritmy.fr\/essais\/wp-content\/uploads\/2018\/09\/SPEDIDAM-ENCADRE-r\u00e9duit-768x384.jpg 768w, https:\/\/ritmy.fr\/essais\/wp-content\/uploads\/2018\/09\/SPEDIDAM-ENCADRE-r\u00e9duit.jpg 1100w\" sizes=\"auto, (max-width: 1000px) 100vw, 1000px\" \/><\/figure><div class=\"wp-block-media-text__content\">\n<p class=\"has-text-align-center has-medium-font-size\">RITMY b\u00e9n\u00e9ficie du soutien de la SPEDIDAM<\/p>\n<\/div><\/div>\n\n\n\n<div style=\"height:20px\" aria-hidden=\"true\" class=\"wp-block-spacer\"><\/div>\n","protected":false},"excerpt":{"rendered":"<p>Thierry ESCAICH &#8211; Orgue Neauphle-le-Ch\u00e2teau, le Dimanche 22 septembre 2019, \u00e0 17h., \u00e9glise Saint-Nicolas Le concert sera pr\u00e9sent\u00e9 par le musicologue Gilles CANTAGREL, et sera aussi un hommage \u00e0 3 grands organistes qui ont marqu\u00e9 l&rsquo;histoire de RITMY : Andr\u00e9 ISOIR, Marie-Claire ALAIN, et Pierre PINCEMAILLE. Un grand \u00e9cran, install\u00e9 dans l&rsquo;\u00e9glise, nous permettra de &hellip; <\/p>\n<p><a class=\"more-link btn\" href=\"https:\/\/ritmy.fr\/essais\/concerts-2\/tout-sur-les-30-saisons\/thierry-escaich-a-neauphle-le-chateau-le-22-septembre\/\">Lire la suite<\/a><\/p>\n","protected":false},"author":3,"featured_media":0,"parent":19796,"menu_order":1,"comment_status":"closed","ping_status":"closed","template":"","meta":{"footnotes":""},"class_list":["post-20115","page","type-page","status-publish","hentry","nodate","item-wrap"],"_links":{"self":[{"href":"https:\/\/ritmy.fr\/essais\/wp-json\/wp\/v2\/pages\/20115","targetHints":{"allow":["GET"]}}],"collection":[{"href":"https:\/\/ritmy.fr\/essais\/wp-json\/wp\/v2\/pages"}],"about":[{"href":"https:\/\/ritmy.fr\/essais\/wp-json\/wp\/v2\/types\/page"}],"author":[{"embeddable":true,"href":"https:\/\/ritmy.fr\/essais\/wp-json\/wp\/v2\/users\/3"}],"replies":[{"embeddable":true,"href":"https:\/\/ritmy.fr\/essais\/wp-json\/wp\/v2\/comments?post=20115"}],"version-history":[{"count":8,"href":"https:\/\/ritmy.fr\/essais\/wp-json\/wp\/v2\/pages\/20115\/revisions"}],"predecessor-version":[{"id":21580,"href":"https:\/\/ritmy.fr\/essais\/wp-json\/wp\/v2\/pages\/20115\/revisions\/21580"}],"up":[{"embeddable":true,"href":"https:\/\/ritmy.fr\/essais\/wp-json\/wp\/v2\/pages\/19796"}],"wp:attachment":[{"href":"https:\/\/ritmy.fr\/essais\/wp-json\/wp\/v2\/media?parent=20115"}],"curies":[{"name":"wp","href":"https:\/\/api.w.org\/{rel}","templated":true}]}}