{"id":20,"date":"2010-05-05T20:16:11","date_gmt":"2010-05-05T19:16:11","guid":{"rendered":"http:\/\/ritmy.fr\/blog\/?page_id=20"},"modified":"2025-09-03T14:38:54","modified_gmt":"2025-09-03T13:38:54","slug":"soutiens","status":"publish","type":"page","link":"https:\/\/ritmy.fr\/essais\/soutiens\/","title":{"rendered":"NOS SOUTIENS"},"content":{"rendered":"\n<p><\/p>\n\n\n\n<p class=\"has-large-font-size\">Depuis 35 ans nos concerts sont con\u00e7us et organis\u00e9s par des b\u00e9n\u00e9voles passionn\u00e9s, qui font en sorte que chaque \u00e9v\u00e8nement soit un succ\u00e8s.<\/p>\n\n\n\n<p class=\"has-large-font-size\">Nous accueillons r\u00e9guli\u00e8rement des artistes prim\u00e9s de renomm\u00e9e internationale, et de jeunes artistes en devenir pour leur talent.<\/p>\n\n\n\n<p class=\"has-large-font-size\">En raison de la perte de subventions dont nous b\u00e9n\u00e9ficiions auparavant, nous avons besoin de votre soutien financier pour continuer \u00e0 organiser pr\u00e8s de chez vous ces rendez-vous de grande qualit\u00e9.<\/p>\n\n\n\n<p class=\"has-large-font-size\">N&rsquo;h\u00e9sitez pas \u00e0 nous rejoindre et vous contribuerez ainsi \u00e0 la diffusion de la musique et \u00e0 l&rsquo;animation de nos villages.<\/p>\n\n\n\n<p class=\"has-large-font-size\">Vous pouvez faire un don sur ce site dans la rubrique <a href=\"https:\/\/ritmy.fr\/essais\/reserver\/\"><strong>RESERVER<\/strong><\/a> ou en faisant parvenir un ch\u00e8que \u00e0 l&rsquo;ordre de RITMY, accompagn\u00e9 de votre adresse postale compl\u00e8te  \u00e0 :<\/p>\n\n\n\n<p class=\"has-text-align-center has-large-font-size\"><strong>RITMY abonnements<br>19 rue des Ch\u00e2taigniers<br>78940 LA-QUEUE-LES-YVELINES<\/strong><\/p>\n\n\n\n<p><\/p>\n\n\n\n<p class=\"has-pale-cyan-blue-background-color has-background has-large-font-size\">Votre don d&rsquo;un montant minimum de 15 Euros est d\u00e9fiscalisable au titre des dons effectu\u00e9s \u00e0 une association d&rsquo;int\u00e9r\u00eat g\u00e9n\u00e9ral.  Dans le cadre de l&rsquo;imp\u00f4t sur le revenu, vous b\u00e9n\u00e9ficiez d&rsquo;une d\u00e9duction de 66% du montant annuel de vos dons. Un re\u00e7u  fiscal sera \u00e9tabli par nos soins et vous sera adress\u00e9 par m\u00e9l.<\/p>\n\n\n\n<p class=\"has-large-font-size\"><\/p>\n","protected":false},"excerpt":{"rendered":"<p>Depuis 35 ans nos concerts sont con\u00e7us et organis\u00e9s par des b\u00e9n\u00e9voles passionn\u00e9s, qui font en sorte que chaque \u00e9v\u00e8nement soit un succ\u00e8s. Nous accueillons r\u00e9guli\u00e8rement des artistes prim\u00e9s de renomm\u00e9e internationale, et de jeunes artistes en devenir pour leur talent. En raison de la perte de subventions dont nous b\u00e9n\u00e9ficiions auparavant, nous avons besoin &hellip; <\/p>\n<p><a class=\"more-link btn\" href=\"https:\/\/ritmy.fr\/essais\/soutiens\/\">Lire la suite<\/a><\/p>\n","protected":false},"author":1,"featured_media":0,"parent":0,"menu_order":4,"comment_status":"closed","ping_status":"closed","template":"","meta":{"footnotes":""},"class_list":["post-20","page","type-page","status-publish","hentry","nodate","item-wrap"],"_links":{"self":[{"href":"https:\/\/ritmy.fr\/essais\/wp-json\/wp\/v2\/pages\/20","targetHints":{"allow":["GET"]}}],"collection":[{"href":"https:\/\/ritmy.fr\/essais\/wp-json\/wp\/v2\/pages"}],"about":[{"href":"https:\/\/ritmy.fr\/essais\/wp-json\/wp\/v2\/types\/page"}],"author":[{"embeddable":true,"href":"https:\/\/ritmy.fr\/essais\/wp-json\/wp\/v2\/users\/1"}],"replies":[{"embeddable":true,"href":"https:\/\/ritmy.fr\/essais\/wp-json\/wp\/v2\/comments?post=20"}],"version-history":[{"count":30,"href":"https:\/\/ritmy.fr\/essais\/wp-json\/wp\/v2\/pages\/20\/revisions"}],"predecessor-version":[{"id":30385,"href":"https:\/\/ritmy.fr\/essais\/wp-json\/wp\/v2\/pages\/20\/revisions\/30385"}],"wp:attachment":[{"href":"https:\/\/ritmy.fr\/essais\/wp-json\/wp\/v2\/media?parent=20"}],"curies":[{"name":"wp","href":"https:\/\/api.w.org\/{rel}","templated":true}]}}