{"id":19796,"date":"2019-06-14T15:59:29","date_gmt":"2019-06-14T14:59:29","guid":{"rendered":"http:\/\/ritmy.fr\/essais\/?page_id=19796"},"modified":"2025-09-06T10:26:30","modified_gmt":"2025-09-06T09:26:30","slug":"tout-sur-les-30-saisons","status":"publish","type":"page","link":"https:\/\/ritmy.fr\/essais\/concerts-2\/tout-sur-les-30-saisons\/","title":{"rendered":"TOUT SUR LES 30es SAISONS"},"content":{"rendered":"\n<p class=\"has-vivid-cyan-blue-color has-text-color has-medium-font-size\"><strong>Voici les concerts et \u00e9v\u00e8nements musicaux que RITMY vous a propos\u00e9s&nbsp;pour f\u00eater les 30<sup>es<\/sup> Saisons Musicales 2019-2020.<\/strong><\/p>\n\n\n\n<p style=\"font-size:17px\">Pour cet anniversaire, nous avons pr\u00e9par\u00e9 une <strong>programmation exceptionnelle<\/strong>, toujours sous le signe de la diversit\u00e9, et de la qualit\u00e9.<\/p>\n\n\n\n<p style=\"font-size:17px\">Nous avons voulu mettre \u00e0 l&rsquo;honneur de jeunes artistes trentenaires tr\u00e8s talentueux, dont certains d\u00e9j\u00e0 invit\u00e9s et que nous avons ador\u00e9s&#8230; rendre un hommage \u00e0 3 grands organistes qui nous firent l&rsquo;honneur de leur pr\u00e9sence&#8230; et vous proposer 3 surprises, des <strong>&lsquo;Evasions Musicales&rsquo;<\/strong>, programm\u00e9es en fin de Saison. <\/p>\n\n\n\n<p class=\"has-vivid-red-color has-pale-cyan-blue-background-color has-text-color has-background\">\u26a0\ufe0f <strong>En raison des consignes sanitaires li\u00e9es au coronavirus, les concerts du 15 mars et du 2 avril, ainsi que les \u00e9v\u00e8nements des 25 avril et 6 juin,<\/strong> <strong>ont \u00e9t\u00e9 ANNUL\u00c9S<\/strong>.<\/p>\n\n\n\n<hr class=\"wp-block-separator has-css-opacity\"\/>\n\n\n\n<figure class=\"wp-block-gallery has-nested-images columns-default is-cropped wp-block-gallery-1 is-layout-flex wp-block-gallery-is-layout-flex\">\n<figure class=\"wp-block-image size-large\"><a href=\"https:\/\/ritmy.fr\/essais\/concerts-2\/tout-sur-les-30-saisons\/thierry-escaich-a-neauphle-le-chateau-le-22-septembre\/\"><img loading=\"lazy\" decoding=\"async\" width=\"509\" height=\"1000\" data-id=\"19811\" src=\"https:\/\/ritmy.fr\/essais\/wp-content\/uploads\/2019\/06\/Concert-Neauphle-509x1000.png\" alt=\"\" class=\"wp-image-19811\" srcset=\"https:\/\/ritmy.fr\/essais\/wp-content\/uploads\/2019\/06\/Concert-Neauphle-509x1000.png 509w, https:\/\/ritmy.fr\/essais\/wp-content\/uploads\/2019\/06\/Concert-Neauphle-153x300.png 153w, https:\/\/ritmy.fr\/essais\/wp-content\/uploads\/2019\/06\/Concert-Neauphle.png 643w\" sizes=\"auto, (max-width: 509px) 100vw, 509px\" \/><\/a><\/figure>\n\n\n\n<figure class=\"wp-block-image size-large\"><a href=\"https:\/\/ritmy.fr\/essais\/concerts-2\/tout-sur-les-30-saisons\/orchestre-nouvelle-europe-a-houdan\/\"><img loading=\"lazy\" decoding=\"async\" width=\"509\" height=\"1000\" data-id=\"19813\" src=\"https:\/\/ritmy.fr\/essais\/wp-content\/uploads\/2019\/06\/Concert-Houdan-509x1000.png\" alt=\"\" class=\"wp-image-19813\" srcset=\"https:\/\/ritmy.fr\/essais\/wp-content\/uploads\/2019\/06\/Concert-Houdan-509x1000.png 509w, https:\/\/ritmy.fr\/essais\/wp-content\/uploads\/2019\/06\/Concert-Houdan-153x300.png 153w, https:\/\/ritmy.fr\/essais\/wp-content\/uploads\/2019\/06\/Concert-Houdan.png 643w\" sizes=\"auto, (max-width: 509px) 100vw, 509px\" \/><\/a><\/figure>\n<\/figure>\n\n\n\n<figure class=\"wp-block-gallery has-nested-images columns-default is-cropped wp-block-gallery-2 is-layout-flex wp-block-gallery-is-layout-flex\">\n<figure class=\"wp-block-image size-large\"><a href=\"https:\/\/ritmy.fr\/essais\/concerts-2\/tout-sur-les-30-saisons\/carte-blanche-aux-trentenaires\/\"><img loading=\"lazy\" decoding=\"async\" width=\"509\" height=\"1000\" data-id=\"19814\" src=\"https:\/\/ritmy.fr\/essais\/wp-content\/uploads\/2019\/06\/Concert-Orgerus-509x1000.png\" alt=\"\" class=\"wp-image-19814\" srcset=\"https:\/\/ritmy.fr\/essais\/wp-content\/uploads\/2019\/06\/Concert-Orgerus-509x1000.png 509w, https:\/\/ritmy.fr\/essais\/wp-content\/uploads\/2019\/06\/Concert-Orgerus-153x300.png 153w, https:\/\/ritmy.fr\/essais\/wp-content\/uploads\/2019\/06\/Concert-Orgerus.png 643w\" sizes=\"auto, (max-width: 509px) 100vw, 509px\" \/><\/a><\/figure>\n\n\n\n<figure class=\"wp-block-image size-large\"><a href=\"https:\/\/ritmy.fr\/essais\/concerts-2\/tout-sur-les-30-saisons\/criollando-a-richebourg\/\"><img loading=\"lazy\" decoding=\"async\" width=\"509\" height=\"1000\" data-id=\"19815\" src=\"https:\/\/ritmy.fr\/essais\/wp-content\/uploads\/2019\/06\/Concert-Richebourg-509x1000.png\" alt=\"\" class=\"wp-image-19815\" srcset=\"https:\/\/ritmy.fr\/essais\/wp-content\/uploads\/2019\/06\/Concert-Richebourg-509x1000.png 509w, https:\/\/ritmy.fr\/essais\/wp-content\/uploads\/2019\/06\/Concert-Richebourg-153x300.png 153w, https:\/\/ritmy.fr\/essais\/wp-content\/uploads\/2019\/06\/Concert-Richebourg.png 643w\" sizes=\"auto, (max-width: 509px) 100vw, 509px\" \/><\/a><\/figure>\n<\/figure>\n\n\n\n<figure class=\"wp-block-gallery has-nested-images columns-default is-cropped wp-block-gallery-3 is-layout-flex wp-block-gallery-is-layout-flex\">\n<figure class=\"wp-block-image size-large\"><a href=\"https:\/\/ritmy.fr\/essais\/concerts-2\/tout-sur-les-30-saisons\/victor-et-jonas-a-mareil-sur-mauldre\/\"><img loading=\"lazy\" decoding=\"async\" width=\"509\" height=\"1000\" data-id=\"19816\" src=\"https:\/\/ritmy.fr\/essais\/wp-content\/uploads\/2019\/06\/Concert-Mareil-509x1000.png\" alt=\"\" class=\"wp-image-19816\" srcset=\"https:\/\/ritmy.fr\/essais\/wp-content\/uploads\/2019\/06\/Concert-Mareil-509x1000.png 509w, https:\/\/ritmy.fr\/essais\/wp-content\/uploads\/2019\/06\/Concert-Mareil-153x300.png 153w, https:\/\/ritmy.fr\/essais\/wp-content\/uploads\/2019\/06\/Concert-Mareil.png 643w\" sizes=\"auto, (max-width: 509px) 100vw, 509px\" \/><\/a><\/figure>\n\n\n\n<figure class=\"wp-block-image size-large\"><a href=\"https:\/\/ritmy.fr\/essais\/concerts-2\/tout-sur-les-30-saisons\/kotaro-fukuma-a-mere\/\"><img loading=\"lazy\" decoding=\"async\" width=\"509\" height=\"1000\" data-id=\"19817\" src=\"https:\/\/ritmy.fr\/essais\/wp-content\/uploads\/2019\/06\/Concert-M\u00e9r\u00e9-509x1000.png\" alt=\"\" class=\"wp-image-19817\" srcset=\"https:\/\/ritmy.fr\/essais\/wp-content\/uploads\/2019\/06\/Concert-M\u00e9r\u00e9-509x1000.png 509w, https:\/\/ritmy.fr\/essais\/wp-content\/uploads\/2019\/06\/Concert-M\u00e9r\u00e9-153x300.png 153w, https:\/\/ritmy.fr\/essais\/wp-content\/uploads\/2019\/06\/Concert-M\u00e9r\u00e9.png 643w\" sizes=\"auto, (max-width: 509px) 100vw, 509px\" \/><\/a><\/figure>\n<\/figure>\n\n\n\n<figure class=\"wp-block-image is-resized\"><a href=\"https:\/\/ritmy.fr\/essais\/concerts-2\/tout-sur-les-30-saisons\/4-mains-autour-de-la-danse-a-aubergenville\/\"><img loading=\"lazy\" decoding=\"async\" width=\"509\" height=\"1000\" src=\"https:\/\/ritmy.fr\/essais\/wp-content\/uploads\/2019\/06\/Concert-Aubergenville-509x1000.png\" alt=\"\" class=\"wp-image-19818\" style=\"width:403px;height:874px\" srcset=\"https:\/\/ritmy.fr\/essais\/wp-content\/uploads\/2019\/06\/Concert-Aubergenville-509x1000.png 509w, https:\/\/ritmy.fr\/essais\/wp-content\/uploads\/2019\/06\/Concert-Aubergenville-153x300.png 153w, https:\/\/ritmy.fr\/essais\/wp-content\/uploads\/2019\/06\/Concert-Aubergenville.png 643w\" sizes=\"auto, (max-width: 509px) 100vw, 509px\" \/><\/a><\/figure>\n\n\n\n<p class=\"has-text-align-center has-vivid-cyan-blue-color has-text-color has-medium-font-size\"><strong>Les EVASIONS MUSICALES<\/strong><\/p>\n\n\n\n<figure class=\"wp-block-gallery has-nested-images columns-default is-cropped wp-block-gallery-4 is-layout-flex wp-block-gallery-is-layout-flex\">\n<figure class=\"wp-block-image size-large\"><img loading=\"lazy\" decoding=\"async\" width=\"509\" height=\"1000\" data-id=\"19819\" src=\"https:\/\/ritmy.fr\/essais\/wp-content\/uploads\/2019\/06\/Concert-Tedi-509x1000.png\" alt=\"\" class=\"wp-image-19819\" srcset=\"https:\/\/ritmy.fr\/essais\/wp-content\/uploads\/2019\/06\/Concert-Tedi-509x1000.png 509w, https:\/\/ritmy.fr\/essais\/wp-content\/uploads\/2019\/06\/Concert-Tedi-153x300.png 153w, https:\/\/ritmy.fr\/essais\/wp-content\/uploads\/2019\/06\/Concert-Tedi.png 643w\" sizes=\"auto, (max-width: 509px) 100vw, 509px\" \/><\/figure>\n\n\n\n<figure class=\"wp-block-image size-large\"><img loading=\"lazy\" decoding=\"async\" width=\"509\" height=\"1000\" data-id=\"19820\" src=\"https:\/\/ritmy.fr\/essais\/wp-content\/uploads\/2019\/06\/Musique-et-Patrimoine-509x1000.png\" alt=\"\" class=\"wp-image-19820\" srcset=\"https:\/\/ritmy.fr\/essais\/wp-content\/uploads\/2019\/06\/Musique-et-Patrimoine-509x1000.png 509w, https:\/\/ritmy.fr\/essais\/wp-content\/uploads\/2019\/06\/Musique-et-Patrimoine-153x300.png 153w, https:\/\/ritmy.fr\/essais\/wp-content\/uploads\/2019\/06\/Musique-et-Patrimoine.png 643w\" sizes=\"auto, (max-width: 509px) 100vw, 509px\" \/><\/figure>\n<\/figure>\n\n\n\n<figure class=\"wp-block-image is-resized\"><img loading=\"lazy\" decoding=\"async\" width=\"509\" height=\"1000\" src=\"https:\/\/ritmy.fr\/essais\/wp-content\/uploads\/2019\/06\/3-Temps-du-Jazz-509x1000.png\" alt=\"\" class=\"wp-image-19821\" style=\"width:404px;height:794px\" srcset=\"https:\/\/ritmy.fr\/essais\/wp-content\/uploads\/2019\/06\/3-Temps-du-Jazz-509x1000.png 509w, https:\/\/ritmy.fr\/essais\/wp-content\/uploads\/2019\/06\/3-Temps-du-Jazz-153x300.png 153w, https:\/\/ritmy.fr\/essais\/wp-content\/uploads\/2019\/06\/3-Temps-du-Jazz.png 643w\" sizes=\"auto, (max-width: 509px) 100vw, 509px\" \/><\/figure>\n","protected":false},"excerpt":{"rendered":"<p>Voici les concerts et \u00e9v\u00e8nements musicaux que RITMY vous a propos\u00e9s&nbsp;pour f\u00eater les 30es Saisons Musicales 2019-2020. Pour cet anniversaire, nous avons pr\u00e9par\u00e9 une programmation exceptionnelle, toujours sous le signe de la diversit\u00e9, et de la qualit\u00e9. Nous avons voulu mettre \u00e0 l&rsquo;honneur de jeunes artistes trentenaires tr\u00e8s talentueux, dont certains d\u00e9j\u00e0 invit\u00e9s et que &hellip; <\/p>\n<p><a class=\"more-link btn\" href=\"https:\/\/ritmy.fr\/essais\/concerts-2\/tout-sur-les-30-saisons\/\">Lire la suite<\/a><\/p>\n","protected":false},"author":3,"featured_media":19523,"parent":11,"menu_order":15,"comment_status":"closed","ping_status":"closed","template":"","meta":{"footnotes":""},"class_list":["post-19796","page","type-page","status-publish","has-post-thumbnail","hentry","nodate","item-wrap"],"_links":{"self":[{"href":"https:\/\/ritmy.fr\/essais\/wp-json\/wp\/v2\/pages\/19796","targetHints":{"allow":["GET"]}}],"collection":[{"href":"https:\/\/ritmy.fr\/essais\/wp-json\/wp\/v2\/pages"}],"about":[{"href":"https:\/\/ritmy.fr\/essais\/wp-json\/wp\/v2\/types\/page"}],"author":[{"embeddable":true,"href":"https:\/\/ritmy.fr\/essais\/wp-json\/wp\/v2\/users\/3"}],"replies":[{"embeddable":true,"href":"https:\/\/ritmy.fr\/essais\/wp-json\/wp\/v2\/comments?post=19796"}],"version-history":[{"count":48,"href":"https:\/\/ritmy.fr\/essais\/wp-json\/wp\/v2\/pages\/19796\/revisions"}],"predecessor-version":[{"id":30511,"href":"https:\/\/ritmy.fr\/essais\/wp-json\/wp\/v2\/pages\/19796\/revisions\/30511"}],"up":[{"embeddable":true,"href":"https:\/\/ritmy.fr\/essais\/wp-json\/wp\/v2\/pages\/11"}],"wp:featuredmedia":[{"embeddable":true,"href":"https:\/\/ritmy.fr\/essais\/wp-json\/wp\/v2\/media\/19523"}],"wp:attachment":[{"href":"https:\/\/ritmy.fr\/essais\/wp-json\/wp\/v2\/media?parent=19796"}],"curies":[{"name":"wp","href":"https:\/\/api.w.org\/{rel}","templated":true}]}}