{"id":18146,"date":"2018-09-27T20:07:30","date_gmt":"2018-09-27T19:07:30","guid":{"rendered":"http:\/\/ritmy.fr\/essais\/?page_id=18146"},"modified":"2025-05-03T16:26:20","modified_gmt":"2025-05-03T15:26:20","slug":"rossfelder-guitar-quartet-a-houdan","status":"publish","type":"page","link":"https:\/\/ritmy.fr\/essais\/concerts-2\/rossfelder-guitar-quartet-a-houdan\/","title":{"rendered":"Le &lsquo;ROSSFELDER Guitar Quartet&rsquo;, \u00e0 Houdan le 18 novembre 2018"},"content":{"rendered":"<h2 style=\"text-align: center;\"><strong><span style=\"color: #000080;\">Le ROSSFELDER Guitar Quartet<\/span><\/strong><\/h2>\n<h3 style=\"text-align: center;\"><span style=\"color: #000080;\"><strong>\u00e0 HOUDAN, le Dimanche 18 novembre 2018,<\/strong><\/span><span style=\"color: #000080;\"><strong> \u00e0 17h. Eglise Saint-Jacques<\/strong><\/span><\/h3>\n<h4 style=\"text-align: justify;\"><span style=\"color: #333333;\"><strong>Nous aurons la chance\u00a0d&rsquo;accueillir un formidable quatuor de guitares emmen\u00e9 par <span style=\"color: #333399;\">Emmanuel ROSSFELDER<\/span>, consid\u00e9r\u00e9 comme le &lsquo;chef de file&rsquo; de la guitare classique en France<\/strong><\/span><strong>.<\/strong><\/h4>\n<div id=\"attachment_17907\" style=\"width: 480px\" class=\"wp-caption aligncenter\"><img loading=\"lazy\" decoding=\"async\" aria-describedby=\"caption-attachment-17907\" class=\"wp-image-17907\" src=\"https:\/\/ritmy.fr\/essais\/wp-content\/uploads\/2018\/06\/Guitar-5.png\" alt=\"\" width=\"480\" height=\"360\" srcset=\"https:\/\/ritmy.fr\/essais\/wp-content\/uploads\/2018\/06\/Guitar-5.png 951w, https:\/\/ritmy.fr\/essais\/wp-content\/uploads\/2018\/06\/Guitar-5-300x225.png 300w, https:\/\/ritmy.fr\/essais\/wp-content\/uploads\/2018\/06\/Guitar-5-768x576.png 768w\" sizes=\"auto, (max-width: 480px) 100vw, 480px\" \/><p id=\"caption-attachment-17907\" class=\"wp-caption-text\">Emmanuel Rossfelder, Ekaterina Khoreva, Philippe Mariotti, Pascal Polidori (photo Xavibes)<\/p><\/div>\n<h4 style=\"text-align: justify;\"><span style=\"color: #333399;\"><span style=\"color: #333333;\">Le guitariste<\/span> <strong>Emmanuel ROSSFELDER\u00a0<\/strong><\/span>devient \u00e0 14 ans le plus jeune guitariste jamais admis dans la classe d\u2019<strong>Alexandre LAGOYA<\/strong> au <strong>CNSM de Paris<\/strong>.<\/h4>\n<div id=\"attachment_18152\" style=\"width: 365px\" class=\"wp-caption alignleft\"><img loading=\"lazy\" decoding=\"async\" aria-describedby=\"caption-attachment-18152\" class=\"wp-image-18152\" src=\"https:\/\/ritmy.fr\/essais\/wp-content\/uploads\/2018\/09\/Guitar-X9.jpg\" alt=\"\" width=\"365\" height=\"244\" srcset=\"https:\/\/ritmy.fr\/essais\/wp-content\/uploads\/2018\/09\/Guitar-X9.jpg 698w, https:\/\/ritmy.fr\/essais\/wp-content\/uploads\/2018\/09\/Guitar-X9-300x200.jpg 300w\" sizes=\"auto, (max-width: 365px) 100vw, 365px\" \/><p id=\"caption-attachment-18152\" class=\"wp-caption-text\">Emmanuel ROSSFELDER (photo Xavibes)<\/p><\/div>\n<h5 style=\"text-align: justify;\">Il voue une admiration sans bornes \u00e0 son professeur qui en retour lui prodigue un <strong>enseignement fond\u00e9 sur une technique sp\u00e9cifique de la \u00ab\u00a0main droite\u00a0\u00bb<\/strong> qu\u2019il avait \u00e9labor\u00e9e avec Ida Presti.<\/h5>\n<h5 style=\"text-align: justify;\">D\u00e8s lors une <strong>relation privil\u00e9gi\u00e9e<\/strong> s\u2019instaure entre le Ma\u00eetre et l\u2019\u00e9l\u00e8ve.<\/h5>\n<h5><em>\u00ab Emmanuel offre \u00e0 la guitare une sonorit\u00e9 puissante, de la virtuosit\u00e9, de l\u2019\u00e9motion et une fantaisie qui font d\u00e9j\u00e0 de lui un grand artiste. \u00bb<\/em>\u00a0\u00a0<strong>Alexandre LAGOYA<\/strong><\/h5>\n<h5 style=\"text-align: justify;\">Il se distingue dans des <strong>concours internationaux<\/strong>, et en 2004, il remporte la <span style=\"color: #333399;\"><strong>Victoire de la Musique <\/strong><\/span>dans la cat\u00e9gorie <strong>\u2018R\u00e9v\u00e9lation Soliste Instrumental\u2019.<\/strong><\/h5>\n<h5 style=\"text-align: justify;\"><strong>Depuis plus de 25 ans il se produit sur les plus grandes sc\u00e8nes fran\u00e7aises et europ\u00e9ennes, mais \u00e9galement au Japon, en Cor\u00e9e, au Br\u00e9sil, en Argentine, en Afrique, aux USA\u2026<\/strong><\/h5>\n<h5 style=\"text-align: justify;\"><strong>Son 8\u00e8me album \u00ab\u00a0Virtuoso\u00a0\u00bb <\/strong>est consacr\u00e9 aux \u0153uvres pour guitare solo de grande virtuosit\u00e9, ainsi que d&rsquo;audacieuses transcriptions de Paganini&#8230;<\/h5>\n<h5 style=\"text-align: justify;\"><strong>Il est accompagn\u00e9 par trois grands interpr\u00e8tes actuels de la guitare classique : <span style=\"color: #333399;\">Ekaterina KHOREVA<\/span>, <span style=\"color: #333399;\">Pascal POLIDORI<\/span> <span style=\"color: #333333;\">et<\/span> <span style=\"color: #333399;\">Philippe MARIOTTI.<\/span><\/strong><\/h5>\n<h5 style=\"text-align: justify;\">Des musiciens qui sont tous pass\u00e9s par le <strong>CNSM de Paris<\/strong>, o\u00f9\u00a0<span style=\"color: #333399;\"><strong>Pascal POLIDORI<\/strong><\/span> et <span style=\"color: #333399;\"><strong>Philippe MARIOTTI<\/strong> <\/span>ont \u00e9galement \u00e9t\u00e9 les \u00e9l\u00e8ves du grand <strong>Alexandre LAGOYA<\/strong> qui leur a transmis\u00a0la <strong>fameuse technique de \u00ab\u00a0main droite\u00a0\u00bb<\/strong>, qui permet d\u2019augmenter la projection sonore de l\u2019instrument tout en lui procurant un timbre incomparable.<\/h5>\n<h5><span style=\"color: #333399;\"><strong>Ekaterina KHOREVA<\/strong>\u00a0<\/span>est n\u00e9e dans une famille de musiciens de Saint-P\u00e9tersbourg en Russie.<\/h5>\n<div id=\"attachment_18155\" style=\"width: 225px\" class=\"wp-caption alignleft\"><img loading=\"lazy\" decoding=\"async\" aria-describedby=\"caption-attachment-18155\" class=\"wp-image-18155\" src=\"https:\/\/ritmy.fr\/essais\/wp-content\/uploads\/2018\/09\/Guitar-X1.jpg\" alt=\"\" width=\"225\" height=\"300\" srcset=\"https:\/\/ritmy.fr\/essais\/wp-content\/uploads\/2018\/09\/Guitar-X1.jpg 720w, https:\/\/ritmy.fr\/essais\/wp-content\/uploads\/2018\/09\/Guitar-X1-225x300.jpg 225w\" sizes=\"auto, (max-width: 225px) 100vw, 225px\" \/><p id=\"caption-attachment-18155\" class=\"wp-caption-text\">Ekaterina KHOREVA (photo Xavibes)<\/p><\/div>\n<h5 style=\"text-align: justify;\">Tr\u00e8s jeune, consid\u00e9r\u00e9e comme une <strong>enfant prodige<\/strong>, elle joue en soliste, en quatuor ou en duo dans les plus grandes salles de Russie et festivals de renom.<\/h5>\n<h5 style=\"text-align: justify;\">Elle devient <strong>laur\u00e9ate de plusieurs concours internationaux<\/strong> en soliste, et se produit dans toute l\u2019Europe.<\/h5>\n<h5 style=\"text-align: justify;\">En 2001 elle entre au <strong>CNSM de Paris<\/strong> dans la classe d\u2019Olivier Chassain.<\/h5>\n<h5 style=\"text-align: justify;\">Elle cr\u00e9e en 2012 sa propre Acad\u00e9mie de guitare \u00e0 Nice (\u00ab Acad\u00e9mie de guitare franco-russe KHOREV \u00bb).<\/h5>\n<h5 style=\"text-align: justify;\">Elle joue de <strong>nombreux concerts<\/strong> en soliste, en ensemble, et dans l\u2019orchestre Philarmonique de Monte-Carlo, l\u2019Orchestre de l\u2019Op\u00e9ra de Nice, et l\u2019Ensemble Kataulus.<\/h5>\n<h5><\/h5>\n<h5 style=\"text-align: justify;\">Apr\u00e8s un 1er prix au CNR de Nice, <span style=\"color: #333399;\"><strong>Pascal POLIDORI<\/strong><\/span> entre au <strong>CNSM de Paris<\/strong> dans la classe d\u2019<strong>Alexandre LAGOYA<\/strong> d\u2019o\u00f9 il sort 3 ans plus tard avec un <strong>1er prix premier nomm\u00e9.<\/strong><\/h5>\n<div id=\"attachment_18153\" style=\"width: 300px\" class=\"wp-caption alignright\"><img loading=\"lazy\" decoding=\"async\" aria-describedby=\"caption-attachment-18153\" class=\"wp-image-18153\" src=\"https:\/\/ritmy.fr\/essais\/wp-content\/uploads\/2018\/09\/Guitar-X4.jpg\" alt=\"\" width=\"300\" height=\"300\" srcset=\"https:\/\/ritmy.fr\/essais\/wp-content\/uploads\/2018\/09\/Guitar-X4.jpg 960w, https:\/\/ritmy.fr\/essais\/wp-content\/uploads\/2018\/09\/Guitar-X4-140x140.jpg 140w, https:\/\/ritmy.fr\/essais\/wp-content\/uploads\/2018\/09\/Guitar-X4-300x300.jpg 300w, https:\/\/ritmy.fr\/essais\/wp-content\/uploads\/2018\/09\/Guitar-X4-768x768.jpg 768w\" sizes=\"auto, (max-width: 300px) 100vw, 300px\" \/><p id=\"caption-attachment-18153\" class=\"wp-caption-text\">Pascal POLIDORI (photo Xavibes)<\/p><\/div>\n<h5 style=\"text-align: justify;\">Depuis il poursuit une carri\u00e8re de <strong>soliste et de chambriste<\/strong> en France et dans le monde entier.<\/h5>\n<h5 style=\"text-align: justify;\">La puissance et la qualit\u00e9 de sa sonorit\u00e9, sa ma\u00eetrise technique et sa culture musicale en font l\u2019<strong>un des grands guitaristes fran\u00e7ais<\/strong>.<\/h5>\n<h5 style=\"text-align: justify;\">Il est aussi un <strong>p\u00e9dagogue reconnu<\/strong> pour la qualit\u00e9 et la valeur de son enseignement, aux Conservatoires d\u2019Antibes et de Nice.<\/h5>\n<h5 style=\"text-align: justify;\"><span style=\"color: #333399;\"><strong>Pascal POLIDORI<\/strong> <\/span>perp\u00e9tue, tant au concert que par son enseignement, le rayonnement de la grande \u00e9cole fran\u00e7aise de guitare initi\u00e9e par <strong>LAGOYA<\/strong>.<\/h5>\n<div id=\"attachment_18154\" style=\"width: 209px\" class=\"wp-caption alignleft\"><img loading=\"lazy\" decoding=\"async\" aria-describedby=\"caption-attachment-18154\" class=\"wp-image-18154\" src=\"https:\/\/ritmy.fr\/essais\/wp-content\/uploads\/2018\/09\/Guitar-X13.jpg\" alt=\"\" width=\"209\" height=\"370\" srcset=\"https:\/\/ritmy.fr\/essais\/wp-content\/uploads\/2018\/09\/Guitar-X13.jpg 467w, https:\/\/ritmy.fr\/essais\/wp-content\/uploads\/2018\/09\/Guitar-X13-170x300.jpg 170w\" sizes=\"auto, (max-width: 209px) 100vw, 209px\" \/><p id=\"caption-attachment-18154\" class=\"wp-caption-text\">Philippe MARIOTTI (photo Xavibes)<\/p><\/div>\n<h5 style=\"text-align: justify;\">Apr\u00e8s avoir \u00e9tudi\u00e9 la guitare aux conservatoires d\u2019Avignon et Marseille,\u00a0<strong><span style=\"color: #333399;\">Philippe MARIOTTI\u00a0<\/span><\/strong>est admis au <strong>CNSM de Paris<\/strong> dans la classe d\u2019<strong>Alexandre LAGOYA<\/strong>. Il y obtient <strong>deux 1er prix<\/strong>, en Guitare et en Musique de chambre.<\/h5>\n<h5 style=\"text-align: justify;\"><strong>Alexandre LAGOYA<\/strong> lui transmet la fameuse technique de \u00ab main droite \u00bb.<\/h5>\n<h5 style=\"text-align: justify;\">Il se produit simultan\u00e9ment en soliste, quatuor de guitares, duo de guitares avec\u00a0<span style=\"color: #333399;\"><strong>Emmanuel ROSSFELDER,\u00a0<\/strong><\/span>duo violon-guitare avec son fr\u00e8re <strong>Laurent Mariotti<\/strong>, avec quintette \u00e0 cordes\u2026<\/h5>\n<h5 style=\"text-align: justify;\">Avec <span style=\"color: #333399;\"><strong>Pascal POLIDORI<\/strong><\/span> il est membre fondateur du <em>\u00ab Brussel\u2019s Guitar Quartet \u00bb<\/em>.<\/h5>\n<h5 style=\"text-align: justify;\">Il <strong>enseigne<\/strong> depuis 2011 au Conservatoire d\u2019Antibes.<\/h5>\n<h4 style=\"text-align: justify;\"><strong>Tous ensemble, ils perp\u00e9tuent cette puissance sonore particuli\u00e8re permettant \u00e0 la guitare de se faire entendre dans les plus grandes salles de concerts.<\/strong><\/h4>\n<h4 style=\"text-align: justify;\"><strong>Ils nous interpr\u00e8teront un <span style=\"text-decoration: underline;\">programme<\/span> riche, vari\u00e9 et rythm\u00e9, avec des oeuvres de :<\/strong><\/h4>\n<ul>\n<li>\n<h4 style=\"text-align: justify;\"><strong> Antonio Vivaldi (<em>Concerto en r\u00e9 majeur<\/em>),\u00a0<\/strong><strong>Luigi Boccherini (<em>Fandango&#8230;<\/em>), Georges Bizet (<em>Carmen suite<\/em>), Maurice Ravel (<em>Bol\u00e9ro<\/em>), Manuel De Falla (<em>La Vie Br\u00e8ve&#8230;<\/em>), Carlos Gardel (<em>Por\u00a0una cabeza<\/em>), Astor Piazzolla (<em>Libertango&#8230;<\/em>) etc&#8230;<\/strong><\/h4>\n<\/li>\n<\/ul>\n<h5 style=\"text-align: justify;\"><strong><i>Voici un bel aper\u00e7u de leur complicit\u00e9 et de leur virtuosit\u00e9, avec des\u00a0extraits de la 1\u00e8re Danse de la &lsquo;Vie Br\u00e8ve&rsquo; et de la &lsquo;Danse du feu&rsquo;, de <span style=\"text-decoration: underline;\">Manuel de Falla<\/span>, qui feront partie de notre programme. C&rsquo;\u00e9tait en novembre 2016 \u00e0 Grimaud (Var).<\/i><\/strong><\/h5>\n<p><iframe loading=\"lazy\" src=\"https:\/\/www.youtube.com\/embed\/d1YRDLUMjik?rel=0\" width=\"560\" height=\"315\" frameborder=\"0\" allowfullscreen=\"allowfullscreen\"><\/iframe><\/p>\n<h3 style=\"text-align: justify;\"><span style=\"color: #333399;\"><strong>Il ne faut pas manquer l&rsquo;occasion d&rsquo;admirer ce quatuor d\u2019une virtuosit\u00e9 impressionnante, et qui montre un plaisir \u00e9vident \u00e0 partager la sc\u00e8ne\u2026\u00a0<\/strong><\/span><\/h3>\n<h3><span style=\"color: #ff0000;\"><strong>Il est <span style=\"text-decoration: underline;\">recommand\u00e9 de r\u00e9server ses places<\/span>, soit directement dans notre site, en allant dans la rubrique\u00a0<span style=\"text-decoration: underline;\"><em><a href=\"https:\/\/ritmy.fr\/essais\/reserver\/vos-billets\/\" target=\"_blank\" rel=\"noopener noreferrer\">&lsquo;RESERVER<\/a>&lsquo;<\/em><\/span>\u00a0,<\/strong><\/span><\/h3>\n<h3><strong style=\"color: #ff0000;\">ou en t\u00e9l\u00e9phonant au\u00a0<\/strong><strong><span style=\"color: #ff0000;\"><span style=\"text-decoration: underline;\">06-08-02-22-22<\/span>\u00a0 (Ecole de Musique de HOUDAN).<\/span><\/strong><\/h3>\n<hr \/>\n<p><a href=\"https:\/\/ritmy.fr\/essais\/wp-content\/uploads\/2015\/09\/emh.png\"><img loading=\"lazy\" decoding=\"async\" class=\"wp-image-12785 alignleft\" src=\"https:\/\/ritmy.fr\/essais\/wp-content\/uploads\/2015\/09\/emh.png\" alt=\"emh\" width=\"360\" height=\"65\" srcset=\"https:\/\/ritmy.fr\/essais\/wp-content\/uploads\/2015\/09\/emh.png 475w, https:\/\/ritmy.fr\/essais\/wp-content\/uploads\/2015\/09\/emh-300x54.png 300w\" sizes=\"auto, (max-width: 360px) 100vw, 360px\" \/><\/a><\/p>\n<h4 style=\"text-align: center;\"><span style=\"color: #666699;\"><strong>Concert organis\u00e9 conjointement par RITMY et l&rsquo;Ecole de Musique de Houdan<\/strong><\/span><\/h4>\n<p><img loading=\"lazy\" decoding=\"async\" class=\"wp-image-18099 alignleft\" src=\"https:\/\/ritmy.fr\/essais\/wp-content\/uploads\/2018\/09\/SPEDIDAM-LOGO-2017-RVB.jpg\" alt=\"\" width=\"198\" height=\"99\" srcset=\"https:\/\/ritmy.fr\/essais\/wp-content\/uploads\/2018\/09\/SPEDIDAM-LOGO-2017-RVB.jpg 1600w, https:\/\/ritmy.fr\/essais\/wp-content\/uploads\/2018\/09\/SPEDIDAM-LOGO-2017-RVB-300x150.jpg 300w, https:\/\/ritmy.fr\/essais\/wp-content\/uploads\/2018\/09\/SPEDIDAM-LOGO-2017-RVB-768x384.jpg 768w, https:\/\/ritmy.fr\/essais\/wp-content\/uploads\/2018\/09\/SPEDIDAM-LOGO-2017-RVB-1000x500.jpg 1000w\" sizes=\"auto, (max-width: 198px) 100vw, 198px\" \/><\/p>\n<h4><\/h4>\n<h4 style=\"text-align: center;\"><strong><span style=\"color: #666699;\">RITMY b\u00e9n\u00e9ficie du soutien de la SPEDIDAM<\/span><\/strong><\/h4>\n<h4 style=\"text-align: left;\"><\/h4>\n","protected":false},"excerpt":{"rendered":"<p>Le ROSSFELDER Guitar Quartet \u00e0 HOUDAN, le Dimanche 18 novembre 2018, \u00e0 17h. Eglise Saint-Jacques Nous aurons la chance\u00a0d&rsquo;accueillir un formidable quatuor de guitares emmen\u00e9 par Emmanuel ROSSFELDER, consid\u00e9r\u00e9 comme le &lsquo;chef de file&rsquo; de la guitare classique en France. Le guitariste Emmanuel ROSSFELDER\u00a0devient \u00e0 14 ans le plus jeune guitariste jamais admis dans la &hellip; <\/p>\n<p><a class=\"more-link btn\" href=\"https:\/\/ritmy.fr\/essais\/concerts-2\/rossfelder-guitar-quartet-a-houdan\/\">Lire la suite<\/a><\/p>\n","protected":false},"author":3,"featured_media":17907,"parent":11,"menu_order":27,"comment_status":"closed","ping_status":"closed","template":"","meta":{"footnotes":""},"class_list":["post-18146","page","type-page","status-publish","has-post-thumbnail","hentry","nodate","item-wrap"],"_links":{"self":[{"href":"https:\/\/ritmy.fr\/essais\/wp-json\/wp\/v2\/pages\/18146","targetHints":{"allow":["GET"]}}],"collection":[{"href":"https:\/\/ritmy.fr\/essais\/wp-json\/wp\/v2\/pages"}],"about":[{"href":"https:\/\/ritmy.fr\/essais\/wp-json\/wp\/v2\/types\/page"}],"author":[{"embeddable":true,"href":"https:\/\/ritmy.fr\/essais\/wp-json\/wp\/v2\/users\/3"}],"replies":[{"embeddable":true,"href":"https:\/\/ritmy.fr\/essais\/wp-json\/wp\/v2\/comments?post=18146"}],"version-history":[{"count":38,"href":"https:\/\/ritmy.fr\/essais\/wp-json\/wp\/v2\/pages\/18146\/revisions"}],"predecessor-version":[{"id":19495,"href":"https:\/\/ritmy.fr\/essais\/wp-json\/wp\/v2\/pages\/18146\/revisions\/19495"}],"up":[{"embeddable":true,"href":"https:\/\/ritmy.fr\/essais\/wp-json\/wp\/v2\/pages\/11"}],"wp:featuredmedia":[{"embeddable":true,"href":"https:\/\/ritmy.fr\/essais\/wp-json\/wp\/v2\/media\/17907"}],"wp:attachment":[{"href":"https:\/\/ritmy.fr\/essais\/wp-json\/wp\/v2\/media?parent=18146"}],"curies":[{"name":"wp","href":"https:\/\/api.w.org\/{rel}","templated":true}]}}