{"id":17354,"date":"2018-01-16T15:34:40","date_gmt":"2018-01-16T14:34:40","guid":{"rendered":"http:\/\/ritmy.fr\/essais\/?page_id=17354"},"modified":"2025-05-03T16:26:40","modified_gmt":"2025-05-03T15:26:40","slug":"quatuor-beat-a-richebourg","status":"publish","type":"page","link":"https:\/\/ritmy.fr\/essais\/concerts-2\/quatuor-beat-a-richebourg\/","title":{"rendered":"Le Quatuor de percussions &lsquo;BEAT&rsquo;, \u00e0 Richebourg le 11 mars 2018"},"content":{"rendered":"<h1 style=\"text-align: center;\"><strong><span style=\"color: #000080;\">Le Quatuor de percussions &lsquo;BEAT&rsquo;<\/span><\/strong><\/h1>\n<h1 style=\"text-align: center;\"><strong><span style=\"color: #000080;\"><em>Spectacle<\/em> \u00ab\u00a0<em>Kromoritmos\u00a0\u00bb<\/em><\/span><\/strong><\/h1>\n<h2 style=\"text-align: center;\"><strong><span style=\"color: #000080;\">\u00e0\u00a0<\/span><\/strong><span style=\"color: #000080;\"><strong>RICHEBOURG, le Dimanche\u00a011 mars 2018 \u00e0 17h00,\u00a0Salle Edith Piaf<\/strong><\/span><\/h2>\n<p>&nbsp;<\/p>\n<h4 style=\"text-align: justify;\"><span style=\"color: #333399;\">Avec le <strong>Quatuor BEAT<\/strong>, un concert follement \u00e9nergique, savant et dr\u00f4le, o\u00f9 vous d\u00e9couvrirez la<strong> magie des percussions sous un angle nouveau !<\/strong><\/span><\/h4>\n<div id=\"attachment_17316\" style=\"width: 540px\" class=\"wp-caption aligncenter\"><img loading=\"lazy\" decoding=\"async\" aria-describedby=\"caption-attachment-17316\" class=\"wp-image-17316\" src=\"https:\/\/ritmy.fr\/essais\/wp-content\/uploads\/2018\/01\/Quatuor-Beat-8-revu.jpg\" alt=\"\" width=\"540\" height=\"406\" srcset=\"https:\/\/ritmy.fr\/essais\/wp-content\/uploads\/2018\/01\/Quatuor-Beat-8-revu.jpg 800w, https:\/\/ritmy.fr\/essais\/wp-content\/uploads\/2018\/01\/Quatuor-Beat-8-revu-300x225.jpg 300w, https:\/\/ritmy.fr\/essais\/wp-content\/uploads\/2018\/01\/Quatuor-Beat-8-revu-768x577.jpg 768w\" sizes=\"auto, (max-width: 540px) 100vw, 540px\" \/><p id=\"caption-attachment-17316\" class=\"wp-caption-text\">Le Quatuor &lsquo;BEAT&rsquo;<\/p><\/div>\n<h4 style=\"text-align: justify;\"><span style=\"color: #333399;\">Quatre\u00a0artistes qui zigzaguent avec malice entre le marimba, le vibraphone et la batterie, pour une <strong>\u00e9chapp\u00e9e <\/strong><strong>en rythmes<\/strong> <strong>dans le vaste monde des percussions<\/strong> &#8211; un univers peupl\u00e9 d\u2019instruments en bois, peaux, ou surfaces chrom\u00e9es, que l\u2019on frappe, caresse, secoue, gratte\u2026<\/span><\/h4>\n<h4 style=\"text-align: justify;\">Le <span style=\"color: #333399;\"><strong>Quatuor BEAT<\/strong> <\/span>est le seul ensemble de percussions \u00e0 avoir obtenu des <strong>prix internationaux de concours de musique de chambre<\/strong> ouverts \u00e0 toutes formations, avec leurs arrangements in\u00e9dits.<\/h4>\n<h4 style=\"text-align: justify;\">Le <strong>Quatuor\u00a0<\/strong>est compos\u00e9 de <strong>Gabriel Benlolo, Laurent Fraiche, Adrien Pineau<\/strong>, et <strong>J\u00e9r\u00f4me Guicherd<\/strong>, tous dipl\u00f4m\u00e9s\u00a0du <strong>CSNM de Paris<\/strong> et titulaires percussionnistes dans de <strong>grands orchestres fran\u00e7ais<\/strong>.<\/h4>\n<div id=\"attachment_17318\" style=\"width: 200px\" class=\"wp-caption alignleft\"><img loading=\"lazy\" decoding=\"async\" aria-describedby=\"caption-attachment-17318\" class=\"wp-image-17318\" src=\"https:\/\/ritmy.fr\/essais\/wp-content\/uploads\/2018\/01\/gabriel-benlolo.jpg\" alt=\"\" width=\"200\" height=\"300\" srcset=\"https:\/\/ritmy.fr\/essais\/wp-content\/uploads\/2018\/01\/gabriel-benlolo.jpg 532w, https:\/\/ritmy.fr\/essais\/wp-content\/uploads\/2018\/01\/gabriel-benlolo-200x300.jpg 200w\" sizes=\"auto, (max-width: 200px) 100vw, 200px\" \/><p id=\"caption-attachment-17318\" class=\"wp-caption-text\">Gabriel BENLOLO<\/p><\/div>\n<p>&nbsp;<\/p>\n<h5><span style=\"text-decoration: underline;\"><span style=\"color: #333399; text-decoration: underline;\"><strong>Gabriel BENLOLO<\/strong><\/span><\/span><\/h5>\n<p style=\"text-align: justify;\">En 1999 il entre au <strong>CNSM de Paris<\/strong>\u00a0o\u00f9 il obtient son Dipl\u00f4me de Formation Sup\u00e9rieur en 2003 et le prix de Musique de chambre en 2005.<\/p>\n<p style=\"text-align: justify;\">Son parcours lui permet de se produire avec de <strong>grands orchestres<\/strong> tels que l\u2019Orchestre Philhamonique de Radio France, l\u2019Orchestre National, l\u2019Ensemble Intercontemporain, l\u2019Orchestre du Capitole de Toulouse, l\u2019Orchestre National d\u2019Ile de France ou le Gustav Mahler Jugend Orchestra, travaillant ainsi avec de <strong>grands chefs<\/strong> (Pierre Boulez, Myung Wung Chung, Armin Jordan, Nehme Jarvi,\u2026.)<\/p>\n<p style=\"text-align: justify;\">Il travaille \u00e9galement sur des <strong>spectacles m\u00ealant musique au th\u00e9\u00e2tre<\/strong> en tant que percussionniste avec notamment Brigitte Jaques-Wajeman et la Compagnie Pandora (\u00ab La marmite \u00bb, \u00ab Pseudolus \u00bb, \u00ab la Chanson de Roland \u00bb\u2026.) collaborant ainsi avec Marc-Olivier Dupin.<\/p>\n<p style=\"text-align: justify;\">Il est actuellement <strong>Soliste \u00e0 l\u2019Orchestre Philharmonique de Radio France<\/strong> et <strong>professeur principal de Percussions<\/strong> au P\u00f4le Sup\u00e9rieur 93.<\/p>\n<p>&nbsp;<\/p>\n<h5><span style=\"text-decoration: underline;\"><span style=\"color: #333399; text-decoration: underline;\"><strong>J\u00e9r\u00f4me GUICHERD<\/strong><\/span><\/span><\/h5>\n<div id=\"attachment_17319\" style=\"width: 200px\" class=\"wp-caption alignright\"><img loading=\"lazy\" decoding=\"async\" aria-describedby=\"caption-attachment-17319\" class=\"wp-image-17319\" src=\"https:\/\/ritmy.fr\/essais\/wp-content\/uploads\/2018\/01\/jerome-guicherd.jpg\" alt=\"\" width=\"200\" height=\"300\" srcset=\"https:\/\/ritmy.fr\/essais\/wp-content\/uploads\/2018\/01\/jerome-guicherd.jpg 600w, https:\/\/ritmy.fr\/essais\/wp-content\/uploads\/2018\/01\/jerome-guicherd-200x300.jpg 200w\" sizes=\"auto, (max-width: 200px) 100vw, 200px\" \/><p id=\"caption-attachment-17319\" class=\"wp-caption-text\">J\u00e9r\u00f4me GUICHERD<\/p><\/div>\n<p style=\"text-align: justify;\">Il int\u00e8gre en 1997 le <strong>CNR de Paris<\/strong> o\u00f9 il obtient un premier prix \u00e0 l\u2019unanimit\u00e9 en 1999. Il est admis en 2001 au\u00a0<strong>CNSM<\/strong> <strong>de Paris<\/strong>, o\u00f9 il obtient un premier prix avec mention bien \u00e0 l\u2019unanimit\u00e9 en 2003.<br \/>\nParall\u00e8lement \u00e0 ses \u00e9tudes, il se produit dans de <strong>grands orchestres fran\u00e7ais<\/strong> tels que l\u2019Orchestre Philharmonique de Radio France, l\u2019Orchestre du Capitole de Toulouse, l\u2019Orchestre de chambre de Paris, l\u2019Op\u00e9ra de Paris, \u2026<br \/>\nPassionn\u00e9 de Jazz et de musiques de cultures diverses, il se produit aussi r\u00e9guli\u00e8rement avec <strong>divers ensembles<\/strong> en tant que percussionniste, mais aussi pianiste.<br \/>\nIl est actuellement <strong>percussionniste de l\u2019Orchestre d\u2019harmonie de la Police Nationale<\/strong> et <strong>professeur de batterie percussion<\/strong> au Conservatoire de Musique de la ville de Clichy la Garenne.<\/p>\n<h5><span style=\"text-decoration: underline;\"><span style=\"color: #333399; text-decoration: underline;\"><strong>Laurent FRAICHE<\/strong><\/span><\/span><\/h5>\n<div id=\"attachment_17320\" style=\"width: 227px\" class=\"wp-caption alignleft\"><img loading=\"lazy\" decoding=\"async\" aria-describedby=\"caption-attachment-17320\" class=\"wp-image-17320\" src=\"https:\/\/ritmy.fr\/essais\/wp-content\/uploads\/2018\/01\/laurent-fraiche.jpg\" alt=\"\" width=\"227\" height=\"300\" srcset=\"https:\/\/ritmy.fr\/essais\/wp-content\/uploads\/2018\/01\/laurent-fraiche.jpg 600w, https:\/\/ritmy.fr\/essais\/wp-content\/uploads\/2018\/01\/laurent-fraiche-227x300.jpg 227w\" sizes=\"auto, (max-width: 227px) 100vw, 227px\" \/><p id=\"caption-attachment-17320\" class=\"wp-caption-text\">Laurent FRAICHE<\/p><\/div>\n<p>&nbsp;<\/p>\n<p>&nbsp;<\/p>\n<p style=\"text-align: justify;\"><strong>Laurent FRAICHE<\/strong> est dipl\u00f4m\u00e9 du <strong>CNSM<\/strong> de Paris.<br \/>\nEn 2006, il a remport\u00e9 le <strong>Troisi\u00e8me Prix<\/strong> du Premier concours International de Timbales de Lyon.<br \/>\nActuellement, il re\u00e7oit les conseils de Raymond Curfs timbalier solo de l\u2019Orchestre de l&rsquo;Op\u00e9ra de Munich et a suivi pr\u00e9c\u00e9demment l\u2019enseignement de Michel Gastaud au Conservatoire municipal du 12\u00e8me arrondissement de Paris, de Sylvio Gualda au CNR de Versailles et de Jacques Prez au CNR de Nancy.<\/p>\n<p style=\"text-align: justify;\">Depuis 2001, il participe \u00e0 des <strong>concerts et productions<\/strong> de l\u2019Op\u00e9ra National de Paris, l\u2019Orchestre Philharmonique de Radio-France, l\u2019Ensemble Intercontemporain, l\u2019Orchestre National de France, l\u2019Ensemble Orchestral de Paris et l\u2019Orchestre de Paris.<\/p>\n<p style=\"text-align: justify;\">Il est actuellement <strong>Timbalier \u00e0 l\u2019Orchestre National de Lille<\/strong> et <strong>professeur<\/strong> au conservatoire municipal du 12\u00e8me arrondissement de Paris.<\/p>\n<p>&nbsp;<\/p>\n<h5><span style=\"text-decoration: underline;\"><span style=\"color: #333399; text-decoration: underline;\"><strong>Adrien PINEAU<\/strong><\/span><\/span><\/h5>\n<div id=\"attachment_17321\" style=\"width: 315px\" class=\"wp-caption alignright\"><img loading=\"lazy\" decoding=\"async\" aria-describedby=\"caption-attachment-17321\" class=\"wp-image-17321\" src=\"https:\/\/ritmy.fr\/essais\/wp-content\/uploads\/2018\/01\/adrien-pineau.jpg\" alt=\"\" width=\"315\" height=\"177\" srcset=\"https:\/\/ritmy.fr\/essais\/wp-content\/uploads\/2018\/01\/adrien-pineau.jpg 480w, https:\/\/ritmy.fr\/essais\/wp-content\/uploads\/2018\/01\/adrien-pineau-300x169.jpg 300w\" sizes=\"auto, (max-width: 315px) 100vw, 315px\" \/><p id=\"caption-attachment-17321\" class=\"wp-caption-text\">Adrien PINEAU<\/p><\/div>\n<p style=\"text-align: justify;\"><span style=\"font-size: 12px;\">Il int\u00e8gre le <\/span><strong style=\"font-size: 12px;\">CNR de Bordeaux<\/strong><span style=\"font-size: 12px;\"> o\u00f9 il obtient les premiers prix de percussions et de batterie, puis\u00a0se perfectionne au <\/span><strong style=\"font-size: 12px;\">CRR de Perpignan<\/strong><span style=\"font-size: 12px;\">. Il y obtient un prix d\u2019excellence mention tr\u00e8s bien en 2008.\u00a0<\/span><span style=\"font-size: 12px;\">La m\u00eame ann\u00e9e, il est admis au\u00a0<\/span><strong style=\"font-size: 12px;\">CNSM<\/strong> <strong style=\"font-size: 12px;\">de Paris<\/strong><span style=\"font-size: 12px;\">. Il obtient un Master de percussions mention tr\u00e8s bien \u00e0 l\u2019unanimit\u00e9.<\/span><\/p>\n<p style=\"text-align: justify;\"><strong>Adrien<\/strong> se produit r\u00e9guli\u00e8rement au sein des <strong>plus grandes formations fran\u00e7aises<\/strong> comme l\u2019Orchestre Philharmonique de Radio France, l\u2019Orchestre National de France,\u00a0l\u2019Orchestre de Paris, l\u2019Orchestre National de Lyon, l\u2019Ensemble Intercontemporain sous la direction de <strong>chefs prestigieux<\/strong> tels que Pierre Boulez, Daniele Gatti, ou Esa-Pekka Salonen.<\/p>\n<p style=\"text-align: justify;\">Adrien est actuellement <strong>timbalier solo de l\u2019Orchestre National de Lyon<\/strong>.<\/p>\n<p>&nbsp;<\/p>\n<h4 style=\"text-align: justify;\"><strong>Laur\u00e9ats de <span style=\"text-decoration: underline;\">plusieurs concours internationaux<\/span> (Gaetano Zinetti \u00e0 V\u00e9rone, Europ\u00e9ennes d\u2019Alsace \u00e0 Illzach\u2026), ils assemblent arrangements in\u00e9dits, cr\u00e9ations, compositions et pi\u00e8ces originales dans <span style=\"color: #333399;\">une mixture de gestes et de sons qui r\u00e9invente le concert de musique de chambre en un <span style=\"text-decoration: underline;\">vrai spectacle<\/span> !<\/span><\/strong><\/h4>\n<h4 style=\"text-align: justify;\"><strong>Ils se produisent en <span style=\"text-decoration: underline;\">France ainsi qu\u2019en Europe<\/span>, pr\u00eachant la magie des percussions sous un angle nouveau<\/strong> ; \u00ab\u00a0Le Spectacle\u00a0\u00bb en 2007, puis \u00ab\u00a0Kromoritmos\u00a0\u00bb en 2012, le tout mis en sc\u00e8ne par Pierre-Jean Carrus. Et tout derni\u00e8rement \u00ab\u00a0Drumblebee\u00a0\u00bb mis en sc\u00e8ne par Daniel Tanson.<\/h4>\n<h4><span style=\"text-decoration: underline; color: #333399;\"><strong>Voici leur programme <em>&lsquo;Kromoritmos&rsquo;<\/em>\u00a0qu&rsquo;ils nous interpr\u00e8teront \u00e0 Richebourg :<\/strong><\/span><\/h4>\n<p><strong>Omphalo Centric Lecture<\/strong>\u00a0: Nigel Westlake<br \/>\n<strong>Variations sur un air de Paganini<\/strong>\u00a0: Witold Lutoslawski<br \/>\n<strong>Ausencia<\/strong>\u00a0: Goran Bregovic<br \/>\n<strong>Waltz for Nicky<\/strong>\u00a0: Richard Galliano<br \/>\n<strong>Chamade suite<\/strong>\u00a0 : Igor Lesnik<br \/>\n<strong>La Muerte del Angel<\/strong>\u00a0: Astor Piazzolla<br \/>\n<strong>West Side Story<\/strong>\u00a0: L\u00e9onard Bernstein<br \/>\n<strong>Duj Sandal\/Bubamara<\/strong>\u00a0: Goran Bregovic<\/p>\n<h5 style=\"text-align: justify;\"><strong>Tous les arrangements sont du Quatuor &lsquo;BEAT&rsquo;.<\/strong><\/h5>\n<h4><em>Les voici dans un extrait de &lsquo;KROMORITMOS&rsquo;, av<\/em><em>ec des airs de &lsquo;West Side Story&rsquo; de Leonard Bernstein :\u00a0<\/em><\/h4>\n<p><iframe loading=\"lazy\" src=\"https:\/\/www.youtube.com\/embed\/v7GYelMjkWU?rel=0\" width=\"560\" height=\"315\" frameborder=\"0\" allowfullscreen=\"allowfullscreen\"><\/iframe><\/p>\n<h2><\/h2>\n<h2 style=\"text-align: justify;\"><span style=\"color: #333399;\"><strong>En 2016 ils \u00e9taient au Th\u00e9\u00e2tre du Chatelet \u00e0 Paris, en novembre dernier \u00e0 la &lsquo;Seine Musicale&rsquo; \u00e0 Boulogne-Billancourt, ils seront \u00e0 Richebourg au printemps 2018&#8230;<\/strong><\/span><\/h2>\n<h2 style=\"text-align: justify;\"><span style=\"color: #333399;\"><strong>Vous serez surpris et \u00e9merveill\u00e9s par ce concert o\u00f9 Bernstein, Piazolla, Galliano, Paganini&#8230; feront battre vos coeurs.<\/strong><\/span><\/h2>\n<h2 style=\"text-align: justify;\"><span style=\"color: #333399;\"><strong><span style=\"text-decoration: underline;\">Un spectacle musical \u00e0 voir en famille (\u00e0 partir de 10 ans), l<\/span><\/strong><\/span><span style=\"color: #333399;\"><strong><span style=\"text-decoration: underline;\">a percussion comme vous ne l&rsquo;avez jamais vue !<\/span><\/strong><\/span><\/h2>\n<h2 style=\"text-align: justify;\"><span style=\"color: #ff0000;\"><strong><span style=\"text-decoration: underline;\">Il est fortement conseill\u00e9 de\u00a0r\u00e9server vos places<\/span>, directement dans notre site, dans la rubrique\u00a0<em><span style=\"text-decoration: underline;\"><a href=\"https:\/\/ritmy.fr\/essais\/reserver\/vos-billets\/\" target=\"_blank\" rel=\"noopener\">RESERVER<\/a><\/span><\/em>, ou en appelant le\u00a0<em>06-48-69-21-89<\/em><\/strong><\/span><\/h2>\n<p>&nbsp;<\/p>\n<hr \/>\n<h4 style=\"text-align: center;\"><span style=\"color: #808080;\"><strong>Ce concert est organis\u00e9 conjointement par RITMY et l&rsquo;association GRAL de RICHEBOURG.<\/strong><\/span><\/h4>\n<p><img loading=\"lazy\" decoding=\"async\" class=\"aligncenter wp-image-10518\" src=\"https:\/\/ritmy.fr\/essais\/wp-content\/uploads\/2014\/01\/LOGO-GRAL-JPEG-e1390483468758.jpg\" alt=\"LOGO GRAL JPEG\" width=\"200\" height=\"85\" \/><\/p>\n<hr \/>\n<h4 style=\"text-align: center;\"><span style=\"color: #808080;\"><strong>RITMY b\u00e9n\u00e9ficie du soutien de la SPEDIDAM<\/strong><\/span><\/h4>\n<p><img loading=\"lazy\" decoding=\"async\" class=\"aligncenter wp-image-12745\" src=\"https:\/\/ritmy.fr\/essais\/wp-content\/uploads\/2015\/09\/logo_spedidam.jpg\" alt=\"LOGOS spedidam 2009\" width=\"185\" height=\"101\" srcset=\"https:\/\/ritmy.fr\/essais\/wp-content\/uploads\/2015\/09\/logo_spedidam.jpg 826w, https:\/\/ritmy.fr\/essais\/wp-content\/uploads\/2015\/09\/logo_spedidam-300x164.jpg 300w\" sizes=\"auto, (max-width: 185px) 100vw, 185px\" \/><\/p>\n<p>&nbsp;<\/p>\n","protected":false},"excerpt":{"rendered":"<p>Le Quatuor de percussions &lsquo;BEAT&rsquo; Spectacle \u00ab\u00a0Kromoritmos\u00a0\u00bb \u00e0\u00a0RICHEBOURG, le Dimanche\u00a011 mars 2018 \u00e0 17h00,\u00a0Salle Edith Piaf &nbsp; Avec le Quatuor BEAT, un concert follement \u00e9nergique, savant et dr\u00f4le, o\u00f9 vous d\u00e9couvrirez la magie des percussions sous un angle nouveau ! Quatre\u00a0artistes qui zigzaguent avec malice entre le marimba, le vibraphone et la batterie, pour une &hellip; <\/p>\n<p><a class=\"more-link btn\" href=\"https:\/\/ritmy.fr\/essais\/concerts-2\/quatuor-beat-a-richebourg\/\">Lire la suite<\/a><\/p>\n","protected":false},"author":3,"featured_media":0,"parent":11,"menu_order":28,"comment_status":"closed","ping_status":"closed","template":"","meta":{"footnotes":""},"class_list":["post-17354","page","type-page","status-publish","hentry","nodate","item-wrap"],"_links":{"self":[{"href":"https:\/\/ritmy.fr\/essais\/wp-json\/wp\/v2\/pages\/17354","targetHints":{"allow":["GET"]}}],"collection":[{"href":"https:\/\/ritmy.fr\/essais\/wp-json\/wp\/v2\/pages"}],"about":[{"href":"https:\/\/ritmy.fr\/essais\/wp-json\/wp\/v2\/types\/page"}],"author":[{"embeddable":true,"href":"https:\/\/ritmy.fr\/essais\/wp-json\/wp\/v2\/users\/3"}],"replies":[{"embeddable":true,"href":"https:\/\/ritmy.fr\/essais\/wp-json\/wp\/v2\/comments?post=17354"}],"version-history":[{"count":11,"href":"https:\/\/ritmy.fr\/essais\/wp-json\/wp\/v2\/pages\/17354\/revisions"}],"predecessor-version":[{"id":17670,"href":"https:\/\/ritmy.fr\/essais\/wp-json\/wp\/v2\/pages\/17354\/revisions\/17670"}],"up":[{"embeddable":true,"href":"https:\/\/ritmy.fr\/essais\/wp-json\/wp\/v2\/pages\/11"}],"wp:attachment":[{"href":"https:\/\/ritmy.fr\/essais\/wp-json\/wp\/v2\/media?parent=17354"}],"curies":[{"name":"wp","href":"https:\/\/api.w.org\/{rel}","templated":true}]}}