{"id":12,"date":"2010-05-05T19:44:47","date_gmt":"2010-05-05T18:44:47","guid":{"rendered":"http:\/\/ritmy.fr\/blog\/?page_id=12"},"modified":"2025-09-03T14:39:12","modified_gmt":"2025-09-03T13:39:12","slug":"contacts","status":"publish","type":"page","link":"https:\/\/ritmy.fr\/essais\/contacts\/","title":{"rendered":"CONTACTS"},"content":{"rendered":"\n<h3 class=\"wp-block-heading\"><strong><span style=\"color: #ff0000;\">VOUS &nbsp;SOUHAITEZ&#8230;<\/span><\/strong><\/h3>\n\n\n\n<p><\/p>\n\n\n\n<p class=\"has-vivid-cyan-blue-color has-text-color has-larger-font-size\" style=\"text-decoration:underline\"><em><strong>NOUS ECRIRE<span style=\"color: #ff0000;\"><\/span><\/strong><\/em><\/p>\n\n\n\n<p class=\"has-large-font-size\"><strong>N\u2019h\u00e9sitez pas \u00e0 nous contacter si vous \u00eates int\u00e9ress\u00e9 par l&rsquo;activit\u00e9 de l&rsquo;association RITMY.<\/strong><\/p>\n\n\n\n<p class=\"has-large-font-size\"><strong>Si vous souhaitez participer, si vous avez des id\u00e9es de lieux, d\u2019interpr\u00e8tes, de r\u00e9pertoires, que vous souhaitez \u00e9crire sur le site internet ou poser des questions,\u00a0<\/strong><strong>il vous suffit :<\/strong><\/p>\n\n\n\n<ul class=\"wp-block-list\">\n<li class=\"has-large-font-size\"><strong>de nous adresser un&nbsp;<span style=\"text-decoration: underline;\">courriel<\/span>&nbsp;\u00e0 :<\/strong><\/li>\n<\/ul>\n\n\n\n<p class=\"has-text-align-center\" style=\"font-size:24px\"><strong><em><a href=\"mailto:contact.ritmy@gmail.com\" target=\"_blank\" rel=\"noreferrer noopener\"><span style=\"text-decoration: underline;\">contact.ritmy@gmail.com<\/span><\/a><\/em><\/strong><\/p>\n\n\n\n<ul class=\"wp-block-list\">\n<li class=\"has-large-font-size\"><strong>ou de nous \u00e9crire \u00e0 l\u2019<span style=\"text-decoration: underline;\">adresse<\/span>&nbsp;:<\/strong><\/li>\n<\/ul>\n\n\n\n<p class=\"has-text-align-center has-large-font-size\" style=\"line-height:1.3\"><strong><span style=\"color: #333399;\">Association RITMY<br>Mairie de M\u00e9r\u00e9<br>78490 &nbsp;&#8211; &nbsp;M\u00c9R\u00c9<\/span><\/strong><\/p>\n\n\n\n<h5 class=\"wp-block-heading\">&nbsp;<\/h5>\n\n\n\n<p><\/p>\n\n\n\n<h2 class=\"wp-block-heading has-vivid-cyan-blue-color has-text-color has-larger-font-size\"><strong><em>&nbsp;<span style=\"text-decoration: underline;\">\u00caTRE TENU INFORM\u00c9 des \u00c9V\u00c8NEMENTS RITMY<\/span><\/em><\/strong><\/h2>\n\n\n\n<p class=\"has-large-font-size\"><strong>Vous souhaitez \u00eatre inform\u00e9 des \u00e9v\u00e8nements RITMY : Programme des saisons musicales, concerts, artistes &#8230; ?<\/strong><\/p>\n\n\n\n<p class=\"has-large-font-size\"><strong><font color=\"#333399\">C&rsquo;est simple, en vous <\/font><span style=\"color: rgb(51, 51, 153); text-decoration: underline;\">inscrivant ci-dessous<\/span><font color=\"#333399\"> dans notre liste de <span style=\"caret-color: rgb(51, 51, 153);\">diffusio<\/span><\/font><\/strong><span style=\"color: #333399;\"><strong>n<\/strong><\/span><strong><font color=\"#333399\">, vous pourrez recevoir <\/font><span style=\"color: rgb(51, 51, 153); text-decoration: underline;\">par courriel<\/span><font color=\"#333399\"> toutes les informations importantes de l&rsquo;Association RITMY.<\/font><\/strong><\/p>\n\n\n\n<p class=\"has-black-color has-text-color has-large-font-size\"><span style=\"color: #333399;\">Lors de la r\u00e9ception d&rsquo;un courriel, vous pourrez ensuite&nbsp;vous <strong>d\u00e9sinscrire<\/strong> \u00e0 tout moment si vous le souhaitez<\/span>.<\/p>\n\n\n\n<p class=\"has-black-color has-text-color has-large-font-size\"><em>(l&rsquo;affichage du formulaire peut prendre plusieurs secondes, dans ce cas nous vous remercions de bien vouloir patienter)<\/em><\/p>\n\n\n\n<iframe loading=\"lazy\" width=\"540\" height=\"780\" src=\"https:\/\/071cfcad.sibforms.com\/serve\/MUIEAE3Ifmw7JOcULAg_OJHqVP1yNGRxY-swNraPQHIPI7Msrcxhmbr5K7asm0VaAC8fcrSUhNmsAorCbThWMx5sc8SMZ_XUWZ6GcNyV1SdPs6HHiMs9ec5aUBW1W-IadY4Rnw0dxwYzPKvKJaSExPaLGwkkHeYdO1Czx_lpUVZq2CTt-lbvs0ujuGh7vSt1IRpqxR9NjpifI6Ts\" frameborder=\"0\" scrolling=\"auto\" allowfullscreen=\"\" style=\"display: block;margin-left: auto;margin-right: auto;max-width: 100%;\"><\/iframe>\n\n\n\n<div style=\"height:5px\" aria-hidden=\"true\" class=\"wp-block-spacer\"><\/div>\n","protected":false},"excerpt":{"rendered":"<p>VOUS &nbsp;SOUHAITEZ&#8230; NOUS ECRIRE N\u2019h\u00e9sitez pas \u00e0 nous contacter si vous \u00eates int\u00e9ress\u00e9 par l&rsquo;activit\u00e9 de l&rsquo;association RITMY. Si vous souhaitez participer, si vous avez des id\u00e9es de lieux, d\u2019interpr\u00e8tes, de r\u00e9pertoires, que vous souhaitez \u00e9crire sur le site internet ou poser des questions,\u00a0il vous suffit : contact.ritmy@gmail.com Association RITMYMairie de M\u00e9r\u00e978490 &nbsp;&#8211; &nbsp;M\u00c9R\u00c9 &nbsp; &hellip; <\/p>\n<p><a class=\"more-link btn\" href=\"https:\/\/ritmy.fr\/essais\/contacts\/\">Lire la suite<\/a><\/p>\n","protected":false},"author":1,"featured_media":0,"parent":0,"menu_order":5,"comment_status":"closed","ping_status":"closed","template":"","meta":{"footnotes":""},"class_list":["post-12","page","type-page","status-publish","hentry","nodate","item-wrap"],"_links":{"self":[{"href":"https:\/\/ritmy.fr\/essais\/wp-json\/wp\/v2\/pages\/12","targetHints":{"allow":["GET"]}}],"collection":[{"href":"https:\/\/ritmy.fr\/essais\/wp-json\/wp\/v2\/pages"}],"about":[{"href":"https:\/\/ritmy.fr\/essais\/wp-json\/wp\/v2\/types\/page"}],"author":[{"embeddable":true,"href":"https:\/\/ritmy.fr\/essais\/wp-json\/wp\/v2\/users\/1"}],"replies":[{"embeddable":true,"href":"https:\/\/ritmy.fr\/essais\/wp-json\/wp\/v2\/comments?post=12"}],"version-history":[{"count":49,"href":"https:\/\/ritmy.fr\/essais\/wp-json\/wp\/v2\/pages\/12\/revisions"}],"predecessor-version":[{"id":30387,"href":"https:\/\/ritmy.fr\/essais\/wp-json\/wp\/v2\/pages\/12\/revisions\/30387"}],"wp:attachment":[{"href":"https:\/\/ritmy.fr\/essais\/wp-json\/wp\/v2\/media?parent=12"}],"curies":[{"name":"wp","href":"https:\/\/api.w.org\/{rel}","templated":true}]}}