{"id":11912,"date":"2015-01-25T10:26:56","date_gmt":"2015-01-25T09:26:56","guid":{"rendered":"http:\/\/ritmy.fr\/essais\/?page_id=11912"},"modified":"2025-05-03T16:34:54","modified_gmt":"2025-05-03T15:34:54","slug":"adrien-la-marca-et-adam-laloum-en-duo-a-mere-le-21-mars-2015","status":"publish","type":"page","link":"https:\/\/ritmy.fr\/essais\/concerts-2\/adrien-la-marca-et-adam-laloum-en-duo-a-mere-le-21-mars-2015\/","title":{"rendered":"Adrien LA MARCA et Adam LALOUM en duo, \u00e0 M\u00e9r\u00e9, le 21 mars 2015"},"content":{"rendered":"<h2 style=\"text-align: center;\"><span style=\"color: #333399;\"><strong>Duo Alto &#8211; Piano,<\/strong><\/span><\/h2>\n<h1 style=\"text-align: center;\"><span style=\"color: #333399;\"><strong>avec Adrien La MARCA et Adam LALOUM,<\/strong><\/span><\/h1>\n<h2 style=\"text-align: center;\"><span style=\"color: #333399;\"><strong>\u00e0 M\u00e9r\u00e9, le samedi 21 Mars 2015,\u00a0<\/strong><strong>\u00e0 21h. en l&rsquo;Eglise Saint-Denis<\/strong><\/span><\/h2>\n<p>&nbsp;<\/p>\n<h3><span style=\"color: #333399;\"><strong>Les deux jeunes artistes, au palmar\u00e8s d\u00e9j\u00e0 prestigieux, seront r\u00e9unis pour notre\u00a0ultime concert des 25\u00b0 Saisons Musicales.<\/strong><\/span><\/h3>\n<h4 style=\"text-align: justify;\"><span style=\"color: #333399;\"><strong><span style=\"text-decoration: underline;\">Adrien LA MARCA<\/span>, \u00ab\u00a0R\u00e9v\u00e9lation Soliste Instrumental\u00a0\u00bb aux Victoires de la Musique 2014, tiendra l&rsquo;alto (un magnifique instrument du XVIII\u00b0 si\u00e8cle, du luthier Giovanni Battista Guadagnini) dont le timbre chaleureux, grave et sensuel, dialoguera avec le piano sous les doigts de po\u00e8te d&rsquo;<span style=\"text-decoration: underline;\">Adam LALOUM<\/span>, laur\u00e9at du concours Clara Haskil en 2009.<\/strong><\/span><\/h4>\n<p>&nbsp;<\/p>\n<h4><span style=\"text-decoration: underline;\"><strong>Adrien LA MARCA<\/strong><\/span><\/h4>\n<p>&nbsp;<\/p>\n<p><a href=\"https:\/\/ritmy.fr\/essais\/wp-content\/uploads\/2015\/01\/La-Marca-1.jpg\"><img loading=\"lazy\" decoding=\"async\" class=\"aligncenter wp-image-11897\" src=\"https:\/\/ritmy.fr\/essais\/wp-content\/uploads\/2015\/01\/La-Marca-1.jpg\" alt=\"La Marca 1\" width=\"380\" height=\"344\" srcset=\"https:\/\/ritmy.fr\/essais\/wp-content\/uploads\/2015\/01\/La-Marca-1.jpg 781w, https:\/\/ritmy.fr\/essais\/wp-content\/uploads\/2015\/01\/La-Marca-1-300x271.jpg 300w\" sizes=\"auto, (max-width: 380px) 100vw, 380px\" \/><\/a><\/p>\n<p><strong>Laur\u00e9at \u00ab\u00a0R\u00e9v\u00e9lation Soliste Instrumental 2014\u00a0\u00bb aux Victoires de la Musique<\/strong>, <strong>Adrien La Marca<\/strong> commence son apprentissage musical tr\u00e8s jeune au Conservatoire d&rsquo;Aix-en-Provence. En 2005, il est admis au CNSM de Paris dans la classe de Jean Sulem et remporte le 1er Prix du concours national des jeunes altistes \u00e0 Lille. Il est invit\u00e9 en 2008 \u00e0 l&rsquo;International Music Academy en Suisse, o\u00f9 il c\u00f4toie des musiciens tels que Robert Mann, Pamela Franck, Nobuko Ima\u00ef, Sadao Harada et Seiji Ozawa, son fondateur. En 2010, il re\u00e7oit son Master, int\u00e8gre le 3e cycle sup\u00e9rieur du Conservatoire de Paris et \u00e9tudie avec Tatjana Masurenko \u00e0 la Hochschule de Leipzig. Il continue actuellement de se perfectionner aupr\u00e8s de Tabea Zimmermann \u00e0 la prestigieuse Ecole \u00ab Hans Eisler \u00bb \u00e0 Berlin.<br \/>\n<strong>Adrien La Marca<\/strong> compte d\u00e9j\u00e0 une exp\u00e9rience solide de concertiste comme le montre sa participation \u00e0 de grands festivals : Merrick Festival \u00e0 Miami, Jeunes Talents \u00e0 Paris, La Folle Journ\u00e9e de Nantes, Musica \u00e0 Strasbourg, la Grange de Meslay \u00e0 Tours, les festivals de Cordes-sur-Ciel, La Roche Posay, Deauville, Saint Cosme, Aix-en-Provence, Bad Kissingen, Ravinia, Verbier et Kuhmo (Finlande) o\u00f9 il joue aux c\u00f4t\u00e9s de Renaud Capu\u00e7on, Franck Braley, Eric Lesage, Michel Portal et du quatuor Eb\u00e8ne.<\/p>\n<p>L&rsquo;ann\u00e9e 2010 est pleine de succ\u00e8s : <strong>Adrien<\/strong> est s\u00e9lectionn\u00e9 par Gidon Kremer pour participer au programme \u00ab Chamber music connects the world \u00bb et joue avec Andras Schiff, Yuri Bashmet, Frans Helmerson et Gidon Kremer. Il est successivement laur\u00e9at du programme G\u00e9n\u00e9ration Spedidam, du 16e Concours International Johannes Brahms en Autriche et du 10e Concours International Lionel Tertis, o\u00f9 il obtient trois prix sp\u00e9ciaux. Toujours en 2010, il remporte le concours des Avants-Sc\u00e8nes \u00e0 Paris qui lui permet de se produire \u00e0 l&rsquo;Auditorium du Mus\u00e9e d&rsquo;Orsay, au Grand Salon des Invalides, \u00e0 la National Portrait Gallery \u00e0 Londres et \u00e0 la Cit\u00e9 de la Musique o\u00f9 il interpr\u00e8te le Concerto de William Walton. L&rsquo;ann\u00e9e suivante, il est r\u00e9compens\u00e9 au 13e Concours International William Primrose (Prix sp\u00e9cial attribu\u00e9 \u00e0 la personnalit\u00e9 la plus remarquable et prix r\u00e9compensant son interpr\u00e9tation du Concerto de Walton).<\/p>\n<p>Depuis la fin de l&rsquo;ann\u00e9e 2012, <strong>Adrien<\/strong> est laur\u00e9at de la fondation L&rsquo;Or du Rhin ainsi que de la fondation d&rsquo;entreprise Banque Populaire. Il a fait des d\u00e9buts remarqu\u00e9s avec l&rsquo;Orchestre de la Radio de Leipzig (MDR SimphonieOrchester) (Concerto de Walton) lors d&rsquo;un concert retransmis par la radio allemande. En janvier 2013, il est invit\u00e9 par Renaud Capu\u00e7on \u00e0 Schloss Elmau pour un r\u00e9cital Brahms avec Nicholas Angelich ; en f\u00e9vrier il joue lors des 20\u00e8mes Victoires de la Musique Classique aux c\u00f4t\u00e9s de David Kadouch, Edgar Moreau et Renaud Capu\u00e7on et se produit au Festival de P\u00e2ques d&rsquo;Aix-en-Provence en mars aux c\u00f4t\u00e9s de Franck Braley et James Ehnes.<\/p>\n<p>Avec son fr\u00e8re,\u00a0<strong>Christian-Pierre La Marca<\/strong>, violoncelliste, il a cr\u00e9\u00e9 en 2013 le festival des <em><span style=\"text-decoration: underline;\"><a href=\"http:\/\/culturebox.francetvinfo.fr\/musique\/jazz-blues\/musicales-de-pommiers-161351\" target=\"_blank\" rel=\"noopener\">Musicales de Pommiers<\/a><\/span><\/em>, festival de musique classique qui se tient au\u00a0Prieur\u00e9 de Pommiers-en-Forez dans la Loire. L&rsquo;objectif \u00e9tant de\u00a0faire venir de jeunes musiciens (par ex. en 2014, Thomas et David Enhco, que les habitu\u00e9s de Ritmy connaissent bien !) et de rendre plus accessible la musique classique.<\/p>\n<p>Depuis 2012, <strong>Adrien La Marca<\/strong> joue sur un magnifique alto de Giovanni Battista Guadagnini pr\u00eat\u00e9 par la Fondation Zilber\/Rampal.<\/p>\n<p>&nbsp;<\/p>\n<h3><span style=\"text-decoration: underline;\"><strong>Adam LALOUM<\/strong><\/span><\/h3>\n<p><a href=\"https:\/\/ritmy.fr\/essais\/wp-content\/uploads\/2014\/06\/adam-laloum.jpg\"><img loading=\"lazy\" decoding=\"async\" class=\"aligncenter size-full wp-image-10944\" src=\"https:\/\/ritmy.fr\/essais\/wp-content\/uploads\/2014\/06\/adam-laloum.jpg\" alt=\"adam-laloum\" width=\"400\" height=\"266\" srcset=\"https:\/\/ritmy.fr\/essais\/wp-content\/uploads\/2014\/06\/adam-laloum.jpg 400w, https:\/\/ritmy.fr\/essais\/wp-content\/uploads\/2014\/06\/adam-laloum-300x199.jpg 300w\" sizes=\"auto, (max-width: 400px) 100vw, 400px\" \/><\/a><\/p>\n<p><strong>Adam Laloum<\/strong>, apr\u00e8s seulement cinq ann\u00e9es de piano, rejoint en 2002 le CNSM de Paris dans la classe de <span style=\"text-decoration: underline;\">Michel B\u00e9roff<\/span> (Dipl\u00f4me de formation sup\u00e9rieure en 2006), puis le CNSM de Lyon en perfectionnement.<\/p>\n<p>Son <strong>1er\u00a0Prix au prestigieux concours Clara Haskil 2009<\/strong>, sa <strong>nomination aux \u00ab\u00a0R\u00e9v\u00e9lations soliste instrumental\u00a0\u00bb des Victoires de la Musique Classique 2012 <\/strong>et<strong>\u00a0\u00ab\u00a0Soliste instrumental\u00a0\u00bb en 2014,\u00a0<\/strong>et ses <strong>deux disques Brahms et Schumann<\/strong> (Mirare) lui assurent une renomm\u00e9e internationale et de se produire \u00e0 travers le monde en soliste ou en r\u00e9cital (Verbier, Roque d\u2019Anth\u00e9ron, Lucerne, Folle Journ\u00e9e de Nantes, Bilbao, Japon).<\/p>\n<p>Chambriste passionn\u00e9, il fonde en parall\u00e8le \u00e0 sa carri\u00e8re de soliste le trio <span style=\"text-decoration: underline;\">&lsquo;Les Esprits&rsquo;<\/span> avec la violoniste Mi-Sa Yang et le violoncelliste Victor Julien-Laferri\u00e8re. Il s&rsquo;est produit en 2014 en r\u00e9cital en France (Auvers-sur-Oise, Festival de Radio France et Montpellier) et en Allemagne, en musique de chambre avec son trio, et en soliste (Salle Pleyel, Chaise-Dieu, Saint-Petersbourg), notamment autour de concertos de Mozart.<\/p>\n<p>Il enregistre chez Mirare, chez qui sont sortis des disques d\u2019\u0153uvres de Brahms et Schumann, un disque en trio avec Mi-Sa Yang et Victor Julien-Laferri\u00e8re et un disque en duo avec le clarinettiste Rapha\u00ebl S\u00e9v\u00e8re.<\/p>\n<p>&nbsp;<\/p>\n<p><strong><em>Voici <span style=\"text-decoration: underline;\">Adrien LA MARCA<\/span>, lors de la c\u00e9r\u00e9monie des &lsquo;Victoires de la Musique Classique&rsquo; 2014, qui l&rsquo;a r\u00e9compens\u00e9 \u00ab\u00a0R\u00e9v\u00e9lation soliste instrumental\u00a0\u00bb.<\/em><\/strong><\/p>\n<p><strong><em>Il interpr\u00e9tait une oeuvre de Serge\u00a0Prokofiev &#8211; Romeo et Juliette, Danse des Chevaliers (transcription), et \u00e9tait accompagn\u00e9 par son fr\u00e8re Christian-Pierre au violoncelle.<\/em><\/strong><\/p>\n<p><iframe loading=\"lazy\" src=\"\/\/www.dailymotion.com\/embed\/video\/x1b4dti\" width=\"480\" height=\"270\" frameborder=\"0\" allowfullscreen=\"allowfullscreen\"><\/iframe><br \/>\n<a href=\"http:\/\/www.dailymotion.com\/video\/x1b4dti_adrien-la-marca-interpretant-prokofiev-romeo-et-juliette-danse-des-chevaliers-victoires-de-la-musiqu_tv\" target=\"_blank\" rel=\"noopener\">Adrien LA MARCA interpr\u00e9tant Prokofiev \u2013 Romeo&#8230;<\/a> <i>par <a href=\"http:\/\/www.dailymotion.com\/france3\" target=\"_blank\" rel=\"noopener\">france3<\/a><\/i><\/p>\n<p><em><strong>Et <span style=\"text-decoration: underline;\">Adam LALOUM<\/span>, dans une interpr\u00e9tation de Schubert : l&rsquo;<span id=\"eow-title\" class=\"watch-title long-title\" dir=\"ltr\" title=\"Adam Laloum - Schubert, Impromptu n\u00b03, en sol b\u00e9mol majeur D. 899, op. 90 - Andante\">Impromptu n\u00b03, en sol b\u00e9mol majeur D. 899, op. 90 &#8211; Andante<\/span>\u00a0<\/strong><\/em><\/p>\n<p><strong> <iframe loading=\"lazy\" src=\"https:\/\/www.youtube.com\/embed\/gx4b9VGvCjg\" width=\"560\" height=\"315\" frameborder=\"0\" allowfullscreen=\"allowfullscreen\"><\/iframe><\/strong><\/p>\n<h4><strong>Le <span style=\"text-decoration: underline; color: #333399;\">programme de notre concert<\/span> associera le romantisme de la &lsquo;Sonate Arpeggione&rsquo; de Schubert et des &lsquo;Romances&rsquo; de Schumann, au brillant &lsquo;Romeo et Juliette&rsquo; de Prokofiev.<\/strong><\/h4>\n<h4><strong>Ils interpr\u00e8teront aussi des oeuvres \u00e9crites sp\u00e9cifiquement pour l&rsquo;alto et le piano, de deux compositeurs et altistes britanniques : Rebecca Clarke\u00a0<\/strong><strong>(1886-1979)<\/strong><strong>\u00a0 &lsquo;Sonate pour alto et piano&rsquo;, et Frank Bridge (1879-1941) \u00a0&lsquo;Pensiero&rsquo; et &lsquo;Allegro Appassionato&rsquo;.<\/strong><\/h4>\n<h3><strong><span style=\"color: #333399;\">Ce concert terminera, en\u00a0beaut\u00e9, les Saisons Musicales RITMY 2014-2015.<\/span><\/strong><\/h3>\n<h3><strong><span style=\"color: #333399;\">Un \u00e9v\u00e8nement \u00e0 ne surtout pas manquer !<\/span><\/strong><\/h3>\n<h3><\/h3>\n<p>&nbsp;<\/p>\n<p><a href=\"https:\/\/ritmy.fr\/essais\/wp-content\/uploads\/2014\/09\/Logo_ASCL_TIFF_-noir.tif\"><img loading=\"lazy\" decoding=\"async\" class=\" wp-image-11309 alignleft\" src=\"https:\/\/ritmy.fr\/essais\/wp-content\/uploads\/2014\/09\/Logo_ASCL_TIFF_-noir.tif\" alt=\"Logo_ASCL_TIFF_ noir\" width=\"289\" height=\"149\" \/><\/a><\/p>\n<h4><\/h4>\n<h4><\/h4>\n<h4><span style=\"color: #333399;\"><strong>Concert organis\u00e9 conjointement par RITMY\u00a0et l&rsquo;association ASCL de M\u00e9r\u00e9.<\/strong><\/span><\/h4>\n<p>&nbsp;<\/p>\n","protected":false},"excerpt":{"rendered":"<p>Duo Alto &#8211; Piano, avec Adrien La MARCA et Adam LALOUM, \u00e0 M\u00e9r\u00e9, le samedi 21 Mars 2015,\u00a0\u00e0 21h. en l&rsquo;Eglise Saint-Denis &nbsp; Les deux jeunes artistes, au palmar\u00e8s d\u00e9j\u00e0 prestigieux, seront r\u00e9unis pour notre\u00a0ultime concert des 25\u00b0 Saisons Musicales. Adrien LA MARCA, \u00ab\u00a0R\u00e9v\u00e9lation Soliste Instrumental\u00a0\u00bb aux Victoires de la Musique 2014, tiendra l&rsquo;alto (un &hellip; <\/p>\n<p><a class=\"more-link btn\" href=\"https:\/\/ritmy.fr\/essais\/concerts-2\/adrien-la-marca-et-adam-laloum-en-duo-a-mere-le-21-mars-2015\/\">Lire la suite<\/a><\/p>\n","protected":false},"author":3,"featured_media":0,"parent":11,"menu_order":45,"comment_status":"closed","ping_status":"closed","template":"","meta":{"footnotes":""},"class_list":["post-11912","page","type-page","status-publish","hentry","nodate","item-wrap"],"_links":{"self":[{"href":"https:\/\/ritmy.fr\/essais\/wp-json\/wp\/v2\/pages\/11912","targetHints":{"allow":["GET"]}}],"collection":[{"href":"https:\/\/ritmy.fr\/essais\/wp-json\/wp\/v2\/pages"}],"about":[{"href":"https:\/\/ritmy.fr\/essais\/wp-json\/wp\/v2\/types\/page"}],"author":[{"embeddable":true,"href":"https:\/\/ritmy.fr\/essais\/wp-json\/wp\/v2\/users\/3"}],"replies":[{"embeddable":true,"href":"https:\/\/ritmy.fr\/essais\/wp-json\/wp\/v2\/comments?post=11912"}],"version-history":[{"count":39,"href":"https:\/\/ritmy.fr\/essais\/wp-json\/wp\/v2\/pages\/11912\/revisions"}],"predecessor-version":[{"id":29571,"href":"https:\/\/ritmy.fr\/essais\/wp-json\/wp\/v2\/pages\/11912\/revisions\/29571"}],"up":[{"embeddable":true,"href":"https:\/\/ritmy.fr\/essais\/wp-json\/wp\/v2\/pages\/11"}],"wp:attachment":[{"href":"https:\/\/ritmy.fr\/essais\/wp-json\/wp\/v2\/media?parent=11912"}],"curies":[{"name":"wp","href":"https:\/\/api.w.org\/{rel}","templated":true}]}}