{"id":10637,"date":"2014-03-03T18:11:26","date_gmt":"2014-03-03T17:11:26","guid":{"rendered":"http:\/\/ritmy.fr\/essais\/?page_id=10637"},"modified":"2025-05-03T16:36:33","modified_gmt":"2025-05-03T15:36:33","slug":"concert-jeune-public-les-musiciens-de-melle-de-guise-a-richebourg-le-6-avril-2014","status":"publish","type":"page","link":"https:\/\/ritmy.fr\/essais\/concerts-2\/concert-jeune-public-les-musiciens-de-melle-de-guise-a-richebourg-le-6-avril-2014\/","title":{"rendered":"Concert jeune public : &lsquo;Les Musiciens de Melle de Guise&rsquo;, \u00e0 Richebourg le 6 avril 2014"},"content":{"rendered":"<h2 style=\"text-align: center;\"><span style=\"color: #333399;\"><strong>\u00ab\u00a0Le Myst\u00e8re de la Salamandre\u00a0\u00bb<\/strong><\/span><\/h2>\n<h2 style=\"text-align: center;\"><span style=\"color: #333399;\"><strong>conte musical sur instruments anciens,<\/strong><\/span><\/h2>\n<h2 style=\"text-align: center;\"><span style=\"color: #333399;\"><strong>le dimanche 6 avril \u00e0 16h. \u00e0 Richebourg, salle Edith Piaf<\/strong><\/span><\/h2>\n<p>&nbsp;<\/p>\n<h4><a href=\"https:\/\/ritmy.fr\/essais\/wp-content\/uploads\/2014\/03\/instruments-anciens.jpg\"><img loading=\"lazy\" decoding=\"async\" class=\"aligncenter  wp-image-10643\" alt=\"instruments anciens\" src=\"https:\/\/ritmy.fr\/essais\/wp-content\/uploads\/2014\/03\/instruments-anciens.jpg\" width=\"702\" height=\"262\" srcset=\"https:\/\/ritmy.fr\/essais\/wp-content\/uploads\/2014\/03\/instruments-anciens.jpg 1217w, https:\/\/ritmy.fr\/essais\/wp-content\/uploads\/2014\/03\/instruments-anciens-300x111.jpg 300w, https:\/\/ritmy.fr\/essais\/wp-content\/uploads\/2014\/03\/instruments-anciens-1024x382.jpg 1024w\" sizes=\"auto, (max-width: 702px) 100vw, 702px\" \/><\/a><\/h4>\n<h4><\/h4>\n<h4><span style=\"color: #333399;\"><strong>Spectacle unique, cr\u00e9\u00e9 pour les enfants.<\/strong><\/span><\/h4>\n<h4><span style=\"color: #333399;\"><strong>Une mani\u00e8re ludique et originale de d\u00e9couvrir les instruments et la musique de la Renaissance.<\/strong><\/span><\/h4>\n<p>&nbsp;<\/p>\n<p><a href=\"https:\/\/ritmy.fr\/essais\/wp-content\/uploads\/2014\/03\/Mystere-de-la-Salamandre-personnage.jpg\"><img loading=\"lazy\" decoding=\"async\" class=\"wp-image-10641 alignleft\" alt=\"Mystere de la Salamandre personnage\" src=\"https:\/\/ritmy.fr\/essais\/wp-content\/uploads\/2014\/03\/Mystere-de-la-Salamandre-personnage.jpg\" width=\"218\" height=\"274\" \/><\/a><\/p>\n<p>&nbsp;<\/p>\n<h4><strong>Le conte&#8230;<\/strong><\/h4>\n<h4><strong>Un concert est interrompu par l&rsquo;apparition de Trugudulle-la-nulle, sorci\u00e8re gaffeuse et d\u00e9jant\u00e9e, venue du pass\u00e9.<\/strong><\/h4>\n<h4><strong>R\u00e2leuse et maladroite, elle demande l&rsquo;aide des musiciens et du public pour repartir vers son \u00e9poque, celle de le Renaissance.<\/strong><\/h4>\n<h4><strong>Il faudra bien toute la magie des instruments : viole de gambe, luth, harpe, cornet, fl\u00fbte, guitare et percussions pour y parvenir !<\/strong><\/h4>\n<p>&nbsp;<\/p>\n<h5><span><strong><span style=\"color: #333399;\">Pour en savoir plus sur la <span style=\"text-decoration: underline;\">viole de gambe<\/span>, instrument\u00a0embl\u00e9matique de la Renaissance, cliquez sur ce <\/span><span style=\"text-decoration: underline;\"><em><a href=\"https:\/\/ritmy.fr\/essais\/wp-content\/uploads\/2014\/03\/Viole-de-gambe.pdf\" target=\"_blank\" rel=\"noopener\"><span style=\"text-decoration: underline;\">LIEN<\/span><\/a><\/em><\/span><a style=\"color: #333399;\" href=\"https:\/\/ritmy.fr\/essais\/wp-content\/uploads\/2014\/03\/Viole-de-gambe.pdf\" target=\"_blank\" rel=\"noopener\"><span style=\"color: #333399;\"><br \/>\n<\/span><\/a><\/strong><\/span><\/h5>\n<p>&nbsp;<\/p>\n<p>Cr\u00e9\u00e9 en 1996 par <strong>Laurence POTTIER<\/strong>, l&rsquo;ensemble\u00a0<span style=\"text-decoration: underline;\"><span style=\"color: #333399;\"><strong>Les MUSICIENS de Mademoiselle de GUISE<\/strong><\/span><\/span>\u00a0a pour objectif de\u00a0<strong>faire vivre, d\u00e9couvrir, et de transmettre l&rsquo;immense patrimoine des musiques anciennes\u00a0dans le contexte culturel d&rsquo;aujourd&rsquo;hui, et ce\u00a0d&rsquo;une mani\u00e8re p\u00e9dagogique et ludique<\/strong>.<\/p>\n<p>L&rsquo;ensemble, \u00e0 g\u00e9om\u00e9trie variable, 4 \u00e0 40 instrumentistes ou chanteurs (solistes ou ensemble vocal \u00ab\u00a0les Chanteurs de Mademoiselle de Guise\u00a0\u00bb) est constitu\u00e9 de musiciens de la r\u00e9gion parisienne qui jouent sur des\u00a0<strong>instruments utilis\u00e9s \u00e0 l&rsquo;\u00e9poque, originaux ou copies<\/strong>.<\/p>\n<p>En formation restreinte de musique de chambre, l\u2019ensemble instrumental comporte 4 \u00e0 12 musiciens, et des chanteurs solistes.<\/p>\n<p><strong><span style=\"color: #333399;\">Pourquoi &lsquo;Mademoiselle de Guise&rsquo; ?<\/span>\u00a0\u00a0<\/strong>Il s&rsquo;agit de rendre hommage \u00e0 l&rsquo;une des rares femmes m\u00e9c\u00e8nes de l&rsquo;histoire qui entretenait dans son h\u00f4tel du Marais des musiciens dont le plus c\u00e9l\u00e8bre est sans doute Marc-Antoine Charpentier.<\/p>\n<p>&nbsp;<\/p>\n<div id=\"attachment_7519\" style=\"width: 340px\" class=\"wp-caption aligncenter\"><a href=\"https:\/\/ritmy.fr\/essais\/wp-content\/uploads\/2012\/10\/MMG-Renaissance-Les-Sables-2011-1.jpg\"><img loading=\"lazy\" decoding=\"async\" aria-describedby=\"caption-attachment-7519\" class=\"size-full wp-image-7519\" alt=\"Les Musiciens de Mademoiselle de Guise\" src=\"https:\/\/ritmy.fr\/essais\/wp-content\/uploads\/2012\/10\/MMG-Renaissance-Les-Sables-2011-1.jpg\" width=\"340\" height=\"255\" srcset=\"https:\/\/ritmy.fr\/essais\/wp-content\/uploads\/2012\/10\/MMG-Renaissance-Les-Sables-2011-1.jpg 340w, https:\/\/ritmy.fr\/essais\/wp-content\/uploads\/2012\/10\/MMG-Renaissance-Les-Sables-2011-1-300x225.jpg 300w\" sizes=\"auto, (max-width: 340px) 100vw, 340px\" \/><\/a><p id=\"caption-attachment-7519\" class=\"wp-caption-text\">Les Musiciens de Mademoiselle de Guise<\/p><\/div>\n<h4><strong>A l&rsquo;issue du spectacle un mini-bal entra\u00eenera public et musiciens dans une <a href=\"https:\/\/ritmy.fr\/essais\/wp-content\/uploads\/2014\/03\/La-Pavane.pdf\" target=\"_blank\" rel=\"noopener\"><span style=\"text-decoration: underline; color: #333399;\"><em>pavane<\/em><\/span><\/a> collective, qui s&rsquo;ach\u00e8vera devant un go\u00fbter festif !<\/strong><\/h4>\n<p style=\"text-align: center;\"><strong>*************<\/strong><\/p>\n<h4><strong><span style=\"color: #333399;\"><em>Les concerts &lsquo;jeune public&rsquo; b\u00e9n\u00e9ficient d&rsquo;une\u00a0tarification particuli\u00e8re\u00a0: \u00a0<\/em><\/span><\/strong><span style=\"color: #333399;\"><strong>Place enfant : 12\u20ac \u2013 Place du 1er adulte accompagnant l\u2019enfant : gratuite \u2013 Autre adulte accompagnant : 12\u20ac<\/strong><\/span><\/h4>\n<h4><\/h4>\n<h4><strong><span style=\"color: #333399;\"><em>Attention, r\u00e9servation vivement conseill\u00e9e.<\/em><\/span><\/strong><\/h4>\n<p>&nbsp;<\/p>\n<h3><strong><span style=\"color: #ff0000;\">Vous pouvez\u00a0r\u00e9server\u00a0vos places directement dans ce site, en cliquant<\/span>\u00a0<a title=\"VOS BILLETS (24\u00b0 Saisons)\" href=\"https:\/\/ritmy.fr\/essais\/reserver\/vos-billets\/\" target=\"_blank\" rel=\"noopener\"><em>ICI<\/em><\/a>,<\/strong><\/h3>\n<h3><span style=\"color: #ff0000;\"><strong>ou en t\u00e9l\u00e9phonant au\u00a0<em>06-48-69-21-89\u00a0<\/em>(GRAL de Richebourg).<\/strong><\/span><\/h3>\n<p>&nbsp;<\/p>\n<p><strong>La salle polyvalente Edith Piaf est situ\u00e9e 3, route de Bazainville.<\/strong><\/p>\n<h3><a href=\"https:\/\/ritmy.fr\/essais\/wp-content\/uploads\/2014\/01\/LOGO-GRAL-JPEG-e1390483468758.jpg\"><img loading=\"lazy\" decoding=\"async\" class=\" wp-image-10518 alignleft\" alt=\"LOGO GRAL JPEG\" src=\"https:\/\/ritmy.fr\/essais\/wp-content\/uploads\/2014\/01\/LOGO-GRAL-JPEG-e1390483468758.jpg\" width=\"180\" height=\"77\" \/><\/a><\/h3>\n<h4><\/h4>\n<h4><\/h4>\n<h4><em><strong>Spectacle organis\u00e9 conjointement par RITMY et l&rsquo;association GRAL de Richebourg.<\/strong><\/em><\/h4>\n<h3><span style=\"color: #ff0000;\"><strong><em>\u00a0<\/em><em><br \/>\n<\/em><\/strong><\/span><\/h3>\n<p>&nbsp;<\/p>\n","protected":false},"excerpt":{"rendered":"<p>\u00ab\u00a0Le Myst\u00e8re de la Salamandre\u00a0\u00bb conte musical sur instruments anciens, le dimanche 6 avril \u00e0 16h. \u00e0 Richebourg, salle Edith Piaf &nbsp; Spectacle unique, cr\u00e9\u00e9 pour les enfants. Une mani\u00e8re ludique et originale de d\u00e9couvrir les instruments et la musique de la Renaissance. &nbsp; &nbsp; Le conte&#8230; Un concert est interrompu par l&rsquo;apparition de Trugudulle-la-nulle, &hellip; <\/p>\n<p><a class=\"more-link btn\" href=\"https:\/\/ritmy.fr\/essais\/concerts-2\/concert-jeune-public-les-musiciens-de-melle-de-guise-a-richebourg-le-6-avril-2014\/\">Lire la suite<\/a><\/p>\n","protected":false},"author":3,"featured_media":0,"parent":11,"menu_order":51,"comment_status":"closed","ping_status":"closed","template":"","meta":{"footnotes":""},"class_list":["post-10637","page","type-page","status-publish","hentry","nodate","item-wrap"],"_links":{"self":[{"href":"https:\/\/ritmy.fr\/essais\/wp-json\/wp\/v2\/pages\/10637","targetHints":{"allow":["GET"]}}],"collection":[{"href":"https:\/\/ritmy.fr\/essais\/wp-json\/wp\/v2\/pages"}],"about":[{"href":"https:\/\/ritmy.fr\/essais\/wp-json\/wp\/v2\/types\/page"}],"author":[{"embeddable":true,"href":"https:\/\/ritmy.fr\/essais\/wp-json\/wp\/v2\/users\/3"}],"replies":[{"embeddable":true,"href":"https:\/\/ritmy.fr\/essais\/wp-json\/wp\/v2\/comments?post=10637"}],"version-history":[{"count":41,"href":"https:\/\/ritmy.fr\/essais\/wp-json\/wp\/v2\/pages\/10637\/revisions"}],"predecessor-version":[{"id":29574,"href":"https:\/\/ritmy.fr\/essais\/wp-json\/wp\/v2\/pages\/10637\/revisions\/29574"}],"up":[{"embeddable":true,"href":"https:\/\/ritmy.fr\/essais\/wp-json\/wp\/v2\/pages\/11"}],"wp:attachment":[{"href":"https:\/\/ritmy.fr\/essais\/wp-json\/wp\/v2\/media?parent=10637"}],"curies":[{"name":"wp","href":"https:\/\/api.w.org\/{rel}","templated":true}]}}