{"id":10072,"date":"2013-12-03T11:52:50","date_gmt":"2013-12-03T10:52:50","guid":{"rendered":"http:\/\/ritmy.fr\/essais\/?page_id=10072"},"modified":"2025-05-03T16:36:46","modified_gmt":"2025-05-03T15:36:46","slug":"david-eskenazy-trio-a-garancieres-le-9-fevrier-2014","status":"publish","type":"page","link":"https:\/\/ritmy.fr\/essais\/concerts-2\/david-eskenazy-trio-a-garancieres-le-9-fevrier-2014\/","title":{"rendered":"David ESKENAZY Trio, \u00e0 GARANCIERES le 9 F\u00e9vrier 2014"},"content":{"rendered":"<h2 style=\"text-align: center;\"><span style=\"color: #333399;\"><strong>David ESKENAZY et son Trio, dans un programme \u00ab\u00a0From the ancient world\u00a0\u00bb,<\/strong><\/span><\/h2>\n<h2 style=\"text-align: center;\"><strong><span style=\"color: #333399;\">le dimanche 9 F\u00e9vrier 2014 \u00e0 17h.,\u00a0<\/span><\/strong><span style=\"color: #333399;\"><strong>\u00e0 la Salle des f\u00eates<\/strong><\/span><\/h2>\n<p>&nbsp;<\/p>\n<div id=\"attachment_9062\" style=\"width: 288px\" class=\"wp-caption aligncenter\"><a href=\"https:\/\/ritmy.fr\/essais\/wp-content\/uploads\/2013\/06\/portrait-david-eskenazy-carre-HD-72dpi-1-e1385915799217.jpg\"><img loading=\"lazy\" decoding=\"async\" aria-describedby=\"caption-attachment-9062\" class=\" wp-image-9062  \" alt=\"David ESKENAZY \u00e0 la contrebasse\" src=\"https:\/\/ritmy.fr\/essais\/wp-content\/uploads\/2013\/06\/portrait-david-eskenazy-carre-HD-72dpi-1-e1385915799217.jpg\" width=\"288\" height=\"294\" \/><\/a><p id=\"caption-attachment-9062\" class=\"wp-caption-text\">David ESKENAZY \u00e0 la contrebasse<\/p><\/div>\n<h4 style=\"text-align: justify;\"><strong>Une \u00e9criture fulgurante, un lyrisme rageur et tendre, d\u2019\u00e9l\u00e9gantes r\u00e9f\u00e9rences \u00e0 la musique baroque au service d\u2019un jazz incisif, r\u00e9solument moderne et envo\u00fbtant.<\/strong><\/h4>\n<h4 style=\"text-align: justify;\"><strong>Voil\u00e0 ce que nous offre ce jeune musicien fran\u00e7ais qui invente une musique ing\u00e9nieuse et rafra\u00eechissante avec un sens de la formule et une musicalit\u00e9 rare.<\/strong><\/h4>\n<h4 style=\"text-align: left;\"><strong><span style=\"color: #333399;\">Le Trio interpr\u00e9tera les morceaux de leur dernier album \u00ab From the ancient world \u00bb, qui \u00a0a re\u00e7u la distinction <span style=\"color: #000080;\"><em>\u00ab\u00a0r\u00e9v\u00e9lation jazz\u00a0\u00bb<\/em> du magazine Jazzman, en f\u00e9vrier 2013.<\/span><\/span><\/strong><\/h4>\n<p><a href=\"https:\/\/ritmy.fr\/essais\/wp-content\/uploads\/2013\/12\/DavidEskenazy1.png\"><img loading=\"lazy\" decoding=\"async\" class=\"wp-image-10068 alignleft\" alt=\"DavidEskenazy1\" src=\"https:\/\/ritmy.fr\/essais\/wp-content\/uploads\/2013\/12\/DavidEskenazy1.png\" width=\"222\" height=\"199\" \/><\/a><\/p>\n<p>&nbsp;<\/p>\n<p style=\"text-align: center;\"><img loading=\"lazy\" decoding=\"async\" class=\"aligncenter size-full wp-image-10071\" alt=\"DavidEskenazyLogo\" src=\"https:\/\/ritmy.fr\/essais\/wp-content\/uploads\/2013\/12\/DavidEskenazyLogo.png\" width=\"56\" height=\"51\" \/><\/p>\n<p>&nbsp;<\/p>\n<p>&nbsp;<\/p>\n<p>&nbsp;<\/p>\n<p>&nbsp;<\/p>\n<p>&nbsp;<\/p>\n<p>\u00ab\u00a0On sera surpris de voir que cet \u00ab\u00a0ancient world\u00a0\u00bb dont Ezkenazy se r\u00e9clame, c\u2019est celui des \u00e9ternels compositeurs de musique classique du Vieux Continent\u00a0\u00bb <strong>Jazz magazine<\/strong><\/p>\n<p><strong>Une tr\u00e8s belle soir\u00e9e en perspective avec un trio aux sonorit\u00e9s \u00e9quilibr\u00e9es et revisit\u00e9es.<\/strong><\/p>\n<p>&nbsp;<\/p>\n<p><span style=\"color: #333399;\"><strong><strong>Lors de ce concert, l<\/strong>e Trio interpr\u00e9tera\u00a0les morceaux de l&rsquo;album<\/strong>\u00a0: From the ancient world, Sous l&rsquo;oranger, Michel Strogoff, From future earth, Mirror, En deux secondes, Beauty in the beast &#8230;\u00a0auxquels s&rsquo;ajouteront de nouvelles cr\u00e9ations de David Eskenazy.<\/span><\/p>\n<p>&nbsp;<\/p>\n<p><span style=\"color: #333399;\"><strong>David ESKENAZY<\/strong>\u00a0<\/span>est n\u00e9 en 1977 en Normandie. Il s\u2019initie d\u00e8s l\u2019\u00e2ge de 12 ans aux multiples facettes qui deviendront plus tard les composantes essentielles de son identit\u00e9 musicale : voix, guitare, harmonie, \u00e9criture musicale et arrangement\u2026 autant d\u2019aspects qu\u2019il met rapidement \u00e0 l\u2019\u00e9preuve \u00e0 travers ses premi\u00e8res exp\u00e9riences en groupe. Il aborde ensuite la contrebasse et la basse \u00e9lectrique qui le font intervenir comme sideman aupr\u00e8s de jazzmen tels que Jean Ren\u00e9 Dalerci, J\u00e9r\u00f4me Petitgirard, St\u00e9phane Dumont et Daniel Thierry. Il d\u00e9couvre \u00e9merveill\u00e9 \u00e0 travers ces premiers mod\u00e8les la richesse des possibilit\u00e9s harmoniques et rythmiques de cette musique. Parall\u00e8lement David se passionne pour la musique br\u00e9silienne. En tirant sur le fil de la bossa nova, il d\u00e9couvre une pl\u00e9iade d\u2019artistes et ne manque pas de travailler avec passion et acharnement les finesses de cet univers musical.<\/p>\n<p>En 1999 il s\u2019installe \u00e0 Montpellier. C\u2019est dans cette ville du sud qu\u2019il cr\u00e9e\u00a0<em>Samba so<\/em>, un tour de chant en solo (guitare et voix) de Musique Populaire Br\u00e9silienne et d\u2019improvisation (album<em>retrato em.branco e preto)<\/em>. Ses projets de cr\u00e9ation l\u2019am\u00e8nent \u00e0 travailler avec de nombreux artistes reconnus tels que Michel Bismuth, Frederic Tari, le trio Z\u00e9phyr, Pascal Corriu &#8230;<\/p>\n<p>Dans ses projets de cr\u00e9ation, il aime cr\u00e9er la rencontre d\u2019univers esth\u00e9tiques tr\u00e8s contrast\u00e9s entre les musiques afro-latines, le jazz, et une \u00e9criture r\u00e9solument contemporaine.\u00a0Ses multiples cr\u00e9ations, vari\u00e9es, ont \u00e9t\u00e9 pr\u00e9sent\u00e9es lors de festivals ou \u00e9v\u00e8nements, \u00e0 Montpellier et ailleurs.<\/p>\n<p>Parall\u00e8lement \u00e0 ses activit\u00e9s artistiques, il d\u00e9veloppe constamment son projet p\u00e9dagogique autour du chant en groupe, abordant un ensemble vari\u00e9 de th\u00e9matiques (improvisation, rythme et voix, langage m\u00e9lodique de l\u2019improvisation, Circle Songs etc.).\u2028\u2028 Il d\u00e9veloppe \u00e0 travers ces rencontres et projets \u00e9clectiques sa personnalit\u00e9 de musicien de sc\u00e8ne et la recherche d\u2019une esth\u00e9tique hybride en tant que compositeur et arrangeur. Ses recherches et exp\u00e9riences musicales sont la nourriture premi\u00e8re de son propos de p\u00e9dagogue.<\/p>\n<p>&nbsp;<\/p>\n<p><span style=\"color: #333399;\">Le <strong>Trio David ESKENAZY<\/strong> est compos\u00e9 de <strong>David ESKENAZY<\/strong> \u00e0 la contrebasse,\u00a0<strong>Cl\u00e9ment GRIFFAULT<\/strong> au piano, et\u00a0Julien <strong>GREGOIRE<\/strong> \u00e0 la batterie.<\/span><\/p>\n<p>&nbsp;<\/p>\n<div id=\"attachment_10069\" style=\"width: 324px\" class=\"wp-caption alignleft\"><a href=\"https:\/\/ritmy.fr\/essais\/wp-content\/uploads\/2013\/12\/DavidEskenazy2.png\"><img loading=\"lazy\" decoding=\"async\" aria-describedby=\"caption-attachment-10069\" class=\" wp-image-10069  \" alt=\"Cl\u00e9ment GRIFFAULT au piano\" src=\"https:\/\/ritmy.fr\/essais\/wp-content\/uploads\/2013\/12\/DavidEskenazy2.png\" width=\"324\" height=\"183\" srcset=\"https:\/\/ritmy.fr\/essais\/wp-content\/uploads\/2013\/12\/DavidEskenazy2.png 450w, https:\/\/ritmy.fr\/essais\/wp-content\/uploads\/2013\/12\/DavidEskenazy2-300x169.png 300w\" sizes=\"auto, (max-width: 324px) 100vw, 324px\" \/><\/a><p id=\"caption-attachment-10069\" class=\"wp-caption-text\">Cl\u00e9ment GRIFFAULT au piano<\/p><\/div>\n<p>&nbsp;<\/p>\n<p><span style=\"color: #333399;\"><strong>Cl\u00e9ment GRIFFAULT<\/strong><\/span>\u00a0d\u00e9bute le piano avec un double cursus classique et jazz. Encourag\u00e9 par Diane Reeves au festival Jazz in Souillac \u00e0 11 ans lors d\u2019un concert en trio donn\u00e9 avec ses fr\u00e8res, il int\u00e8gre le conservatoire de Toulouse. Il\u00a0est ensuite admis au conservatoire national sup\u00e9rieur de Lyon en piano classique. Puis il \u00e9tudie au CNSM de Paris l\u2019improvisation au clavier. Il \u00e0 l\u2019occasion de travailler le grand r\u00e9pertoire avec entre autres Jean-Claude Pennetier, Fran\u00e7ois-Ren\u00e9 Duchable, Paul Badura Skoda, Aldo Ciccolini\u2026<\/p>\n<p>Cl\u00e9ment Griffault se consacre alors entre sa carri\u00e8re de soliste, de chambriste et de p\u00e9dagogue. Passionn\u00e9 \u00e0 la fois par la musique \u00e9crite et par l\u2019improvisation, il a toujours d\u00e9fendu l\u2019id\u00e9e de pouvoir s\u2019exprimer de mani\u00e8re compl\u00e9mentaire \u00e0 travers ces deux diff\u00e9rentes approches de l\u2019interpr\u00e9tation. Il \u00e0 notamment partag\u00e9 la sc\u00e8ne jazz et travaill\u00e9 avec Paul Lay, Sangoma Everett, Crestiano Toucas, Mathieu Verlot, Antonio Arnedo, Corey Harris.<\/p>\n<p>&nbsp;<\/p>\n<div id=\"attachment_10070\" style=\"width: 289px\" class=\"wp-caption alignleft\"><a href=\"https:\/\/ritmy.fr\/essais\/wp-content\/uploads\/2013\/12\/DavidEskenazy3.png\"><img loading=\"lazy\" decoding=\"async\" aria-describedby=\"caption-attachment-10070\" class=\" wp-image-10070 \" alt=\"DavidEskenazy3\" src=\"https:\/\/ritmy.fr\/essais\/wp-content\/uploads\/2013\/12\/DavidEskenazy3.png\" width=\"289\" height=\"197\" srcset=\"https:\/\/ritmy.fr\/essais\/wp-content\/uploads\/2013\/12\/DavidEskenazy3.png 375w, https:\/\/ritmy.fr\/essais\/wp-content\/uploads\/2013\/12\/DavidEskenazy3-300x204.png 300w\" sizes=\"auto, (max-width: 289px) 100vw, 289px\" \/><\/a><p id=\"caption-attachment-10070\" class=\"wp-caption-text\">Julien GREGOIRE \u00e0 la batterie<\/p><\/div>\n<p>&nbsp;<\/p>\n<p><span style=\"color: #333399;\"><strong>Julien GREGOIRE<\/strong><\/span>\u00a0commence la musique et la batterie \u00e0 l\u2019\u00e2ge de neuf ans .\u00a0A quinze ans il rentre au Conservatoire National de R\u00e9gion de Montpellier en percussions classiques et \u00e9volue rapidement dans des formations rock et jazz traditionnel.<\/p>\n<p>Il s\u2019inscrit au CNR de Perpignan dans la classe de batterie d\u2019Andr\u00e9 Mallau et dans la classe de jazz de Serge Lazarevich.\u00a0Il obtient alors le Dipl\u00f4me d\u2019Etudes Musicales de batterie en 2006 et le DEM jazz en 2007.<\/p>\n<p>Tout au long de son parcours musical, Julien Gr\u00e9goire se sensibilise au jazz et \u00e0 la musique improvis\u00e9e\u00a0notamment\u00a0gr\u00e2ce \u00e0 des rencontres avec les musiciens Dave weckl, Julien Lourau, Bojan Z, Karim Ziad, Enildo Rasua, Jo\u00ebl Allouche , Alfred Vilayleck, Steve Coleman, Ari Hoenig.<\/p>\n<p>Actuellement r\u00e9sidant \u00e0 Paris, il se produit r\u00e9guli\u00e8rement avec des groupes tels que le Melquiad\u00e8s quartet, le Grand ensemble KOA, le Alfred Vilayleck NeoJazz Quartet, YODA quintet, Ethioda et aussi avec le chanteur occitan Joanda.\u00a0En 2012 il cr\u00e9e un groupe, le \u00ab\u00a0Watcher hill jazz quartet\u00a0\u00bb.<\/p>\n<p>&nbsp;<\/p>\n<p><span style=\"text-decoration: underline;\"><strong>Un commentaire sur le travail de David ESKENAZY, par Denis Desassis, publi\u00e9 le 29 avril 2013 sur Citizenjazz.com :<\/strong><\/span><\/p>\n<p>\u00ab\u00a0Passionn\u00e9 de musique br\u00e9silienne (<i>Retrato Em Branco E Preto<\/i>, son premier disque, en 1999, lui \u00e9tait enti\u00e8rement consacr\u00e9) ou latine, le contrebassiste\u00a0<b>David Eskenazy<\/b>, install\u00e9 depuis une quinzaine d\u2019ann\u00e9es \u00e0 Montpellier, a plusieurs cordes \u00e0 son archet, ce que confirme son nouvel album en trio. &lsquo;<strong><i>From The Ancient World&rsquo;<\/i><\/strong>, publi\u00e9 sur le label Oph\u00e9lia, est l\u2019occasion pour lui d\u2019exposer une autre facette de sa personnalit\u00e9, qu\u2019il laisse s\u2019\u00e9panouir dans un climat plus recueilli, voire m\u00e9ditatif, m\u00eame si les titres de certaines compositions font \u00e9cho \u00e0 de pr\u00e9c\u00e9dentes exp\u00e9riences (\u00ab Folkinho \u00bb ou \u00ab Sonho De Luz \u00bb). <strong>Eskenazy<\/strong> a voulu \u00e0 la fois retracer sa filiation musicale europ\u00e9enne et dessiner les contours d\u2019un monde \u00e9nigmatique, celui o\u00f9 se forme la cr\u00e9ation.<\/p>\n<p>Les influences revendiqu\u00e9es sont la musique baroque et classique, dans une\u00a0<strong>forme instrumentale qui est celle du jazz par excellence : le trio piano, contrebasse, batterie<\/strong>. Si l\u2019esth\u00e9tique de certains titres et leurs m\u00e9lodies, empreintes \u00e0 la fois de gravit\u00e9 et de s\u00e9r\u00e9nit\u00e9 (\u00ab From The Ancient World \u00bb, \u00ab Michel Strogoff \u00bb, \u00ab En deux secondes \u00bb) font parfois penser \u00e0 l\u2019univers du grand Avishai Cohen &#8211; il est des inspirations qu\u2019il est louable d\u2019assumer \u2013 on se laisse vite s\u00e9duire par le romantisme pacifi\u00e9 de ce\u00a0<i>monde ancien<\/i>, distill\u00e9 avec sobri\u00e9t\u00e9 dans une \u00e9criture conjuguant de vieilles amours d\u00e9clar\u00e9es (au premier rang desquelles Gabriel Faur\u00e9, mais aussi Jean-S\u00e9bastien Bach) qui ont \u00ab peupl\u00e9 la sensibilit\u00e9 musicale \u00bb du contrebassiste, et une expression qui ne se refuse par pour autant des inclinations plus pop. Chez <strong>Eskenazy<\/strong>, la m\u00e9lodie et le chant sont au coeur d\u2019un dispositif amoureux bien servi par un trio aux couleurs fluides. <strong>&lsquo;<i>From The Ancient World&rsquo;\u00a0<\/i>est un disque \u00e0 \u00e9couter par un matin ensoleill\u00e9, fen\u00eatres grandes ouvertes.\u00a0\u00bb<\/strong><\/p>\n<p>&nbsp;<\/p>\n<p><em><strong>Justement, voici un petit extrait de la session d&rsquo;enregistrement de l&rsquo;album &lsquo;From the ancient world&rsquo; :<\/strong><\/em><\/p>\n<p><iframe loading=\"lazy\" src=\"\/\/www.youtube.com\/embed\/-RP-RCj4qWk?rel=0\" height=\"315\" width=\"560\" allowfullscreen=\"\" frameborder=\"0\"><\/iframe><\/p>\n<p>&nbsp;<\/p>\n<h3 style=\"text-align: left;\"><strong><span style=\"color: #333399;\">Ne manquez pas ce beau moment de musique Jazz le 9 F\u00e9vrier \u00e0 Garanci\u00e8res !<\/span><\/strong><\/h3>\n<p>&nbsp;<\/p>\n<h3><span style=\"color: #ff0000;\"><strong>Vous pouvez d\u00e8s maintenant <span style=\"text-decoration: underline;\">r\u00e9server<\/span> vos places en cliquant <span style=\"text-decoration: underline;\"><em><a title=\"VOS BILLETS (24\u00b0 Saisons)\" href=\"https:\/\/ritmy.fr\/essais\/reserver\/vos-billets\/\" target=\"_blank\" rel=\"noopener\"><span style=\"color: #ff0000; text-decoration: underline;\">ICI<\/span><\/a><\/em><\/span><\/strong><\/span><\/h3>\n<h3><span style=\"color: #ff0000;\"><strong>ou en t\u00e9l\u00e9phonant au 01-34-86-66-44 (association GALA \u00e0 Garanci\u00e8res).<\/strong><\/span><\/h3>\n<p>&nbsp;<\/p>\n<p><a href=\"https:\/\/ritmy.fr\/essais\/wp-content\/uploads\/2013\/12\/Logo-302x109-GALA-e1387301164261.jpg\"><img loading=\"lazy\" decoding=\"async\" class=\"size-full wp-image-10398 alignleft\" alt=\"Logo 302x109 GALA\" src=\"https:\/\/ritmy.fr\/essais\/wp-content\/uploads\/2013\/12\/Logo-302x109-GALA-e1387301164261.jpg\" width=\"200\" height=\"72\" \/><\/a><\/p>\n<h3><span style=\"color: #000080;\"><strong>Ce concert est organis\u00e9 conjointement par\u00a0<em>RITMY<\/em>\u00a0et l&rsquo;association\u00a0<em>GALA <\/em>de Garanci\u00e8res.<br \/>\n<\/strong><\/span><\/h3>\n<p>&nbsp;<\/p>\n","protected":false},"excerpt":{"rendered":"<p>David ESKENAZY et son Trio, dans un programme \u00ab\u00a0From the ancient world\u00a0\u00bb, le dimanche 9 F\u00e9vrier 2014 \u00e0 17h.,\u00a0\u00e0 la Salle des f\u00eates &nbsp; Une \u00e9criture fulgurante, un lyrisme rageur et tendre, d\u2019\u00e9l\u00e9gantes r\u00e9f\u00e9rences \u00e0 la musique baroque au service d\u2019un jazz incisif, r\u00e9solument moderne et envo\u00fbtant. Voil\u00e0 ce que nous offre ce jeune musicien &hellip; <\/p>\n<p><a class=\"more-link btn\" href=\"https:\/\/ritmy.fr\/essais\/concerts-2\/david-eskenazy-trio-a-garancieres-le-9-fevrier-2014\/\">Lire la suite<\/a><\/p>\n","protected":false},"author":3,"featured_media":0,"parent":11,"menu_order":52,"comment_status":"closed","ping_status":"closed","template":"","meta":{"footnotes":""},"class_list":["post-10072","page","type-page","status-publish","hentry","nodate","item-wrap"],"_links":{"self":[{"href":"https:\/\/ritmy.fr\/essais\/wp-json\/wp\/v2\/pages\/10072","targetHints":{"allow":["GET"]}}],"collection":[{"href":"https:\/\/ritmy.fr\/essais\/wp-json\/wp\/v2\/pages"}],"about":[{"href":"https:\/\/ritmy.fr\/essais\/wp-json\/wp\/v2\/types\/page"}],"author":[{"embeddable":true,"href":"https:\/\/ritmy.fr\/essais\/wp-json\/wp\/v2\/users\/3"}],"replies":[{"embeddable":true,"href":"https:\/\/ritmy.fr\/essais\/wp-json\/wp\/v2\/comments?post=10072"}],"version-history":[{"count":45,"href":"https:\/\/ritmy.fr\/essais\/wp-json\/wp\/v2\/pages\/10072\/revisions"}],"predecessor-version":[{"id":29569,"href":"https:\/\/ritmy.fr\/essais\/wp-json\/wp\/v2\/pages\/10072\/revisions\/29569"}],"up":[{"embeddable":true,"href":"https:\/\/ritmy.fr\/essais\/wp-json\/wp\/v2\/pages\/11"}],"wp:attachment":[{"href":"https:\/\/ritmy.fr\/essais\/wp-json\/wp\/v2\/media?parent=10072"}],"curies":[{"name":"wp","href":"https:\/\/api.w.org\/{rel}","templated":true}]}}